{"id":925,"date":"2023-11-06T09:15:03","date_gmt":"2023-11-06T15:15:03","guid":{"rendered":"https:\/\/ambsanjose.esteri.it\/?page_id=925"},"modified":"2025-07-24T08:50:44","modified_gmt":"2025-07-24T14:50:44","slug":"mudarse-a-costa-rica","status":"publish","type":"page","link":"https:\/\/ambsanjose.esteri.it\/es\/servizi-consolari-e-visti\/servizi-per-il-cittadino-italiano\/mudarse-a-costa-rica\/mudarse-a-costa-rica\/","title":{"rendered":"Mudarse a Costa Rica"},"content":{"rendered":"<div class=\"sr-only\">Las normas relacionadas con la estad\u00eda en Costa Rica se incluyen en la Ley de Migraci\u00f3n y Extranjer\u00eda n. 8764, y en el Reglamento sobre Extranjer\u00eda.<\/div>\n<div>\n<p>Antes de viajar a Costa Rica se recomienda encarecidamente a informarse sobre las condiciones de seguridad del Pa\u00eds en el sitio\u00a0<strong><a href=\"https:\/\/www.viaggiaresicuri.it\/home\">Viaggiare Sicuri<\/a><\/strong>.<\/p>\n<p><strong><br \/>\nTURISTAS<\/strong><\/p>\n<p>1. Los italianos que quieren visitar a Costa Rica deben presentar un\u00a0<strong>pasaporte<\/strong>\u00a0vigente (la \u201ccarta d\u2019identit\u00e0\u201d no es aceptada) en buen estado, cuya vigencia tiene que sobrepasar por lo menos 30 d\u00edas la fecha de ingreso al Pa\u00eds. Adem\u00e1s, deben presentar el boleto a\u00e9reo de vuelta.<\/p>\n<p>La duraci\u00f3n de la estad\u00eda en Costa Rica puede prolongarse hasta un\u00a0<strong>m\u00e1ximo de 180 d\u00edas<\/strong>.<\/p>\n<p>Despu\u00e9s de este periodo, si la persona desea permanecer en el Pa\u00eds tiene que presentar una solicitud a la Oficina de permisos temporales del Departamento de Migraci\u00f3n.<\/p>\n<p>Las visas de ingreso normalmente no se extienden excepto en casos especiales que son evaluados cada vez.<\/p>\n<p>Quien permanezca en el Pa\u00eds sin un permiso de residencia se pone en una situaci\u00f3n ilegal y podr\u00eda ser expulsado, o encontrar inconvenientes al momento de salir del Pa\u00eds. En caso de posterior retorno a Costa Rica podr\u00eda ser rechazado.<\/p>\n<p><strong><br \/>\nSeguro de viaje<\/strong><\/p>\n<p>La suscripci\u00f3n de un seguro de viaje no es un requisito obligatorio para ingresar, pero es calurosamente aconsejada.<\/p>\n<p>La atenci\u00f3n medica se proporciona a los turistas incluso sin una p\u00f3liza de seguro, pero generalmente con costos muy elevados y a cargo de los mismos turistas.<\/p>\n<p>La atenci\u00f3n m\u00e9dica gratuita (de mediana calidad) est\u00e1 contemplada \u00fanicamente para los residentes.<\/p>\n<p>&nbsp;<\/p>\n<p>PARA AQUELLOS QUE QUIEREN PERMANECER EN COSTA RICA POR UN PERIODO SUPERIOR A TRES MESES<\/p>\n<p>2. Hay varios tipos de residencias reconocidas en Costa Rica, todas relacionadas con las macros categor\u00edas de Residencia Temporal y Residencia Permanente. Ambas las otorga la Direcci\u00f3n General de Migraci\u00f3n y Extranjer\u00eda.<\/p>\n<p><strong>ADVERTENCIA: Los tr\u00e1mites correspondientes pueden ser largos y burocr\u00e1ticamente complejos.<\/p>\n<p><\/strong><\/p>\n<p><strong>RESIDENCIA TEMPORAL<\/strong><\/p>\n<p>La legislaci\u00f3n prev\u00e9 que pueda ser expedida una autorizaci\u00f3n renovable de ingreso y estad\u00eda en Costa Rica por un periodo desde seis meses hasta dos a\u00f1os. Las categor\u00edas de personas que pueden beneficiarse de esta autorizaci\u00f3n son, entre otras:<\/p>\n<p>\u00b7 C\u00f3nyuge de ciudadano costarricense.<\/p>\n<p>\u00b7 Religiosos de cultos reconocidos por el Ministerio de Relaciones Exteriores y Culto.<\/p>\n<p>\u00b7 Ejecutivos y Personal t\u00e9cnico de empresas con sede en Costa Rica, y familiares a su cargo.<\/p>\n<p>\u00b7 Inversionistas y familiares a su cargo.<\/p>\n<p>\u00b7 Cient\u00edficos, profesionales, pasantes y t\u00e9cnicos.<\/p>\n<p>\u00b7 Atletas debidamente acreditados ante el Consejo Nacional del Deporte y la Recreaci\u00f3n.<\/p>\n<p>\u00b7 Periodistas y personal de las agencias de prensa.<\/p>\n<p>\u00b7 Rentistas.<\/p>\n<p>\u00b7 Pensionados.<\/p>\n<p>&nbsp;<\/p>\n<p><strong>RESIDENCIA PERMANENTE<\/strong><\/p>\n<p>Pueden adquirir el estatuto de residentes permanentes, y por lo tanto quedarse a vivir de forma estable en Costa Rica, aquellas personas que hayan obtenido un permiso de residencia por tiempo indefinido. Pueden obtener este permiso de residencia:<\/p>\n<p>\u00b7 Personas que, conjuntamente al c\u00f3nyuge o a los familiares consangu\u00edneos en primer grado, se beneficiaron de una residencia temporal de por lo menos tres a\u00f1os consecutivos.<\/p>\n<p>\u00b7 Familiares de primer grado por consanguinidad de ciudadano costarricense.<\/p>\n<p>\u00b7 Personas a las que se ha reconocido el estatuto de refugiado por la Comisi\u00f3n de Visas Restringidas y Refugio.<\/p>\n<p>La legislaci\u00f3n que regula el permiso de residencia en Costa Rica se modifica con frecuencia. Para no incurrir en errores les recomendamos que comprueben de vez en cuando si se han producido cambios en la p\u00e1gina oficial de la Direcci\u00f3n General de Migraci\u00f3n y Extranjer\u00eda en Costa Rica, a la direcci\u00f3n\u00a0<a href=\"https:\/\/www.migracion.go.cr\/Paginas\/Categor%C3%ADa%20Migratorias%20(Extranjer%C3%ADa)\/Primera-Vez.aspx\">https:\/\/www.migracion.go.cr\/Paginas\/Categor%C3%ADa%20Migratorias%20(Extranjer%C3%ADa)\/Primera-Vez.aspx<\/a>.<\/p>\n<\/div>\n","protected":false},"excerpt":{"rendered":"Las normas relacionadas con la estad\u00eda en Costa Rica se incluyen en la Ley de Migraci\u00f3n y Extranjer\u00eda n. 8764, y en el Reglamento sobre Extranjer\u00eda. Antes de viajar a Costa Rica se recomienda encarecidamente a informarse sobre las condiciones de seguridad del Pa\u00eds en el sitio\u00a0Viaggiare Sicuri. TURISTAS 1. Los italianos que quieren visitar [&hellip;]","protected":false},"author":5,"featured_media":0,"parent":922,"menu_order":0,"comment_status":"closed","ping_status":"closed","template":"","meta":{"footnotes":""},"class_list":["post-925","page","type-page","status-publish","hentry"],"_links":{"self":[{"href":"https:\/\/ambsanjose.esteri.it\/es\/wp-json\/wp\/v2\/pages\/925","targetHints":{"allow":["GET"]}}],"collection":[{"href":"https:\/\/ambsanjose.esteri.it\/es\/wp-json\/wp\/v2\/pages"}],"about":[{"href":"https:\/\/ambsanjose.esteri.it\/es\/wp-json\/wp\/v2\/types\/page"}],"author":[{"embeddable":true,"href":"https:\/\/ambsanjose.esteri.it\/es\/wp-json\/wp\/v2\/users\/5"}],"replies":[{"embeddable":true,"href":"https:\/\/ambsanjose.esteri.it\/es\/wp-json\/wp\/v2\/comments?post=925"}],"version-history":[{"count":3,"href":"https:\/\/ambsanjose.esteri.it\/es\/wp-json\/wp\/v2\/pages\/925\/revisions"}],"predecessor-version":[{"id":9497,"href":"https:\/\/ambsanjose.esteri.it\/es\/wp-json\/wp\/v2\/pages\/925\/revisions\/9497"}],"up":[{"embeddable":true,"href":"https:\/\/ambsanjose.esteri.it\/es\/wp-json\/wp\/v2\/pages\/922"}],"wp:attachment":[{"href":"https:\/\/ambsanjose.esteri.it\/es\/wp-json\/wp\/v2\/media?parent=925"}],"curies":[{"name":"wp","href":"https:\/\/api.w.org\/{rel}","templated":true}]}}