{"id":9251,"date":"2025-06-30T16:05:25","date_gmt":"2025-06-30T22:05:25","guid":{"rendered":"https:\/\/ambsanjose.esteri.it\/?page_id=9251"},"modified":"2026-01-09T13:27:23","modified_gmt":"2026-01-09T19:27:23","slug":"adquisicion-de-la-ciudadania-por-beneficio-de-ley-hijos-menores-nacidos-en-el-extranjero","status":"publish","type":"page","link":"https:\/\/ambsanjose.esteri.it\/es\/servizi-consolari-e-visti\/servizi-per-il-cittadino-straniero\/ciudadania-y-adopcion\/adquisicion-de-la-ciudadania-por-beneficio-de-ley-hijos-menores-nacidos-en-el-extranjero\/","title":{"rendered":"Adquisici\u00f3n de la ciudadan\u00eda por \u201cbeneficio de ley\u201d (hijos menores nacidos en el extranjero)"},"content":{"rendered":"<p>En dos casos, previstos en el p\u00e1rrafo 1-bis del art\u00edculo 4 de la ley n. 91\/1992 y en el art\u00edculo 1, p\u00e1rrafo 1-ter del decreto-ley n. 36\/2025, <strong>los hijos menores nacidos en el extranjero <\/strong>de un padre ciudadano que no transmite autom\u00e1ticamente la ciudadan\u00eda pueden adquirir la ciudadan\u00eda italiana.<\/p>\n<p>El <strong>menor<\/strong> beneficiario <strong>no<\/strong> ser\u00e1 <strong>ciudadano por nacimiento<\/strong> ni <em>iure sanguinis.<\/em><\/p>\n<p>De acuerdo con el art\u00edculo 15 de la ley n. 91\/1992, el menor no adquiere la ciudadan\u00eda desde el d\u00eda de nacimiento, sino desde el d\u00eda siguiente en que se cumplan las condiciones previstas por la ley.<\/p>\n<p><strong>En el primer caso<\/strong><strong> <u>(p\u00e1rrafo 1-bis del art\u00edculo 4 de la ley n. 91\/1992<\/u>):<\/strong> deben cumplirse <strong>conjuntamente<\/strong> los siguientes requisitos:<\/p>\n<ul>\n<li><strong>uno de los padres es ciudadano por<\/strong> nacimiento. Quedan excluidos los casos de ciudadanos por naturalizaci\u00f3n seg\u00fan el art\u00edculo 9 de la ley n. 91\/1992 o por \u201cbeneficio de ley\u201d seg\u00fan el art\u00edculo 4 de la misma ley, o por matrimonio seg\u00fan el art\u00edculo 5 de la ley n. 91\/1992 o el art\u00edculo 10 de la ley n. 555\/1912, o por readquisici\u00f3n seg\u00fan los art\u00edculos 13 o 17 de la ley n. 91\/1992, o <em>iure communicatione<\/em> (art. 14 de la ley n. 91\/1992).<\/li>\n<li><strong><u>ambos<\/u><\/strong> padres (incluido el padre extranjero) o el tutor presentan <strong>una declaraci\u00f3n de voluntad de adquisici\u00f3n de la ciudadan\u00eda dentro del plazo de tres a\u00f1os desde el nacimiento<\/strong> (o desde la fecha posterior en que se establezca la filiaci\u00f3n con ciudadano italiano o se decida la adopci\u00f3n por ciudadano italiano durante la minor\u00eda de edad del hijo). En caso de reconocimiento de filiaci\u00f3n posterior por padres ambos ciudadanos italianos por nacimiento, el plazo de <span style=\"text-decoration: underline;\">tres a\u00f1os<\/span> comienza desde el primer reconocimiento (porque ya el primer reconocimiento conlleva la transmisi\u00f3n de la ciudadan\u00eda). Si el reconocimiento por parte del padre extranjero (o ciudadano italiano no por nacimiento sino por otro t\u00edtulo) ocurre primero, el plazo de tres a\u00f1os comienza desde el reconocimiento por el segundo padre ciudadano por nacimiento.<\/li>\n<\/ul>\n<p><strong>La declaraci\u00f3n de voluntad de adquisici\u00f3n de la ciudadan\u00eda debe ser formal y realizada en persona, ante un funcionario delegado para funciones de estado civil. <\/strong>Si los padres no hacen la declaraci\u00f3n simult\u00e1neamente, el requisito se considera cumplido en la fecha de presentaci\u00f3n de la declaraci\u00f3n del segundo padre. Si la filiaci\u00f3n (tambi\u00e9n adoptiva) se establece respecto a una sola persona (o si el otro padre ha fallecido), ser\u00e1 suficiente la declaraci\u00f3n de un solo padre.<\/p>\n<p>En caso de establecimiento de residencia legal del menor en Italia, la declaraci\u00f3n puede presentarse tambi\u00e9n despu\u00e9s del plazo de <span style=\"text-decoration: underline;\">tres a\u00f1os<\/span> desde el nacimiento, pero la residencia debe mantenerse al menos dos a\u00f1os continuos despu\u00e9s de la declaraci\u00f3n de voluntad de adquisici\u00f3n presentada por los padres.<\/p>\n<p><strong>En este caso no hay que realizar ning\u00fan pago.<\/strong><\/p>\n<p><strong>El segundo caso<\/strong> (<strong><u>p\u00e1rrafo 1-ter del art\u00edculo 1 del decreto-ley n. 36\/2025<\/u><\/strong>): se aplica cuando se cumplen <strong>todas<\/strong> las siguientes condiciones:<\/p>\n<ul>\n<li>personas <strong><u>menores de edad a la fecha de entrada en vigencia de la ley de conversi\u00f3n<\/u><\/strong>, es decir, personas que no hab\u00edan cumplido 18 a\u00f1os al <strong>24 de mayo de 2025<\/strong>;<\/li>\n<li><strong>hijos de ciudadanos por nacimiento que se encuentren en las condiciones previstas en las letras a), a-bis) y b) del art\u00edculo 3-bis de la ley n. 91\/1992<\/strong>. En otras palabras, los padres deben ser reconocidos ciudadanos en base a una solicitud administrativa o judicial presentada antes de las 23:59 (hora de Roma) del 27 de marzo de 2025, o en base a una solicitud presentada seg\u00fan cita comunicada por la Oficina Consular o el Municipio antes de la misma fecha;<\/li>\n<li>la declaraci\u00f3n de los padres o tutor debe presentarse en la Oficina Consular antes del <strong><u>31 de mayo de 2026<\/u><\/strong>. Si el interesado, menor de edad al 24 de mayo de 2025, alcanza la mayor\u00eda de edad antes de esa fecha, deber\u00e1 presentar la declaraci\u00f3n personalmente dentro del mismo plazo.<\/li>\n<\/ul>\n<p><strong><u>En este caso tampoco hay que realizar ning\u00fan pago<\/u><\/strong><\/p>\n<p><strong>Las declaraciones deber\u00e1n ser realizadas presencialmente ante funcionarios delegados de Estado Civil en la Oficina Consular.<\/strong><\/p>\n<p>Ser\u00e1 necesario adjuntar tambi\u00e9n documentos de identidad del solicitante y del hijo\/a, prueba de residencia en la circunscripci\u00f3n consular, adem\u00e1s de la documentaci\u00f3n listada en el formulario correspondiente.<\/p>\n<p>Para los ciudadanos italianos inscritos en el AIRE de la circunscripci\u00f3n consular de residencia, el certificado de ciudadan\u00eda italiana por nacimiento del padre o madre podr\u00e1 ser reemplazado por una declaraci\u00f3n sustitutiva de certificaci\u00f3n.<\/p>\n<p><strong>\u00a0<\/strong><\/p>\n<p>La ciudadan\u00eda italiana adquirida por los medios indicados podr\u00e1 ser renunciada por el interesado una vez alcanzada la mayor\u00eda de edad, con la \u00fanica condici\u00f3n de que no se produzca una situaci\u00f3n de apatridia.<\/p>\n<h1><\/h1>\n<p>&nbsp;<\/p>\n<p>&nbsp;<\/p>\n","protected":false},"excerpt":{"rendered":"En dos casos, previstos en el p\u00e1rrafo 1-bis del art\u00edculo 4 de la ley n. 91\/1992 y en el art\u00edculo 1, p\u00e1rrafo 1-ter del decreto-ley n. 36\/2025, los hijos menores nacidos en el extranjero de un padre ciudadano que no transmite autom\u00e1ticamente la ciudadan\u00eda pueden adquirir la ciudadan\u00eda italiana. El menor beneficiario no ser\u00e1 ciudadano [&hellip;]","protected":false},"author":5,"featured_media":0,"parent":9242,"menu_order":0,"comment_status":"closed","ping_status":"closed","template":"","meta":{"footnotes":""},"class_list":["post-9251","page","type-page","status-publish","hentry"],"_links":{"self":[{"href":"https:\/\/ambsanjose.esteri.it\/es\/wp-json\/wp\/v2\/pages\/9251","targetHints":{"allow":["GET"]}}],"collection":[{"href":"https:\/\/ambsanjose.esteri.it\/es\/wp-json\/wp\/v2\/pages"}],"about":[{"href":"https:\/\/ambsanjose.esteri.it\/es\/wp-json\/wp\/v2\/types\/page"}],"author":[{"embeddable":true,"href":"https:\/\/ambsanjose.esteri.it\/es\/wp-json\/wp\/v2\/users\/5"}],"replies":[{"embeddable":true,"href":"https:\/\/ambsanjose.esteri.it\/es\/wp-json\/wp\/v2\/comments?post=9251"}],"version-history":[{"count":3,"href":"https:\/\/ambsanjose.esteri.it\/es\/wp-json\/wp\/v2\/pages\/9251\/revisions"}],"predecessor-version":[{"id":11129,"href":"https:\/\/ambsanjose.esteri.it\/es\/wp-json\/wp\/v2\/pages\/9251\/revisions\/11129"}],"up":[{"embeddable":true,"href":"https:\/\/ambsanjose.esteri.it\/es\/wp-json\/wp\/v2\/pages\/9242"}],"wp:attachment":[{"href":"https:\/\/ambsanjose.esteri.it\/es\/wp-json\/wp\/v2\/media?parent=9251"}],"curies":[{"name":"wp","href":"https:\/\/api.w.org\/{rel}","templated":true}]}}