{"id":9256,"date":"2025-06-30T16:07:16","date_gmt":"2025-06-30T22:07:16","guid":{"rendered":"https:\/\/ambsanjose.esteri.it\/?page_id=9256"},"modified":"2025-06-30T16:25:11","modified_gmt":"2025-06-30T22:25:11","slug":"adquisicion-de-la-ciudadania-de-hijos-menores-que-conviven-con-un-padre-no-ciudadano-desde-su-nacimiento","status":"publish","type":"page","link":"https:\/\/ambsanjose.esteri.it\/es\/servizi-consolari-e-visti\/servizi-per-il-cittadino-straniero\/ciudadania-y-adopcion\/adquisicion-de-la-ciudadania-de-hijos-menores-que-conviven-con-un-padre-no-ciudadano-desde-su-nacimiento\/","title":{"rendered":"Adquisici\u00f3n de la ciudadan\u00eda de hijos menores que conviven con un padre no ciudadano desde su nacimiento"},"content":{"rendered":"<p>El 14 de la ley n. 91\/1992, modificado por el decreto-ley n. 36\/2025, as\u00ed como convertido en la ley n. 74\/2025, establece que, para adquirir la ciudadan\u00eda con esta modalidad, <strong>el hijo de ciudadanos italianos no por nacimiento debe ser residente legal en Italia por al menos dos a\u00f1os continuos al momento de la adquisici\u00f3n o readquisici\u00f3n de la ciudadan\u00eda italiana por parte del padre o madre<\/strong> (si el hijo tiene menos de dos a\u00f1os, debe haber residido en Italia desde su nacimiento).<\/p>\n<p>Se especifica que:<\/p>\n<ul>\n<li>En caso de que el tr\u00e1mite de reconocimiento de la ciudadan\u00eda <em>iure communicatione<\/em> se encuentre, por las modalidades de presentaci\u00f3n, dentro de las excepciones indicadas en las letras a), a-bis) o b) del art\u00edculo 3-bis de la ley n. 91\/1992 (es decir, solicitud \u2014 administrativa o judicial \u2014 presentada antes del 27 de marzo de 2025, o solicitud presentada en una cita indicada antes del 27 de marzo de 2025), se aplicar\u00e1 la normativa anterior.<\/li>\n<li>Si el tr\u00e1mite de reconocimiento de la ciudadan\u00eda <em>iure communicatione<\/em> se ha presentado a partir del 28 de marzo de 2025, es necesario que el padre o madre que transmite la ciudadan\u00eda sea exclusivamente ciudadano italiano o que haya residido en Italia durante dos a\u00f1os antes del nacimiento del hijo.<\/li>\n<li>Si <strong>la adquisici\u00f3n o readquisici\u00f3n de la ciudadan\u00eda por parte del padre o madre ocurre a partir del 24 de mayo de 2025<\/strong>, el hijo que convive con el padre o madre que adquiere o readquiere la ciudadan\u00eda italiana debe haber residido en Italia por al menos dos a\u00f1os antes de la naturalizaci\u00f3n del padre o madre.<strong> En este caso, la competencia para certificar la adquisici\u00f3n de la ciudadan\u00eda por parte del menor corresponder\u00e1 al Municipio italiano de residencia.<\/strong><\/li>\n<\/ul>\n<p>&nbsp;<\/p>\n<p>&nbsp;<\/p>\n","protected":false},"excerpt":{"rendered":"El 14 de la ley n. 91\/1992, modificado por el decreto-ley n. 36\/2025, as\u00ed como convertido en la ley n. 74\/2025, establece que, para adquirir la ciudadan\u00eda con esta modalidad, el hijo de ciudadanos italianos no por nacimiento debe ser residente legal en Italia por al menos dos a\u00f1os continuos al momento de la adquisici\u00f3n [&hellip;]","protected":false},"author":5,"featured_media":0,"parent":9242,"menu_order":2,"comment_status":"closed","ping_status":"closed","template":"","meta":{"footnotes":""},"class_list":["post-9256","page","type-page","status-publish","hentry"],"_links":{"self":[{"href":"https:\/\/ambsanjose.esteri.it\/es\/wp-json\/wp\/v2\/pages\/9256","targetHints":{"allow":["GET"]}}],"collection":[{"href":"https:\/\/ambsanjose.esteri.it\/es\/wp-json\/wp\/v2\/pages"}],"about":[{"href":"https:\/\/ambsanjose.esteri.it\/es\/wp-json\/wp\/v2\/types\/page"}],"author":[{"embeddable":true,"href":"https:\/\/ambsanjose.esteri.it\/es\/wp-json\/wp\/v2\/users\/5"}],"replies":[{"embeddable":true,"href":"https:\/\/ambsanjose.esteri.it\/es\/wp-json\/wp\/v2\/comments?post=9256"}],"version-history":[{"count":1,"href":"https:\/\/ambsanjose.esteri.it\/es\/wp-json\/wp\/v2\/pages\/9256\/revisions"}],"predecessor-version":[{"id":9258,"href":"https:\/\/ambsanjose.esteri.it\/es\/wp-json\/wp\/v2\/pages\/9256\/revisions\/9258"}],"up":[{"embeddable":true,"href":"https:\/\/ambsanjose.esteri.it\/es\/wp-json\/wp\/v2\/pages\/9242"}],"wp:attachment":[{"href":"https:\/\/ambsanjose.esteri.it\/es\/wp-json\/wp\/v2\/media?parent=9256"}],"curies":[{"name":"wp","href":"https:\/\/api.w.org\/{rel}","templated":true}]}}