{"id":9259,"date":"2025-06-30T16:08:34","date_gmt":"2025-06-30T22:08:34","guid":{"rendered":"https:\/\/ambsanjose.esteri.it\/?page_id=9259"},"modified":"2025-06-30T16:31:30","modified_gmt":"2025-06-30T22:31:30","slug":"readquisicion-de-la-ciudadania","status":"publish","type":"page","link":"https:\/\/ambsanjose.esteri.it\/es\/servizi-consolari-e-visti\/servizi-per-il-cittadino-straniero\/ciudadania-y-adopcion\/readquisicion-de-la-ciudadania\/","title":{"rendered":"Readquisici\u00f3n de la ciudadan\u00eda"},"content":{"rendered":"<p>La ley n. 74 del 23 de mayo de 2025 reabri\u00f3 los plazos para la readquisici\u00f3n de la ciudadan\u00eda a favor de ex ciudadanos<strong> nacidos en Italia o que hayan residido en Italia por al menos dos a\u00f1os continuos y que hayan perdido la ciudadan\u00eda no despu\u00e9s del 15 de agosto de 1992<\/strong>, en aplicaci\u00f3n del art\u00edculo 8, n\u00fameros 1 y 2, o del art\u00edculo 12 de la ley n. 555 del 1912 (naturalizaci\u00f3n en pa\u00eds extranjero, renuncia a la ciudadan\u00eda debido a adquisici\u00f3n involuntaria de ciudadan\u00eda extranjera, hijos menores convivientes con padre o madre que perdi\u00f3 la ciudadan\u00eda). La posibilidad de readquisici\u00f3n <strong>no se aplica a quienes hayan renunciado a la ciudadan\u00eda italiana <\/strong>(o la hayan perdido por otro motivo) <strong>a partir del 16 de agosto de 1992.<\/strong><\/p>\n<p>Las declaraciones de readquisici\u00f3n podr\u00e1n presentarse entre <strong>el 1\u00b0 de julio de 2025 y el 31 de diciembre de 2027.<\/strong><\/p>\n<p>El interesado en la readquisici\u00f3n debe presentar:<\/p>\n<ol>\n<li>Documento de identidad v\u00e1lido emitido por la autoridad del pa\u00eds de la ciudadan\u00eda actual;<\/li>\n<li>Certificado de nacimiento: si naci\u00f3 en el extranjero, debe ser presentado conforme a las formas previstas para la transcripci\u00f3n en Italia, legalizado y traducido;<\/li>\n<li>Para los nacidos en el extranjero, certificado hist\u00f3rico de residencia emitido por el municipio italiano competente;<\/li>\n<li>Certificado hist\u00f3rico de ciudadan\u00eda;<\/li>\n<li>Documentaci\u00f3n que demuestre la causa y la fecha de la p\u00e9rdida de la ciudadan\u00eda (deber\u00e1 demostrarse la adquisici\u00f3n de la ciudadan\u00eda extranjera y, en los casos previstos, la renuncia a la italiana<strong>: certificado de naturalizaci\u00f3n<\/strong> o, si lo prev\u00e9 la pr\u00e1ctica local, certificado de nacimiento acompa\u00f1ado de la certificaci\u00f3n de ciudadan\u00eda y del t\u00edtulo bajo el cual fue adquirida; la documentaci\u00f3n emitida por autoridades extranjeras deber\u00e1 estar debidamente legalizada y traducida).<\/li>\n<\/ol>\n<p>Para las declaraciones de readquisici\u00f3n de la ciudadan\u00eda italiana se requiere un aporte de \u20ac250, pagadero en la oficina consular.<\/p>\n<p>La declaraci\u00f3n debe ser realizada <u>personalmente<\/u> por el interesado.<\/p>\n<p>Seg\u00fan el art\u00edculo 15 de la ley n. 91\/1992, el interesado no readquiere la ciudadan\u00eda desde el d\u00eda de nacimiento, sino desde el d\u00eda siguiente a la presentaci\u00f3n de la declaraci\u00f3n.<\/p>\n","protected":false},"excerpt":{"rendered":"La ley n. 74 del 23 de mayo de 2025 reabri\u00f3 los plazos para la readquisici\u00f3n de la ciudadan\u00eda a favor de ex ciudadanos nacidos en Italia o que hayan residido en Italia por al menos dos a\u00f1os continuos y que hayan perdido la ciudadan\u00eda no despu\u00e9s del 15 de agosto de 1992, en aplicaci\u00f3n [&hellip;]","protected":false},"author":5,"featured_media":0,"parent":9242,"menu_order":3,"comment_status":"closed","ping_status":"closed","template":"","meta":{"footnotes":""},"class_list":["post-9259","page","type-page","status-publish","hentry"],"_links":{"self":[{"href":"https:\/\/ambsanjose.esteri.it\/es\/wp-json\/wp\/v2\/pages\/9259","targetHints":{"allow":["GET"]}}],"collection":[{"href":"https:\/\/ambsanjose.esteri.it\/es\/wp-json\/wp\/v2\/pages"}],"about":[{"href":"https:\/\/ambsanjose.esteri.it\/es\/wp-json\/wp\/v2\/types\/page"}],"author":[{"embeddable":true,"href":"https:\/\/ambsanjose.esteri.it\/es\/wp-json\/wp\/v2\/users\/5"}],"replies":[{"embeddable":true,"href":"https:\/\/ambsanjose.esteri.it\/es\/wp-json\/wp\/v2\/comments?post=9259"}],"version-history":[{"count":2,"href":"https:\/\/ambsanjose.esteri.it\/es\/wp-json\/wp\/v2\/pages\/9259\/revisions"}],"predecessor-version":[{"id":9270,"href":"https:\/\/ambsanjose.esteri.it\/es\/wp-json\/wp\/v2\/pages\/9259\/revisions\/9270"}],"up":[{"embeddable":true,"href":"https:\/\/ambsanjose.esteri.it\/es\/wp-json\/wp\/v2\/pages\/9242"}],"wp:attachment":[{"href":"https:\/\/ambsanjose.esteri.it\/es\/wp-json\/wp\/v2\/media?parent=9259"}],"curies":[{"name":"wp","href":"https:\/\/api.w.org\/{rel}","templated":true}]}}