{"id":9262,"date":"2025-06-30T16:09:45","date_gmt":"2025-06-30T22:09:45","guid":{"rendered":"https:\/\/ambsanjose.esteri.it\/?page_id=9262"},"modified":"2025-06-30T16:28:18","modified_gmt":"2025-06-30T22:28:18","slug":"reconocimiento-en-base-a-leyes-especiales","status":"publish","type":"page","link":"https:\/\/ambsanjose.esteri.it\/es\/servizi-consolari-e-visti\/servizi-per-il-cittadino-straniero\/ciudadania-y-adopcion\/reconocimiento-en-base-a-leyes-especiales\/","title":{"rendered":"Reconocimiento en base a leyes especiales"},"content":{"rendered":"<p>La ley del 14 de diciembre de 2000, n. 379, prev\u00e9 el reconocimiento de la ciudadan\u00eda italiana a favor de las personas nacidas y residentes en los territorios del ex Imperio Austroh\u00fangaro y de sus descendientes que cumplan con los requisitos necesarios.<\/p>\n<p>El plazo para acogerse a la Ley 379\/2000 venci\u00f3 el 19\/12\/2010.<\/p>\n<p>La ley del 8 de marzo de 2006, n. 124, prev\u00e9 el reconocimiento de la ciudadan\u00eda italiana a favor de los connacionales que la perdieron por haber residido entre 1940 y 1947 en Istria, Fiume y Dalmacia.<\/p>\n<p>El reconocimiento de la ciudadan\u00eda italiana en base a leyes especiales constituye una adquisici\u00f3n por beneficio de ley; por lo tanto, no es posible que el padre o madre reconocido como ciudadano presente una declaraci\u00f3n de voluntad de adquisici\u00f3n de la ciudadan\u00eda a favor de un hijo menor, seg\u00fan lo previsto en el art\u00edculo 4, p\u00e1rrafo 1-bis, de la ley n. 91\/1992, ya que dicho padre o madre no es ciudadano italiano por nacimiento.<\/p>\n","protected":false},"excerpt":{"rendered":"La ley del 14 de diciembre de 2000, n. 379, prev\u00e9 el reconocimiento de la ciudadan\u00eda italiana a favor de las personas nacidas y residentes en los territorios del ex Imperio Austroh\u00fangaro y de sus descendientes que cumplan con los requisitos necesarios. El plazo para acogerse a la Ley 379\/2000 venci\u00f3 el 19\/12\/2010. La ley [&hellip;]","protected":false},"author":5,"featured_media":0,"parent":9242,"menu_order":3,"comment_status":"closed","ping_status":"closed","template":"","meta":{"footnotes":""},"class_list":["post-9262","page","type-page","status-publish","hentry"],"_links":{"self":[{"href":"https:\/\/ambsanjose.esteri.it\/es\/wp-json\/wp\/v2\/pages\/9262","targetHints":{"allow":["GET"]}}],"collection":[{"href":"https:\/\/ambsanjose.esteri.it\/es\/wp-json\/wp\/v2\/pages"}],"about":[{"href":"https:\/\/ambsanjose.esteri.it\/es\/wp-json\/wp\/v2\/types\/page"}],"author":[{"embeddable":true,"href":"https:\/\/ambsanjose.esteri.it\/es\/wp-json\/wp\/v2\/users\/5"}],"replies":[{"embeddable":true,"href":"https:\/\/ambsanjose.esteri.it\/es\/wp-json\/wp\/v2\/comments?post=9262"}],"version-history":[{"count":1,"href":"https:\/\/ambsanjose.esteri.it\/es\/wp-json\/wp\/v2\/pages\/9262\/revisions"}],"predecessor-version":[{"id":9265,"href":"https:\/\/ambsanjose.esteri.it\/es\/wp-json\/wp\/v2\/pages\/9262\/revisions\/9265"}],"up":[{"embeddable":true,"href":"https:\/\/ambsanjose.esteri.it\/es\/wp-json\/wp\/v2\/pages\/9242"}],"wp:attachment":[{"href":"https:\/\/ambsanjose.esteri.it\/es\/wp-json\/wp\/v2\/media?parent=9262"}],"curies":[{"name":"wp","href":"https:\/\/api.w.org\/{rel}","templated":true}]}}