{"id":9267,"date":"2025-06-30T16:11:01","date_gmt":"2025-06-30T22:11:01","guid":{"rendered":"https:\/\/ambsanjose.esteri.it\/?page_id=9267"},"modified":"2025-06-30T16:29:40","modified_gmt":"2025-06-30T22:29:40","slug":"certificado-de-no-renuncia","status":"publish","type":"page","link":"https:\/\/ambsanjose.esteri.it\/es\/servizi-consolari-e-visti\/servizi-per-il-cittadino-straniero\/ciudadania-y-adopcion\/certificado-de-no-renuncia\/","title":{"rendered":"Certificado de \u201cNo Renuncia\u201d"},"content":{"rendered":"<p>Si la persona interesada ha decidido establecer su residencia en Italia, las autoridades del municipio italiano son responsables del reconocimiento de la ciudadan\u00eda italiana. Una vez inscrito\/a en el registro de la poblaci\u00f3n residente, el ciudadano extranjero puede iniciar el tr\u00e1mite para el reconocimiento de la ciudadan\u00eda <em>iure sanguinis<\/em> (cuya duraci\u00f3n est\u00e1 establecida por ley: 180 d\u00edas en total), presentando la documentaci\u00f3n indicada en la Circular K.28.1\/1991.<br \/>\nNo es posible que la persona interesada se valga de un representante legal u otra persona en su lugar; debe estar personalmente presente en el territorio.<\/p>\n<p>La solicitud de emisi\u00f3n del Certificado de \u201cNo Renuncia\u201d (Mancata Rinuncia\/Non Rinuncia) la realiza directamente el municipio italiano al Consulado, exclusivamente mediante PEC (correo electr\u00f3nico certificado). La respuesta del Consulado al municipio (no a la persona interesada) tambi\u00e9n se realiza \u00fanicamente por medio de PEC, y solo en caso de que la solicitud haya sido correctamente formulada.<\/p>\n<p>Los interesados no pueden contactar directamente a la Oficina Consular en relaci\u00f3n con tr\u00e1mites gestionados por municipios u otras oficinas consulares, ya que no se tiene conocimiento del estado de tales tr\u00e1mites fuera del propio \u00e1mbito de competencia.<\/p>\n<p>&nbsp;<\/p>\n","protected":false},"excerpt":{"rendered":"Si la persona interesada ha decidido establecer su residencia en Italia, las autoridades del municipio italiano son responsables del reconocimiento de la ciudadan\u00eda italiana. Una vez inscrito\/a en el registro de la poblaci\u00f3n residente, el ciudadano extranjero puede iniciar el tr\u00e1mite para el reconocimiento de la ciudadan\u00eda iure sanguinis (cuya duraci\u00f3n est\u00e1 establecida por ley: [&hellip;]","protected":false},"author":5,"featured_media":0,"parent":9242,"menu_order":7,"comment_status":"closed","ping_status":"closed","template":"","meta":{"footnotes":""},"class_list":["post-9267","page","type-page","status-publish","hentry"],"_links":{"self":[{"href":"https:\/\/ambsanjose.esteri.it\/es\/wp-json\/wp\/v2\/pages\/9267","targetHints":{"allow":["GET"]}}],"collection":[{"href":"https:\/\/ambsanjose.esteri.it\/es\/wp-json\/wp\/v2\/pages"}],"about":[{"href":"https:\/\/ambsanjose.esteri.it\/es\/wp-json\/wp\/v2\/types\/page"}],"author":[{"embeddable":true,"href":"https:\/\/ambsanjose.esteri.it\/es\/wp-json\/wp\/v2\/users\/5"}],"replies":[{"embeddable":true,"href":"https:\/\/ambsanjose.esteri.it\/es\/wp-json\/wp\/v2\/comments?post=9267"}],"version-history":[{"count":1,"href":"https:\/\/ambsanjose.esteri.it\/es\/wp-json\/wp\/v2\/pages\/9267\/revisions"}],"predecessor-version":[{"id":9268,"href":"https:\/\/ambsanjose.esteri.it\/es\/wp-json\/wp\/v2\/pages\/9267\/revisions\/9268"}],"up":[{"embeddable":true,"href":"https:\/\/ambsanjose.esteri.it\/es\/wp-json\/wp\/v2\/pages\/9242"}],"wp:attachment":[{"href":"https:\/\/ambsanjose.esteri.it\/es\/wp-json\/wp\/v2\/media?parent=9267"}],"curies":[{"name":"wp","href":"https:\/\/api.w.org\/{rel}","templated":true}]}}