{"id":9321,"date":"2025-07-14T12:48:01","date_gmt":"2025-07-14T18:48:01","guid":{"rendered":"https:\/\/ambsanjose.esteri.it\/?page_id=9321"},"modified":"2025-07-15T10:08:01","modified_gmt":"2025-07-15T16:08:01","slug":"italia-patrimonio-culinario-mediterraneo","status":"publish","type":"page","link":"https:\/\/ambsanjose.esteri.it\/es\/italia-e-costa-rica\/diplomazia-culturale\/la-cocina-de-las-raices\/italia-patrimonio-culinario-mediterraneo\/","title":{"rendered":"Italia, patrimonio culinario mediterr\u00e1neo"},"content":{"rendered":"<p><a href=\"https:\/\/flipbookpdf.net\/web\/site\/903bff00a58a02653b556544d8cf7921e4706191202507.pdf.html\"><img loading=\"lazy\" decoding=\"async\" class=\"alignleft wp-image-9317 img-fluid\" src=\"https:\/\/ambsanjose.esteri.it\/wp-content\/uploads\/2025\/07\/Italia-patrimonio-culinario-mediterraneo-239x300.png\" alt=\"\" width=\"355\" height=\"446\" srcset=\"https:\/\/ambsanjose.esteri.it\/wp-content\/uploads\/2025\/07\/Italia-patrimonio-culinario-mediterraneo-239x300.png 239w, https:\/\/ambsanjose.esteri.it\/wp-content\/uploads\/2025\/07\/Italia-patrimonio-culinario-mediterraneo.png 611w\" sizes=\"auto, (max-width: 355px) 100vw, 355px\" \/><\/a>La <strong>dieta mediterr\u00e1nea<\/strong> representa un conjunto de h\u00e1bitos alimenticios que refleja un sistema cultural centrado en la salud, la calidad de los alimentos y su conexi\u00f3n con el territorio.<br \/>\nInspirada en las tradiciones alimentarias de los pa\u00edses europeos de la cuenca mediterr\u00e1nea, esta dieta, que predomina en la poblaci\u00f3n del Mare Nostrum, ha sido reconocida desde 2010 como Patrimonio de la Humanidad por la UNESCO.<\/p>\n<p>Numerosos estudios m\u00e9dicos han corroborado los beneficios de la dieta mediterr\u00e1nea para la salud, evidenciando su capacidad para reducir la incidencia y mortalidad de enfermedades cardiovasculares, ciertos tipos de c\u00e1ncer, as\u00ed como la aparici\u00f3n de enfermedades neurodegenerativas como el Alzheimer y el Parkinson.<br \/>\nEsto se debe a que su base alimentaria est\u00e1 compuesta por verduras y frutas de temporada, cereales, legumbres, pescado, aceite de oliva extra virgen, vino en cantidades moderadas y una limitada ingesta de carne y grasas animales.<\/p>\n<p>La dieta mediterr\u00e1nea promueve el consumo de alimentos en armon\u00eda con los ritmos de la naturaleza, respetando la biodiversidad y las particularidades del territorio a trav\u00e9s de diferentes siembras y rotaciones de cultivos, lo que tambi\u00e9n contribuye a la seguridad alimentaria.<\/p>\n<p>El alto consumo de cereales, frutas, verduras y legumbres requiere menos recursos naturales (suelo, agua) y genera menores emisiones de gases de efecto invernadero en comparaci\u00f3n con un modelo basado en la producci\u00f3n y consumo de prote\u00ednas animales.<\/p>\n<p>Esto no solo reduce el impacto ambiental, sino que tambi\u00e9n disminuye los costos de adquisici\u00f3n y transporte desde regiones lejanas.<\/p>\n<p>En este contexto, los productos originarios de la cuenca mediterr\u00e1nea y los procesos de producci\u00f3n que garantizan su calidad, como las certificaciones de \u201cIndicaciones Geogr\u00e1ficas Protegidas\u201d (IGP) y \u201cDenominaciones de Origen Protegidas\u201d (DOP), son de gran relevancia. Estas certificaciones preservan las tradiciones alimenticias y garantizan la excelencia en sabor y valor nutricional,<br \/>\nadem\u00e1s de apoyar la econom\u00eda de las zonas rurales.<\/p>\n<p>&nbsp;<\/p>\n<p>La publicaci\u00f3n anterior \u2013 \u201c<strong>Italia, patrimonio culinario mediterr\u00e1neo<\/strong>\u201d \u2013 destaca algunos productos alimenticios, territorios e itinerarios eno-gastron\u00f3micos de Italia y contribuye al mejor conocimiento y difusi\u00f3n de las excelencias gastron\u00f3micas italianas.<\/p>\n<p>Adem\u00e1s, es una ocasi\u00f3n para promover las tradiciones culinarias, gastron\u00f3micas y enol\u00f3gicas italianas a partir de los valores que las distinguen: calidad, sostenibilidad, cultura, educaci\u00f3n, identidad, territorio, biodiversidad, inclusi\u00f3n, valorizaci\u00f3n de productos.<\/p>\n<p>&nbsp;<\/p>\n","protected":false},"excerpt":{"rendered":"La dieta mediterr\u00e1nea representa un conjunto de h\u00e1bitos alimenticios que refleja un sistema cultural centrado en la salud, la calidad de los alimentos y su conexi\u00f3n con el territorio. Inspirada en las tradiciones alimentarias de los pa\u00edses europeos de la cuenca mediterr\u00e1nea, esta dieta, que predomina en la poblaci\u00f3n del Mare Nostrum, ha sido reconocida [&hellip;]","protected":false},"author":5,"featured_media":9317,"parent":4615,"menu_order":0,"comment_status":"closed","ping_status":"closed","template":"","meta":{"footnotes":""},"class_list":["post-9321","page","type-page","status-publish","has-post-thumbnail","hentry"],"_links":{"self":[{"href":"https:\/\/ambsanjose.esteri.it\/es\/wp-json\/wp\/v2\/pages\/9321","targetHints":{"allow":["GET"]}}],"collection":[{"href":"https:\/\/ambsanjose.esteri.it\/es\/wp-json\/wp\/v2\/pages"}],"about":[{"href":"https:\/\/ambsanjose.esteri.it\/es\/wp-json\/wp\/v2\/types\/page"}],"author":[{"embeddable":true,"href":"https:\/\/ambsanjose.esteri.it\/es\/wp-json\/wp\/v2\/users\/5"}],"replies":[{"embeddable":true,"href":"https:\/\/ambsanjose.esteri.it\/es\/wp-json\/wp\/v2\/comments?post=9321"}],"version-history":[{"count":4,"href":"https:\/\/ambsanjose.esteri.it\/es\/wp-json\/wp\/v2\/pages\/9321\/revisions"}],"predecessor-version":[{"id":9332,"href":"https:\/\/ambsanjose.esteri.it\/es\/wp-json\/wp\/v2\/pages\/9321\/revisions\/9332"}],"up":[{"embeddable":true,"href":"https:\/\/ambsanjose.esteri.it\/es\/wp-json\/wp\/v2\/pages\/4615"}],"wp:featuredmedia":[{"embeddable":true,"href":"https:\/\/ambsanjose.esteri.it\/es\/wp-json\/wp\/v2\/media\/9317"}],"wp:attachment":[{"href":"https:\/\/ambsanjose.esteri.it\/es\/wp-json\/wp\/v2\/media?parent=9321"}],"curies":[{"name":"wp","href":"https:\/\/api.w.org\/{rel}","templated":true}]}}