{"id":9339,"date":"2023-11-08T13:58:48","date_gmt":"2023-11-08T19:58:48","guid":{"rendered":"https:\/\/ambsanjose.esteri.it\/?page_id=9339"},"modified":"2025-07-15T10:56:12","modified_gmt":"2025-07-15T16:56:12","slug":"que-hacer-para-obtener-el-spid","status":"publish","type":"page","link":"https:\/\/ambsanjose.esteri.it\/es\/servizi-consolari-e-visti\/servizi-per-il-cittadino-italiano\/que-hacer-para-obtener-el-spid\/","title":{"rendered":"Qu\u00e9 hacer para obtener el SPID"},"content":{"rendered":"<p>El <strong>SPID<\/strong>, el <strong>Sistema P\u00fablico de Identidad Digital<\/strong>, es la soluci\u00f3n que permite acceder a los servicios online de la Administraci\u00f3n P\u00fablica italiana y de los sujetos privados adheridos con una \u00fanica identidad digital (nombre de usuario y contrase\u00f1a) que se puede utilizar desde ordenadores, tabletas y smartphones.<\/p>\n<p>El uso del SPID es gratuito.<\/p>\n<p><a href=\"https:\/\/www.esteri.it\/it\/servizi-consolari-e-visti\/italiani-all-estero\/spid\/\"><strong>HAGA CLIC AQU\u00cd<\/strong><\/a> para obtener m\u00e1s informaci\u00f3n sobre c\u00f3mo solicitar el SPID.<\/p>\n","protected":false},"excerpt":{"rendered":"El SPID, el Sistema P\u00fablico de Identidad Digital, es la soluci\u00f3n que permite acceder a los servicios online de la Administraci\u00f3n P\u00fablica italiana y de los sujetos privados adheridos con una \u00fanica identidad digital (nombre de usuario y contrase\u00f1a) que se puede utilizar desde ordenadores, tabletas y smartphones. El uso del SPID es gratuito. HAGA [&hellip;]","protected":false},"author":5,"featured_media":0,"parent":172,"menu_order":0,"comment_status":"closed","ping_status":"closed","template":"","meta":{"footnotes":""},"class_list":["post-9339","page","type-page","status-publish","hentry"],"_links":{"self":[{"href":"https:\/\/ambsanjose.esteri.it\/es\/wp-json\/wp\/v2\/pages\/9339","targetHints":{"allow":["GET"]}}],"collection":[{"href":"https:\/\/ambsanjose.esteri.it\/es\/wp-json\/wp\/v2\/pages"}],"about":[{"href":"https:\/\/ambsanjose.esteri.it\/es\/wp-json\/wp\/v2\/types\/page"}],"author":[{"embeddable":true,"href":"https:\/\/ambsanjose.esteri.it\/es\/wp-json\/wp\/v2\/users\/5"}],"replies":[{"embeddable":true,"href":"https:\/\/ambsanjose.esteri.it\/es\/wp-json\/wp\/v2\/comments?post=9339"}],"version-history":[{"count":2,"href":"https:\/\/ambsanjose.esteri.it\/es\/wp-json\/wp\/v2\/pages\/9339\/revisions"}],"predecessor-version":[{"id":9343,"href":"https:\/\/ambsanjose.esteri.it\/es\/wp-json\/wp\/v2\/pages\/9339\/revisions\/9343"}],"up":[{"embeddable":true,"href":"https:\/\/ambsanjose.esteri.it\/es\/wp-json\/wp\/v2\/pages\/172"}],"wp:attachment":[{"href":"https:\/\/ambsanjose.esteri.it\/es\/wp-json\/wp\/v2\/media?parent=9339"}],"curies":[{"name":"wp","href":"https:\/\/api.w.org\/{rel}","templated":true}]}}