{"id":9357,"date":"2023-10-11T13:04:48","date_gmt":"2023-10-11T19:04:48","guid":{"rendered":"https:\/\/ambsanjose.esteri.it\/?page_id=9357"},"modified":"2025-07-15T13:29:13","modified_gmt":"2025-07-15T19:29:13","slug":"informacion-sectorial","status":"publish","type":"page","link":"https:\/\/ambsanjose.esteri.it\/es\/italia-e-costa-rica\/diplomazia-economica\/fare-affari-in-italia\/informacion-sectorial\/","title":{"rendered":"Informaci\u00f3n sectorial"},"content":{"rendered":"<p>Entidades p\u00fablicas no econ\u00f3micas<\/p>\n<p><a href=\"http:\/\/www.informest.it\/\"><strong>INFORMEST<\/strong><\/a><br \/>\n<strong>Centro de Servicios y Documentaci\u00f3n para la Cooperaci\u00f3n Econ\u00f3mica Internacional<\/strong><\/p>\n<ul>\n<li>Estructura p\u00fablica sin fines de lucro creada para ofrecer a los operadores del mercado servicios informativos, documentaci\u00f3n, formaci\u00f3n, asistencia y consultor\u00eda sobre los pa\u00edses de Europa del Este (Balc\u00e1nicos, Europa Centro-Oriental, CEI) y de Asia central y oriental (China, Mongolia, Vietnam);<\/li>\n<li>los servicios de Informest para el uso de los instrumentos de ayuda p\u00fablica a la internacionalizaci\u00f3n incluyen la asistencia a la empresa para la solicitud de financiamiento o contribuciones hasta la finalizaci\u00f3n del procedimiento correspondiente.<\/li>\n<\/ul>\n<h2>Algunas principales organizaciones representativas<\/h2>\n<p><a href=\"http:\/\/www.confindustria.it\/\"><strong>CONFINDUSTRIA<\/strong><\/a><br \/>\n<strong>Organizaci\u00f3n representativa de las empresas manufactureras y de servicios en Italia<\/strong><\/p>\n<ul>\n<li>Confederaci\u00f3n General de la Industria italiana que contribuye, junto con las instituciones pol\u00edticas y las organizaciones econ\u00f3micas, sociales y culturales, nacionales e internacionales, al crecimiento econ\u00f3mico y al progreso social del pa\u00eds;<\/li>\n<li>interviene en apoyo de las organizaciones econ\u00f3micas, pol\u00edticas, sociales y culturales del pa\u00eds y de la Uni\u00f3n Europea;<\/li>\n<li>representa y protege el sector de la producci\u00f3n de bienes y servicios.<\/li>\n<\/ul>\n<p><a href=\"http:\/\/www.confapi.it\/\"><strong>CONFAPI<\/strong><\/a><br \/>\n<strong>Confederaci\u00f3n Italiana de la Peque\u00f1a y Mediana Industria<\/strong><\/p>\n<ul>\n<li>Confederaci\u00f3n que promueve los intereses de la peque\u00f1a y mediana industria;<\/li>\n<li>fomenta el desarrollo econ\u00f3mico y civil del pa\u00eds en conexi\u00f3n con las organizaciones e instituciones nacionales y extranjeras.<\/li>\n<\/ul>\n<p><a href=\"http:\/\/www.confcommercio.it\/\"><strong>CONFCOMMERCIO<\/strong><\/a><br \/>\n<strong>Confederaci\u00f3n General Italiana del Comercio, del Turismo, de los Servicios y de las PYMEs<\/strong><\/p>\n<ul>\n<li>define las pol\u00edticas comunitarias del sector, colaborando con la Uni\u00f3n Europea;<\/li>\n<li>asiste y cuida el proceso de tr\u00e1mites relativos a la concesi\u00f3n de contribuciones para actividades promocionales en el extranjero;<\/li>\n<li>se encarga de la b\u00fasqueda de mercados de salida y de la investigaci\u00f3n de nombres de potenciales compradores en los mercados internacionales.<\/li>\n<\/ul>\n<p><a href=\"http:\/\/www.confartigianato.it\/\"><strong>CONFARTIGIANATO<\/strong><\/a><br \/>\n<strong>Organizaci\u00f3n de informaci\u00f3n y representaci\u00f3n de las empresas artesanales<\/strong><\/p>\n<ul>\n<li>apoya el desarrollo de nuevas empresas a trav\u00e9s de actividades de formaci\u00f3n, informaci\u00f3n sobre oportunidades y ayudas de car\u00e1cter nacional y local;<\/li>\n<li>proporciona una primera evaluaci\u00f3n de la calidad del proyecto empresarial y ofrece consultor\u00edas b\u00e1sicas en materia de legislaci\u00f3n, cr\u00e9dito, fiscalidad y medio ambiente;<\/li>\n<li>concede financiamientos preferenciales para dotar \u201cel proyecto de empresa\u201d de herramientas necesarias para hacerlo concreto.<\/li>\n<\/ul>\n<p><a href=\"http:\/\/www.cna.it\/\"><strong>CNA<\/strong><\/a><br \/>\n<strong>Confederaci\u00f3n Nacional de la Artesan\u00eda y de la Peque\u00f1a y Mediana Empresa<\/strong><\/p>\n<ul>\n<li>Organizaci\u00f3n representativa de las empresas artesanales;<\/li>\n<li>formula las estrategias para el sector, proporciona un servicio de informaci\u00f3n sobre oportunidades, programas y convocatorias propuestos por la Uni\u00f3n Europea;<\/li>\n<li>representa el mundo del autoempleo reuniendo a trav\u00e9s de la denominaci\u00f3n \u201cCNA en propio\u201d consultores, profesionales y colaboradores.<\/li>\n<\/ul>\n<p><a href=\"http:\/\/www.confagricoltura.it\/\"><strong>CONFAGRICOLTURA<\/strong><\/a><br \/>\n<strong>Organizaci\u00f3n agr\u00edcola italiana<\/strong><\/p>\n<ul>\n<li>Confederaci\u00f3n que promueve, asiste y coordina las actividades econ\u00f3micas para los productos o sectores de producci\u00f3n individuales;<\/li>\n<li>representa y protege a las empresas asociadas ante las instituciones;<\/li>\n<li>proporciona a sus asociados servicios cualificados de diversa \u00edndole (consultor\u00edas legales, formaci\u00f3n y asistencia t\u00e9cnica para la gesti\u00f3n de la empresa agr\u00edcola).<\/li>\n<\/ul>\n","protected":false},"excerpt":{"rendered":"Entidades p\u00fablicas no econ\u00f3micas INFORMEST Centro de Servicios y Documentaci\u00f3n para la Cooperaci\u00f3n Econ\u00f3mica Internacional Estructura p\u00fablica sin fines de lucro creada para ofrecer a los operadores del mercado servicios informativos, documentaci\u00f3n, formaci\u00f3n, asistencia y consultor\u00eda sobre los pa\u00edses de Europa del Este (Balc\u00e1nicos, Europa Centro-Oriental, CEI) y de Asia central y oriental (China, Mongolia, [&hellip;]","protected":false},"author":5,"featured_media":0,"parent":159,"menu_order":4,"comment_status":"closed","ping_status":"closed","template":"","meta":{"footnotes":""},"class_list":["post-9357","page","type-page","status-publish","hentry"],"_links":{"self":[{"href":"https:\/\/ambsanjose.esteri.it\/es\/wp-json\/wp\/v2\/pages\/9357","targetHints":{"allow":["GET"]}}],"collection":[{"href":"https:\/\/ambsanjose.esteri.it\/es\/wp-json\/wp\/v2\/pages"}],"about":[{"href":"https:\/\/ambsanjose.esteri.it\/es\/wp-json\/wp\/v2\/types\/page"}],"author":[{"embeddable":true,"href":"https:\/\/ambsanjose.esteri.it\/es\/wp-json\/wp\/v2\/users\/5"}],"replies":[{"embeddable":true,"href":"https:\/\/ambsanjose.esteri.it\/es\/wp-json\/wp\/v2\/comments?post=9357"}],"version-history":[{"count":4,"href":"https:\/\/ambsanjose.esteri.it\/es\/wp-json\/wp\/v2\/pages\/9357\/revisions"}],"predecessor-version":[{"id":9369,"href":"https:\/\/ambsanjose.esteri.it\/es\/wp-json\/wp\/v2\/pages\/9357\/revisions\/9369"}],"up":[{"embeddable":true,"href":"https:\/\/ambsanjose.esteri.it\/es\/wp-json\/wp\/v2\/pages\/159"}],"wp:attachment":[{"href":"https:\/\/ambsanjose.esteri.it\/es\/wp-json\/wp\/v2\/media?parent=9357"}],"curies":[{"name":"wp","href":"https:\/\/api.w.org\/{rel}","templated":true}]}}