{"id":936,"date":"2023-11-06T15:26:39","date_gmt":"2023-11-06T21:26:39","guid":{"rendered":"https:\/\/ambsanjose.esteri.it\/?page_id=936"},"modified":"2023-11-06T15:27:21","modified_gmt":"2023-11-06T21:27:21","slug":"autocertificacion","status":"publish","type":"page","link":"https:\/\/ambsanjose.esteri.it\/es\/servizi-consolari-e-visti\/servizi-per-il-cittadino-italiano\/autocertificacion\/","title":{"rendered":"Autocertificaci\u00f3n"},"content":{"rendered":"<p>\u00bfQu\u00e9 es una autocertificaci\u00f3n?<\/p>\n<p>Es una declaraci\u00f3n redactada y suscrita por el interesado en el propio inter\u00e9s sobre estados, hechos y cualidades personales, que se utiliza en las relaciones con la Administraci\u00f3n P\u00fablica Italiana y con los concesionarios y administradores de los servicios p\u00fablicos.<\/p>\n<p>En lo que respecta a las relaciones con un sujeto privado, el recurrir a la autocertificaci\u00f3n depender\u00e1 de la discrecionalidad del \u00faltimo. La declaraci\u00f3n puede sustituir las normales certificaciones y las actas notariales.<\/p>\n","protected":false},"excerpt":{"rendered":"\u00bfQu\u00e9 es una autocertificaci\u00f3n? Es una declaraci\u00f3n redactada y suscrita por el interesado en el propio inter\u00e9s sobre estados, hechos y cualidades personales, que se utiliza en las relaciones con la Administraci\u00f3n P\u00fablica Italiana y con los concesionarios y administradores de los servicios p\u00fablicos. En lo que respecta a las relaciones con un sujeto privado, [&hellip;]","protected":false},"author":5,"featured_media":0,"parent":172,"menu_order":50,"comment_status":"closed","ping_status":"closed","template":"","meta":{"footnotes":""},"class_list":["post-936","page","type-page","status-publish","hentry"],"_links":{"self":[{"href":"https:\/\/ambsanjose.esteri.it\/es\/wp-json\/wp\/v2\/pages\/936","targetHints":{"allow":["GET"]}}],"collection":[{"href":"https:\/\/ambsanjose.esteri.it\/es\/wp-json\/wp\/v2\/pages"}],"about":[{"href":"https:\/\/ambsanjose.esteri.it\/es\/wp-json\/wp\/v2\/types\/page"}],"author":[{"embeddable":true,"href":"https:\/\/ambsanjose.esteri.it\/es\/wp-json\/wp\/v2\/users\/5"}],"replies":[{"embeddable":true,"href":"https:\/\/ambsanjose.esteri.it\/es\/wp-json\/wp\/v2\/comments?post=936"}],"version-history":[{"count":1,"href":"https:\/\/ambsanjose.esteri.it\/es\/wp-json\/wp\/v2\/pages\/936\/revisions"}],"predecessor-version":[{"id":939,"href":"https:\/\/ambsanjose.esteri.it\/es\/wp-json\/wp\/v2\/pages\/936\/revisions\/939"}],"up":[{"embeddable":true,"href":"https:\/\/ambsanjose.esteri.it\/es\/wp-json\/wp\/v2\/pages\/172"}],"wp:attachment":[{"href":"https:\/\/ambsanjose.esteri.it\/es\/wp-json\/wp\/v2\/media?parent=936"}],"curies":[{"name":"wp","href":"https:\/\/api.w.org\/{rel}","templated":true}]}}