{"id":9401,"date":"2025-07-22T21:22:45","date_gmt":"2025-07-23T03:22:45","guid":{"rendered":"https:\/\/ambsanjose.esteri.it\/?page_id=9401"},"modified":"2025-07-28T12:15:39","modified_gmt":"2025-07-28T18:15:39","slug":"oscar-scaglioni","status":"publish","type":"page","link":"https:\/\/ambsanjose.esteri.it\/es\/italia-e-costa-rica\/diplomazia-culturale\/643-2\/oscar-scaglioni\/","title":{"rendered":"Oscar Scaglioni"},"content":{"rendered":"<p>Oscar Scaglioni naci\u00f3 en 1927 en Castelponzone, en la provincia de Cremona, Italia. Desde joven mostr\u00f3 un talento excepcional para la m\u00fasica l\u00edrica. Estudi\u00f3 en el prestigioso Conservatorio Giuseppe Verdi de Mil\u00e1n, donde se gradu\u00f3 en 1951 como bar\u00edtono y maestro de escena.<\/p>\n<p>Debut\u00f3 en 1952 en el Teatro Nuevo de Mil\u00e1n con la \u00f3pera Rigoletto. En los a\u00f1os siguientes trabaj\u00f3 como cantante y director art\u00edstico en el Teatro da Camera de Mil\u00e1n, recibiendo la Medalla de Santa Cecilia por su contribuci\u00f3n a la m\u00fasica l\u00edrica.<\/p>\n<p>Durante su carrera europea, Scaglioni cant\u00f3 junto a Beniamino Gigli, Tito Schipa, Mario Del Monaco, Ettore Bastianini, Gianni Poggi y Renata Tebaldi, llevando su talento de gira por numerosas ciudades europeas con la compa\u00f1\u00eda de \u00d3pera Italiana.<\/p>\n<p>En 1961 se traslad\u00f3 a Am\u00e9rica con la compa\u00f1\u00eda de \u00d3pera Italiana, estableci\u00e9ndose definitivamente en Costa Rica en 1963, a la edad de 34 a\u00f1os. Su llegada marc\u00f3 un cambio decisivo en el panorama l\u00edrico del pa\u00eds, convirti\u00e9ndose en uno de los principales art\u00edfices de la profesionalizaci\u00f3n y difusi\u00f3n de la \u00f3pera en Costa Rica.<\/p>\n<p>Aqu\u00ed se destac\u00f3 no solo como bar\u00edtono, sino tambi\u00e9n como director. Fue responsable de la preparaci\u00f3n musical y esc\u00e9nica de numerosas \u00f3peras y operetas, incluyendo Il trovatore, La forza del destino, Cavalleria rusticana, Pagliacci, La traviata, Tosca, La boh\u00e8me, Rigoletto, Madama Butterfly, Don Pasquale, L\u2019elisir d\u2019amore, Il matrimonio segreto, La serva padrona, Il maestro di cappella, Il barbiere di Siviglia y La Arlequinata.<\/p>\n<p>Uno de sus primeros \u00e9xitos en Costa Rica fue Madama Butterfly, puesta en escena en el Teatro Nacional bajo la direcci\u00f3n musical del maestro Benjam\u00edn Guti\u00e9rrez. Esta producci\u00f3n marc\u00f3 el comienzo de un periodo de renacimiento de la \u00f3pera l\u00edrica en el pa\u00eds.<\/p>\n<p>Inici\u00f3 su actividad docente en un peque\u00f1o espacio en la antigua Radio Fides, para luego convertirse en docente en el Conservatorio Castella y en la Escuela de Artes Musicales de la Universidad de Costa Rica (UCR), donde fue posteriormente nombrado profesor em\u00e9rito. Tambi\u00e9n fund\u00f3 su Academia Scaglioni, que se convirti\u00f3 en un referente para el estudio del belcanto.<\/p>\n<p>Entre sus alumnos figuran importantes nombres del panorama l\u00edrico costarricense, como Enrique Granados, Gonzalo Castell\u00f3n, Julio Villalobos y Magdalena de Hidalgo.<\/p>\n<p>En 1980 recibi\u00f3 el prestigioso Premio \u00c1ncora por su contribuci\u00f3n a la cultura nacional. Su academia promovi\u00f3 numerosos conciertos en Costa Rica y en Centroam\u00e9rica, contribuyendo a difundir el repertorio l\u00edrico en toda la regi\u00f3n.<\/p>\n<p>Falleci\u00f3 el 1 de febrero de 2008.<\/p>\n","protected":false},"excerpt":{"rendered":"Oscar Scaglioni naci\u00f3 en 1927 en Castelponzone, en la provincia de Cremona, Italia. Desde joven mostr\u00f3 un talento excepcional para la m\u00fasica l\u00edrica. Estudi\u00f3 en el prestigioso Conservatorio Giuseppe Verdi de Mil\u00e1n, donde se gradu\u00f3 en 1951 como bar\u00edtono y maestro de escena. Debut\u00f3 en 1952 en el Teatro Nuevo de Mil\u00e1n con la \u00f3pera [&hellip;]","protected":false},"author":5,"featured_media":9405,"parent":643,"menu_order":0,"comment_status":"closed","ping_status":"closed","template":"","meta":{"footnotes":""},"class_list":["post-9401","page","type-page","status-publish","has-post-thumbnail","hentry"],"_links":{"self":[{"href":"https:\/\/ambsanjose.esteri.it\/es\/wp-json\/wp\/v2\/pages\/9401","targetHints":{"allow":["GET"]}}],"collection":[{"href":"https:\/\/ambsanjose.esteri.it\/es\/wp-json\/wp\/v2\/pages"}],"about":[{"href":"https:\/\/ambsanjose.esteri.it\/es\/wp-json\/wp\/v2\/types\/page"}],"author":[{"embeddable":true,"href":"https:\/\/ambsanjose.esteri.it\/es\/wp-json\/wp\/v2\/users\/5"}],"replies":[{"embeddable":true,"href":"https:\/\/ambsanjose.esteri.it\/es\/wp-json\/wp\/v2\/comments?post=9401"}],"version-history":[{"count":1,"href":"https:\/\/ambsanjose.esteri.it\/es\/wp-json\/wp\/v2\/pages\/9401\/revisions"}],"predecessor-version":[{"id":9402,"href":"https:\/\/ambsanjose.esteri.it\/es\/wp-json\/wp\/v2\/pages\/9401\/revisions\/9402"}],"up":[{"embeddable":true,"href":"https:\/\/ambsanjose.esteri.it\/es\/wp-json\/wp\/v2\/pages\/643"}],"wp:featuredmedia":[{"embeddable":true,"href":"https:\/\/ambsanjose.esteri.it\/es\/wp-json\/wp\/v2\/media\/9405"}],"wp:attachment":[{"href":"https:\/\/ambsanjose.esteri.it\/es\/wp-json\/wp\/v2\/media?parent=9401"}],"curies":[{"name":"wp","href":"https:\/\/api.w.org\/{rel}","templated":true}]}}