{"id":943,"date":"2023-11-06T15:31:12","date_gmt":"2023-11-06T21:31:12","guid":{"rendered":"https:\/\/ambsanjose.esteri.it\/?page_id=943"},"modified":"2023-11-10T11:42:05","modified_gmt":"2023-11-10T17:42:05","slug":"asistencia-a-las-empresas-italiana-en-el-exterior","status":"publish","type":"page","link":"https:\/\/ambsanjose.esteri.it\/es\/servizi-consolari-e-visti\/servizi-per-il-cittadino-italiano\/asistencia-a-las-empresas-italiana-en-el-exterior\/","title":{"rendered":"Asistencia a las empresas italiana en el exterior"},"content":{"rendered":"<ol>\n<li><strong> Las embajadas y consulados italianos en todo el mundo brindan asistencia a las empresas italianas?<\/strong><\/li>\n<\/ol>\n<p>Por supuesto, la actividad de acompa\u00f1amiento y asistencia a las empresas en los mercados internacionales representa una prioridad consolidada para la Farnesina y la Red en el exterior (en estrecha colaboraci\u00f3n con los dem\u00e1s Ministerios y organismos competentes), conscientes del papel decisivo de la internacionalizaci\u00f3n para el crecimiento de las empresas y el sistema econ\u00f3mico de nuestro pa\u00eds. Por esta raz\u00f3n, las m\u00e1s de 200 oficinas diplom\u00e1ticas (Embajadas y Consulados) forman una red al servicio de los ciudadanos y empresas italianas en todo el mundo.<br \/>\nDesde 2020, las Oficinas de la Agencia ICE tambi\u00e9n se involucraron a\u00fan m\u00e1s en la diplomacia econ\u00f3mica de la Farnesina y operan en el exterior en coordinaci\u00f3n con las Embajadas y Consulados. Finalmente, hay una conexi\u00f3n con la red de las C\u00e1maras de Comercio Italianas.<\/p>\n<ol start=\"2\">\n<li><strong>Qu\u00e9 actividades realizan las Embajadas y Consulados para apoyar a las empresas italianas en el extranjero?<\/strong><\/li>\n<\/ol>\n<p>En el marco de la acci\u00f3n de diplomacia econ\u00f3mica, las Embajadas y Consulados realizan actividades de informaci\u00f3n y orientaci\u00f3n al mercado y apoyo institucional en las relaciones con las autoridades locales en todas las ocasiones en que se considere necesario. Organizan y se ocupan de las visitas institucionales de representantes del Gobierno italiano, autoridades locales y asociaciones empresariales. Recopilan, procesan y comentan datos econ\u00f3micos. Organizan eventos promocionales en todos los sectores. Las Embajadas mantienen relaciones con los Ministerios locales, promueven y defienden los intereses econ\u00f3micos nacionales, negocian la eliminaci\u00f3n de barreras a nuestras exportaciones y promueven las inversiones en Italia.<br \/>\nLas Embajadas y Consulados promueven y apoyan las actividades de la red a favor de las empresas italianas y emiten visas de negocios a los operadores extranjeros que tienen la intenci\u00f3n de viajar a nuestro pa\u00eds, por ejemplo, para participar en ferias comerciales, firmar contratos o visitar f\u00e1bricas. M\u00e1s informaci\u00f3n sobre esto se puede encontrar en el sitio web\u00a0<a href=\"https:\/\/vistoperitalia.esteri.it\/home.aspx\">Il visto per l&#8217;Italia<\/a>.<\/p>\n<ol start=\"3\">\n<li><strong>Qu\u00e9 tipo de informaci\u00f3n se puede solicitar a Embajadas y Consulados?<\/strong><\/li>\n<\/ol>\n<p>Las embajadas y consulados pueden proporcionar informaci\u00f3n relativa al pa\u00eds o territorio de inter\u00e9s, sobre el estado de las relaciones pol\u00edticas bilaterales, sobre el marco de seguridad, sobre datos econ\u00f3micos, sobre las caracter\u00edsticas de los interlocutores locales, sobre la presencia italiana en el pa\u00eds de inter\u00e9s ( por ejemplo, presencia de ICE, C\u00e1maras de Comercio italianas en el extranjero, bancos, firmas o consultores profesionales italianos, otras empresas italianas, comunidades influyentes de origen italiano), en programas de cooperaci\u00f3n al desarrollo e iniciativas culturales: toda la informaci\u00f3n que puede ayudar a guiar a los operadores en la definici\u00f3n de sus propias estrategias comerciales. Adem\u00e1s, en virtud de su red de relaciones y su experiencia en contextos locales pueden adelantar sobre futuros proyectos y futuras oportunidades comerciales o de inversi\u00f3n.<\/p>\n<ol start=\"4\">\n<li><strong>Qu\u00e9 tipo de apoyo se puede solicitar a Embajadas y Consulados en relaci\u00f3n con las relaciones con las autoridades locales?<\/strong><\/li>\n<\/ol>\n<p>Por ejemplo, puede solicitar ayuda a la Embajada o al Consulado para iniciar contactos con interlocutores institucionales locales (desde la primera fase de ingreso al mercado), o puede solicitar apoyo para participar en una licitaci\u00f3n, o nuevamente para superar cualquier problema cr\u00edtico (por ejemplo, en caso de disputas aduaneras o fiscales, violaciones de la propiedad intelectual o la elevaci\u00f3n de barreras no arancelarias, o la aplicaci\u00f3n de sanciones).<\/p>\n<ol start=\"5\">\n<li><strong>En qu\u00e9 etapa del proceso de internacionalizaci\u00f3n conviene contactar con la Farnesina y la red diplom\u00e1tico-consular?<\/strong><\/li>\n<\/ol>\n<p>Idealmente desde la etapa de identificaci\u00f3n de mercados y oportunidades, por lo tanto incluso antes de ingresar a un mercado extranjero, utilizando las herramientas de informaci\u00f3n que pone a disposici\u00f3n la Farnesina (v. Faq 13).<\/p>\n<p>En cualquier caso, se recomienda ponerse en contacto con la Embajada o Consulado correspondiente antes de la salida, a fin de concertar una reuni\u00f3n de orientaci\u00f3n preliminar. Esto tambi\u00e9n servir\u00e1 para comprender si la empresa necesita apoyo institucional o m\u00e1s bien servicios espec\u00edficos (por ejemplo, estudios de mercado, identificaci\u00f3n de socios comerciales, asesoramiento sobre la legislaci\u00f3n local, servicios espec\u00edficos como interpretaci\u00f3n, servicios de log\u00edstica in situ&#8230;), para lo cual la Embajada o Consulado dirigir\u00e1 a la empresa a la Oficina ICE competente o a la C\u00e1mara de Comercio italiana local (o alternativamente, si no est\u00e1 presente, a empresas de consultor\u00eda, estudios profesionales, etc.).<\/p>\n<ol start=\"6\">\n<li><strong>Mi empresa puede contactar con las Embajadas y Consulados, aunque no tenga problemas?<\/strong><\/li>\n<\/ol>\n<p>Ciertamente. Sin embargo, a menudo sucede que las empresas se ponen en contacto con embajadas y consulados solo en situaciones dif\u00edciles. La asistencia a las empresas para la resoluci\u00f3n de disputas con sus contrapartes gubernamentales o la superaci\u00f3n de problemas cr\u00edticos que puedan surgir en el exterior es ciertamente una parte integral de las actividades de la diplomacia econ\u00f3mica. Sin embargo, si las Embajadas y Consulados se involucran solo cuando el problema ya se ha manifestado, la efectividad de su intervenci\u00f3n puede verse reducida. Por ello, es recomendable contactar con la red diplom\u00e1tico-consular aunque sea simplemente para informar de su presencia en el pa\u00eds, el inter\u00e9s de participar en una licitaci\u00f3n o iniciar contactos con hom\u00f3logos locales. De hecho, es esencial que las Embajadas y Consulados tengan una imagen global de los intereses de las empresas italianas en un mercado espec\u00edfico, para poder ayudarlas mejor en sus actividades y poder valorar su presencia en los numerosos contactos con las autoridades y otros interlocutores locales, tratando de evitar el surgimiento de temas cr\u00edticos. Cabe se\u00f1alar que no es posible intervenir en disputas entre sujetos privados, para lo cual es necesario contactar a asesores legales id\u00f3neos que, si necesario, pueden ser sugeridos por Embajadas y Consulados.<\/p>\n<ol start=\"7\">\n<li><strong>C\u00f3mo puedo contactar Embajadas y Consulados para solicitar asistencia para mi negocio? A qui\u00e9n debo contactar?<\/strong><\/li>\n<\/ol>\n<p>Para solicitudes de asistencia, informaci\u00f3n y reuniones con la Embajada\/Consulado es necesario rellenar un breve formulario disponible en este enlace\u00a0\u00a0<a href=\"https:\/\/nexus.esteri.it\/?sede=664\">https:\/\/nexus.esteri.it\/?sede=664<\/a><\/p>\n<ol start=\"8\">\n<li><strong>En pa\u00edses donde, adem\u00e1s de la Embajada, tambi\u00e9n hay uno o m\u00e1s Consulados, cu\u00e1ndo debo contactar a la Embajada y cu\u00e1ndo al Consulado?<\/strong><\/li>\n<\/ol>\n<p>Los consulados ejercen sus funciones en una zona espec\u00edfica del pa\u00eds (\u201cdistrito consular\u201d). Las empresas que ya operan en un \u00e1rea que se encuentra dentro del distrito consular o est\u00e1n interesadas en invertir en esa \u00e1rea espec\u00edfica pueden presentar una solicitud directamente al Consulado competente. En el caso de una empresa interesada en un pa\u00eds sin referencia a un \u00e1rea espec\u00edfica por el tipo de mercado en el que opera o su tama\u00f1o, puede contactar a la Embajada. Adem\u00e1s, es necesario contactar a la Embajada para contactos con las autoridades centrales del pa\u00eds, mientras que el Consulado puede ser contactado con las autoridades regionales y locales. En caso de dudas, siempre es posible ponerse en contacto con la Embajada en primer lugar, que eventualmente redirigir\u00e1 a la empresa al Consulado.<\/p>\n<ol start=\"9\">\n<li><strong>Si adem\u00e1s existe una oficina de la Agencia ICE en el pa\u00eds donde opera o pretende operar mi empresa, qu\u00e9 servicios puedo solicitar a la Embajada o Consulado y cu\u00e1les a la Oficina ICE?<\/strong><\/li>\n<\/ol>\n<p>Entre Embajadas y Consulados, por un lado, y las oficinas de la Agencia ICE, por otro, existe una estrecha integraci\u00f3n funcional, y en muchos casos tambi\u00e9n log\u00edstica (comparten locales). Esto significa que las empresas pueden recibir asistencia articulada que va desde actividades de orientaci\u00f3n y posiblemente apoyo institucional de la Embajada hasta servicios m\u00e1s espec\u00edficos proporcionados por ICE, que incluyen, por ejemplo, actividades de investigaci\u00f3n de clientes y socios locales, reuniones con operadores locales y estudios de mercado personalizados. Asimismo, las Oficinas del ICE, en colaboraci\u00f3n con las Embajadas y Consulados, son las encargadas de organizar iniciativas espec\u00edficas de promoci\u00f3n comercial, incluyendo la participaci\u00f3n en ferias, incluidas las virtuales, y la atracci\u00f3n de compradores en nuestro pa\u00eds.<\/p>\n<p>En todo caso, no s\u00f3lo en los casos en que la Oficina del ICE est\u00e9 ubicada dentro de la Embajada o Consulado, sino tambi\u00e9n en los casos en que se encuentre separada f\u00edsicamente, los respectivos funcionarios mantienen una estrecha coordinaci\u00f3n a fin de poder orientar y apoyar siempre a la empresa en todos los aspectos de sus actividades en el extranjero.<\/p>\n<p>El mapa de las oficinas de\u00a0<a href=\"https:\/\/www.ice.it\/it\/mercati\">ICE en el mundo<\/a>\u00a0est\u00e1 disponible aqu\u00ed\u00a0\u00a0<a href=\"https:\/\/www.ice.it\/it\/mercati\">https:\/\/www.ice.it\/it\/mercati<\/a>.<\/p>\n<ol start=\"10\">\n<li><strong>Y si tambi\u00e9n hay una C\u00e1mara de Comercio Italiana en el Extranjero?<\/strong><\/li>\n<\/ol>\n<p>Las C\u00e1maras de Comercio Italianas en el Extranjero son asociaciones de empresarios y profesionales, italianos y locales, oficialmente reconocidas por el Estado italiano, y por lo tanto entidades privadas que pueden ofrecer a las empresas italianas que ingresan a un mercado un valor agregado que se deriva de las ra\u00edces locales y de la presencia de miembros asociados italianos y locales, lo que conlleva un conocimiento directo del mercado y una densa red de relaciones con el mundo empresarial local. La actividad de las C\u00e1maras es, por lo tanto, tanto m\u00e1s \u00fatil para las empresas cuanto m\u00e1s numerosos y estimados son sus miembros, que pueden ofrecer un conocimiento valioso del contexto local. Las C\u00e1maras realizan m\u00faltiples actividades para facilitar a las empresas en sus actividades comerciales a trav\u00e9s, por ejemplo, de la facilitaci\u00f3n de contactos para la realizaci\u00f3n de negocios, la organizaci\u00f3n de seminarios y conferencias, el seguimiento de las tendencias del sector y la actualizaci\u00f3n en legislaci\u00f3n fiscal y financiera y derecho societario.<\/p>\n<p>La lista de\u00a0<a href=\"https:\/\/www.assocamerestero.it\/\">C\u00e1maras de Comercio Italianas en el Extranjero<\/a>\u00a0est\u00e1 disponible aqu\u00ed\u00a0\u00a0<a href=\"https:\/\/www.assocamerestero.it\/\">https:\/\/www.assocamerestero.it\/\u00a0<\/a><\/p>\n<ol start=\"11\">\n<li><strong>Una vez recibida la asistencia solicitada, es \u00fatil continuar informando a la Embajada o Consulado sobre la evoluci\u00f3n de los negocios de mi empresa en el pa\u00eds?<\/strong><\/li>\n<\/ol>\n<p>Es esencial continuar informando a la Embajada o Consulado para informar no solo sobre cualquier problema cr\u00edtico, sino tambi\u00e9n sobre desarrollos positivos. De hecho, esto permite que las oficinas diplom\u00e1ticas puedan hacer un seguimiento de sus actividades de asistencia con los interlocutores locales y proporcionar a las empresas cualquier actualizaci\u00f3n relacionada con el sector de inter\u00e9s. Por lo tanto, es bueno para la empresa no considerar la asistencia en un tema espec\u00edfico como un fin en s\u00ed mismo, sino como parte de una relaci\u00f3n estructurada que debe mantenerse en el tiempo.<\/p>\n<ol start=\"12\">\n<li><strong>Adem\u00e1s de Embajadas y Consulados, tambi\u00e9n puedo contactar con la Farnesina?<\/strong><\/li>\n<\/ol>\n<p>S\u00ed, es \u00fatil contactar con la Farnesina en particular para empresas que a\u00fan no est\u00e1n activas en mercados espec\u00edficos (y que por lo tanto no tienen una Embajada\/Consulado de referencia) pero que est\u00e1n interesadas en un proceso de internacionalizaci\u00f3n. De hecho, la Farnesina informa y comunica constantemente a las empresas sobre las oportunidades que ofrecen los mercados extranjeros y act\u00faa como una plataforma de alto nivel para poner en contacto las instituciones de pa\u00edses extranjeros con el mundo empresarial italiano, especialmente durante las visitas de miembros de gobiernos extranjeros. Por eso, incluso antes de entrar en los mercados exteriores, puede ser \u00fatil seguir las actividades y eventos organizados por la Farnesina, como las &#8220;Presentaciones Pa\u00eds&#8221; y los &#8220;Foros Empresariales&#8221;.<\/p>\n<p>Para contactar con las oficinas competentes del Ministerio de Asuntos Exteriores es necesario rellenar el mismo formulario disponible para Embajadas y Consulados\u00a0\u00a0<a href=\"https:\/\/nexus.esteri.it\/?sede=664\">https:\/\/nexus.esteri.it\/?sede=664<\/a><\/p>\n<ol start=\"13\">\n<li><strong>Cu\u00e1les son las herramientas que la Farnesina pone a disposici\u00f3n de las empresas incluso antes de acercarse a un mercado exterior?<\/strong><\/li>\n<\/ol>\n<p>La Farnesina ofrece algunas plataformas en l\u00ednea que ponen a disposici\u00f3n de las empresas italianas informaci\u00f3n \u00fatil sobre mercados y oportunidades.<br \/>\nEn particular,\u00a0<strong>InfoMercatiEsteri<\/strong>\u00a0presenta \u201cfichas pa\u00edses\u201d que contienen informaci\u00f3n sobre las perspectivas econ\u00f3micas y pol\u00edticas, oportunidades de mercado (qu\u00e9 vender y d\u00f3nde invertir), iniciativas promocionales, barreras comerciales, temas cr\u00edticos en las inversiones y posibles riesgos, acceso al cr\u00e9dito, descripci\u00f3n general de la presencia italiana y de las relaciones bilaterales.<br \/>\nPor otro lado, la plataforma\u00a0<strong>ExTender<\/strong>\u00a0ofrece, previo registro gratuito: informaci\u00f3n sobre licitaciones internacionales para el suministro de bienes, servicios o la construcci\u00f3n de obras; &#8220;alerta temprana&#8221;, es decir, anticipos de licitaciones a\u00fan no publicados; noticias sobre proyectos multilaterales y financiamiento. En ExTender se publican anualmente noticias (licitaciones y alertas tempranas) relativas a una media de m\u00e1s de 7.000 licitaciones y es posible activar alertas personalizadas referentes a pa\u00edses o sectores espec\u00edficos.<\/p>\n<p>Adem\u00e1s, la Farnesina promueve y financia el programa &#8220;<strong>Invierte tu talento en Italia<\/strong>&#8220;, que permite a las empresas colocar en su estructura a estudiantes altamente calificados de mercados estrat\u00e9gicos para un per\u00edodo de pr\u00e1cticas.<\/p>\n<p>&nbsp;<\/p>\n<ol start=\"14\">\n<li><strong> D\u00f3nde puedo informarme sobre las condiciones de seguridad y salud en el pa\u00eds donde quiero viajar, invertir o enviar empleados y qu\u00e9 precauciones es recomendable tomar?<\/strong><\/li>\n<\/ol>\n<p>Las herramientas de la Unidad de Crisis, accesibles a trav\u00e9s de los portales\u00a0<a href=\"https:\/\/www.viaggiaresicuri.it\/home\">Viaggiare Sicuri<\/a>\u00a0y\u00a0<a href=\"https:\/\/www.dovesiamonelmondo.it\/home.html\">Dove Siamo nel Mondo<\/a>, est\u00e1n siempre disponibles para las empresas, especialmente aquellas que operan o pretenden operar en pa\u00edses o \u00e1reas con perfiles de riesgo particulares.<\/p>\n<p>En\u00a0<a href=\"https:\/\/www.viaggiaresicuri.it\/home\">Viaggiare Sicuri<\/a>\u00a0es posible consultar informaci\u00f3n actualizada de car\u00e1cter general y sobre seguridad, movilidad y salud relativa a cada pa\u00eds.\u00a0<a href=\"https:\/\/www.dovesiamonelmondo.it\/home.html\">Dove Siamo Nel Mondo<\/a>, que dispone de un canal dedicado a los viajes de negocios, le permite informar de su presencia temporal en el extranjero, para ser contactado r\u00e1pidamente en caso de emergencia y facilitar la planificaci\u00f3n de cualquier intervenci\u00f3n de asistencia.<\/p>\n<p>&nbsp;<\/p>\n<ol start=\"15\">\n<li><strong> Se paga la asistencia a las empresas italianas en el extranjero?<\/strong><\/li>\n<\/ol>\n<p>Todos los servicios de informaci\u00f3n, orientaci\u00f3n y apoyo institucional que ofrece la Farnesina y la red diplom\u00e1tico-consular para empresas\u00a0<strong>son siempre totalmente gratuitos<\/strong>. Los \u00fanicos tipos de servicios por los cuales se puede pedir pago a las empresas se refieren al uso de locales de Embajadas o Consulados para la celebraci\u00f3n de conferencias, seminarios, eventos o servicios de interpretaci\u00f3n destinados a actividades no institucionales. Los servicios m\u00e1s personalizados que brindan el ICE y las C\u00e1maras de Comercio pueden estar sujetos a una tarifa.<\/p>\n","protected":false},"excerpt":{"rendered":"Las embajadas y consulados italianos en todo el mundo brindan asistencia a las empresas italianas? Por supuesto, la actividad de acompa\u00f1amiento y asistencia a las empresas en los mercados internacionales representa una prioridad consolidada para la Farnesina y la Red en el exterior (en estrecha colaboraci\u00f3n con los dem\u00e1s Ministerios y organismos competentes), conscientes del [&hellip;]","protected":false},"author":5,"featured_media":0,"parent":172,"menu_order":90,"comment_status":"closed","ping_status":"closed","template":"","meta":{"footnotes":""},"class_list":["post-943","page","type-page","status-publish","hentry"],"_links":{"self":[{"href":"https:\/\/ambsanjose.esteri.it\/es\/wp-json\/wp\/v2\/pages\/943","targetHints":{"allow":["GET"]}}],"collection":[{"href":"https:\/\/ambsanjose.esteri.it\/es\/wp-json\/wp\/v2\/pages"}],"about":[{"href":"https:\/\/ambsanjose.esteri.it\/es\/wp-json\/wp\/v2\/types\/page"}],"author":[{"embeddable":true,"href":"https:\/\/ambsanjose.esteri.it\/es\/wp-json\/wp\/v2\/users\/5"}],"replies":[{"embeddable":true,"href":"https:\/\/ambsanjose.esteri.it\/es\/wp-json\/wp\/v2\/comments?post=943"}],"version-history":[{"count":1,"href":"https:\/\/ambsanjose.esteri.it\/es\/wp-json\/wp\/v2\/pages\/943\/revisions"}],"predecessor-version":[{"id":946,"href":"https:\/\/ambsanjose.esteri.it\/es\/wp-json\/wp\/v2\/pages\/943\/revisions\/946"}],"up":[{"embeddable":true,"href":"https:\/\/ambsanjose.esteri.it\/es\/wp-json\/wp\/v2\/pages\/172"}],"wp:attachment":[{"href":"https:\/\/ambsanjose.esteri.it\/es\/wp-json\/wp\/v2\/media?parent=943"}],"curies":[{"name":"wp","href":"https:\/\/api.w.org\/{rel}","templated":true}]}}