{"id":9666,"date":"2025-07-29T08:12:02","date_gmt":"2025-07-29T14:12:02","guid":{"rendered":"https:\/\/ambsanjose.esteri.it\/?page_id=9666"},"modified":"2025-09-19T12:24:43","modified_gmt":"2025-09-19T18:24:43","slug":"stefano-corti-un-italiano-en-costa-rica-victima-de-la-inquisicion","status":"publish","type":"page","link":"https:\/\/ambsanjose.esteri.it\/es\/italia-e-costa-rica\/diplomazia-culturale\/643-2\/stefano-corti-un-italiano-en-costa-rica-victima-de-la-inquisicion\/","title":{"rendered":"Stefano Corti, un italiano en Costa Rica v\u00edctima de la Inquisici\u00f3n"},"content":{"rendered":"<p>Stefano Corti naci\u00f3 en Lomazzo, en la provincia de Como, en 1753.<\/p>\n<p>Estudi\u00f3 gram\u00e1tica, filosof\u00eda, bot\u00e1nica, farmacia, qu\u00edmica y mineralog\u00eda en Mil\u00e1n, para luego obtener su t\u00edtulo en Medicina en la Universidad de Pav\u00eda.<\/p>\n<p>En 1781 se traslad\u00f3 a G\u00e9nova y poco despu\u00e9s se embarc\u00f3 hacia Barcelona, donde tuvo un gran \u00e9xito como m\u00e9dico. Sin embargo, con el tiempo comenz\u00f3 a entrar en conflicto con el entorno local, debido a su asociaci\u00f3n con ciertos delincuentes para la explotaci\u00f3n de pacientes. Fue acusado de charlataner\u00eda, fraude y de ser un m\u00e9dico interesado, acusaciones que \u00e9l mismo atribu\u00eda, en su defensa, a la envidia de los m\u00e9dicos locales incapaces de soportar su competencia.<\/p>\n<p>Entre 1786 y 1789, y para complicar a\u00fan m\u00e1s su situaci\u00f3n, fue sometido a diversas acusaciones por parte del Santo Oficio debido a su vida licenciosa y por pr\u00e1cticas supersticiosas y contrarias a la fe. Buscando protecci\u00f3n, Corti se dirigi\u00f3 al Embajador Italiano Greppi y se traslad\u00f3 a Madrid, donde tuvo la oportunidad de conocer a don Jos\u00e9 V\u00e1squez y T\u00e9llez, recientemente nombrado gobernador de Costa Rica, quien le propuso acompa\u00f1arlo en su nueva carga.<\/p>\n<p>Despu\u00e9s de la salida de C\u00e1diz y una breve parada en Cartagena, Colombia, ambos se establecieron en Cartago en noviembre de 1790. All\u00ed, Corti r\u00e1pidamente obtuvo un gran \u00e9xito como m\u00e9dico, tanto que fue considerado el primer profesional con una verdadera formaci\u00f3n m\u00e9dica en llegar a Costa Rica.<\/p>\n<p>A pesar de esto, su vida disoluta, sus numerosas relaciones amorosas, a veces con mujeres casadas, su lenguaje poco ortodoxo y la innegable envidia de los m\u00e9dicos locales, perturbados por su indiscutible habilidad, llevaron a una serie de denuncias y acusaciones que proporcionaron al Santo Oficio la base para iniciar una investigaci\u00f3n, comenzada en septiembre de 1791 y culminada con 24 graves cargos.<\/p>\n<p>En 1794, tras la confiscaci\u00f3n de sus bienes, que atestiguaban el \u00e9xito de su actividad profesional desde el punto de vista econ\u00f3mico, Corti fue arrestado y encarcelado en las prisiones de Cartago. Las autoridades ordenaron su traslado por tierra hacia Ciudad de M\u00e9xico, donde deb\u00eda ser juzgado. El viaje dur\u00f3 casi un a\u00f1o, con diferentes paradas en ciudades de Am\u00e9rica, durante las cuales Corti logr\u00f3 ganarse la simpat\u00eda de las autoridades y de la poblaci\u00f3n local gracias a sus habilidades m\u00e9dicas, ejerciendo su profesi\u00f3n de manera informal y ganando el apoyo de varios ciudadanos que se movilizaron para que el m\u00e9dico pudiera permanecer en sus ciudades.<\/p>\n<p>Sin embargo, las autoridades eclesi\u00e1sticas mantuvieron una posici\u00f3n inflexible, insistiendo en que fuera trasladado inmediatamente bajo la jurisdicci\u00f3n de la Inquisici\u00f3n de Nueva Espa\u00f1a.<\/p>\n<p>Finalmente, llegado a Ciudad de M\u00e9xico en junio de 1795, fue inmediatamente encarcelado.<\/p>\n<p>Despu\u00e9s de siete meses de detenci\u00f3n, el 29 de febrero de 1796 se present\u00f3 una acusaci\u00f3n formal, ampliada a 88 cargos, en la que, entre otras cosas, se le defin\u00eda como seguidor de Voltaire y Rousseau, aunque \u00e9l ignoraba sus escritos.<\/p>\n<p>Gravemente enfermo, Corti fue sometido a un t\u00e9trico ritual: vestido con &#8220;traje de penitente, soga al cuello, mordaza en la boca, capucha c\u00f3nica (coroza) y sambenito con una cruz en forma de X&#8221;. Finalmente, fue condenado al exilio permanente de las Am\u00e9ricas, a un traslado a Espa\u00f1a y a una detenci\u00f3n de ocho a\u00f1os en una prisi\u00f3n en \u00c1frica. Debido a sus p\u00e9simas condiciones de salud, se le concedi\u00f3 permanecer temporalmente libre, pero confinado en el Convento de los Carmelitas en Puebla.<\/p>\n<p>En 1797 fue embarcado desde Veracruz con destino a Espa\u00f1a, pero debido a los conflictos b\u00e9licos de la \u00e9poca, el barco hizo escala en La Habana. All\u00ed permaneci\u00f3 durante varios a\u00f1os, al menos hasta 1802, continuando su pr\u00e1ctica m\u00e9dica pero manteniendo comportamientos blasfemos y de mujeriego.<\/p>\n<p>Nuevamente requerido por la Inquisici\u00f3n, desapareci\u00f3 misteriosamente la noche antes de su regreso a Europa.<\/p>\n<p>Circularon varias versiones sobre su destino: &#8220;Se dec\u00eda que el c\u00e9lebre Corti nunca hab\u00eda salido de la isla, permaneciendo escondido en un ingenio&#8221;, pero la versi\u00f3n m\u00e1s cre\u00edble parece ser la contenida en el informe del ridiculizado doctor Elos\u00faa, que escribe: &#8220;Se sabe que el fugitivo se encontraba en la isla de Providencia, posesi\u00f3n inglesa en el Canal de las Bahamas, desde donde continuaba prescribiendo a los pacientes locales y tambi\u00e9n a sus clientes de La Habana&#8221;.<\/p>\n<p>El historiador costarricense Ricardo Fern\u00e1ndez Guardia verific\u00f3 que Corti muri\u00f3 en Filadelfia, en los Estados Unidos de Am\u00e9rica, en 1825.<\/p>\n<p>Independientemente de su vida personal, Corti fue un m\u00e9dico de gran relevancia para Costa Rica. Hombre dotado de amplios conocimientos en medicina, f\u00edsica y bot\u00e1nica, fue un atento observador de los fen\u00f3menos naturales y de la flora americana, que estudi\u00f3 con dedicaci\u00f3n y rigor. Hizo conocer en Costa Rica las virtudes curativas de muchas plantas.<\/p>\n<p>Diagnostic\u00f3 la lepra (enfermedad de Hansen) en el pa\u00eds, llevando a cabo varios experimentos para curarla o detener su contagio, aunque no logr\u00f3 ninguno de los dos intentos.<\/p>\n<p>Activo en su profesi\u00f3n y apasionado lector, la tradici\u00f3n transmitida nos ha dejado relatos m\u00e1s o menos ver\u00eddicos sobre las &#8220;extraordinarias&#8221; curaciones que realiz\u00f3. En tiempos de gran ignorancia, sus \u00e9xitos contribuyeron a que se le considerara un mago y un hechicero.<\/p>\n<p>Posteriormente, obtuvo prestigio tambi\u00e9n fuera de Costa Rica, siendo solicitado, buscado y asediado como un profesional de antigua fama, gracias a la larga serie de \u00e9xitos en el campo m\u00e9dico.<\/p>\n<p><a href=\"https:\/\/ambsanjose.esteri.it\/wp-content\/uploads\/2025\/09\/libro-completo-curti.pdf\"><img loading=\"lazy\" decoding=\"async\" class=\"alignleft size-medium wp-image-9961 img-fluid\" src=\"https:\/\/ambsanjose.esteri.it\/wp-content\/uploads\/2025\/09\/Stefano-Curti-216x300.png\" alt=\"\" width=\"216\" height=\"300\" srcset=\"https:\/\/ambsanjose.esteri.it\/wp-content\/uploads\/2025\/09\/Stefano-Curti-216x300.png 216w, https:\/\/ambsanjose.esteri.it\/wp-content\/uploads\/2025\/09\/Stefano-Curti.png 643w\" sizes=\"auto, (max-width: 216px) 100vw, 216px\" \/><\/a><\/p>\n","protected":false},"excerpt":{"rendered":"Stefano Corti naci\u00f3 en Lomazzo, en la provincia de Como, en 1753. Estudi\u00f3 gram\u00e1tica, filosof\u00eda, bot\u00e1nica, farmacia, qu\u00edmica y mineralog\u00eda en Mil\u00e1n, para luego obtener su t\u00edtulo en Medicina en la Universidad de Pav\u00eda. En 1781 se traslad\u00f3 a G\u00e9nova y poco despu\u00e9s se embarc\u00f3 hacia Barcelona, donde tuvo un gran \u00e9xito como m\u00e9dico. Sin [&hellip;]","protected":false},"author":5,"featured_media":0,"parent":643,"menu_order":0,"comment_status":"closed","ping_status":"closed","template":"","meta":{"footnotes":""},"class_list":["post-9666","page","type-page","status-publish","hentry"],"_links":{"self":[{"href":"https:\/\/ambsanjose.esteri.it\/es\/wp-json\/wp\/v2\/pages\/9666","targetHints":{"allow":["GET"]}}],"collection":[{"href":"https:\/\/ambsanjose.esteri.it\/es\/wp-json\/wp\/v2\/pages"}],"about":[{"href":"https:\/\/ambsanjose.esteri.it\/es\/wp-json\/wp\/v2\/types\/page"}],"author":[{"embeddable":true,"href":"https:\/\/ambsanjose.esteri.it\/es\/wp-json\/wp\/v2\/users\/5"}],"replies":[{"embeddable":true,"href":"https:\/\/ambsanjose.esteri.it\/es\/wp-json\/wp\/v2\/comments?post=9666"}],"version-history":[{"count":2,"href":"https:\/\/ambsanjose.esteri.it\/es\/wp-json\/wp\/v2\/pages\/9666\/revisions"}],"predecessor-version":[{"id":9967,"href":"https:\/\/ambsanjose.esteri.it\/es\/wp-json\/wp\/v2\/pages\/9666\/revisions\/9967"}],"up":[{"embeddable":true,"href":"https:\/\/ambsanjose.esteri.it\/es\/wp-json\/wp\/v2\/pages\/643"}],"wp:attachment":[{"href":"https:\/\/ambsanjose.esteri.it\/es\/wp-json\/wp\/v2\/media?parent=9666"}],"curies":[{"name":"wp","href":"https:\/\/api.w.org\/{rel}","templated":true}]}}