{"id":9676,"date":"2025-07-28T12:08:57","date_gmt":"2025-07-28T18:08:57","guid":{"rendered":"https:\/\/ambsanjose.esteri.it\/italia-e-costa-rica\/diplomazia-culturale\/conozca-las-instituciones-de-costa-rica\/costa-rica-breve-panoramica\/"},"modified":"2025-07-29T10:54:13","modified_gmt":"2025-07-29T16:54:13","slug":"costa-rica-breve-panoramica","status":"publish","type":"page","link":"https:\/\/ambsanjose.esteri.it\/es\/italia-e-costa-rica\/diplomazia-culturale\/conozca-las-instituciones-de-costa-rica\/costa-rica-breve-panoramica\/","title":{"rendered":"Costa Rica: breve panorama"},"content":{"rendered":"<p data-start=\"94\" data-end=\"903\"><strong>Costa Rica<\/strong> es una rep\u00fablica democr\u00e1tica situada en Am\u00e9rica Central, que limita al norte con Nicaragua, al sureste con Panam\u00e1, al oeste con el Oc\u00e9ano Pac\u00edfico y al este con el Mar Caribe. Es un Estado unitario con una forma de gobierno republicana presidencial, en la que el Presidente de la Rep\u00fablica es tanto jefe de Estado como jefe de gobierno, elegido directamente por el pueblo cada cuatro a\u00f1os. Con una poblaci\u00f3n de aproximadamente 5,2 millones de habitantes, Costa Rica presenta una composici\u00f3n social predominantemente mestiza, con minor\u00edas afrodescendientes, sobre todo en la costa del Caribe, ind\u00edgenas y de origen europeo y asi\u00e1tico. La sociedad costarricense est\u00e1 fuertemente urbanizada, con una alta concentraci\u00f3n de poblaci\u00f3n en el Valle Central, donde tambi\u00e9n se encuentra la capital, San Jos\u00e9.<\/p>\n<p data-start=\"905\" data-end=\"2031\">Desde el punto de vista cultural, Costa Rica pertenece a la tradici\u00f3n latinoamericana hispanohablante, con fuertes influencias espa\u00f1olas en el idioma, la religi\u00f3n, las costumbres y la gastronom\u00eda, que reflejan una herencia hisp\u00e1nica enriquecida especialmente por influencias afrocaribe\u00f1as e ind\u00edgenas: el idioma oficial es el espa\u00f1ol, pero existen dialectos regionales y lenguas aut\u00f3ctonas a\u00fan habladas en algunas comunidades, as\u00ed como la religi\u00f3n predominante es el catolicismo romano, reconocido como religi\u00f3n del Estado, aunque se garantiza la libertad religiosa. El pa\u00eds cuenta con una s\u00f3lida identidad cultural basada en la paz, la educaci\u00f3n y el respeto al medio ambiente, con un rico patrimonio de tradiciones populares, m\u00fasica y danza, adem\u00e1s del ic\u00f3nico concepto de \u201cpura vida\u201d, utilizado como saludo o estilo de vida, que expresa perfectamente el optimismo y la sencillez que caracterizan la cultura costarricense. El pa\u00eds, de hecho, es frecuentemente definido como \u201cla Suiza de Am\u00e9rica Central\u201d por su estabilidad pol\u00edtica y la ausencia de fuerzas armadas, adem\u00e1s del estilo de vida muy tranquilo de sus habitantes.<\/p>\n<p data-start=\"2033\" data-end=\"3079\">En el plano econ\u00f3mico, Costa Rica tiene una econom\u00eda abierta y diversificada. Los principales productos de exportaci\u00f3n incluyen dispositivos m\u00e9dicos, microcomponentes electr\u00f3nicos, banano, caf\u00e9 y pi\u00f1a. Las importaciones se refieren sobre todo a combustibles, materias primas, maquinaria y bienes de consumo. El pa\u00eds tambi\u00e9n es conocido por su modelo de desarrollo sostenible, la atracci\u00f3n de inversiones extranjeras y la industria del turismo ecol\u00f3gico; adem\u00e1s, la abolici\u00f3n del ej\u00e9rcito en 1949 ha permitido al pa\u00eds realizar grandes inversiones en educaci\u00f3n y salud como pilares fundamentales de su desarrollo. Gracias a su posici\u00f3n geogr\u00e1fica, al clima tropical y a la extraordinaria biodiversidad, Costa Rica es uno de los pa\u00edses l\u00edderes a nivel mundial en materia de conservaci\u00f3n ambiental, de la que tambi\u00e9n se beneficia desde el punto de vista tur\u00edstico, dada la gran atracci\u00f3n de sus lugares naturales v\u00edrgenes; de hecho, es uno de los pa\u00edses en el mundo con el mayor n\u00famero de especies y h\u00e1bitats naturales, a pesar de su reducido tama\u00f1o.<\/p>\n<p data-start=\"3081\" data-end=\"3707\" data-is-last-node=\"\" data-is-only-node=\"\">Costa Rica mantiene excelentes relaciones con Italia, basadas en lazos hist\u00f3ricos, culturales y econ\u00f3micos. La emigraci\u00f3n italiana ha dejado una huella significativa en el pa\u00eds, contribuyendo al desarrollo de diversos sectores, desde la construcci\u00f3n hasta la educaci\u00f3n. Hoy, la cooperaci\u00f3n se expresa a trav\u00e9s de intercambios culturales, proyectos acad\u00e9micos y colaboraciones en el campo de la sostenibilidad y las energ\u00edas renovables. Italia tambi\u00e9n es un socio comercial relevante para Costa Rica, mientras que la cultura italiana \u2013desde la cocina hasta el arte\u2013 es apreciada y valorada en las principales ciudades del pa\u00eds.<\/p>\n","protected":false},"excerpt":{"rendered":"Costa Rica es una rep\u00fablica democr\u00e1tica situada en Am\u00e9rica Central, que limita al norte con Nicaragua, al sureste con Panam\u00e1, al oeste con el Oc\u00e9ano Pac\u00edfico y al este con el Mar Caribe. Es un Estado unitario con una forma de gobierno republicana presidencial, en la que el Presidente de la Rep\u00fablica es tanto jefe [&hellip;]","protected":false},"author":5,"featured_media":0,"parent":896,"menu_order":0,"comment_status":"closed","ping_status":"closed","template":"","meta":{"footnotes":""},"class_list":["post-9676","page","type-page","status-publish","hentry"],"_links":{"self":[{"href":"https:\/\/ambsanjose.esteri.it\/es\/wp-json\/wp\/v2\/pages\/9676","targetHints":{"allow":["GET"]}}],"collection":[{"href":"https:\/\/ambsanjose.esteri.it\/es\/wp-json\/wp\/v2\/pages"}],"about":[{"href":"https:\/\/ambsanjose.esteri.it\/es\/wp-json\/wp\/v2\/types\/page"}],"author":[{"embeddable":true,"href":"https:\/\/ambsanjose.esteri.it\/es\/wp-json\/wp\/v2\/users\/5"}],"replies":[{"embeddable":true,"href":"https:\/\/ambsanjose.esteri.it\/es\/wp-json\/wp\/v2\/comments?post=9676"}],"version-history":[{"count":1,"href":"https:\/\/ambsanjose.esteri.it\/es\/wp-json\/wp\/v2\/pages\/9676\/revisions"}],"predecessor-version":[{"id":9678,"href":"https:\/\/ambsanjose.esteri.it\/es\/wp-json\/wp\/v2\/pages\/9676\/revisions\/9678"}],"up":[{"embeddable":true,"href":"https:\/\/ambsanjose.esteri.it\/es\/wp-json\/wp\/v2\/pages\/896"}],"wp:attachment":[{"href":"https:\/\/ambsanjose.esteri.it\/es\/wp-json\/wp\/v2\/media?parent=9676"}],"curies":[{"name":"wp","href":"https:\/\/api.w.org\/{rel}","templated":true}]}}