{"id":9679,"date":"2025-07-28T10:43:23","date_gmt":"2025-07-28T16:43:23","guid":{"rendered":"https:\/\/ambsanjose.esteri.it\/italia-e-costa-rica\/diplomazia-culturale\/conozca-las-instituciones-de-costa-rica\/le-relazioni-diplomatiche-tra-italia-e-costa-rica-160-anni-di-storia-verso-il-futuro\/"},"modified":"2025-07-29T10:55:28","modified_gmt":"2025-07-29T16:55:28","slug":"le-relazioni-diplomatiche-tra-italia-e-costa-rica-160-anni-di-storia-verso-il-futuro","status":"publish","type":"page","link":"https:\/\/ambsanjose.esteri.it\/es\/italia-e-costa-rica\/diplomazia-culturale\/conozca-las-instituciones-de-costa-rica\/le-relazioni-diplomatiche-tra-italia-e-costa-rica-160-anni-di-storia-verso-il-futuro\/","title":{"rendered":"Las relaciones diplom\u00e1ticas entre Italia y Costa Rica: 160 a\u00f1os de historia, hacia el futuro"},"content":{"rendered":"<p data-start=\"86\" data-end=\"581\"><img loading=\"lazy\" decoding=\"async\" class=\"size-medium wp-image-9579 img-fluid aligncenter\" src=\"https:\/\/ambsanjose.esteri.it\/wp-content\/uploads\/2025\/07\/160-anni-sito-300x300.png\" alt=\"\" width=\"300\" height=\"300\" srcset=\"https:\/\/ambsanjose.esteri.it\/wp-content\/uploads\/2025\/07\/160-anni-sito-300x300.png 300w, https:\/\/ambsanjose.esteri.it\/wp-content\/uploads\/2025\/07\/160-anni-sito-1024x1024.png 1024w, https:\/\/ambsanjose.esteri.it\/wp-content\/uploads\/2025\/07\/160-anni-sito-150x150.png 150w, https:\/\/ambsanjose.esteri.it\/wp-content\/uploads\/2025\/07\/160-anni-sito-768x768.png 768w, https:\/\/ambsanjose.esteri.it\/wp-content\/uploads\/2025\/07\/160-anni-sito.png 1920w\" sizes=\"auto, (max-width: 300px) 100vw, 300px\" \/><\/p>\n<p data-start=\"93\" data-end=\"608\">En 2024 se celebran los 160 a\u00f1os desde el inicio de las relaciones diplom\u00e1ticas oficiales entre Italia (primero Reino de Italia, hoy Rep\u00fablica Italiana) y la Rep\u00fablica de Costa Rica. Un v\u00ednculo s\u00f3lido y duradero, que ha atravesado distintas \u00e9pocas hist\u00f3ricas, consolid\u00e1ndose en una cooperaci\u00f3n bilateral rica y multidimensional. Aunque menos conocido respecto a otras relaciones italianas en Am\u00e9rica Latina, este lazo ha estado marcado por una notable continuidad, basada en valores compartidos e intereses comunes.<\/p>\n<p data-start=\"610\" data-end=\"1334\">Los primeros contactos se remontan a mediados del siglo XIX: Costa Rica reconoci\u00f3 al reci\u00e9n nacido Reino de Italia en 1861, y en 1863 se firm\u00f3 el Tratado de Amistad, Comercio y Navegaci\u00f3n. En aquellos a\u00f1os, mientras Italia completaba su proceso de unificaci\u00f3n, Costa Rica \u2013 joven rep\u00fablica independiente \u2013 buscaba afirmarse en el plano internacional. Italia pronto se convirti\u00f3 en un socio comercial relevante, con inversiones en los sectores agr\u00edcola, de infraestructura y manufactura. Paralelamente, la emigraci\u00f3n italiana contribuy\u00f3 al nacimiento de instituciones culturales, como la Sociedad de Socorro Mutuo, la Dante Alighieri y la Casa Italia, que a\u00fan hoy testimonian la vitalidad de la presencia italiana en el pa\u00eds.<\/p>\n<p data-start=\"1336\" data-end=\"1797\">Durante la Segunda Guerra Mundial, las relaciones atravesaron una fase cr\u00edtica: en 1941 Costa Rica se aline\u00f3 con Estados Unidos y declar\u00f3 la guerra a Italia, suspendiendo los tratados vigentes e imponiendo restricciones a los ciudadanos italianos. Sin embargo, en la posguerra, las relaciones retomaron fuerza, con nuevos acuerdos econ\u00f3micos y pol\u00edticos, la apertura de sedes diplom\u00e1ticas y una creciente cooperaci\u00f3n en el desarrollo, la cultura y la formaci\u00f3n.<\/p>\n<p data-start=\"1799\" data-end=\"2253\">En los a\u00f1os posteriores, y en particular desde los a\u00f1os 90, Italia se ha convertido en un socio importante en la cooperaci\u00f3n al desarrollo, en la promoci\u00f3n de los derechos humanos y en la protecci\u00f3n ambiental. Han aumentado los intercambios acad\u00e9micos, los proyectos de investigaci\u00f3n conjunta, las iniciativas culturales y las inversiones italianas en sectores estrat\u00e9gicos como la farmac\u00e9utica, la automatizaci\u00f3n, la electr\u00f3nica y el turismo sostenible.<\/p>\n<p data-start=\"2255\" data-end=\"2640\">No faltan figuras simb\u00f3licas que encarnan este v\u00ednculo, como el periodista y pol\u00edtico Jos\u00e9 Albertazzi, el artista Francisco Amighetti, o el partisano costarricense Carlos Luis Collado Mart\u00ednez, ca\u00eddo en Italia luchando contra la ocupaci\u00f3n nazi. Igualmente relevante es el aporte de inmigrantes italianos a la ciencia costarricense, con nombres como Cesare Dondoli y Ettore De Girolami.<\/p>\n<p data-start=\"2642\" data-end=\"3088\">Hoy las relaciones entre Italia y Costa Rica son din\u00e1micas y orientadas hacia el futuro: colaboraci\u00f3n en el \u00e1mbito multilateral, di\u00e1logo pol\u00edtico continuo, compromiso conjunto en temas globales como el cambio clim\u00e1tico, la gobernanza internacional y la sostenibilidad ambiental. Las dos sociedades civiles, a trav\u00e9s de ONG, universidades y redes profesionales, mantienen vivos los lazos desde abajo, reforzando el sentido de cercan\u00eda y comunidad.<\/p>\n<p data-start=\"3090\" data-end=\"3338\">En s\u00edntesis, Italia y Costa Rica celebran no solo 160 a\u00f1os de relaciones diplom\u00e1ticas, sino tambi\u00e9n una historia de amistad construida sobre la confianza rec\u00edproca, la afinidad cultural y una visi\u00f3n compartida de progreso, democracia y cooperaci\u00f3n.<\/p>\n<p data-start=\"3340\" data-end=\"3560\" data-is-last-node=\"\" data-is-only-node=\"\">Lee <a href=\"https:\/\/ambsanjose.esteri.it\/wp-content\/uploads\/2024\/12\/Revista-40-2024-ridotto.pdf\">aqu\u00ed<\/a> el art\u00edculo completo del Embajador de Italia en Costa Rica, Alberto Colella, publicado en la &#8220;Revista Costarricense de Pol\u00edtica Exterior&#8221; con motivo de los 160 a\u00f1os de relaciones diplom\u00e1ticas entre ambos pa\u00edses.<\/p>\n","protected":false},"excerpt":{"rendered":"En 2024 se celebran los 160 a\u00f1os desde el inicio de las relaciones diplom\u00e1ticas oficiales entre Italia (primero Reino de Italia, hoy Rep\u00fablica Italiana) y la Rep\u00fablica de Costa Rica. Un v\u00ednculo s\u00f3lido y duradero, que ha atravesado distintas \u00e9pocas hist\u00f3ricas, consolid\u00e1ndose en una cooperaci\u00f3n bilateral rica y multidimensional. Aunque menos conocido respecto a otras [&hellip;]","protected":false},"author":5,"featured_media":0,"parent":896,"menu_order":0,"comment_status":"closed","ping_status":"closed","template":"","meta":{"footnotes":""},"class_list":["post-9679","page","type-page","status-publish","hentry"],"_links":{"self":[{"href":"https:\/\/ambsanjose.esteri.it\/es\/wp-json\/wp\/v2\/pages\/9679","targetHints":{"allow":["GET"]}}],"collection":[{"href":"https:\/\/ambsanjose.esteri.it\/es\/wp-json\/wp\/v2\/pages"}],"about":[{"href":"https:\/\/ambsanjose.esteri.it\/es\/wp-json\/wp\/v2\/types\/page"}],"author":[{"embeddable":true,"href":"https:\/\/ambsanjose.esteri.it\/es\/wp-json\/wp\/v2\/users\/5"}],"replies":[{"embeddable":true,"href":"https:\/\/ambsanjose.esteri.it\/es\/wp-json\/wp\/v2\/comments?post=9679"}],"version-history":[{"count":1,"href":"https:\/\/ambsanjose.esteri.it\/es\/wp-json\/wp\/v2\/pages\/9679\/revisions"}],"predecessor-version":[{"id":9681,"href":"https:\/\/ambsanjose.esteri.it\/es\/wp-json\/wp\/v2\/pages\/9679\/revisions\/9681"}],"up":[{"embeddable":true,"href":"https:\/\/ambsanjose.esteri.it\/es\/wp-json\/wp\/v2\/pages\/896"}],"wp:attachment":[{"href":"https:\/\/ambsanjose.esteri.it\/es\/wp-json\/wp\/v2\/media?parent=9679"}],"curies":[{"name":"wp","href":"https:\/\/api.w.org\/{rel}","templated":true}]}}