{"id":9697,"date":"2025-07-29T12:23:32","date_gmt":"2025-07-29T18:23:32","guid":{"rendered":"https:\/\/ambsanjose.esteri.it\/italia-e-costa-rica\/diplomazia-culturale\/conozca-las-instituciones-de-costa-rica\/il-teatro-nacional-de-costa-rica-a-san-jose-monumento-nazionale-di-riferimento\/"},"modified":"2025-07-29T12:27:05","modified_gmt":"2025-07-29T18:27:05","slug":"il-teatro-nacional-de-costa-rica-a-san-jose-monumento-nazionale-di-riferimento","status":"publish","type":"page","link":"https:\/\/ambsanjose.esteri.it\/es\/italia-e-costa-rica\/diplomazia-culturale\/conozca-las-instituciones-de-costa-rica\/il-teatro-nacional-de-costa-rica-a-san-jose-monumento-nazionale-di-riferimento\/","title":{"rendered":"El Teatro Nacional de Costa Rica en San Jos\u00e9: monumento nacional de referencia"},"content":{"rendered":"<p><img loading=\"lazy\" decoding=\"async\" class=\"alignleft  wp-image-9693 img-fluid\" src=\"https:\/\/ambsanjose.esteri.it\/wp-content\/uploads\/2025\/07\/9e-300x200.jpg\" alt=\"\" width=\"358\" height=\"238\" srcset=\"https:\/\/ambsanjose.esteri.it\/wp-content\/uploads\/2025\/07\/9e-300x200.jpg 300w, https:\/\/ambsanjose.esteri.it\/wp-content\/uploads\/2025\/07\/9e.jpg 669w\" sizes=\"auto, (max-width: 358px) 100vw, 358px\" \/><\/p>\n<p data-start=\"114\" data-end=\"1293\">El Teatro Nacional de Costa Rica es el principal teatro del pa\u00eds. Se encuentra en el lado este de la Plaza Juan Mora Fern\u00e1ndez en la ciudad de San Jos\u00e9, sobre la Avenida 2 Libertador Juan Rafael Mora, entre las calles 3 y 5 en el barrio Catedral, San Jos\u00e9; es un edificio de estilo historicista, que se caracteriza por el uso de estilos y t\u00e9cnicas arquitect\u00f3nicas del pasado, completado en 1897. Es considerado uno de los edificios m\u00e1s importantes de la historia nacional y la principal joya arquitect\u00f3nica de la ciudad de San Jos\u00e9. Su construcci\u00f3n tiene un significado profundo: se inserta en una etapa de construcci\u00f3n y definici\u00f3n del Estado costarricense dada la estabilidad econ\u00f3mica y pol\u00edtica de la \u00e9poca.<br data-start=\"831\" data-end=\"834\" \/>Como instituci\u00f3n, el Teatro Nacional promueve la producci\u00f3n de artes esc\u00e9nicas de alto nivel art\u00edstico y conserva para el p\u00fablico algunas de las obras de arte m\u00e1s valiosas del pa\u00eds. Ha sido declarado monumento nacional, patrimonio hist\u00f3rico-arquitect\u00f3nico de Costa Rica y s\u00edmbolo nacional del pa\u00eds.<br data-start=\"1132\" data-end=\"1135\" \/>La construcci\u00f3n del Teatro Nacional de Costa Rica comenz\u00f3 en 1891, con base en el Decreto N.\u00b0 XXXIII del 28 de mayo de 1890, que lo declaraba &#8220;obra nacional&#8221;.<\/p>\n<p data-start=\"1295\" data-end=\"2406\">En aquella \u00e9poca, San Jos\u00e9 contaba con unos 20.000 habitantes.<br data-start=\"1361\" data-end=\"1364\" \/>Ya en el periodo colonial exist\u00eda una tradici\u00f3n teatral, predominantemente religiosa, que sin embargo no hab\u00eda encontrado a\u00fan una sede estable. Solo despu\u00e9s de la independencia y con la construcci\u00f3n de un Estado moderno se realiz\u00f3 el primer teatro p\u00fablico, el Teatro Mora, luego convertido en Teatro Municipal, destruido por un terremoto en 1888.<br data-start=\"1710\" data-end=\"1713\" \/>El impulso para una nueva gran sala naci\u00f3 durante la presidencia de Jos\u00e9 Joaqu\u00edn Rodr\u00edguez Zeled\u00f3n.<br data-start=\"1812\" data-end=\"1815\" \/>La construcci\u00f3n fue financiada inicialmente con un impuesto a la exportaci\u00f3n del caf\u00e9, luego sustituido por un impuesto sobre las mercanc\u00edas importadas.<br data-start=\"1967\" data-end=\"1970\" \/>Las contribuciones de la poblaci\u00f3n superaron con creces las de los grandes productores de caf\u00e9, desmintiendo el mito de que fueron solo los cafetaleros quienes financiaron el Teatro.<br data-start=\"2152\" data-end=\"2155\" \/>Inaugurado en 1897 con la \u00f3pera Fausto de Gounod, el Teatro fue proyectado por ingenieros costarricenses formados en Europa. Algunos elementos, como el sistema de elevaci\u00f3n del piso, fueron encargados al ingeniero mec\u00e1nico italiano Cesare Saldini. El interior, de estilo neorrenacentista, est\u00e1 embellecido con m\u00e1rmoles de Carrara, l\u00e1mparas de cristal y decoraciones en oro,<br data-start=\"2537\" data-end=\"2540\" \/>mientras que el exterior est\u00e1 adornado con estatuas realizadas por el escultor italiano Pietro Bulgarelli.<\/p>\n<p data-start=\"2648\" data-end=\"4009\">Es particularmente conocida la pintura Alegor\u00eda del caf\u00e9 y el banano del italiano Aleardo Villa, s\u00edmbolo del modelo agroexportador del pa\u00eds.<br data-start=\"2792\" data-end=\"2795\" \/>Entre las esculturas figuran tambi\u00e9n obras de artistas italianos como Adri\u00e1tico Froli y genoveses como Pietro Capurro, adem\u00e1s de esculturas costarricenses, entre ellas Los h\u00e9roes de la miseria de Juan Ram\u00f3n Bonilla y El Flautista de Jorge Jim\u00e9nez Deredia.<br data-start=\"3058\" data-end=\"3061\" \/>Adem\u00e1s de obras italianas, el Teatro est\u00e1 enriquecido con numerosos aportes europeos de alt\u00edsima calidad, como las pinturas El Arte y El Comercio del pintor espa\u00f1ol Tom\u00e1s Povedano.<br data-start=\"3249\" data-end=\"3252\" \/>En 1965 el Teatro fue declarado Monumento Nacional y desde entonces representa un s\u00edmbolo de la identidad cultural costarricense:<br data-start=\"3381\" data-end=\"3384\" \/>es sede de espect\u00e1culos, conferencias, visitas oficiales y eventos culturales.<br data-start=\"3462\" data-end=\"3465\" \/>En 2025 se complet\u00f3 adem\u00e1s la restauraci\u00f3n de los lienzos de gran formato Musa I y Musa II, en el primer piso del teatro, promovida por el IILA \u2013 Instituto \u00cdtalo-Latinoamericano, con financiaci\u00f3n del Gobierno italiano.<br data-start=\"3691\" data-end=\"3694\" \/>Actualmente el Teatro Nacional, adem\u00e1s de desempe\u00f1ar su funci\u00f3n principal como espacio esc\u00e9nico, es una de las principales atracciones tur\u00edsticas de San Jos\u00e9, gracias a su imponente arquitectura neocl\u00e1sica.<br data-start=\"3900\" data-end=\"3903\" \/>El teatro ofrece visitas guiadas los fines de semana y dispone de una cafeter\u00eda y una tienda de recuerdos.<\/p>\n<p data-start=\"4011\" data-end=\"5239\">El Foyer, con dos salones anexos (antiguamente reservados para fumadores hombres y mujeres), se utiliza hoy para conciertos de c\u00e1mara y recepciones oficiales, y la programaci\u00f3n de eventos siempre est\u00e1 dedicada a las iniciativas m\u00e1s importantes o a los invitados presentes en el pa\u00eds.<br data-start=\"4298\" data-end=\"4301\" \/>Es innegable el valor pol\u00edtico e hist\u00f3rico del Teatro para el pa\u00eds: para el pueblo costarricense es pac\u00edficamente ya la obra hist\u00f3rica y monumental de referencia para ciudadanos y turistas, cumpliendo la funci\u00f3n esencial de dotar a Costa Rica tambi\u00e9n de una oferta tur\u00edstica hist\u00f3rica, y no solo naturalista.<br data-start=\"4609\" data-end=\"4612\" \/>Pero sobre todo, un elemento quiz\u00e1s a\u00fan m\u00e1s importante: ha marcado un momento hist\u00f3ricamente fundamental para el pa\u00eds,<br data-start=\"4730\" data-end=\"4733\" \/>es decir, cuando la definici\u00f3n y consolidaci\u00f3n del Estado en la segunda mitad del siglo XIX permiti\u00f3 finalmente la construcci\u00f3n de una gran obra p\u00fablica, dedicada exclusivamente al pa\u00eds (y no al gobernante de turno), con una clara proyecci\u00f3n cultural y de prestigio.<br data-start=\"4999\" data-end=\"5002\" \/>No es casualidad que el Teatro Nacional estuviera acompa\u00f1ado por importantes inversiones en infraestructura, como el Ferrocarril Atl\u00e1ntico: el Estado empezaba a desempe\u00f1ar una funci\u00f3n, y eligi\u00f3 hacerlo tambi\u00e9n a trav\u00e9s de la cultura.<\/p>\n<p>&nbsp;<\/p>\n<p><sup>1<\/sup>: <a href=\"https:\/\/guiascostarica.info\/cultura\/el-teatro-nacional\/?utm\">https:\/\/guiascostarica.info\/cultura\/el-teatro-nacional\/?utm<\/a>; <a href=\"https:\/\/www.primeraplana.or.cr\/es\/Historico\/CAFETALEROS_SE_APODERARON_DEL_TEATRO_NACIONAL_SIN_RUBORIZARSE\/?utm\">https:\/\/www.primeraplana.or.cr\/es\/Historico\/CAFETALEROS_SE_APODERARON_DEL_TEATRO_NACIONAL_SIN_RUBORIZARSE\/?utm<\/a><\/p>\n","protected":false},"excerpt":{"rendered":"El Teatro Nacional de Costa Rica es el principal teatro del pa\u00eds. Se encuentra en el lado este de la Plaza Juan Mora Fern\u00e1ndez en la ciudad de San Jos\u00e9, sobre la Avenida 2 Libertador Juan Rafael Mora, entre las calles 3 y 5 en el barrio Catedral, San Jos\u00e9; es un edificio de estilo [&hellip;]","protected":false},"author":5,"featured_media":0,"parent":896,"menu_order":0,"comment_status":"closed","ping_status":"closed","template":"","meta":{"footnotes":""},"class_list":["post-9697","page","type-page","status-publish","hentry"],"_links":{"self":[{"href":"https:\/\/ambsanjose.esteri.it\/es\/wp-json\/wp\/v2\/pages\/9697","targetHints":{"allow":["GET"]}}],"collection":[{"href":"https:\/\/ambsanjose.esteri.it\/es\/wp-json\/wp\/v2\/pages"}],"about":[{"href":"https:\/\/ambsanjose.esteri.it\/es\/wp-json\/wp\/v2\/types\/page"}],"author":[{"embeddable":true,"href":"https:\/\/ambsanjose.esteri.it\/es\/wp-json\/wp\/v2\/users\/5"}],"replies":[{"embeddable":true,"href":"https:\/\/ambsanjose.esteri.it\/es\/wp-json\/wp\/v2\/comments?post=9697"}],"version-history":[{"count":1,"href":"https:\/\/ambsanjose.esteri.it\/es\/wp-json\/wp\/v2\/pages\/9697\/revisions"}],"predecessor-version":[{"id":9699,"href":"https:\/\/ambsanjose.esteri.it\/es\/wp-json\/wp\/v2\/pages\/9697\/revisions\/9699"}],"up":[{"embeddable":true,"href":"https:\/\/ambsanjose.esteri.it\/es\/wp-json\/wp\/v2\/pages\/896"}],"wp:attachment":[{"href":"https:\/\/ambsanjose.esteri.it\/es\/wp-json\/wp\/v2\/media?parent=9697"}],"curies":[{"name":"wp","href":"https:\/\/api.w.org\/{rel}","templated":true}]}}