{"id":9754,"date":"2025-08-14T12:44:23","date_gmt":"2025-08-14T18:44:23","guid":{"rendered":"https:\/\/ambsanjose.esteri.it\/italia-e-costa-rica\/diplomazia-culturale\/conozca-las-instituciones-de-costa-rica\/come-le-donne-costaricensi-hanno-conquistato-il-diritto-di-voto\/"},"modified":"2025-08-14T12:46:38","modified_gmt":"2025-08-14T18:46:38","slug":"come-le-donne-costaricensi-hanno-conquistato-il-diritto-di-voto","status":"publish","type":"page","link":"https:\/\/ambsanjose.esteri.it\/es\/italia-e-costa-rica\/diplomazia-culturale\/conozca-las-instituciones-de-costa-rica\/come-le-donne-costaricensi-hanno-conquistato-il-diritto-di-voto\/","title":{"rendered":"C\u00f3mo las mujeres costarricenses conquistaron el derecho al voto"},"content":{"rendered":"<p><strong><img loading=\"lazy\" decoding=\"async\" class=\"alignleft size-medium wp-image-9750 img-fluid\" src=\"https:\/\/ambsanjose.esteri.it\/wp-content\/uploads\/2025\/08\/150907GuatemalaBallots02-300x184.jpg\" alt=\"\" width=\"300\" height=\"184\" srcset=\"https:\/\/ambsanjose.esteri.it\/wp-content\/uploads\/2025\/08\/150907GuatemalaBallots02-300x184.jpg 300w, https:\/\/ambsanjose.esteri.it\/wp-content\/uploads\/2025\/08\/150907GuatemalaBallots02-1024x629.jpg 1024w, https:\/\/ambsanjose.esteri.it\/wp-content\/uploads\/2025\/08\/150907GuatemalaBallots02-768x472.jpg 768w, https:\/\/ambsanjose.esteri.it\/wp-content\/uploads\/2025\/08\/150907GuatemalaBallots02.jpg 1920w\" sizes=\"auto, (max-width: 300px) 100vw, 300px\" \/>La participaci\u00f3n femenina en la pol\u00edtica costarricense: historia y actualidad<\/strong><\/p>\n<p>La participaci\u00f3n de las mujeres en la pol\u00edtica de Costa Rica representa una conquista larga y significativa, fruto de d\u00e9cadas de lucha por la igualdad de g\u00e9nero. El primer paso concreto se dio el 30 de julio de 1950, cuando las mujeres votaron por primera vez junto a los hombres durante un plebiscito local que deb\u00eda decidir si las comunidades de La Tigra y La Fortuna permanec\u00edan en el cant\u00f3n de San Ram\u00f3n o se anexaban a San Carlos. Aunque las comunidades finalmente se unieron a San Carlos, lo m\u00e1s relevante fue la igualdad en las urnas. Ese d\u00eda, seg\u00fan el Instituto Nacional de las Mujeres (INAMU), votaron 349 mujeres y 426 hombres. Entre ellas, Bernarda V\u00e1squez, ama de casa de 32 a\u00f1os, es recordada como la primera mujer en ejercer el derecho al voto en Costa Rica, convirti\u00e9ndose en un s\u00edmbolo de la larga lucha por la paridad pol\u00edtica.<\/p>\n<p>El camino hacia este logro fue largo y lleno de obst\u00e1culos. Ya en los a\u00f1os 1880, los reformadores liberales hab\u00edan planteado la idea de derechos de voto iguales, inspirados por los movimientos feministas internacionales, pero los derechos pol\u00edticos para las mujeres segu\u00edan siendo limitados. En 1913, una reforma electoral propuesta por el presidente Ricardo Jim\u00e9nez establec\u00eda el sufragio directo, secreto y universal, pero el sufragio universal femenino fue rechazado. En 1917, durante la dictadura de Federico Tinoco, la idea resurgi\u00f3, permitiendo votar a ciertas mujeres, pero la propuesta fue rechazada por apenas cuatro votos. En 1920, otro intento de otorgar a las mujeres alfabetizadas el derecho a votar y postularse en elecciones municipales tambi\u00e9n fue archivado.<\/p>\n<p>El sufragio femenino fue finalmente reconocido oficialmente el 20 de junio de 1949 por la Constituci\u00f3n de la Segunda Rep\u00fablica, con el 80% de los delegados a favor de la medida. En las elecciones nacionales de 1953, las mujeres no solo obtuvieron el derecho a votar, sino tambi\u00e9n a postularse, resultando elegidas las primeras parlamentarias: Mar\u00eda Teresa Obreg\u00f3n, Ana Rosa Chac\u00f3n y Estela Quesada, todas del Partido Liberaci\u00f3n Nacional (PLN).<\/p>\n<p>En los a\u00f1os siguientes se introdujeron reformas legislativas para fortalecer la representaci\u00f3n femenina. En 1996, el C\u00f3digo Electoral oblig\u00f3 a los partidos a reservar al menos el 40% de los cargos internos y candidaturas a mujeres, aunque algunos partidos, como Acci\u00f3n Ciudadana, aplicaban por estatuto el 50%. En 2009, reformas adicionales elevaron el porcentaje m\u00ednimo de representaci\u00f3n femenina al 50%, unificaron las elecciones municipales a mitad de mandato e introdujeron el voto en el extranjero, consolidando un marco legal que garantiza la paridad de g\u00e9nero en la pol\u00edtica.<\/p>\n<p>Actualmente, la participaci\u00f3n femenina en Costa Rica ha alcanzado resultados hist\u00f3ricos. Desde 1994, al menos una de las vicepresidencias del pa\u00eds ha sido ocupada por una mujer de manera continua. En 1986, Rosemary Karpinsky se convirti\u00f3 en la primera presidenta mujer de la Asamblea Legislativa y Victoria Garr\u00f3n en la primera vicepresidenta mujer de la Rep\u00fablica. En 2010, Laura Chinchilla hizo historia al ser elegida como la primera presidenta mujer del pa\u00eds, marcando un hito fundamental en la pol\u00edtica costarricense.<\/p>\n<p>A nivel municipal, las reformas m\u00e1s recientes han llevado a un aumento significativo de la presencia femenina: en las elecciones municipales de febrero de 2024 fueron elegidas 22 alcaldesas, la cifra m\u00e1s alta de la historia, y en 14 cantones una mujer asumi\u00f3 el liderazgo local por primera vez. En total, las mujeres constituyen aproximadamente el 50% de los candidatos electos en los municipios, mientras que en la pol\u00edtica nacional la representaci\u00f3n femenina en el Parlamento supera el 45%. Costa Rica contin\u00faa promoviendo la paridad de g\u00e9nero en la pol\u00edtica mediante leyes e incentivos, con el objetivo de consolidar la participaci\u00f3n equilibrada de las mujeres en todos los niveles de gobierno.<\/p>\n<p>La historia del voto femenino en Costa Rica y los datos actuales demuestran c\u00f3mo una lucha larga y constante puede traducirse en resultados concretos, otorgando a las mujeres un papel central en la construcci\u00f3n de la democracia y en la definici\u00f3n de las pol\u00edticas p\u00fablicas del pa\u00eds.<\/p>\n","protected":false},"excerpt":{"rendered":"La participaci\u00f3n femenina en la pol\u00edtica costarricense: historia y actualidad La participaci\u00f3n de las mujeres en la pol\u00edtica de Costa Rica representa una conquista larga y significativa, fruto de d\u00e9cadas de lucha por la igualdad de g\u00e9nero. El primer paso concreto se dio el 30 de julio de 1950, cuando las mujeres votaron por primera [&hellip;]","protected":false},"author":5,"featured_media":9750,"parent":896,"menu_order":0,"comment_status":"closed","ping_status":"closed","template":"","meta":{"footnotes":""},"class_list":["post-9754","page","type-page","status-publish","has-post-thumbnail","hentry"],"_links":{"self":[{"href":"https:\/\/ambsanjose.esteri.it\/es\/wp-json\/wp\/v2\/pages\/9754","targetHints":{"allow":["GET"]}}],"collection":[{"href":"https:\/\/ambsanjose.esteri.it\/es\/wp-json\/wp\/v2\/pages"}],"about":[{"href":"https:\/\/ambsanjose.esteri.it\/es\/wp-json\/wp\/v2\/types\/page"}],"author":[{"embeddable":true,"href":"https:\/\/ambsanjose.esteri.it\/es\/wp-json\/wp\/v2\/users\/5"}],"replies":[{"embeddable":true,"href":"https:\/\/ambsanjose.esteri.it\/es\/wp-json\/wp\/v2\/comments?post=9754"}],"version-history":[{"count":2,"href":"https:\/\/ambsanjose.esteri.it\/es\/wp-json\/wp\/v2\/pages\/9754\/revisions"}],"predecessor-version":[{"id":9760,"href":"https:\/\/ambsanjose.esteri.it\/es\/wp-json\/wp\/v2\/pages\/9754\/revisions\/9760"}],"up":[{"embeddable":true,"href":"https:\/\/ambsanjose.esteri.it\/es\/wp-json\/wp\/v2\/pages\/896"}],"wp:featuredmedia":[{"embeddable":true,"href":"https:\/\/ambsanjose.esteri.it\/es\/wp-json\/wp\/v2\/media\/9750"}],"wp:attachment":[{"href":"https:\/\/ambsanjose.esteri.it\/es\/wp-json\/wp\/v2\/media?parent=9754"}],"curies":[{"name":"wp","href":"https:\/\/api.w.org\/{rel}","templated":true}]}}