{"id":100,"date":"2023-04-11T18:24:48","date_gmt":"2023-04-11T16:24:48","guid":{"rendered":"https:\/\/ambasciatapraga.esteri.it\/?page_id=100"},"modified":"2023-11-23T07:52:23","modified_gmt":"2023-11-23T13:52:23","slug":"turismo","status":"publish","type":"page","link":"https:\/\/ambsanjose.esteri.it\/it\/italia-e-costa-rica\/diplomazia-culturale\/turismo\/","title":{"rendered":"Turismo"},"content":{"rendered":"<p><strong>Perch\u00e9 visitare l\u2019Italia?<\/strong><\/p>\n<p>&nbsp;<\/p>\n<p>Ci sono molte ragioni per cui i costaricani potrebbero considerare di visitare l&#8217;Italia. Eccone alcune:<\/p>\n<ol>\n<li><strong>Storia e cultura<\/strong>: l&#8217;Italia \u00e8 un paese ricco di storia e cultura. \u00c8 il luogo in cui sono nate molte delle grandi civilt\u00e0 dell&#8217;antichit\u00e0, come gli antichi romani. Ci sono numerosi siti storici e archeologici da esplorare, come il Colosseo di Roma, Pompei e gli antichi siti di Ercolano.<\/li>\n<li><strong>Arte e architettura<\/strong>: l&#8217;Italia \u00e8 famosa per la sua ricca tradizione artistica e architettonica. Qui si trovano alcune delle opere d&#8217;arte pi\u00f9 celebri al mondo, come il David di Michelangelo a Firenze e la Cappella Sistina nel Vaticano. Le citt\u00e0 italiane sono anche note per la loro architettura unica, come i canali di Venezia, i palazzi rinascimentali di Firenze e i monumenti di Roma.<\/li>\n<li><strong>Cibo e vino<\/strong>: La cucina italiana \u00e8 rinomata in tutto il mondo. In Italia si pu\u00f2 gustare una variet\u00e0 di piatti deliziosi, come la pizza napoletana, la pasta fresca, i gelati artigianali e i formaggi regionali. Inoltre, l&#8217;Italia \u00e8 una delle maggiori produttrici di vino al mondo, e i costaricani possono apprezzare la visita delle regioni vinicole come la Toscana e il Piemonte.<\/li>\n<li><strong>Paesaggi mozzafiato<\/strong>: L&#8217;Italia offre una grande variet\u00e0 di paesaggi spettacolari. Ci sono le incantevoli coste dell&#8217;Amalfitana e della Liguria, le Dolomiti alpine nel nord, i pittoreschi laghi della Lombardia e molte altre destinazioni naturali di grande bellezza. I turisti possono apprezzare escursioni in montagna, passeggiate lungo la costa e la visita di affascinanti borghi medievali.<\/li>\n<li><strong>Ospitalit\u00e0 italiana<\/strong>: Gli italiani sono noti per la loro calda ospitalit\u00e0. I turisti possono aspettarsi di essere accolti con gentilezza e di godere dell&#8217;atmosfera accogliente delle citt\u00e0 italiane.<br \/>\nGli italiani sono anche famosi per la loro passione per il calcio, e i turisti potrebbero vivere l&#8217;esperienza unica di assistere a una partita di calcio italiana.<\/li>\n<\/ol>\n<p>Ogni viaggiatore ha gusti e interessi diversi, quindi l&#8217;Italia offre una vasta gamma di esperienze per soddisfare le preferenze individuali.<\/p>\n<p>&nbsp;<\/p>\n<p>&nbsp;<\/p>\n","protected":false},"excerpt":{"rendered":"Perch\u00e9 visitare l\u2019Italia? &nbsp; Ci sono molte ragioni per cui i costaricani potrebbero considerare di visitare l&#8217;Italia. Eccone alcune: Storia e cultura: l&#8217;Italia \u00e8 un paese ricco di storia e cultura. \u00c8 il luogo in cui sono nate molte delle grandi civilt\u00e0 dell&#8217;antichit\u00e0, come gli antichi romani. Ci sono numerosi siti storici e archeologici da [&hellip;]","protected":false},"author":1,"featured_media":0,"parent":44,"menu_order":0,"comment_status":"closed","ping_status":"closed","template":"","meta":{"footnotes":""},"class_list":["post-100","page","type-page","status-publish","hentry"],"_links":{"self":[{"href":"https:\/\/ambsanjose.esteri.it\/it\/wp-json\/wp\/v2\/pages\/100","targetHints":{"allow":["GET"]}}],"collection":[{"href":"https:\/\/ambsanjose.esteri.it\/it\/wp-json\/wp\/v2\/pages"}],"about":[{"href":"https:\/\/ambsanjose.esteri.it\/it\/wp-json\/wp\/v2\/types\/page"}],"author":[{"embeddable":true,"href":"https:\/\/ambsanjose.esteri.it\/it\/wp-json\/wp\/v2\/users\/1"}],"replies":[{"embeddable":true,"href":"https:\/\/ambsanjose.esteri.it\/it\/wp-json\/wp\/v2\/comments?post=100"}],"version-history":[{"count":2,"href":"https:\/\/ambsanjose.esteri.it\/it\/wp-json\/wp\/v2\/pages\/100\/revisions"}],"predecessor-version":[{"id":950,"href":"https:\/\/ambsanjose.esteri.it\/it\/wp-json\/wp\/v2\/pages\/100\/revisions\/950"}],"up":[{"embeddable":true,"href":"https:\/\/ambsanjose.esteri.it\/it\/wp-json\/wp\/v2\/pages\/44"}],"wp:attachment":[{"href":"https:\/\/ambsanjose.esteri.it\/it\/wp-json\/wp\/v2\/media?parent=100"}],"curies":[{"name":"wp","href":"https:\/\/api.w.org\/{rel}","templated":true}]}}