{"id":1025,"date":"2023-11-07T09:42:56","date_gmt":"2023-11-07T15:42:56","guid":{"rendered":"https:\/\/ambsanjose.esteri.it\/?page_id=1025"},"modified":"2025-07-23T12:58:18","modified_gmt":"2025-07-23T18:58:18","slug":"studiare-in-italia","status":"publish","type":"page","link":"https:\/\/ambsanjose.esteri.it\/it\/italia-e-costa-rica\/diplomazia-culturale\/studiare-in-italia\/studiare-in-italia\/","title":{"rendered":"Studiare in Italia &#8211; Domande frequenti"},"content":{"rendered":"<h2><strong>Dove trovo l\u2019elenco delle borse di studio per stranieri per venire a studiare in Italia?<\/strong><\/h2>\n<p>Ogni anno il Governo italiano mette a disposizione borse di studio a cittadini stranieri o italiani residenti all\u2019estero per portare a termine studi formali e\/o per seguire programmi di studio o ricerca, bilaterali o multilaterali, in Italia. Tutte le informazioni (l\u2019elenco dei Paesi destinatari delle borse di studio, il bando, la piattaforma web per la candidatura on line, ecc.) si trovano alla pagina\u00a0<a href=\"https:\/\/www.esteri.it\/it\/opportunita\/borse-di-studio\/per-cittadini-stranieri\/borsestudio_stranieri\/\">Borse di studio offerte dal Governo Italiano a stranieri e cittadini I.R.E.<\/a>\u00a0e sul portale \u201c<a href=\"https:\/\/studyinitaly.esteri.it\/\">Study in Italy<\/a>\u201d nella sezione \u201c<a href=\"https:\/\/studyinitaly.esteri.it\/ListaBandi\">Borse di studio<\/a>\u201c.<\/p>\n<h2><strong>Sono un cittadino costaricano. Voglio iscrivermi a una Universit\u00e0 italiana: dove trovo le informazioni e la lista dei documenti che mi servono?<\/strong><\/h2>\n<p>Ogni anno il MIUR (Ministero dell\u2019Istruzione, dell\u2019Universit\u00e0 e della Ricerca) pubblica le norme per l\u2019accesso degli\u00a0<a href=\"https:\/\/www.studiare-in-italia.it\/studentistranieri\/\">studenti stranieri<\/a>\u00a0ai corsi universitari. Per maggiori informazioni visitate il sito del MIUR alla pagina Studenti stranieri, dove vengono riportate informazioni dettagliate sulle procedure e sul calendario degli adempimenti per l\u2019immatricolazione alle Universit\u00e0 italiane, alle Accademie di Belle Arti, ai Conservatori, alle Scuole di specializzazione non mediche e ad altri corsi.<br \/>\nIl Ministero degli Affari Esteri ha approntato un portale che illustra i vari passi della\u00a0<a href=\"https:\/\/studyinitaly.esteri.it\/Static\/ProcedureIscrizione\">procedura per l\u2019iscrizione<\/a>.<\/p>\n<h2><strong><br \/>\nMi sono diplomato\/laureato in Costa Rica all\u2019estero. Il mio titolo di studio \u00e8 riconosciuto in Italia?<\/strong><\/h2>\n<p>I titoli di studio stranieri non sono automaticamente riconosciuti in Italia. Per informazioni su come ottenere il riconoscimento consultate il sito del\u00a0<a href=\"https:\/\/www.cimea.it\/\">CIMEA<\/a>\u00a0\u2013 Centro Informazioni sulla Mobilit\u00e0 e le Equivalenze Accademiche.<br \/>\nSe intendete intraprendere un percorso di studi o un percorso professionale in Italia, vi consigliamo vivamente di curare il perfezionamento del vostro titolo di studi\/titolo professionale prima di trasferirvi in Italia. Infatti, il processo di perfezionamento vede coinvolte Autorit\u00e0 straniere e uffici consolari italiani all\u2019estero.<\/p>\n<h2><strong><br \/>\nChe cosa \u00e8 necessario fare per legalizzare un titolo di studio conseguito all\u2019estero, ai fini del riconoscimento in Italia?<\/strong><\/h2>\n<p>Occorre legalizzare il titolo originale, munirlo di una traduzione ufficiale prefettizia o consolare o autenticata da traduttori giurati presso i Tribunali della Repubblica o i Consolati e di una \u201cdichiarazione di valore in loco\u201d. Mentre la legalizzazione del titolo viene usualmente effettuata dal Ministero degli Affari Esteri del Paese dove il titolo \u00e8 stato conseguito, la \u201cdichiarazione di valore\u201d viene rilasciata dalle Autorit\u00e0 consolari italiane, nella cui circoscrizione il titolo di studio \u00e8 stato conseguito.<br \/>\nPer informazioni generali su legalizzazioni e traduzioni ufficiali, leggete la pagina\u00a0<a href=\"https:\/\/www.esteri.it\/it\/servizi-consolari-e-visti\/italiani-all-estero\/traduzione-e-legalizzazione-documenti\/\">Traduzione e legalizzazione di documenti<\/a>.<\/p>\n<h2><strong><br \/>\nChe cos\u2019\u00e8 la \u201cdichiarazione di valore in loco\u201d e come si pu\u00f2 ottenere?<\/strong><\/h2>\n<p>La \u201cdichiarazione di valore il loco\u201d di un titolo di studio estero attesta l\u2019autenticit\u00e0 del titolo e indica i requisiti di accesso, la durata del corso di studi, il valore legale o abilitativo o professionale nell\u2019ordinamento del Paese estero ai fini dell\u2019esercizio di una professione o per la prosecuzione degli studi nel Paese estero. Per tali ragioni \u00e8 necessario presentare alle Autorit\u00e0 consolari italiane l\u2019originale del titolo di studio. E\u2019 bene procurarsi la \u201cdichiarazione di valore\u201d prima di recarsi in Italia e prendere gli opportuni contatti con le Autorit\u00e0 consolari. Se la procedura viene fatta quando si \u00e8 gi\u00e0 in Italia, i titoli di studio dovranno viaggiare per posta o dovranno essere affidati a un delegato e a un\u2019agenzia di servizi. Ci\u00f2 pu\u00f2 aumentare costi e rischi di smarrimento. Per maggiori informazioni sui titoli di studio, consultate il <a href=\"https:\/\/www.studiare-in-italia.it\/studying\/info-07.html\">seguente portale<\/a>.<\/p>\n<h2><strong><br \/>\nVoglio studiare in Italia, ho bisogno del visto?<\/strong><\/h2>\n<p>I cittadini costaricani hanno bisogno del visto per studiare in Italia se il soggiorno studio si protrarr\u00e0 per pi\u00f9 di 90 giorni.<\/p>\n<h2><strong><br \/>\nQuanti tipi di visti-studio esistono?<\/strong><\/h2>\n<p>Oltre al visto-studio generico, esistono altre 6 tipologie di visto-studio: studio \u2013 immatricolazione Universit\u00e0; studio corso singolo universitario; studio post-laurea; studio-programma di scambio e mobilit\u00e0; studio-tirocinio e studio-formazione professionale.<br \/>\nPer verificare i requisiti per ognuno di questi tipi di visto, consultate il database\u00a0<a href=\"https:\/\/vistoperitalia.esteri.it\/\">il visto per l\u2019Italia<\/a>.<\/p>\n<h2><strong><br \/>\nChe disponibilit\u00e0 economiche devo dimostrare per ottenere un visto per studio?<\/strong><\/h2>\n<p>Se richiedete un visto per l\u2019immatricolazione in un\u2019Universit\u00e0 italiana (visto studio-Universit\u00e0), dovete dimostrare una disponibilit\u00e0 minima annuale di \u20ac 5.889. Tale cifra \u00e8 commisurata all\u2019importo per l\u2019anno del cosiddetto \u201cassegno sociale\u201d. Se il vostro corso di studi si sviluppa su pi\u00f9 anni, \u00e8 sufficiente che dimostriate le disponibilit\u00e0 per il primo anno. Per tutte le altre tipologie di visto per studio, per conoscere l\u2019entit\u00e0 delle risorse richieste, dovete fare riferimento alla\u00a0<a href=\"https:\/\/www.esteri.it\/it\/servizi-consolari-e-visti\/ingressosoggiornoinitalia\/mezzi_finanziari\/tabella_mezzi_sussistenza\/\">Tabella A della Direttiva del Ministero dell\u2019Interno del 1\u00b0.3.2000<\/a>, che prevede una quota fissa ed una quota giornaliera. Di conseguenza, l\u2019importo totale varia in dipendenza della durata del soggiorno, cio\u00e8 del corso di studi.<\/p>\n<h2><strong><br \/>\nPer il visto per studio posso dimostrare i mezzi di sostentamento con una fidejussione bancaria?<\/strong><\/h2>\n<p>No. Nel caso dei soggiorni per studio, la fideiussione bancaria o la polizza fideiussoria non rientrano fra i documenti considerati idonei a dimostrare la disponibilit\u00e0 di adeguati mezzi di sostentamento.<\/p>\n<p>Dovete avere garanzie economiche personali, familiari o fornite da Istituzioni ed Enti italiani (comprese le Universit\u00e0), da Governi locali, da Istituzioni ed Enti stranieri considerati affidabili dalla Rappresentanza diplomatica italiana.<\/p>\n<p>Per maggiori informazioni visitate il sito del MIUR alla pagina<a href=\"https:\/\/www.studiare-in-italia.it\/studentistranieri\/\">\u00a0Studenti stranieri.<\/a><\/p>\n<h2><strong><br \/>\nSono valide le garanzie economiche prestate in favore dello studente da un soggetto non appartenente al nucleo familiare?<\/strong><\/h2>\n<p>Lo studente regolarmente ammesso che richieda il visto per \u201cstudio \u2013 immatricolazione universit\u00e0\u201d deve dimostrare che la propria famiglia dispone dei mezzi economici sufficienti per mantenerlo agli studi in Italia.<br \/>\nSe un soggetto esterno al nucleo familiare (associazioni, amici o parenti residenti in Italia) garantisce il suo mantenimento con una dichiarazione di ospitalit\u00e0 e un impegno scritto (dimostrando nel contempo le risorse necessarie), questo costituisce un elemento positivo, ma non determinante, per l\u2019ottenimento del visto.<br \/>\nNessun soggetto privato pu\u00f2 essere chiamato a sostituirsi alla famiglia nell\u2019obbligo di assistenza economica.<\/p>\n<h2><strong><br \/>\nSono stato ammesso ad un corso di laurea pluriennale, ma l\u2019Ambasciata mi ha rilasciato un visto per un anno. Come far\u00f2 per gli anni futuri? Dovr\u00f2 richiedere un nuovo visto?<\/strong><\/h2>\n<p>Non sar\u00e0 necessario. Il visto costituisce il permesso di entrare in Italia la prima volta con la motivazione riportata sull\u2019etichetta visto (studio-Universit\u00e0, in questo caso). Entro 8 giorni dall\u2019ingresso in Italia, lo studente straniero deve presentare una richiesta di permesso di soggiorno all\u2019Ufficio Immigrazione della Questura competente per il Comune di residenza. Il permesso di soggiorno \u00e8 il titolo che legittima la presenza dello straniero in Italia. Deve essere rinnovato prima della sua scadenza.<\/p>\n<h2><strong><br \/>\nSono uno studente di italiano in Costa Rica e voglio perfezionare la conoscenza della lingua in Italia.<\/strong><\/h2>\n<p>\u00c8 possibile, se non siete principianti e se avete gi\u00e0 una conoscenza della lingua a livello intermedio. Per studiare la lingua italiana, un requisito per il visto studio \u00e8 che i corsi siano di livello superiore. Inoltre, deve trattarsi di corsi a tempo pieno e di durata determinata. Le Universit\u00e0 per stranieri di Perugia e di Siena, L\u2019Universit\u00e0 degli studi Roma tre offrono corsi prestigiosi e qualificanti ai fini dell\u2019ottenimento della \u201c<a href=\"https:\/\/www.esteri.it\/it\/sala_stampa\/archivionotizie\/comunicati\/2013\/02\/20130206_cliq\/\">Certificazione Lingua Italiana di Qualit\u00e0 \u2013 CLIQ\u201c<\/a>. Questo sistema di valutazione e certificazione \u00e8 in linea con gli standard scientifici fissati dal Consiglio d\u2019Europa nel \u201cQuadro Comune Europeo di Riferimento per le Lingue\u201d.<\/p>\n<h2><strong><br \/>\nSono uno studente costaricano in Italia ed ho un permesso di soggiorno per studio. Posso viaggiare in altri paesi Schengen durante le vacanze?<\/strong><\/h2>\n<p>S\u00ec. Il vostro permesso di lungo soggiorno vi d\u00e0 diritto di viaggiare negli altri paesi Schengen fino ad un massimo di 90 giorni ogni 180 giorni. Tenete presente che non tutti i paesi europei sono paesi Schengen! Prima di comprare il biglietto di viaggio, consultate l\u2019elenco dei paesi Schengen.<\/p>\n<p>Consulta\u00a0<a href=\"https:\/\/www.consilium.europa.eu\/it\/policies\/schengen-area\/\">l\u2019elenco dei paesi Schengen.<\/a><\/p>\n<h2><strong><br \/>\nSono uno studente costaricano in Italia ed ho un permesso di soggiorno per studio. Finito il mio periodo di studio, vorrei fermarmi per viaggiare in Italia e in altri paesi Schengen. Ma il mio permesso di studio scade. Come posso fare?<\/strong><\/h2>\n<p>Se siete cittadini costaricani avete la possibilit\u00e0 di fermarvi in Italia e in area Schengen, anche dopo la scadenza del vostro permesso di soggiorno, fino ad un massimo di altri 90 giorni.<\/p>\n<p>La responsabilit\u00e0 di concedere l\u2019autorizzazione alla proroga del soggiorno come turisti e non pi\u00f9 come residenti spetta all\u2019Ufficio immigrazione di zona a cui \u00e8 necessario rivolgersi per ogni ulteriore informazione circa i requisiti da soddisfare e la documentazione da presentare.<\/p>\n<h2><strong><br \/>\nSono uno studente costaricano in Italia. Posso lavorare per mantenermi agli studi?<\/strong><\/h2>\n<p>S\u00ec. Il permesso di soggiorno per studio consente di svolgere un\u2019attivit\u00e0 lavorativa part-time per un massimo di 20 ore settimanali, anche per l\u2019intero anno e per non pi\u00f9 di 1.040 ore annuali.<\/p>\n<h2><strong><br \/>\nSono uno studente universitario straniero in Italia. Sto per laurearmi e ho gi\u00e0 avuto un\u2019offerta di lavoro. Posso convertire il mio permesso di studio in permesso per lavoro?<\/strong><\/h2>\n<p>S\u00ec, se l\u2019attuale permesso per studio \u00e8 ancora valido. E\u2019 necessario che lo studente stipuli un contratto di soggiorno per lavoro con il futuro datore di lavoro presso il SUI (Sportello Unico Immigrazione). Se lo studente si \u00e8 laureato o ha conseguito un titolo post-laurea, il permesso di soggiorno per lavoro subordinato viene rilasciato al di fuori delle quote dei flussi. Tutta questa materia \u00e8 di competenza degli Uffici Immigrazione delle Questura italiane. Sui siti web delle Prefetture potrete trovare informazioni pi\u00f9 dettagliate.<\/p>\n<h2><strong>Ho un titolo di studi italiano e voglio proseguire gli studi all\u2019estero. Il mio titolo di studi italiano sar\u00e0 riconosciuto all\u2019estero?<\/strong><\/h2>\n<p>Dovrete porre questa domanda all\u2019istituto estero presso il quale continuerete gli studi e, per sapere come procedere, alle autorit\u00e0 consolari di quel Paese in Italia. Molto probabilmente vi verr\u00e0 richiesta una legalizzazione del vostro titolo italiano, una traduzione nella lingua del paese in cui lo vorrete far valere (o in una lingua veicolare) e, presumibilmente, un\u2019attestazione del Consolato in Italia di quel Paese. In Italia, le legalizzazioni di atti amministrativi (quali i titoli di studio) sono una competenza degli uffici legalizzazioni delle Prefetture. Elenchi di traduttori giurati sono disponibili presso i Tribunali italiani. Nel suo sito il\u00a0<a href=\"https:\/\/www.cimea.it\/\">CIMEA<\/a>\u00a0(Centro di Informazione sulla Mobilit\u00e0 e le Equivalenze Accademiche) dedica una\u00a0<a href=\"https:\/\/www.cimea.it\/pagina-riconoscimento-titoli-italiani-estero\">sezione al riconoscimento dei titoli italiani all\u2019estero\u00a0<\/a>che pu\u00f2 risultare molto utile.<\/p>\n","protected":false},"excerpt":{"rendered":"Dove trovo l\u2019elenco delle borse di studio per stranieri per venire a studiare in Italia? Ogni anno il Governo italiano mette a disposizione borse di studio a cittadini stranieri o italiani residenti all\u2019estero per portare a termine studi formali e\/o per seguire programmi di studio o ricerca, bilaterali o multilaterali, in Italia. Tutte le informazioni [&hellip;]","protected":false},"author":5,"featured_media":0,"parent":99,"menu_order":12,"comment_status":"closed","ping_status":"closed","template":"","meta":{"footnotes":""},"class_list":["post-1025","page","type-page","status-publish","hentry"],"_links":{"self":[{"href":"https:\/\/ambsanjose.esteri.it\/it\/wp-json\/wp\/v2\/pages\/1025","targetHints":{"allow":["GET"]}}],"collection":[{"href":"https:\/\/ambsanjose.esteri.it\/it\/wp-json\/wp\/v2\/pages"}],"about":[{"href":"https:\/\/ambsanjose.esteri.it\/it\/wp-json\/wp\/v2\/types\/page"}],"author":[{"embeddable":true,"href":"https:\/\/ambsanjose.esteri.it\/it\/wp-json\/wp\/v2\/users\/5"}],"replies":[{"embeddable":true,"href":"https:\/\/ambsanjose.esteri.it\/it\/wp-json\/wp\/v2\/comments?post=1025"}],"version-history":[{"count":4,"href":"https:\/\/ambsanjose.esteri.it\/it\/wp-json\/wp\/v2\/pages\/1025\/revisions"}],"predecessor-version":[{"id":9475,"href":"https:\/\/ambsanjose.esteri.it\/it\/wp-json\/wp\/v2\/pages\/1025\/revisions\/9475"}],"up":[{"embeddable":true,"href":"https:\/\/ambsanjose.esteri.it\/it\/wp-json\/wp\/v2\/pages\/99"}],"wp:attachment":[{"href":"https:\/\/ambsanjose.esteri.it\/it\/wp-json\/wp\/v2\/media?parent=1025"}],"curies":[{"name":"wp","href":"https:\/\/api.w.org\/{rel}","templated":true}]}}