{"id":10272,"date":"2025-10-09T09:03:15","date_gmt":"2025-10-09T15:03:15","guid":{"rendered":"https:\/\/ambsanjose.esteri.it\/?page_id=10272"},"modified":"2025-10-09T09:05:06","modified_gmt":"2025-10-09T15:05:06","slug":"cittadinanza-per-matrimonio-o-unione-civile","status":"publish","type":"page","link":"https:\/\/ambsanjose.esteri.it\/it\/servizi-consolari-e-visti\/servizi-per-il-cittadino-straniero\/cittadinanza-e-adozione\/cittadinanza-per-matrimonio-o-unione-civile\/","title":{"rendered":"Cittadinanza per matrimonio o unione civile"},"content":{"rendered":"<header class=\"entry-header\">\n<h1 class=\"entry-title h3\"><span style=\"font-size: 16px;\">1. <\/span><strong style=\"font-size: 16px;\">Cenni normativi<\/strong><\/h1>\n<\/header>\n<div class=\"entry-content\">\n<p><em>In conformit\u00e0 alla normativa in vigore, che richiede la conoscenza della lingua italiana, le informazioni relative alla cittadinanza per matrimonio vengono fornite in italiano.<\/em><\/p>\n<p>Coloro che richiedono la cittadinanza italiana per matrimonio o unione civile devono essere a conoscenza dei doveri nei confronti della Repubblica italiana, primi fra tutti l\u2019adesione ai valori nazionali e l\u2019irreprensibilit\u00e0 della condotta.<\/p>\n<p>L\u2019acquisto della cittadinanza italiana da parte del coniuge straniero o apolide che abbia contratto matrimonio con cittadino italiano a partire dal 27 aprile 1983 \u00e8 attualmente regolato dalla Legge 5 febbraio 1992 n. 91 (artt. 5, 6, 7 e 8) e successive modifiche.<\/p>\n<p>Le richieste di cittadinanza italiana possono essere presentate anche da parte del cittadino o della cittadina stranieri che hanno costituito un\u2019unione civile con cittadino\/a italiano\/a trascritta nei registri dello stato civile del Comune italiano (D. Lgs. 5, 6 e 7\/ 2017).<\/p>\n<p>Il coniuge\/parte dell\u2019unione civile straniero pu\u00f2 acquistare la cittadinanza italiana su domanda, in presenza dei requisiti stabiliti dalla normativa vigente, come spiegato nelle sezioni successive.<\/p>\n<p>&nbsp;<\/p>\n<p><strong>2. Requisiti per la richiesta della cittadinanza<\/strong><\/p>\n<p><strong>Residenza nella circoscrizione consolare:<\/strong><\/p>\n<p>Il richiedente dovr\u00e0 indirizzare la domanda alla Rappresentanza diplomatico-consolare competente per la sua residenza.<\/p>\n<p>Il coniuge\/parte dell\u2019unione civile di nazionalit\u00e0 italiana deve essere residente e regolarmente iscritto all\u2019anagrafe degli italiani residenti all\u2019estero (A.I.R.E.) della circoscrizione consolare di competenza e convivente allo stesso indirizzo del richiedente la cittadinanza. In caso contrario, dovr\u00e0 fornire documentazione comprovante la motivazione (es. lavoro, scolarit\u00e0 dei figli, cure mediche o altro), che determina o ha determinato la necessit\u00e0 di domicilio disgiunto;<\/p>\n<p><strong>Termini di presentazione:<\/strong>\u00a0la domanda pu\u00f2 essere presentata tre anni dopo il matrimonio\/unione civile se il coniuge \u00e8 cittadino italiano iure sanguinis; in caso di naturalizzazione avvenuta dopo il matrimonio, i tre anni decorrono dalla data della naturalizzazione del coniuge. I tre anni vengono ridotti a un anno e mezzo in presenza di figli minori nati o adottati dai coniugi;<\/p>\n<p>Trascrizione del matrimonio\/unione civile: se avvenuti all\u2019estero, devono essere stati trascritti presso il Comune in Italia;<\/p>\n<p><strong>Validit\u00e0 del matrimonio\/unione civile<\/strong>\u00a0e stabilit\u00e0 del vincolo di coniugio\/unione civile fino all\u2019adozione del provvedimento di concessione della cittadinanza. Al fine del conferimento della cittadinanza italiana, alla data di adozione del decreto non devono essere intervenuti lo scioglimento, l\u2019annullamento o la cessazione degli effetti civili del matrimonio\/unione civile (separazione personale, divorzio);<\/p>\n<p><strong>Assenza di sentenze di condanna<\/strong>\u00a0da parte delle Autorit\u00e0 giudiziarie italiane per reati per i quali sia prevista una pena superiore a tre anni di reclusione;<\/p>\n<p><strong>Assenza di sentenze di condanna<\/strong>\u00a0da parte delle Autorit\u00e0 giudiziarie straniere ad una pena superiore ad un anno per reati non politici;<\/p>\n<p><strong>Assenza di sentenze di condanna per delitti contro la personalit\u00e0 dello Stato;<\/strong><\/p>\n<p><strong>Assenza di motivi ostativi\u00a0<\/strong>per la sicurezza della Repubblica;<\/p>\n<p><strong>Conoscenza della lingua italiana<\/strong>\u00a0non inferiore a livello B1 del Quadro Comune Europeo di Riferimento (QCER).<\/p>\n<p><strong>Pagamento<\/strong>\u00a0delle tasse e percezioni indicate nella sezione documenti e costi.<\/p>\n<p>&nbsp;<\/p>\n<p><strong>3. DOCUMENTI necessari per la richiesta di cittadinanza<\/strong><\/p>\n<p><strong>Estratto dell\u2019atto di nascita<\/strong>\u00a0o equivalente: in originale, rilasciato possibilmente da non oltre sei mesi dal Paese in cui si \u00e8 nati, completo di tutte le generalit\u00e0 (incluse paternit\u00e0 e maternit\u00e0), debitamente apostillato e tradotto in lingua italiana.<br \/>\nLa traduzione in Italiano deve essere certificata conforme all\u2019originale e munita di Apostille.<\/p>\n<p><strong>Certificato Penale<\/strong>\u00a0del Paese di origine e degli eventuali Paesi terzi di residenza (a partire dai 14 anni d\u2019et\u00e0) \u2013 tranne l\u2019Italia \u2013 e dei Paesi di cui si possiede la cittadinanza, in originale, rilasciato da non oltre sei mesi prima della presentazione della domanda, debitamente apostillato e tradotto in lingua italiana (anche la traduzione dovr\u00e1 essere munita di Apostille). Il richiedente \u00e8 esonerato dal presentare il certificato penale del Paese di origine solo se lo ha lasciato prima del compimento dei 14 anni e non ne ha conservato la cittadinanza.<br \/>\nLe persone che hanno assunto il cognome del coniuge o hanno cambiato nome, dovranno richiedere i certificati penali agli uffici competenti con il nome corrente e con il nome risultante dall\u2019atto di nascita. Ogni altro nome dovra\u2019 risultare come AKA oppure come \u201cformerly known as\u201d. N.B. (in Costa Rica l\u00b4Apostille potr\u00e1 essere richiesta presso il Ministerio de Relaciones Exteriores noto anche come Casa Amarilla). Per le traduzioni \u00e9 necessario rivolgersi a<a href=\"https:\/\/www.rree.go.cr\/?sec=servicios&amp;cat=traductores\"><strong>\u00a0traduttori ufficiali.<\/strong><\/a><\/p>\n<p><strong>Ricevuta del versamento<\/strong>\u00a0del contributo di euro 250,00 a favore del Ministero dell\u2019Interno, con le modalit\u00e0 indicate nella sezione \u201cCosti\u201d.<\/p>\n<p><strong>Documento di identit\u00e0<\/strong>: fotocopia del passaporto in corso di validit\u00e0 (pagine con i dati personali, fotografia, date di rilascio e scadenza) oppure carta di identit\u00e0.<\/p>\n<p><strong>Copia integrale dell\u2019atto di matrimonio<\/strong>, da richiedere al competente Comune italiano in cui l\u2019atto risulta trascritto, possibilmente rilasciato da non oltre sei mesi prima dell\u2019istanza. Questo documento pu\u00f2 essere inserito al momento della presentazione della domanda alla voce \u201cdocumento generico\u201d e andr\u00e0 presentato al momento della convocazione presso gli Uffici Consolari.<\/p>\n<p><strong>Certificato di conoscenza della lingua italiana<\/strong>\u00a0non inferiore al livello B1 del Quadro Comune Europeo di Riferimento (QCER) o titolo di studio rilasciato da un istituto di istruzione pubblico o paritario riconosciuto dal Ministero dell\u2019Istruzione, dell\u2019Universit\u00e0 e della Ricerca e dal Ministero degli Affari Esteri e della Cooperazione internazionale. Gli enti certificatori CLIQ (Certificazione Lingua Italiana di Qualit\u00e0) \u2013 eventualmente in regime di collaborazione con i locali istituti italiani di cultura \u2013 sono esclusivamente:<\/p>\n<ul>\n<li><strong>l\u2019Universit\u00e0 per stranieri di Siena<\/strong>\u00a0(NEW CILS CENTER in Houston Bellaire High School offre certificazione CISL idonea per il certificato richiesto riconosciuto dalla suddetta Universita\u2019),<\/li>\n<li><strong>l\u2019Universit\u00e0 per stranieri di Perugia,<\/strong><\/li>\n<li><strong>l\u2019Universit\u00e0 Roma Tre,<\/strong><\/li>\n<li><strong>la Societ\u00e0 Dante Alighieri.<\/strong><\/li>\n<\/ul>\n<p>Non sono tenuti alla presentazione del titolo di conoscenza della lingua italiana:<\/p>\n<p>Gli stranieri (anche se residenti all\u2019estero) che abbiano sottoscritto l\u2019accordo di integrazione di cui all\u2019art. 4 bis del d.lgs. n. 286\/1998 Testo Unico Immigrazione,I titolari di permesso di soggiorno UE (o CE) per soggiornanti di lungo periodo di cui all\u2019articolo 9 del medesimo testo unico.<\/p>\n<p>&nbsp;<\/p>\n<p><strong>4. PROCEDURA<\/strong><\/p>\n<p><strong>FASE 1 \u2013 REGISTRAZIONE<\/strong><\/p>\n<p>Il richiedente dovr\u00e0 effettuare la registrazione sul portale del Ministero dell\u2019Interno:<br \/>\n<a href=\"https:\/\/portaleserviziapp.dlci.interno.it\/AliCittadinanza\/ali\/home.html\" target=\"_blank\" rel=\"noopener\">https:\/\/portaleserviziapp.dlci.interno.it\/AliCittadinanza\/ali\/home.html<\/a><\/p>\n<p>Si precisa che l\u2019indirizzo email dichiarato sul portale in fase di inoltro della domanda on line costituisce domicilio eletto (art. 47 c.c.), si rende pertanto necessaria una frequente consultazione della propria email in quanto tutte le comunicazioni relative alla domanda di cittadinanza, ivi comprese richieste di integrazione documentale, convocazioni, notifiche di provvedimenti, ecc. avverranno UNICAMENTE tramite canale informatico.<\/p>\n<p><strong>FASE 2 \u2013 INSERIMENTO ISTANZA (Modello AE)<\/strong><\/p>\n<p>Una volta registrato, il richiedente potr\u00e0 procedere alla compilazione della domanda \u201conline\u201d e all\u2019inserimento di tutti i documenti richiesti sull\u2019apposito portale del Ministero dell\u2019Interno: https:\/\/portaleserviziapp.dlci.interno.it.<\/p>\n<p><strong>Qualsiasi domanda di carattere tecnico o di contenuto relativa all\u2019istanza online dovr\u00e0 essere risolta rivolgendosi direttamente al Ministero dell\u2019Interno che ha predisposto un servizio di assistenza con FAQ e HelpDesk dedicati.<\/strong><\/p>\n<p><strong>Attenzione: NOTE PER LA COMPILAZIONE DELLA DOMANDA ONLINE:<\/strong><\/p>\n<p>nel modulo di registrazione vanno inseriti DATA E LUOGO DI NASCITA cos\u00ec come indicati nell\u2019atto di nascita.Vanno riportate le GENERALIT\u00c0 indicate in atti e documenti formati all\u2019estero dalle competenti autorit\u00e0 straniere indicando esattamente nomi e cognomi cosi\u2019 come appaiono nel certificato di nascita.<br \/>\nIn caso di discordanze, fornire documentazione giustificativa. Specificare nell\u2019istanza l\u2019eventuale presenza di figli minori del\/della richiedente, nati da una precedente relazione<\/p>\n<p><strong>FASE 3 \u2013 VERIFICA CONSOLARE<\/strong><\/p>\n<p>L\u2019Ufficio Consolare sar\u00e0 automaticamente informato della presentazione della domanda e proceder\u00e0 alle necessarie VERIFICHE. Il richiedente ricever\u00e0 quindi, in modalit\u00e0 telematica tramite il portale del Ministero dell\u2019Interno, una comunicazione relativa all\u2019accettazione o al motivo dell\u2019inammissibilit\u00e0. In caso di accettazione della domanda, il richiedente sar\u00e0 convocato, per via telematica, presso la Rappresentanza diplomatico-consolare per l\u2019autentica della firma apposta sulla domanda di cittadinanza, per la consegna di tutta la documentazione cartacea IN ORIGINALE, ivi compresa quella gi\u00e0 trasmessa per via telematica tramite il Portale, per la riscossione o verifica dell\u2019avvenuto pagamento delle percezioni consolari previste. Tutta la documentazione di cui sopra sar\u00e0 conservata in originale dalla Rappresentanza diplomatico-consolare, ad eccezione del passaporto e del certificato linguistico, per i quali verr\u00e0 effettuata una copia conforme con relativi pagamenti.<\/p>\n<p><strong>FASE 4 \u2013 VALUTAZIONE e TERMINI DEL PROCEDIMENTO<\/strong><\/p>\n<p>La valutazione della domanda e la definizione del procedimento sono di esclusiva competenza del Ministero dell\u2019Interno: 24 mesi dalla data di presentazione della domanda \u2013 prorogabili fino al massimo di 36 mesi \u2013 per le istanze di cittadinanza presentate a partire dal 20 dicembre 2020 (data di entrata in vigore della L. 18 dicembre 2020 n. 173). Qualora al termine della valutazione della pratica il procedimento si concluda positivamente, il Ministero dell\u2019Interno invier\u00e0 il Decreto di conferimento di cittadinanza italiana alla Rappresentanza diplomatico-consolare competente per residenza dell\u2019interessato\/a.<\/p>\n<p><strong>FASE 5 \u2013 DECRETO, NOTIFICA E GIURAMENTO<\/strong><\/p>\n<p>Il Decreto di conferimento della cittadinanza italiana verr\u00e0 notificato \u2013 tramite portale \u2013 con comunicazione indirizzata all\u2019email indicata dal richiedente in fase di registrazione.<br \/>\nAll\u2019atto della notifica verranno altres\u00ec richiesti documenti \u2013 previsti dalla normativa nazionale \u2013 volti a verificare la permanenza del vincolo coniugale.<br \/>\nTali documenti devono avere data successiva all\u2019adozione del decreto:<\/p>\n<p>\u2013 copia integrale dell\u2019atto di matrimonio rilasciato dal competente Comune italiano;<\/p>\n<p>\u2013 certificato penale del Paese di attuale residenza, debitamente legalizzato e tradotto (vedi sezione\u00a0<strong>documenti<\/strong>);<\/p>\n<p>Alla data di adozione del decreto, quindi, non deve essere intervenuto lo scioglimento, l\u2019annullamento o la cessazione degli effetti civili del matrimonio o dell\u2019unione civile n\u00e9 la separazione personale (sentenza di separazione).<br \/>\nEntro e non oltre sei mesi dalla notifica, l\u2019interessato verr\u00e0 convocato presso gli uffici consolari, per prestare giuramento di fedelt\u00e0 alla Repubblica e alle sue leggi. \u00c8 previsto il pagamento della marca da bollo sul decreto.<br \/>\nLa copia integrale dell\u2019atto di matrimonio va richiesto al Comune italiano nei cui registri l\u2019atto risulta trascritto; il certificato penale si richiede alle Autorit\u00e0 competenti nel paese di residenza e dovr\u00e0 essere in regola con le disposizioni in materia di legalizzazione\/apostille e traduzione, come spiegato nella sezione \u201cdocumenti\u201d.<\/p>\n<p>La persona interessata prester\u00e0 giuramento di fedelt\u00e0 alla Repubblica italiana pronunciando le parole:<\/p>\n<p><strong>\u201cGIURO DI ESSERE FEDELE ALLA REPUBBLICA E DI OSSERVARE LA COSTITUZIONE E LE LEGGI DELLO STATO\u201d<\/strong><\/p>\n<p>Gli effetti del giuramento, ovvero l\u2019acquisto della cittadinanza italiana, saranno efficaci a partire dal giorno successivo a quello del giuramento.<\/p>\n<p>Il certificato di nascita originale sar\u00e0 inviato per la trascrizione al Comune italiano di riferimento insieme alla richiesta di iscrizione all\u2019AIRE e al verbale dell\u2019avvenuto giuramento.<\/p>\n<p>&nbsp;<\/p>\n<p><strong>5. Semplificazione amministrativa e costi<\/strong><\/p>\n<p>Se il richiedente \u00e8 un cittadino di un paese UE potr\u00e0 avvalersi dell\u2019autocertificazione per il possesso della cittadinanza italiana del coniuge\/parte dell\u2019unione civile, per il vincolo di coniugio\/unione civile con cittadino\/a italiano\/a e la composizione del nucleo familiare. Le informazioni, i dati e i documenti gi\u00e0 in possesso della Pubblica Amministrazione sono acquisite d\u2019ufficio, previa indicazione da parte dell\u2019interessato degli elementi indispensabili per il reperimento delle informazioni richieste (DPR 445\/2000).<\/p>\n<p><strong>Costi:<\/strong><\/p>\n<p>Contributo di euro 250,00 a favore del Ministero dell\u2019Interno, da effettuare esclusivamente sul conto corrente indicato dal Ministero dell\u2019Interno (ricevuta da inserire nella domanda online) \u201cMinistero dell\u2019Interno D.L.C.I Cittadinanza\u201d<\/p>\n<p>Nome della Banca: Poste Italiane S.p.A.<br \/>\nCodice IBAN: IT54D0760103200000000809020<br \/>\nCausale del versamento: Richiesta cittadinanza per matrimonio ex art. 5 L. 91\/1992 e nome e cognome del richiedente<br \/>\nCodice BIC\/SWIFT di Poste Italiane: BPPIITRRXXX (per bonifici esteri);<br \/>\nCodice BIC\/SWIFT: PIBPITRA (per operazioni del circuito EUROGIRO)<\/p>\n<p>E\u2019 possibile effettuare il pagamento dell\u2019imposta di bollo e\/o del contributo di 250 euro tramite PagoPA direttamente dal portale contestualmente alla presentazione della domanda<\/p>\n<\/div>\n","protected":false},"excerpt":{"rendered":"1. Cenni normativi In conformit\u00e0 alla normativa in vigore, che richiede la conoscenza della lingua italiana, le informazioni relative alla cittadinanza per matrimonio vengono fornite in italiano. Coloro che richiedono la cittadinanza italiana per matrimonio o unione civile devono essere a conoscenza dei doveri nei confronti della Repubblica italiana, primi fra tutti l\u2019adesione ai valori [&hellip;]","protected":false},"author":5,"featured_media":0,"parent":9218,"menu_order":0,"comment_status":"closed","ping_status":"closed","template":"","meta":{"footnotes":""},"class_list":["post-10272","page","type-page","status-publish","hentry"],"_links":{"self":[{"href":"https:\/\/ambsanjose.esteri.it\/it\/wp-json\/wp\/v2\/pages\/10272","targetHints":{"allow":["GET"]}}],"collection":[{"href":"https:\/\/ambsanjose.esteri.it\/it\/wp-json\/wp\/v2\/pages"}],"about":[{"href":"https:\/\/ambsanjose.esteri.it\/it\/wp-json\/wp\/v2\/types\/page"}],"author":[{"embeddable":true,"href":"https:\/\/ambsanjose.esteri.it\/it\/wp-json\/wp\/v2\/users\/5"}],"replies":[{"embeddable":true,"href":"https:\/\/ambsanjose.esteri.it\/it\/wp-json\/wp\/v2\/comments?post=10272"}],"version-history":[{"count":1,"href":"https:\/\/ambsanjose.esteri.it\/it\/wp-json\/wp\/v2\/pages\/10272\/revisions"}],"predecessor-version":[{"id":10275,"href":"https:\/\/ambsanjose.esteri.it\/it\/wp-json\/wp\/v2\/pages\/10272\/revisions\/10275"}],"up":[{"embeddable":true,"href":"https:\/\/ambsanjose.esteri.it\/it\/wp-json\/wp\/v2\/pages\/9218"}],"wp:attachment":[{"href":"https:\/\/ambsanjose.esteri.it\/it\/wp-json\/wp\/v2\/media?parent=10272"}],"curies":[{"name":"wp","href":"https:\/\/api.w.org\/{rel}","templated":true}]}}