{"id":10600,"date":"2025-11-06T08:06:19","date_gmt":"2025-11-06T14:06:19","guid":{"rendered":"https:\/\/ambsanjose.esteri.it\/?page_id=10600"},"modified":"2025-11-06T08:06:19","modified_gmt":"2025-11-06T14:06:19","slug":"nicola-musmanni","status":"publish","type":"page","link":"https:\/\/ambsanjose.esteri.it\/it\/italia-e-costa-rica\/diplomazia-culturale\/le-storie-degli-italiani\/nicola-musmanni\/","title":{"rendered":"Nicola Musmanni"},"content":{"rendered":"<p>Nella storia dell\u2019imprenditoria costaricana, ci sono figure che incarnano non solo il successo economico, ma anche l\u2019integrazione culturale e la trasformazione sociale.<strong> Nicola Musmanni<\/strong> \u00e8 una di queste: immigrato italiano che arrivato nella giovane Costa Rica, piant\u00f2 i semi di un sogno che ancora oggi nutre le tavole del Paese.<\/p>\n<p>Nato in Italia (in provincia di Cosenza, a Castrovillari, nel 1858), Nicola Musmanni giunse in Costa Rica intorno al 1900.\u00a0 Con lui venne la sua famiglia poco dopo, consolidando la presenza imprenditoriale italiana nel Paese.<\/p>\n<p>Nei dintorni di San Jos\u00e9 avvi\u00f2 una fabbrica di pasta artigianale \u2013 l\u2019\u201cEl Progreso\u201d \u2013 che avrebbe costituito le basi della futura impresa di panificazione. Questa scelta non fu casuale: in un Paese in rapido sviluppo urbano e demografico, vi era una domanda crescente di alimenti trasformati e accessibili. Musmanni colse l\u2019opportunit\u00e0 e con radici italiane e visione locale, costru\u00ec un\u2019attivit\u00e0 che univa tradizione e modernit\u00e0.<\/p>\n<p>La crescita della Musmanni non fu priva di sfide: competizione, costi, tecnologia in evoluzione. Ma la visione imprenditoriale di Musmanni e della sua famiglia fu quella di guardare avanti: capitalizzare il know-how alimentare italiano, adattarlo al gusto e al contesto costaricano, investire in stabilimenti e processi produttivi. Il fatto che l\u2019azienda fosse fondata da un immigrato italiano non fu un ostacolo, ma un vantaggio: Musmanni seppe inserire la tradizione italiana del pane e della pasta in un contesto latinoamericano, creando un ponte culturale ed economico.<\/p>\n<p>Verso la seconda met\u00e0 del XX secolo, l\u2019attivit\u00e0 della famiglia Musmanni era ormai consolidata. Venne fondata la \u201cFabrica de Pastas Roma\u201d, la quale introdusse per la prima volta nel Paese il concetto di una produzione organizzata e di qualit\u00e0, combinando tradizione, innovazione e uno spirito moderno d\u2019impresa.\u00a0 La qualit\u00e0 dei suoi prodotti rese presto famoso il marchio Roma tra le famiglie di San Jos\u00e9.<br \/>\nSotto la direzione di Musmanni, la fabbrica crebbe rapidamente, impiegando operai locali e tecnici italiani, e fu tra le prime in Costa Rica a utilizzare macchinari per l\u2019essiccazione e il confezionamento della pasta.<\/p>\n<p>Durante gli anni Venti e Trenta, la famiglia ampli\u00f2 le proprie attivit\u00e0 fondando nel 1929 la panetteria \u201cMusmanni Hermanos\u201d, erede diretta dello spirito pionieristico della fabbrica Roma. A partire da allora, le due linee produttive crebbero insieme, diventando un punto di riferimento dell\u2019alimentazione urbana costaricana.<\/p>\n<p>Il successo delle due imprese non fu solo economico ma anche culturale. Nicola e i suoi figli compresero che l\u2019impresa doveva servire la comunit\u00e0: creare lavoro, offrire qualit\u00e0 e contribuire al progresso sociale.<\/p>\n<p>Nicola Musmanni mor\u00ec nel 1920, ma la sua eredit\u00e0 continu\u00f2 grazie alla sua famiglia e ai collaboratori che seppero mantenere viva la visione del fondatore. Oggi, il marchio Musmanni conta oltre 200 panetterie e franchigie in tutto il territorio costaricano e la Pastas Roma continua a essere riconosciuta come uno dei primi esempi di industria alimentare moderna del Paese.<\/p>\n<p>Il nome di Nicola Musmanni resta legato non tanto alle cifre o ai marchi, quanto al suo spirito visionario: quello di un immigrato che seppe unire due mondi con un impasto di farina, lavoro e speranza.<\/p>\n<p>Oggi, ogni pacco di pasta Roma e ogni pane sfornato in una panetteria Musmanni raccontano la stessa storia: quella di un uomo che port\u00f2 con s\u00e9 la sapienza del grano e la passione del mestiere e che con la sua opera contribu\u00ec a costruire una parte del cuore produttivo della Costa Rica.<\/p>\n<p>Nicola Musmanni, il calabrese che fece del pane e della pasta un simbolo d\u2019integrazione e progresso, \u00e8 ancora oggi un esempio di come il lavoro, quando nasce dall\u2019amore e dalla dignit\u00e0, possa diventare una forma di cultura e di memoria collettiva.<\/p>\n","protected":false},"excerpt":{"rendered":"Nella storia dell\u2019imprenditoria costaricana, ci sono figure che incarnano non solo il successo economico, ma anche l\u2019integrazione culturale e la trasformazione sociale. Nicola Musmanni \u00e8 una di queste: immigrato italiano che arrivato nella giovane Costa Rica, piant\u00f2 i semi di un sogno che ancora oggi nutre le tavole del Paese. Nato in Italia (in provincia [&hellip;]","protected":false},"author":5,"featured_media":10603,"parent":454,"menu_order":0,"comment_status":"closed","ping_status":"closed","template":"","meta":{"footnotes":""},"class_list":["post-10600","page","type-page","status-publish","has-post-thumbnail","hentry"],"_links":{"self":[{"href":"https:\/\/ambsanjose.esteri.it\/it\/wp-json\/wp\/v2\/pages\/10600","targetHints":{"allow":["GET"]}}],"collection":[{"href":"https:\/\/ambsanjose.esteri.it\/it\/wp-json\/wp\/v2\/pages"}],"about":[{"href":"https:\/\/ambsanjose.esteri.it\/it\/wp-json\/wp\/v2\/types\/page"}],"author":[{"embeddable":true,"href":"https:\/\/ambsanjose.esteri.it\/it\/wp-json\/wp\/v2\/users\/5"}],"replies":[{"embeddable":true,"href":"https:\/\/ambsanjose.esteri.it\/it\/wp-json\/wp\/v2\/comments?post=10600"}],"version-history":[{"count":1,"href":"https:\/\/ambsanjose.esteri.it\/it\/wp-json\/wp\/v2\/pages\/10600\/revisions"}],"predecessor-version":[{"id":10606,"href":"https:\/\/ambsanjose.esteri.it\/it\/wp-json\/wp\/v2\/pages\/10600\/revisions\/10606"}],"up":[{"embeddable":true,"href":"https:\/\/ambsanjose.esteri.it\/it\/wp-json\/wp\/v2\/pages\/454"}],"wp:featuredmedia":[{"embeddable":true,"href":"https:\/\/ambsanjose.esteri.it\/it\/wp-json\/wp\/v2\/media\/10603"}],"wp:attachment":[{"href":"https:\/\/ambsanjose.esteri.it\/it\/wp-json\/wp\/v2\/media?parent=10600"}],"curies":[{"name":"wp","href":"https:\/\/api.w.org\/{rel}","templated":true}]}}