{"id":10618,"date":"2025-11-06T08:40:12","date_gmt":"2025-11-06T14:40:12","guid":{"rendered":"https:\/\/ambsanjose.esteri.it\/?page_id=10618"},"modified":"2025-11-06T08:40:53","modified_gmt":"2025-11-06T14:40:53","slug":"mose-vincenzi","status":"publish","type":"page","link":"https:\/\/ambsanjose.esteri.it\/it\/italia-e-costa-rica\/diplomazia-culturale\/le-storie-degli-italiani\/mose-vincenzi\/","title":{"rendered":"Mose\u2019 Vincenzi"},"content":{"rendered":"<p>Tra i protagonisti pi\u00f9 significativi del pensiero e della letteratura costaricana del XX secolo, <strong>Mos\u00e9 Vincenzi<\/strong> occupa un posto speciale, simbolo di un raro equilibrio tra curiosit\u00e0 intellettuale, profondit\u00e0 riflessiva e impegno civile.<\/p>\n<p>Nato l\u20193 febbraio 1895 a Tres R\u00edos, nella provincia di Cartago, da madre costaricana, Susana Pacheco Fern\u00e1ndez e da padre italiano, Ceferino Vincenzi. Fin dalla giovinezza, Vincenzi si dimostr\u00f2 dotato di una vivace intelligenza e di una curiosit\u00e0 che lo spinse verso un percorso non convenzionale: pur iniziando la formazione in ambito normalista, ben presto rivolse il suo sguardo alle questioni filosofiche, culturali e linguistiche della sua epoca. In un paese, la Costa Rica, che nella prima met\u00e0 del Novecento cercava di consolidare il proprio sistema educativo e la propria identit\u00e0 culturale, Vincenzi entr\u00f2 come figura determinante.<\/p>\n<p>Ottenne il titolo di maestro normalista nel 1916 presso la Escuela Normal de Costa Rica e in quella stessa decade inizi\u00f2 a insegnare nelle scuole di Filadelfia e Santa Cruz (Guanacaste). Il suo stile gi\u00e0 mostrava una vocazione: considerava la letteratura e la filosofia non come esercizi puramente accademici ma come strumenti al servizio dell\u2019uomo e della societ\u00e0.<\/p>\n<p>Nel corso degli anni, Vincenzi ampli\u00f2 il suo raggio d\u2019azione: fu docente nei principali centri educativi del Paese (tra cui il Liceo de Costa Rica, il Colegio Superior de Se\u00f1oritas, l\u2019Instituto de Alajuela) e svolse incarichi di rilievo in ambito culturale: fu direttore della Direzione Generale delle Bibliotecas P\u00fablicas (tra il 1944 e il 1948), membro della Academia Costarricense de la Lengua, e docente universitario.<\/p>\n<p>La sua opera andava oltre la docenza: Vincenzi si dedic\u00f2 con passione alla saggistica filosofica, alla narrativa e al teatro, convinto che \u00abla literatura debe tener un fondo moral, \u00e9tico, que le permita perdurar\u00bb.\u00a0 Le sue pubblicazioni attraversano decenni e generi: opere come <em>Mi Segunda Dimensi\u00f3n<\/em> (1923), <em>Principios de Cr\u00edtica Filos\u00f3fica<\/em> (1928), il saggio <em>El Hombre y el Cosmo<\/em>s. S\u00edntesis de una filosof\u00eda (1961) rappresentano tappe fondamentali di un pensiero che esplora il cambio, il movimento, l\u2019esistenza e l\u2019infinit\u00e0.<\/p>\n<p>Nella sua riflessione filosofica, Vincenzi si oppose all\u2019idea convenzionale del cambiamento come transizione di essere e avanz\u00f2 una concezione di universo come continuit\u00e0: \u00abEn el Universo todo es continuaci\u00f3n de todo, todo es yo\u00bb.\u00a0 Parallelamente, la sua attivit\u00e0 letteraria comprende romanzi e racconti \u2014Atlante (1924), La Rosal\u00eda (1931), Pierre de Monval (1935), La se\u00f1orita Rodiet (1936) \u2014 nei quali l\u2019intellettuale affrontava i grandi conflitti umani, il senso dell\u2019arte, della scienza e della filosofia.<\/p>\n<p>Vincenzi fu riconosciuto anche come figura centrale nell\u2019ambito culturale costaricano: nel 1962 ricevette il prestigioso Premio Nacional de Cultura \u201cJos\u00e9 Mar\u00eda Castro Madriz\u201d (Premio Mag\u00f3n) per la sua opera letteraria e filosofica.\u00a0 Alla sua morte, avvenuta il 22 marzo 1964 a San Jos\u00e9, la Asamblea Legislativa de Costa Rica lo dichiar\u00f2 subito \u00abBenem\u00e9rito de la Patria\u00bb.<\/p>\n<p>Oggi, il nome di Mois\u00e9s Vincenzi continua a risuonare nella cultura costaricana come quello di un pensatore che seppe fondere rigore e sensibilit\u00e0, idea e azione, filosofia e letteratura. Le sue riflessioni sul movimento, sull\u2019essere e sul tempo lo rendono ancora uno degli autori pi\u00f9 originali e profondi del Centroamerica e ogni lettore che oggi si confronta con le sue opere si trova di fronte a un uomo che non si limit\u00f2 a pensare ma cerc\u00f2 di vivere la filosofia come esperienza concreta della vita. E cos\u00ec, in ogni pagina risuona la voce di un italiano-costaricano che credette nell\u2019insegnamento, nella parola e nella trasformazione culturale di un Paese che lo accolse e a cui lui restitu\u00ec con il dono del pensiero.<\/p>\n","protected":false},"excerpt":{"rendered":"Tra i protagonisti pi\u00f9 significativi del pensiero e della letteratura costaricana del XX secolo, Mos\u00e9 Vincenzi occupa un posto speciale, simbolo di un raro equilibrio tra curiosit\u00e0 intellettuale, profondit\u00e0 riflessiva e impegno civile. Nato l\u20193 febbraio 1895 a Tres R\u00edos, nella provincia di Cartago, da madre costaricana, Susana Pacheco Fern\u00e1ndez e da padre italiano, Ceferino [&hellip;]","protected":false},"author":5,"featured_media":10621,"parent":454,"menu_order":0,"comment_status":"closed","ping_status":"closed","template":"","meta":{"footnotes":""},"class_list":["post-10618","page","type-page","status-publish","has-post-thumbnail","hentry"],"_links":{"self":[{"href":"https:\/\/ambsanjose.esteri.it\/it\/wp-json\/wp\/v2\/pages\/10618","targetHints":{"allow":["GET"]}}],"collection":[{"href":"https:\/\/ambsanjose.esteri.it\/it\/wp-json\/wp\/v2\/pages"}],"about":[{"href":"https:\/\/ambsanjose.esteri.it\/it\/wp-json\/wp\/v2\/types\/page"}],"author":[{"embeddable":true,"href":"https:\/\/ambsanjose.esteri.it\/it\/wp-json\/wp\/v2\/users\/5"}],"replies":[{"embeddable":true,"href":"https:\/\/ambsanjose.esteri.it\/it\/wp-json\/wp\/v2\/comments?post=10618"}],"version-history":[{"count":2,"href":"https:\/\/ambsanjose.esteri.it\/it\/wp-json\/wp\/v2\/pages\/10618\/revisions"}],"predecessor-version":[{"id":10639,"href":"https:\/\/ambsanjose.esteri.it\/it\/wp-json\/wp\/v2\/pages\/10618\/revisions\/10639"}],"up":[{"embeddable":true,"href":"https:\/\/ambsanjose.esteri.it\/it\/wp-json\/wp\/v2\/pages\/454"}],"wp:featuredmedia":[{"embeddable":true,"href":"https:\/\/ambsanjose.esteri.it\/it\/wp-json\/wp\/v2\/media\/10621"}],"wp:attachment":[{"href":"https:\/\/ambsanjose.esteri.it\/it\/wp-json\/wp\/v2\/media?parent=10618"}],"curies":[{"name":"wp","href":"https:\/\/api.w.org\/{rel}","templated":true}]}}