{"id":11789,"date":"2026-03-13T09:35:42","date_gmt":"2026-03-13T15:35:42","guid":{"rendered":"https:\/\/ambsanjose.esteri.it\/?page_id=11789"},"modified":"2026-03-14T11:09:48","modified_gmt":"2026-03-14T17:09:48","slug":"cesare-carlo-sacco","status":"publish","type":"page","link":"https:\/\/ambsanjose.esteri.it\/it\/italia-e-costa-rica\/diplomazia-culturale\/le-storie-degli-italiani\/cesare-carlo-sacco\/","title":{"rendered":"Cesare Carlo Sacco"},"content":{"rendered":"<p>La storia del console Cesare Carlo Sacco si colloca nel drammatico contesto europeo del 1938, segnato dall\u2019espansione del nazismo e dalle persecuzioni razziali contro gli ebrei. In quel periodo, molti ebrei tedeschi e austriaci cercavano disperatamente un paese che fosse disposto ad accoglierli per sfuggire alle violenze e alle discriminazioni. In questo scenario, Sacco, console generale della Costa Rica a Genova, svolse un ruolo decisivo e profondamente umanitario.<\/p>\n<p>Tra il 12 ottobre e il 25 novembre 1938, grazie alla sua iniziativa, trentotto ebrei riuscirono a ottenere il visto per entrare in Costa Rica, ufficialmente come \u201cturisti\u201d. Tra di loro vi erano uomini, donne e bambini, appartenenti a diverse famiglie perseguitate dal regime nazista. Sacco concesse i visti in assenza di istruzioni precise che vietassero tali pratiche, permettendo cos\u00ec a queste persone di salvarsi e di iniziare una nuova vita lontano dall\u2019Europa. Emblematico \u00e8 il caso della famiglia Piszk, che arriv\u00f2 in Costa Rica quasi per caso, affidandosi alla disponibilit\u00e0 e al coraggio del console.<\/p>\n<p>Questa azione assume un valore ancora pi\u00f9 significativo se si considera che, nello stesso periodo, i visti erano concessi con estrema rarit\u00e0 e che pochi funzionari diplomatici osavano agire in modo cos\u00ec solidale. Tuttavia, alla fine del 1938, l\u2019invio della Circolare 667 da parte delle autorit\u00e0 costaricane pose fine a queste concessioni, proibendo il rilascio di visti a persone di origine ebraica. Sacco si adegu\u00f2 formalmente alle nuove direttive, ma la sua opera era ormai compiuta.<\/p>\n<p>La sua vicenda rappresenta una \u201cpiccola grande storia\u201d: piccola nei numeri, ma enorme nel significato morale, perch\u00e9 dimostra come il coraggio e l\u2019umanit\u00e0 di un singolo individuo possano fare la differenza e salvare vite innocenti.<\/p>\n","protected":false},"excerpt":{"rendered":"La storia del console Cesare Carlo Sacco si colloca nel drammatico contesto europeo del 1938, segnato dall\u2019espansione del nazismo e dalle persecuzioni razziali contro gli ebrei. In quel periodo, molti ebrei tedeschi e austriaci cercavano disperatamente un paese che fosse disposto ad accoglierli per sfuggire alle violenze e alle discriminazioni. In questo scenario, Sacco, console [&hellip;]","protected":false},"author":5,"featured_media":0,"parent":454,"menu_order":0,"comment_status":"closed","ping_status":"closed","template":"","meta":{"footnotes":""},"class_list":["post-11789","page","type-page","status-publish","hentry"],"_links":{"self":[{"href":"https:\/\/ambsanjose.esteri.it\/it\/wp-json\/wp\/v2\/pages\/11789","targetHints":{"allow":["GET"]}}],"collection":[{"href":"https:\/\/ambsanjose.esteri.it\/it\/wp-json\/wp\/v2\/pages"}],"about":[{"href":"https:\/\/ambsanjose.esteri.it\/it\/wp-json\/wp\/v2\/types\/page"}],"author":[{"embeddable":true,"href":"https:\/\/ambsanjose.esteri.it\/it\/wp-json\/wp\/v2\/users\/5"}],"replies":[{"embeddable":true,"href":"https:\/\/ambsanjose.esteri.it\/it\/wp-json\/wp\/v2\/comments?post=11789"}],"version-history":[{"count":1,"href":"https:\/\/ambsanjose.esteri.it\/it\/wp-json\/wp\/v2\/pages\/11789\/revisions"}],"predecessor-version":[{"id":11791,"href":"https:\/\/ambsanjose.esteri.it\/it\/wp-json\/wp\/v2\/pages\/11789\/revisions\/11791"}],"up":[{"embeddable":true,"href":"https:\/\/ambsanjose.esteri.it\/it\/wp-json\/wp\/v2\/pages\/454"}],"wp:attachment":[{"href":"https:\/\/ambsanjose.esteri.it\/it\/wp-json\/wp\/v2\/media?parent=11789"}],"curies":[{"name":"wp","href":"https:\/\/api.w.org\/{rel}","templated":true}]}}