{"id":2614,"date":"2023-11-23T13:11:36","date_gmt":"2023-11-23T19:11:36","guid":{"rendered":"https:\/\/ambsanjose.esteri.it\/?page_id=2614"},"modified":"2025-05-05T10:24:52","modified_gmt":"2025-05-05T16:24:52","slug":"carlos-luis-collado-martinez","status":"publish","type":"page","link":"https:\/\/ambsanjose.esteri.it\/it\/italia-e-costa-rica\/diplomazia-culturale\/le-storie-degli-italiani\/carlos-luis-collado-martinez\/","title":{"rendered":"Carlos Luis Collado Mart\u00ednez"},"content":{"rendered":"<p>Viene ricordato in Italia e in Costa Rica come eroe per la sua partecipazione come\u00a0partigiano\u00a0durante l&#8217;occupazione\u00a0nazista dell&#8217;Italia nella\u00a0Seconda Guerra Mondiale. Dopo aver fatto parte come medico della\u00a063\u00aa Brigata Bolero Garibaldi, Collado mor\u00ec, insieme ad altri 12 partigiani, nella\u00a0Strage del Cavalcavia\u00a0di\u00a0Casalecchio di Reno\u00a0il 10 ottobre\u00a01944, assassinato dopo essere stato torturato dai nazisti.<\/p>\n<p>Carlos Luis nacque a\u00a0San Jos\u00e9,\u00a0Costa Rica, il 19 Settembre 1919. Si trasfer\u00ec in Italia nel 1938, per studiare medicina presso l&#8217;Universit\u00e0 di Bologna. Si laure\u00f2 nel 1944, con una tesi in Anatomia Patologica sui tumori cerebrali, per la quale ottenne il massimo dei voti e un premio alla migliore tesi, che la commissione propose anche di pubblicare. Durante i suoi studi, fu allievo fra i pi\u00f9 preparati del prof. Armando Businco, convinto\u00a0antifascista\u00a0e anti\u00a0nazionalsocialista.<\/p>\n<p>Nel 1944, durante l&#8217;occupazione nazista dell&#8217;Italia, Collado, insieme ad altri medici costaricensi residenti in Italia (come i dottori Jorge Ast\u00faa Caetano e Juan Fernando Laurent Stewart), form\u00f2 il\u00a0<i>Comando degli Angeli\u00a0<\/i>(chiamato cos\u00ec in onore alla\u00a0Vergine degli Angeli, patrona della Costa Rica), con l&#8217;obiettivo di lavorare in associazione per assistere i feriti della Resistenza partigiana. Tempo dopo, Businco venne catturato dai tedeschi; questo, insieme al crescente sentimento antifascista, convinse Collado a entrare in una brigata partigiana, la 63\u00ba\u00a0brigata Garibaldi, dove offr\u00ec i suoi servizi come medico curando feriti e nascondendo soldati e partigiani in aree vicine all&#8217;Ospedale Sant\u2019Orsola.<\/p>\n<p>Il 10 ottobre 1944 Collado, insieme ad altri 12 partigiani, venne catturato a Rasiglio (Sasso Marconi) dalla 16\u00aa\u00a0<i>Panzergrenadierdivision<\/i>\u00a0delle\u00a0SS. Vennero portati prima a Monte San Pietro e poi a\u00a0Casalecchio di Reno, in una piazzetta vicino al Cavalcavia, dove erano stati uccisi due soldati tedeschi. Qui vennero torturati e poi legati con filo spinato ai cancelli e agli alberi nei pressi di una villa, nell&#8217;attuale Via dei Martiri. I soldati tedeschi spararono loro alle gambe e li lasciarono morire strangolati dal peso del proprio corpo.<\/p>\n<p>Dopo la sua morte, il suo corpo venne sepolto in una fossa comune; venne recuperato da Businco, che lo colloc\u00f2 transitoriamente nella cripta della sua famiglia; in seguito i suoi resti furono spostati in Costa Rica, dove ora riposa nel Cimitero Generale di San Jos\u00e9.<\/p>\n<p>Collado ottenne post mortem, nel 1945, la\u00a0Medaglia garibaldina\u00a0per il suo esempio di combattente per la libert\u00e0.<\/p>\n<p>Nel 1946, l&#8217;Ordine dei Medici e dei Chirurghi della Costa Rica gli confer\u00ec l&#8217;iscrizione honoris causa.<\/p>\n<p>In ricordo dell&#8217;eccidio del Cavalcavia\u00a0\u00e8 stato eretto a Casalecchio sul luogo della strage un monumento con i nomi dei patrioti trucidati. A Collado \u00e8 intitolato anche un viale pedonale della citt\u00e0 di Casalecchio di Reno. Nell&#8217;Ottobre 2015 \u00e8 stato inoltre inaugurato un busto alla memoria di Collado, che \u00e8 stato posto presso la Casa per la Pace &#8220;La Filanda&#8221; di Casalecchio. L&#8217;opera, in bronzo, \u00e8 stata realizzata da Olger Villegas Cruz (1934), scultore costaricano attivo sin dagli anni \u201850, vincitore di numerosi premi artistici.<\/p>\n<p>Il 12 agosto 2015, un identico busto \u00e8 stato inaugurato dai familiari di Carlos Collado Martinez in un parco di San Jos\u00e9. La piazzetta dove si trova il busto \u00e8 stata intitolata alla Repubblica di Costa Rica, in ragione della sua scelta, per la prima volta nella storia, di rinunciare alle proprie Forze Armate con la Costituzione del 1949.<\/p>\n<p>A Bologna Collado \u00e8 ricordato insieme agli altri combattenti partigiani nel\u00a0Sacrario dei partigiani\u00a0in\u00a0Piazza del Nettuno. Nel 2013 \u00e8 stata inaugurata a Bologna una targa in suo onore. La targa \u00e8 collocata in via Benedetto XIV n\u00b01, dove Carlos Luis Collado Martinez visse nel periodo degli studi presso l&#8217;Universita di Bologna.<sup id=\"cite_ref-2\" class=\"reference\"><\/sup><sup id=\"cite_ref-3\" class=\"reference\"><\/sup><\/p>\n<p>Presso l&#8217;Istituto di Anatomia Patologica dell&#8217;Universit\u00e0 di Bologna si trova una lapide che commemora Collado insieme ad altri caduti per la patria.<\/p>\n<p>Ogni anno il 10 ottobre, in occasione dell&#8217;anniversario della morte di Carlos e dei suoi compagni, la citt\u00e0 di Casalecchio e l&#8217;Universit\u00e0 di Bologna onorano la loro opera con una cerimonia ufficiale di commemorazione.<\/p>\n<p>Il 26 aprile 2017 \u00e8 stato dichiarato\u00a0<i>benemerito della Patria<\/i> dall&#8217;Assemblea Legislativa del Costa Rica.<\/p>\n","protected":false},"excerpt":{"rendered":"Viene ricordato in Italia e in Costa Rica come eroe per la sua partecipazione come\u00a0partigiano\u00a0durante l&#8217;occupazione\u00a0nazista dell&#8217;Italia nella\u00a0Seconda Guerra Mondiale. Dopo aver fatto parte come medico della\u00a063\u00aa Brigata Bolero Garibaldi, Collado mor\u00ec, insieme ad altri 12 partigiani, nella\u00a0Strage del Cavalcavia\u00a0di\u00a0Casalecchio di Reno\u00a0il 10 ottobre\u00a01944, assassinato dopo essere stato torturato dai nazisti. Carlos Luis nacque a\u00a0San [&hellip;]","protected":false},"author":5,"featured_media":2610,"parent":454,"menu_order":0,"comment_status":"closed","ping_status":"closed","template":"","meta":{"footnotes":""},"class_list":["post-2614","page","type-page","status-publish","has-post-thumbnail","hentry"],"_links":{"self":[{"href":"https:\/\/ambsanjose.esteri.it\/it\/wp-json\/wp\/v2\/pages\/2614","targetHints":{"allow":["GET"]}}],"collection":[{"href":"https:\/\/ambsanjose.esteri.it\/it\/wp-json\/wp\/v2\/pages"}],"about":[{"href":"https:\/\/ambsanjose.esteri.it\/it\/wp-json\/wp\/v2\/types\/page"}],"author":[{"embeddable":true,"href":"https:\/\/ambsanjose.esteri.it\/it\/wp-json\/wp\/v2\/users\/5"}],"replies":[{"embeddable":true,"href":"https:\/\/ambsanjose.esteri.it\/it\/wp-json\/wp\/v2\/comments?post=2614"}],"version-history":[{"count":1,"href":"https:\/\/ambsanjose.esteri.it\/it\/wp-json\/wp\/v2\/pages\/2614\/revisions"}],"predecessor-version":[{"id":2615,"href":"https:\/\/ambsanjose.esteri.it\/it\/wp-json\/wp\/v2\/pages\/2614\/revisions\/2615"}],"up":[{"embeddable":true,"href":"https:\/\/ambsanjose.esteri.it\/it\/wp-json\/wp\/v2\/pages\/454"}],"wp:featuredmedia":[{"embeddable":true,"href":"https:\/\/ambsanjose.esteri.it\/it\/wp-json\/wp\/v2\/media\/2610"}],"wp:attachment":[{"href":"https:\/\/ambsanjose.esteri.it\/it\/wp-json\/wp\/v2\/media?parent=2614"}],"curies":[{"name":"wp","href":"https:\/\/api.w.org\/{rel}","templated":true}]}}