{"id":3084,"date":"2024-01-15T11:32:55","date_gmt":"2024-01-15T17:32:55","guid":{"rendered":"https:\/\/ambsanjose.esteri.it\/?page_id=3084"},"modified":"2024-01-15T11:32:55","modified_gmt":"2024-01-15T17:32:55","slug":"cesare-dondoli","status":"publish","type":"page","link":"https:\/\/ambsanjose.esteri.it\/it\/italia-e-costa-rica\/diplomazia-culturale\/le-storie-degli-italiani\/cesare-dondoli\/","title":{"rendered":"Cesare Dondoli"},"content":{"rendered":"<p>Cesare Dondoli \u00e8 considerato il fondatore degli studi delle scienze geologiche in Costa Rica.<\/p>\n<p>Dondoli nacque in Italia a Castell\u2019Arquato (Piacenza) il 3 giugno 1913 e mor\u00ec in Costa Rica nel 1994.<br \/>\nLaureato in Scienze Naturali presso l&#8217;Universit\u00e0 di Modena nel giugno 1936, per due anni fu assistente all\u2019Istituto di Geologia nella stessa universit\u00e0 e lavor\u00f2 come geologo presso l\u2019AGIP petroli.<\/p>\n<p>Fu chiamato in Costa Rica, nel 1939, per coprire il posto vacante che aveva lasciato un altro pioniere delle attivit\u00e0 geologiche, lo svizzero Pablo Schaufelberger, Capo della Sezione di Geologia e Mineralogia del Centro Nazionale di Agricoltura.<\/p>\n<p>Nel 1940 tale Sezione fu accorpata alla Facolt\u00e0 di Agronomia dell&#8217;Universita&#8217; del Costa Rica &#8211; UCR.<\/p>\n<p>Il prof. Dondoli si occup\u00f2 di prospezioni geologiche per scopi minerari e studio del suolo, di acque sotterranee e di analisi chimiche su rocce, suoli e minerali. Tra le sue competenze il controllo dei sismografi del vecchio Istituto Fisico-Geografico, diretto dallo scienziato svizzero Henry Pittier, che era installato nel Centro Agricolo Nazionale di San Pedro de Montes de Oca.<\/p>\n<p>Presso il Centro tenne le prime lezioni di Geologia e svolse le prime ricerche geologiche applicate al campo agronomico. Tra queste spicca quella che lui chiam\u00f2 ricerca \u201cgeoagronomica\u201d, che permise a molti dei suoi studenti di diplomarsi in ingegneria agraria all&#8217;inizio degli anni \u201840. I primi laureati furono Gabriel Dengo Obreg\u00f3n (geologo), Gil Chaverri Rodr\u00edguez (chimico) e Herbert Nanne Michaud (agronomo).<\/p>\n<p>Allo scoppio della Seconda Guerra Mondiale nel 1943 il prof. Dondoli, a causa della sua nazionalit\u00e0 italiana, fu internato in un campo di concentramento negli Stati Uniti e nel 1945, terminato il periodo bellico, ritorn\u00f2 in patria, dove lavor\u00f2 nella ricerca relativa alla perforazione e allo sfruttamento degli idrocarburi.<\/p>\n<p>Nel 1949 ritorn\u00f2 in Costa Rica per assumere la direzione della Sezione di Geologia e Mineralogia. Lavor\u00f2 come accademico nelle facolt\u00e0 di Agronomia e Ingegneria dell&#8217;UCR e presso il Ministero dell&#8217;Agricoltura nella preparazione del Codice Minerario, approvato nel 1953, e nel contratto petrolifero con la Union Oil. In quest&#8217;anno fu istituito il Dipartimento di Geologia, Miniere e Petrolio del Ministero dell&#8217;Agricoltura.<\/p>\n<p style=\"text-align: left;\"><img loading=\"lazy\" decoding=\"async\" class=\"alignnone size-medium wp-image-3092 img-fluid\" src=\"https:\/\/ambsanjose.esteri.it\/wp-content\/uploads\/2024\/01\/WhatsApp-Image-2024-01-15-at-06.58.20-225x300.jpeg\" alt=\"\" width=\"225\" height=\"300\" srcset=\"https:\/\/ambsanjose.esteri.it\/wp-content\/uploads\/2024\/01\/WhatsApp-Image-2024-01-15-at-06.58.20-225x300.jpeg 225w, https:\/\/ambsanjose.esteri.it\/wp-content\/uploads\/2024\/01\/WhatsApp-Image-2024-01-15-at-06.58.20-768x1024.jpeg 768w, https:\/\/ambsanjose.esteri.it\/wp-content\/uploads\/2024\/01\/WhatsApp-Image-2024-01-15-at-06.58.20.jpeg 1200w\" sizes=\"auto, (max-width: 225px) 100vw, 225px\" \/><br \/>\nQuando fu creato il Dipartimento, il prof. Dondoli prepar\u00f2 uno staff professionale e tecnico per supportare le varie attivit\u00e0 geologiche e di sviluppo, come l&#8217;estrazione mineraria e petrolifera, la ricerca tettonica, le attivit\u00e0 agricole, le infrastrutture, l&#8217;energia, le risorse idriche, nonch\u00e9 le attivit\u00e0 sismologiche e vulcanologiche e il monitoraggio e l\u2019impatto sui disastri naturali, che poi servirono a costituire la Rete Sismologica Nazionale (RSN).<\/p>\n<p>Nel 1960 fu organizzato il Primo Incontro dei Geologi dell&#8217;America Centrale, tenutosi presso l&#8217;UCR. Si tratta di una tappa storica importante nella storia nazionale del Costa Rica, poich\u00e9 \u00e8 l\u00ec che il prof. Dondoli present\u00f2 il progetto per la creazione della Scuola Centroamericana di Geologia, poi realizzata presso l&#8217;Universit\u00e0 del Costa Rica nel 1970.<\/p>\n<p>Inizi\u00f2 cos\u00ec la fruttuosa opera del prof. Dondoli in Costa Rica a favore delle scienze geologiche, culminata con la creazione della Scuola Centroamericana di Geologia, della quale fu direttore per diversi anni.<\/p>\n<p>Si dimise dall\u2019incarico di Direttore del Dipartimento di Geologia, Miniere e Petrolio nel 1971, per continuare come primo Direttore della Scuola fino al pensionamento nel 1979.<\/p>\n<p>La sua fu una lunga e fruttuosa vita di insegnante e ricercatore.<\/p>\n<p>Mor\u00ec il 7 luglio 1994 e le sue spoglie riposano nella sua amata Italia.<\/p>\n","protected":false},"excerpt":{"rendered":"Cesare Dondoli \u00e8 considerato il fondatore degli studi delle scienze geologiche in Costa Rica. Dondoli nacque in Italia a Castell\u2019Arquato (Piacenza) il 3 giugno 1913 e mor\u00ec in Costa Rica nel 1994. Laureato in Scienze Naturali presso l&#8217;Universit\u00e0 di Modena nel giugno 1936, per due anni fu assistente all\u2019Istituto di Geologia nella stessa universit\u00e0 e [&hellip;]","protected":false},"author":5,"featured_media":0,"parent":454,"menu_order":0,"comment_status":"closed","ping_status":"closed","template":"","meta":{"footnotes":""},"class_list":["post-3084","page","type-page","status-publish","hentry"],"_links":{"self":[{"href":"https:\/\/ambsanjose.esteri.it\/it\/wp-json\/wp\/v2\/pages\/3084","targetHints":{"allow":["GET"]}}],"collection":[{"href":"https:\/\/ambsanjose.esteri.it\/it\/wp-json\/wp\/v2\/pages"}],"about":[{"href":"https:\/\/ambsanjose.esteri.it\/it\/wp-json\/wp\/v2\/types\/page"}],"author":[{"embeddable":true,"href":"https:\/\/ambsanjose.esteri.it\/it\/wp-json\/wp\/v2\/users\/5"}],"replies":[{"embeddable":true,"href":"https:\/\/ambsanjose.esteri.it\/it\/wp-json\/wp\/v2\/comments?post=3084"}],"version-history":[{"count":1,"href":"https:\/\/ambsanjose.esteri.it\/it\/wp-json\/wp\/v2\/pages\/3084\/revisions"}],"predecessor-version":[{"id":3096,"href":"https:\/\/ambsanjose.esteri.it\/it\/wp-json\/wp\/v2\/pages\/3084\/revisions\/3096"}],"up":[{"embeddable":true,"href":"https:\/\/ambsanjose.esteri.it\/it\/wp-json\/wp\/v2\/pages\/454"}],"wp:attachment":[{"href":"https:\/\/ambsanjose.esteri.it\/it\/wp-json\/wp\/v2\/media?parent=3084"}],"curies":[{"name":"wp","href":"https:\/\/api.w.org\/{rel}","templated":true}]}}