{"id":3236,"date":"2024-01-24T08:45:58","date_gmt":"2024-01-24T14:45:58","guid":{"rendered":"https:\/\/ambsanjose.esteri.it\/?page_id=3236"},"modified":"2024-01-24T08:45:58","modified_gmt":"2024-01-24T14:45:58","slug":"ettore-de-girolami","status":"publish","type":"page","link":"https:\/\/ambsanjose.esteri.it\/it\/italia-e-costa-rica\/diplomazia-culturale\/le-storie-degli-italiani\/ettore-de-girolami\/","title":{"rendered":"Ettore De Girolami"},"content":{"rendered":"<p>Ettore De Girolami fu un giovane medico italiano con due grandi passioni: la musica e la medicina. Quest\u2019ultima divent\u00f2 poi il suo lavoro quando, grazie alla sua competenza e perseveranza, fu assunto all\u2019Istituto dei Tumori di Milano. L\u2019Italia degli anni \u201950 non \u00e8 per\u00f2 l\u2019ambiente che immaginava per s\u00e9, sua moglie e i suoi due figli. Per questo motivo, decise di vendere tutti i suoi averi, ad eccezione della viola e della fisarmonica, per comprare un biglietto di sola andata verso il Costa Rica.<\/p>\n<p>Arrivato nel Paese, si trov\u00f2 davanti una realt\u00e0 ben diversa da quella paradisiaca che aveva immaginato. Nonostante questo, si mise subito alla ricerca di un lavoro che gli consentisse di mantenere la sua famiglia, e fu cos\u00ec che si diresse all\u2019Ospedale San Juan de Dios. Il suo prezioso contributo all\u2019interno del laboratorio clinico fu subito notato, tanto che il dottor Carlos M. Guti\u00e9rrez, medico presso la <em>Cl\u00ednica de Tumores de la Lucha contra el C\u00e1ncer<\/em> gli chiese di collaborare con lui.<\/p>\n<p>Contemporaneamente, Ettore De Girolami guardava anche al mondo accademico e per questo motivo si rivolse all\u2019Universit\u00e0 della Costa Rica, dove all\u2019epoca non esisteva la facolt\u00e0 di Medicina, ma solo quella di Scienze. Proprio nella facolt\u00e0 di Scienze, riusc\u00ec ad ottenere la cattedra di Istologia nel 1952. Pur non parlando bene la lingua, il professore sapeva compensare i problemi linguistici con altre forme di espressione, riuscendo a trasmettere le sue conoscenze agli studenti.<br \/>\nAnche nel nuovo incarico accademico il prof. De Girolami mise in mostra le sue capacit\u00e0. Infatti, il Consiglio Universitario lo scelse per indirizzare e coordinare tutto ci\u00f2 che riguardasse i programmi di medicina. Tuttavia, egli non voleva soltanto gestire dell\u2019alto le attivit\u00e0 dell\u2019Universit\u00e0 e intervenne direttamente in alcuni progetti come l\u2019organizzazione della sezione dedicata alle riviste scientifiche all\u2019interno della Biblioteca Universitaria, la creazione del programma definitivo dei primi anni fondamentali della Scuola di Medicina e la revisione dei materiali di chimica, fisica, biologia e matematica per la scuola secondaria al fine di migliorare il legame tra liceo e corsi universitari professionali.<\/p>\n<p>Inoltre, \u00e8 proprio al prof. De Girolami che l\u2019Universit\u00e0 della Costa Rica deve due dei suoi pilastri: la Scuola di Medicina, di cui \u00e8 cofondatore, e soprattutto la <em>Revista de Biolog\u00eda Tropical<\/em> dell\u2019Universit\u00e0 della Costa Rica. L\u2019obiettivo del professore italiano era di creare un mezzo che favorisse la diffusione delle ottime ricerche svolte nell\u2019Universit\u00e0. Una volta esposta al Rettore Rodrigo Facio, questi spos\u00f2 con entusiasmo il progetto, tanto che il primo numero sarebbe stato pubblicato poco dopo, il 10 luglio 1953.<\/p>\n<p>Malgrado il suo impegno accademico e di ricerca, il professore non mise mai da parte il suo amore per la musica. Infatti, entr\u00f2 a far parte dell\u2019Orchestra Sinfonica Nazionale suonando la viola e form\u00f2 un quartetto d\u2019archi che tenne tanti concerti al Teatro Nazionale.<\/p>\n<p>Successivamente, si sarebbe trasferito negli Stati Uniti, ma l\u2019affetto per il paese che gli aveva permesso di far sbocciare il suo talent\u00f2 rimase. Cos\u00ec, con l\u2019obiettivo di dare ad altri scienziati le stesse possibilit\u00e0 che lui aveva avuto, decise di istituire assieme alla sua famiglia il \u201cPremio Famiglia De Girolami\u201d. Il riconoscimento, che prevede anche un assegno di $2000, viene assegnato dal 1995 alla migliore pubblicazione all\u2019interno della <em>Revista de Biolog\u00eda Tropical<\/em>.<\/p>\n<p>Ettore De Girolami \u00e8 scomparso nel 2005, ma il suo prezioso lavoro sar\u00e0 continuato da nuove generazioni di scienziati che grazie a lui hanno l\u2019opportunit\u00e0 di portare avanti l\u2019importante ricerca in campo biomedico.<\/p>\n<p><img loading=\"lazy\" decoding=\"async\" class=\"alignnone size-medium wp-image-3238 img-fluid\" src=\"https:\/\/ambsanjose.esteri.it\/wp-content\/uploads\/2024\/01\/girolami-award-300x95.png\" alt=\"\" width=\"300\" height=\"95\" srcset=\"https:\/\/ambsanjose.esteri.it\/wp-content\/uploads\/2024\/01\/girolami-award-300x95.png 300w, https:\/\/ambsanjose.esteri.it\/wp-content\/uploads\/2024\/01\/girolami-award.png 315w\" sizes=\"auto, (max-width: 300px) 100vw, 300px\" \/> <img loading=\"lazy\" decoding=\"async\" class=\"alignnone size-medium wp-image-3239 img-fluid\" src=\"https:\/\/ambsanjose.esteri.it\/wp-content\/uploads\/2024\/01\/Ettore-De-Girolami-2.jpg\" alt=\"\" width=\"176\" height=\"193\" \/> <img loading=\"lazy\" decoding=\"async\" class=\"alignnone size-medium wp-image-3242 img-fluid\" src=\"https:\/\/ambsanjose.esteri.it\/wp-content\/uploads\/2024\/01\/Ettore-De-Girolami.jpg\" alt=\"\" width=\"225\" height=\"225\" srcset=\"https:\/\/ambsanjose.esteri.it\/wp-content\/uploads\/2024\/01\/Ettore-De-Girolami.jpg 225w, https:\/\/ambsanjose.esteri.it\/wp-content\/uploads\/2024\/01\/Ettore-De-Girolami-150x150.jpg 150w\" sizes=\"auto, (max-width: 225px) 100vw, 225px\" \/><\/p>\n","protected":false},"excerpt":{"rendered":"Ettore De Girolami fu un giovane medico italiano con due grandi passioni: la musica e la medicina. Quest\u2019ultima divent\u00f2 poi il suo lavoro quando, grazie alla sua competenza e perseveranza, fu assunto all\u2019Istituto dei Tumori di Milano. L\u2019Italia degli anni \u201950 non \u00e8 per\u00f2 l\u2019ambiente che immaginava per s\u00e9, sua moglie e i suoi due [&hellip;]","protected":false},"author":5,"featured_media":0,"parent":454,"menu_order":0,"comment_status":"closed","ping_status":"closed","template":"","meta":{"footnotes":""},"class_list":["post-3236","page","type-page","status-publish","hentry"],"_links":{"self":[{"href":"https:\/\/ambsanjose.esteri.it\/it\/wp-json\/wp\/v2\/pages\/3236","targetHints":{"allow":["GET"]}}],"collection":[{"href":"https:\/\/ambsanjose.esteri.it\/it\/wp-json\/wp\/v2\/pages"}],"about":[{"href":"https:\/\/ambsanjose.esteri.it\/it\/wp-json\/wp\/v2\/types\/page"}],"author":[{"embeddable":true,"href":"https:\/\/ambsanjose.esteri.it\/it\/wp-json\/wp\/v2\/users\/5"}],"replies":[{"embeddable":true,"href":"https:\/\/ambsanjose.esteri.it\/it\/wp-json\/wp\/v2\/comments?post=3236"}],"version-history":[{"count":1,"href":"https:\/\/ambsanjose.esteri.it\/it\/wp-json\/wp\/v2\/pages\/3236\/revisions"}],"predecessor-version":[{"id":3244,"href":"https:\/\/ambsanjose.esteri.it\/it\/wp-json\/wp\/v2\/pages\/3236\/revisions\/3244"}],"up":[{"embeddable":true,"href":"https:\/\/ambsanjose.esteri.it\/it\/wp-json\/wp\/v2\/pages\/454"}],"wp:attachment":[{"href":"https:\/\/ambsanjose.esteri.it\/it\/wp-json\/wp\/v2\/media?parent=3236"}],"curies":[{"name":"wp","href":"https:\/\/api.w.org\/{rel}","templated":true}]}}