{"id":325,"date":"2023-10-10T12:20:15","date_gmt":"2023-10-10T18:20:15","guid":{"rendered":"https:\/\/ambsanjose.esteri.it\/?page_id=325"},"modified":"2025-07-16T13:43:59","modified_gmt":"2025-07-16T19:43:59","slug":"anagrafe","status":"publish","type":"page","link":"https:\/\/ambsanjose.esteri.it\/it\/servizi-consolari-e-visti\/servizi-per-il-cittadino-italiano\/anagrafe\/","title":{"rendered":"Anagrafe &#8211; AIRE"},"content":{"rendered":"<h3><strong>A.I.R.E. (Anagrafe degli Italiani Residenti all\u2019Estero)<\/strong><\/h3>\n<p>L\u2019Anagrafe degli Italiani Residenti all\u2019Estero e l\u2019Anagrafe della Popolazione Residente costituiscono l\u2019Anagrafe Nazionale della Popolazione Residente (ANPR). L\u2019ANPR \u00e8 una banca-dati unitaria a livello nazionale che contiene le informazioni inserite e gestite dai Comuni.<\/p>\n<p>L\u2019Anagrafe degli Italiani Residenti all\u2019Estero (A.I.R.E.), istituita con legge 27 ottobre 1988, n. 470 (<a href=\"https:\/\/www.normattiva.it\/uri-res\/N2Ls?urn:nir:stato:legge:1988-10-27;470!vig=\">LEGGE 27 ottobre 1988, n. 470 \u2013 Normattiva<\/a>), \u00e8 gestita dai Comuni sulla base dei dati e delle informazioni provenienti dalle Rappresentanze consolari all\u2019estero.<\/p>\n<p>Tutti i cittadini italiani che si trasferiscono in Costa Rica per un periodo superiore a un anno devono registrarsi presso tale anagrafe, presentando una apposita dichiarazione all\u2019ufficio consolare dell\u2019Ambasciata, e allegando la documentazione richiesta.<\/p>\n<p><strong><br \/>\nL\u2019iscrizione all\u2019 A.I.R.E.<\/strong>\u00a0(del tutto gratuita)\u00a0<strong>\u00e8 un obbligo del cittadino<\/strong> (art. 6 Legge 470\/1988, art. 11 Legge 1228\/1954) e costituisce il presupposto per usufruire di una serie di servizi forniti dalle Rappresentanze consolari all&#8217;estero, nonch\u00e9 per l\u2019esercizio di importanti diritti, quali per esempio:<\/p>\n<p>&#8211; la possibilit\u00e0 di votare per elezioni politiche e referendum per corrispondenza nel Paese di residenza;<br \/>\n&#8211; la possibilit\u00e0 di ottenere il rilascio o rinnovo di documenti di identit\u00e0 e di viaggio, nonch\u00e9 certificazioni;<br \/>\n&#8211; la possibilit\u00e0 di rinnovare la patente di guida (solo in Paesi extra U.E.; per i dettagli consultare la sezione Autoveicoli &#8211; Patente di guida).<\/p>\n<h3><strong><br \/>\nChi deve iscriversi all\u2019 A.I.R.E.?<\/strong><\/h3>\n<ul>\n<li>I cittadini italiani che intendono spostare la propria residenza, intesa come dimora abituale, all\u2019estero in via permanente;<\/li>\n<li>I cittadini che gi\u00e0 risiedono all\u2019estero.<\/li>\n<\/ul>\n<p>Chiunque, avendo obblighi anagrafici, contravviene alle disposizioni della Legge 24 dicembre 1954, n. 1228, della Legge 27 ottobre 1988, n. 470, e dei regolamenti di esecuzione delle predette leggi \u00e8 soggetto a <strong>sanzioni pecuniarie amministrative<\/strong>, cos\u00ec come previsto dalla Legge 30 dicembre 2023, n. 213. L\u2019Autorit\u00e0 competente all\u2019accertamento e all\u2019irrogazione della sanzione \u00e8 il Comune nella cui anagrafe \u00e8 iscritto il trasgressore.<\/p>\n<p>Il procedimento accertativo e sanzionatorio in capo ai Comuni \u00e8 disciplinato dalla L. 24 novembre 1981, n. 689, il cui art. 1 prevede che \u201cNessuno pu\u00f2 essere assoggettato a sanzioni amministrative se non in forza di una legge che sia entrata in vigore prima della commissione della violazione\u201d.<\/p>\n<p>&nbsp;<\/p>\n<p>La richiesta di iscrizione all\u2019A.I.R.E. deve essere presentata dal cittadino anche per gli eventuali componenti del nucleo familiare con lui residenti (coniuge, figli minori).<\/p>\n<p>Per <strong>l\u2019iscrizione A.I.R.E. di minorenni<\/strong> andare alla pagina: <a href=\"https:\/\/ambsanjose.esteri.it\/it\/servizi-consolari-e-visti\/servizi-per-il-cittadino-italiano\/anagrafe\/come-iscriversi-allaire\/\"><strong>Come iscriversi all\u2019AIRE<\/strong><\/a><\/p>\n<p>I componenti maggiorenni devono comunque compilare singolarmente la domanda di iscrizione all\u2019A.I.R.E. per il successivo inoltro ai Comuni.<\/p>\n<h3><strong><br \/>\nChi <span style=\"text-decoration: underline;\">non<\/span> deve iscriversi all\u2019 A.I.R.E.?<\/strong><\/h3>\n<p>Non devono iscriversi i cittadini che si recano all&#8217;estero temporaneamente.<\/p>\n<p>Sono <strong>esentati<\/strong> dall&#8217;obbligo dell\u2019iscrizione all&#8217;AIRE:<\/p>\n<ul>\n<li>le persone che si recano all&#8217;estero per un periodo di tempo inferiore ad un anno;<\/li>\n<li>i lavoratori stagionali;<\/li>\n<li>i dipendenti di ruolo dello Stato in servizio all&#8217;estero, notificati alle autorit\u00e0 locali ai sensi delle Convenzioni di Vienna del 1961 e del 1963 sulle relazioni diplomatiche e consolari;<\/li>\n<li>i militari in servizio presso gli uffici e le strutture della NATO.<\/li>\n<\/ul>\n<h3><strong><br \/>\nIscrizione all\u2019 A.I.R.E. per i residenti in Costa Rica<\/strong><\/h3>\n<p>\u00b7 Attraverso il portale<strong><a href=\"https:\/\/serviziconsolarionline.esteri.it\/ScoFE\/index.sco;jsessionid=2290BAE8AE67E95224D8B67DDECCB183?actionMethod=index.xhtml%3AscoServiceCategoryController.reset%28%29\">\u00a0FastIT Servicios Consulares Online<\/a><\/strong>\u00a0seguendo le apposite istruzioni.<\/p>\n<p>Oppure, per coloro che hanno scarse competenze informatiche:<\/p>\n<address>\u00b7 Inviando alla Cancelleria Consolare (\u00a0<a href=\"mailto:consolare.sanjose@esteri.it\">consolare.sanjose@esteri.it<\/a>\u00a0) il\u00a0<a href=\"https:\/\/ambsanjose.esteri.it\/wp-content\/uploads\/2023\/10\/Modulo-iscrizione-aire-costarica.pdf\">Modulo iscrizione AIRE-COSTA RICA<\/a>\u00a0con i relativi allegati:<\/address>\n<p>1. Copia del documento di identit\u00e0.<\/p>\n<p>2. Copia della prova di residenza (cedula de residencia, ecc.)<\/p>\n<h3><strong><br \/>\nIscrizione d\u2019ufficio<\/strong><\/h3>\n<p>L\u2019articolo 6, commi 6 e 9 della legge n. 470\/1988 prevede un obbligo a carico dell\u2019ufficio consolare di procedere all\u2019iscrizione d\u2019ufficio qualora in occasione della richiesta di certificati, atti o documenti, si constati che la posizione anagrafica non \u00e8 stata regolarizzata e il cittadino residente all\u2019estero non renda contestualmente la dichiarazione ai fini dell\u2019iscrizione A.I.R.E.<\/p>\n<h3><strong><br \/>\nAggiornamento dell\u2019 A.I.R.E. \u2013 Cambio di indirizzo<\/strong><\/h3>\n<p>L\u2019aggiornamento delle informazioni riguardanti i cittadini residenti all\u2019estero, oltre ad essere un obbligo di legge, \u00e8 necessaria per poter fruire dei servizi consolari (ad es. rilascio di passaporti, documenti d\u2019identit\u00e0, di dichiarazioni, ecc.). L&#8217;aggiornamento dell\u2019A.I.R.E. \u00e8 un dovere e dipende dal cittadino. L\u2019interessato deve comunicare al competente ufficio consolare (<a href=\"mailto:consolare.sanjose@esteri.it\">consolare.sanjose@esteri.it)<\/a>, tempestivamente:<br \/>\n&#8211; le modifiche dello stato civile per la trascrizione degli atti in Italia (matrimoni, nascite, divorzi ecc.);<br \/>\n&#8211; Il trasferimento della propria residenza od abitazione e ogni altra variazione anagrafica;<br \/>\n&#8211; Il rientro definitivo in Italia;<br \/>\n&#8211; La perdita della cittadinanza italiana.<\/p>\n<p>Per maggiori informazioni consultare la pagina <a href=\"https:\/\/ambsanjose.esteri.it\/it\/servizi-consolari-e-visti\/servizi-per-il-cittadino-italiano\/anagrafe\/come-iscriversi-allaire\/\"><strong>Come iscriversi all\u2019AIRE<\/strong><\/a><\/p>\n<p><em>NOTA BENE<\/em>. Il mancato aggiornamento delle informazioni, in particolare di quelle riguardanti il cambio di indirizzo, rende impossibile il contatto con il cittadino e il ricevimento delle cartoline o dei plichi elettorali, in caso di votazioni.<\/p>\n<h3><strong><br \/>\nTRASFERIMENTO<\/strong><\/h3>\n<p>Per comunicare il trasferimento da un altro paese alla Costa Rica e viceversa occorre utilizzare il portale\u00a0<a href=\"https:\/\/serviziconsolarionline.esteri.it\/ScoFE\/index.sco;jsessionid=2290BAE8AE67E95224D8B67DDECCB183?actionMethod=index.xhtml%3AscoServiceCategoryController.reset%28%29\"><strong>FastIT Servicios Consulares Online<\/strong>.<\/a> , all\u2019interno del quale \u00e8 possibile verificare l\u2019Ufficio consolare competente territorialmente per il luogo di <strong>nuova residenza, <\/strong>al quale va inviata la domanda<strong> entro 90 giorni<\/strong> dal trasferimento. Il servizio \u00e8 denominato \u201ccambio di circoscrizione consolare\u201d. In mancanza di comunicazione del trasferimento, trascorsi 180 giorni da esso potr\u00e0 essere dichiarata l\u2019irreperibilit\u00e0 del cittadino con conseguente cancellazione dell\u2019iscrizione anagrafica da parte del Comune di iscrizione AIRE.<\/p>\n<h3><strong>RIMPATRIO<\/strong><\/h3>\n<p>Per rimpatrio si intende il rientro definitivo di un singolo o di un nucleo familiare in Italia.<br \/>\nLe relative informazioni sono consultabili la pagina\u00a0<a href=\"https:\/\/ambsanjose.esteri.it\/it\/servizi-consolari-e-visti\/servizi-per-il-cittadino-italiano\/rientro-definitivo-in-italia\/\">Rientro definitivo in Italia \u2013 Ambasciata d\u2019Italia San Jos\u00e9 (esteri.it)<\/a><\/p>\n","protected":false},"excerpt":{"rendered":"A.I.R.E. (Anagrafe degli Italiani Residenti all\u2019Estero) L\u2019Anagrafe degli Italiani Residenti all\u2019Estero e l\u2019Anagrafe della Popolazione Residente costituiscono l\u2019Anagrafe Nazionale della Popolazione Residente (ANPR). L\u2019ANPR \u00e8 una banca-dati unitaria a livello nazionale che contiene le informazioni inserite e gestite dai Comuni. L\u2019Anagrafe degli Italiani Residenti all\u2019Estero (A.I.R.E.), istituita con legge 27 ottobre 1988, n. 470 (LEGGE [&hellip;]","protected":false},"author":5,"featured_media":0,"parent":47,"menu_order":1,"comment_status":"closed","ping_status":"closed","template":"","meta":{"footnotes":""},"class_list":["post-325","page","type-page","status-publish","hentry"],"_links":{"self":[{"href":"https:\/\/ambsanjose.esteri.it\/it\/wp-json\/wp\/v2\/pages\/325","targetHints":{"allow":["GET"]}}],"collection":[{"href":"https:\/\/ambsanjose.esteri.it\/it\/wp-json\/wp\/v2\/pages"}],"about":[{"href":"https:\/\/ambsanjose.esteri.it\/it\/wp-json\/wp\/v2\/types\/page"}],"author":[{"embeddable":true,"href":"https:\/\/ambsanjose.esteri.it\/it\/wp-json\/wp\/v2\/users\/5"}],"replies":[{"embeddable":true,"href":"https:\/\/ambsanjose.esteri.it\/it\/wp-json\/wp\/v2\/comments?post=325"}],"version-history":[{"count":6,"href":"https:\/\/ambsanjose.esteri.it\/it\/wp-json\/wp\/v2\/pages\/325\/revisions"}],"predecessor-version":[{"id":9389,"href":"https:\/\/ambsanjose.esteri.it\/it\/wp-json\/wp\/v2\/pages\/325\/revisions\/9389"}],"up":[{"embeddable":true,"href":"https:\/\/ambsanjose.esteri.it\/it\/wp-json\/wp\/v2\/pages\/47"}],"wp:attachment":[{"href":"https:\/\/ambsanjose.esteri.it\/it\/wp-json\/wp\/v2\/media?parent=325"}],"curies":[{"name":"wp","href":"https:\/\/api.w.org\/{rel}","templated":true}]}}