{"id":3265,"date":"2024-01-29T12:31:47","date_gmt":"2024-01-29T18:31:47","guid":{"rendered":"https:\/\/ambsanjose.esteri.it\/?page_id=3265"},"modified":"2024-01-31T13:21:34","modified_gmt":"2024-01-31T19:21:34","slug":"antonio-balli-pranzini","status":"publish","type":"page","link":"https:\/\/ambsanjose.esteri.it\/it\/italia-e-costa-rica\/diplomazia-culturale\/le-storie-degli-italiani\/antonio-balli-pranzini\/","title":{"rendered":"Antonio Balli Pranzini"},"content":{"rendered":"<p>Nato a Correggio, Modena, nel 1907, Antonio Balli fu zoologo e filosofo. Si laure\u00f2 in ingegneria agraria, specializzandosi in zootecnia a Gembloux, in Belgio, nel 1931. \u00c8 successivamente torn\u00f2 in patria per conseguire il dottorato, sempre in Scienze Agrarie, presso l\u2019Universit\u00e0 di Milano.<\/p>\n<p>Tra il 1934 e il 1947 pubblic\u00f2 42 articoli sulla Zoologia sperimentale. Insegn\u00f2 e fece ricerca per circa 20 anni nelle Universit\u00e0 di Modena, Parma e Perugia, ricoprendo anche importanti incarichi amministrativi, finch\u00e9 non fu reclutato in Costa Rica per la riforma universitaria del 1957, opera dell\u2019avvocato ed economista Rodrigo Facio Brenes, allora rettore dell&#8217;Universit\u00e0 del Costa Rica (UCR).<\/p>\n<p>La riforma universitaria prevedeva che gli studenti, prima di iniziare le loro carriere lavorative, studiassero per un anno alcune discipline umanistiche. Questi studi riguardavano tre materie principali, la storia della cultura, i fondamenti di filosofia e lo spagnolo; integrate con altri insegnamenti a scelta di carattere sociologico, antropologico, biologico, etc. Questa importante iniziativa richiedeva l\u2019aiuto di professori stranieri o il rimpatrio di costaricani con previa formazione all\u2019estero che potessero avviare una \u201cglobalizzazione\u201d culturale in Costa Rica e contribuire alla formazione dei futuri professori.<\/p>\n<p><img loading=\"lazy\" decoding=\"async\" class=\"alignnone size-medium wp-image-3268 img-fluid\" src=\"https:\/\/ambsanjose.esteri.it\/wp-content\/uploads\/2024\/01\/Balli-200x300.jpg\" alt=\"\" width=\"200\" height=\"300\" srcset=\"https:\/\/ambsanjose.esteri.it\/wp-content\/uploads\/2024\/01\/Balli-200x300.jpg 200w, https:\/\/ambsanjose.esteri.it\/wp-content\/uploads\/2024\/01\/Balli.jpg 243w\" sizes=\"auto, (max-width: 200px) 100vw, 200px\" \/><br \/>\nTra questi vi era Antonio Balli Pranzini, che fu chiamato in Costa Rica nel 1957 e, affascinato dal paese tropicale, vi si trasfer\u00ec insieme alla famiglia e vi rimase fino alla morte.<\/p>\n<p>Balli era uno scienziato con idee molto originali. Studi\u00f2 diverse specie animali in Italia, era un grande osservatore e conosceva perfettamente il comportamento degli animali, in particolare quello delle galline e delle api.<br \/>\nSuccessivamente si allontan\u00f2 dall\u2019insegnamento convenzionale della zoologia, per adottare un approccio basato su uno studio ragionato delle cause dei fenomeni naturali. Quello che voleva per i suoi studenti era stimolarli a pensare, ad andare oltre, a discernere i veri problemi. Questo gli fece acquisire la duplice veste di biologo e filosofo.<\/p>\n<p>Quando fu assunto dall\u2019UCR, Balli era professore ordinario di Zoologia Generale, Zoologia degli Invertebrati e Zoologia dei Vertebrati, ma anni dopo prese anche la cattedra del corso di Idee Biologiche. Scrisse pi\u00f9 di 150 articoli di carattere biologico-filosofico che utilizz\u00f2 come materiale didattico per quest\u2019ultimo corso.<br \/>\nTra questi vi sono articoli intitolati \u201cSull&#8217;origine della vita&#8221;, &#8220;Senza filosofare non c&#8217;\u00e8 sviluppo&#8221;, &#8220;Sapere filosofico e sapere scientifico&#8221;.<\/p>\n<p>Il prof. Balli ha lasciato un numero considerevole di articoli di divulgazione scientifica ed il suo lavoro ha suscitato molta stima e gratitudine tra gli studenti dell&#8217;universit\u00e0 costaricense.<\/p>\n","protected":false},"excerpt":{"rendered":"Nato a Correggio, Modena, nel 1907, Antonio Balli fu zoologo e filosofo. Si laure\u00f2 in ingegneria agraria, specializzandosi in zootecnia a Gembloux, in Belgio, nel 1931. \u00c8 successivamente torn\u00f2 in patria per conseguire il dottorato, sempre in Scienze Agrarie, presso l\u2019Universit\u00e0 di Milano. Tra il 1934 e il 1947 pubblic\u00f2 42 articoli sulla Zoologia sperimentale. [&hellip;]","protected":false},"author":5,"featured_media":0,"parent":454,"menu_order":0,"comment_status":"closed","ping_status":"closed","template":"","meta":{"footnotes":""},"class_list":["post-3265","page","type-page","status-publish","hentry"],"_links":{"self":[{"href":"https:\/\/ambsanjose.esteri.it\/it\/wp-json\/wp\/v2\/pages\/3265","targetHints":{"allow":["GET"]}}],"collection":[{"href":"https:\/\/ambsanjose.esteri.it\/it\/wp-json\/wp\/v2\/pages"}],"about":[{"href":"https:\/\/ambsanjose.esteri.it\/it\/wp-json\/wp\/v2\/types\/page"}],"author":[{"embeddable":true,"href":"https:\/\/ambsanjose.esteri.it\/it\/wp-json\/wp\/v2\/users\/5"}],"replies":[{"embeddable":true,"href":"https:\/\/ambsanjose.esteri.it\/it\/wp-json\/wp\/v2\/comments?post=3265"}],"version-history":[{"count":4,"href":"https:\/\/ambsanjose.esteri.it\/it\/wp-json\/wp\/v2\/pages\/3265\/revisions"}],"predecessor-version":[{"id":3323,"href":"https:\/\/ambsanjose.esteri.it\/it\/wp-json\/wp\/v2\/pages\/3265\/revisions\/3323"}],"up":[{"embeddable":true,"href":"https:\/\/ambsanjose.esteri.it\/it\/wp-json\/wp\/v2\/pages\/454"}],"wp:attachment":[{"href":"https:\/\/ambsanjose.esteri.it\/it\/wp-json\/wp\/v2\/media?parent=3265"}],"curies":[{"name":"wp","href":"https:\/\/api.w.org\/{rel}","templated":true}]}}