{"id":336,"date":"2023-10-10T12:36:08","date_gmt":"2023-10-10T18:36:08","guid":{"rendered":"https:\/\/ambsanjose.esteri.it\/?page_id=336"},"modified":"2026-03-14T11:38:13","modified_gmt":"2026-03-14T17:38:13","slug":"festivita-infrasettimanali","status":"publish","type":"page","link":"https:\/\/ambsanjose.esteri.it\/it\/chi-siamo\/la-sede\/festivita-infrasettimanali\/","title":{"rendered":"Elenco Festivita&#8217;"},"content":{"rendered":"<p><strong>Le festivita\u2019 infrasettimanali che verranno osservate nel 2026 sono<\/strong>:<\/p>\n<table style=\"height: 670px;\" width=\"521\">\n<tbody>\n<tr>\n<td width=\"196\">Gioved\u00ec 1\u00b0 gennaio<\/td>\n<td width=\"144\"><\/td>\n<td width=\"253\">Capodanno<\/td>\n<\/tr>\n<tr>\n<td width=\"196\">Venerd\u00ec 3 aprile<\/td>\n<td width=\"144\"><\/td>\n<td width=\"253\">Venerd\u00ec Santo<\/td>\n<\/tr>\n<tr>\n<td width=\"196\">Luned\u00ec 6 aprile<\/td>\n<td width=\"144\"><\/td>\n<td width=\"253\">Lunedi dell\u2019Angelo<\/td>\n<\/tr>\n<tr>\n<td width=\"196\">Sabato 25 aprile<\/td>\n<td width=\"144\"><\/td>\n<td width=\"253\">Festa della Liberazione<\/td>\n<\/tr>\n<tr>\n<td width=\"196\">Venerd\u00ec 1\u00b0 maggio<\/td>\n<td width=\"144\"><\/td>\n<td width=\"253\">Festa del Lavoro<\/td>\n<\/tr>\n<tr>\n<td width=\"196\">Marted\u00ec 2 giugno<\/td>\n<td width=\"144\"><\/td>\n<td width=\"253\">Festa della Repubblica<\/td>\n<\/tr>\n<tr>\n<td width=\"196\">Sabato 15 agosto<\/td>\n<td width=\"144\"><\/td>\n<td width=\"253\">Ferragosto<\/td>\n<\/tr>\n<tr>\n<td width=\"196\">Marted\u00ec 15 settembre<\/td>\n<td width=\"144\"><\/td>\n<td width=\"253\">Festa Nazionale del Costa Rica<\/td>\n<\/tr>\n<tr>\n<td width=\"196\">Marted\u00ec 1\u00b0 dicembre<\/td>\n<td width=\"144\"><\/td>\n<td width=\"253\">Abolizione dell\u2019esercito<\/td>\n<\/tr>\n<tr>\n<td width=\"196\">Venerd\u00ec 25 dicembre<\/td>\n<td width=\"144\"><\/td>\n<td width=\"253\">Natale<\/td>\n<\/tr>\n<tr>\n<td width=\"196\">Sabato 26 dicembre<\/td>\n<td width=\"144\"><\/td>\n<td width=\"253\">Santo Stefano<\/td>\n<\/tr>\n<\/tbody>\n<\/table>\n<p>&nbsp;<\/p>\n<p>In tali giorni gli Uffici dell&#8217;Ambasciata sono chiusi al pubblico.<\/p>\n","protected":false},"excerpt":{"rendered":"Le festivita\u2019 infrasettimanali che verranno osservate nel 2026 sono: Gioved\u00ec 1\u00b0 gennaio Capodanno Venerd\u00ec 3 aprile Venerd\u00ec Santo Luned\u00ec 6 aprile Lunedi dell\u2019Angelo Sabato 25 aprile Festa della Liberazione Venerd\u00ec 1\u00b0 maggio Festa del Lavoro Marted\u00ec 2 giugno Festa della Repubblica Sabato 15 agosto Ferragosto Marted\u00ec 15 settembre Festa Nazionale del Costa Rica Marted\u00ec 1\u00b0 [&hellip;]","protected":false},"author":5,"featured_media":0,"parent":39,"menu_order":0,"comment_status":"closed","ping_status":"closed","template":"","meta":{"footnotes":""},"class_list":["post-336","page","type-page","status-publish","hentry"],"_links":{"self":[{"href":"https:\/\/ambsanjose.esteri.it\/it\/wp-json\/wp\/v2\/pages\/336","targetHints":{"allow":["GET"]}}],"collection":[{"href":"https:\/\/ambsanjose.esteri.it\/it\/wp-json\/wp\/v2\/pages"}],"about":[{"href":"https:\/\/ambsanjose.esteri.it\/it\/wp-json\/wp\/v2\/types\/page"}],"author":[{"embeddable":true,"href":"https:\/\/ambsanjose.esteri.it\/it\/wp-json\/wp\/v2\/users\/5"}],"replies":[{"embeddable":true,"href":"https:\/\/ambsanjose.esteri.it\/it\/wp-json\/wp\/v2\/comments?post=336"}],"version-history":[{"count":6,"href":"https:\/\/ambsanjose.esteri.it\/it\/wp-json\/wp\/v2\/pages\/336\/revisions"}],"predecessor-version":[{"id":11822,"href":"https:\/\/ambsanjose.esteri.it\/it\/wp-json\/wp\/v2\/pages\/336\/revisions\/11822"}],"up":[{"embeddable":true,"href":"https:\/\/ambsanjose.esteri.it\/it\/wp-json\/wp\/v2\/pages\/39"}],"wp:attachment":[{"href":"https:\/\/ambsanjose.esteri.it\/it\/wp-json\/wp\/v2\/media?parent=336"}],"curies":[{"name":"wp","href":"https:\/\/api.w.org\/{rel}","templated":true}]}}