{"id":3563,"date":"2024-01-16T14:04:27","date_gmt":"2024-01-16T20:04:27","guid":{"rendered":"https:\/\/ambsanjose.esteri.it\/?page_id=3563"},"modified":"2024-02-15T10:07:56","modified_gmt":"2024-02-15T16:07:56","slug":"la-cooperazione-internazionale-tramite-liila","status":"publish","type":"page","link":"https:\/\/ambsanjose.esteri.it\/it\/italia-e-costa-rica\/cooperazione-allo-sviluppo\/la-cooperazione-internazionale-tramite-liila\/","title":{"rendered":"La cooperazione internazionale tramite l&#8217;IILA"},"content":{"rendered":"<p>L&#8217;IILA, Organizzazione Internazionale Italo-Latino Americana, \u00e8 un&#8217;organizzazione intergovernativa con sede a Roma. \u00c8 stata creata nel 1966 con il nome di Istituto Italo-Latino Americano come strumento per promuovere e rafforzare le relazioni tra Italia (Europa) e America Latina.<\/p>\n<p>Gli Stati membri dell&#8217;Organizzazione sono l&#8217;Italia e le 20 Repubbliche latinoamericane (Argentina, Stato Plurinazionale di Bolivia, Brasile, Cile, Colombia, Costa Rica, Cuba, Repubblica Dominicana, Ecuador, El Salvador, Guatemala, Haiti, Honduras, Messico, Nicaragua, Panama, Paraguay, Per\u00f9, Uruguay e la Repubblica Bolivariana del Venezuela).<\/p>\n<p>Fin dalla sua fondazione, l&#8217;IILA ha sempre svolto un ruolo importante nel facilitare le relazioni tra Italia, Europa e America Latina in ambito culturale, socio-economico, tecnico-scientifico e di cooperazione, organizzando incontri con specialisti del settore, sponsorizzando eventi e borse di studio, promuovendo congressi, convegni, mostre e altri eventi, e realizzando progetti di cooperazione nei Paesi dell&#8217;America Latina.<\/p>\n<p><strong>Principali aree di lavoro in Costa Rica:<\/strong><\/p>\n<h2><strong>COOPERAZIONE CULTURALE<\/strong><\/h2>\n<ol>\n<li><strong> Progetto di sostegno al recupero del Teatro Nazionale di San Jos\u00e9, Costa Rica.<\/strong><\/li>\n<\/ol>\n<p>Realizzazione di un corso\/laboratorio di specializzazione sulle tecniche di restauro estetico di parti mancanti di alcuni dipinti del Teatro Nazionale di Costa Rica TNCR, il quale \u00e8 strutturato in 3 moduli formativi:<\/p>\n<ul>\n<li><strong>14 aprile &#8211; 13 maggio 2023: Corso online &#8220;La conservazione del patrimonio pittorico: il caso del Teatro Nazionale di Costa Rica. Storia, scienze diagnostiche e tecniche estetiche di reintegrazione delle parti mancanti nel restauro del dipinto&#8221;.<\/strong> Le lezioni sono state tenute da docenti italiani e costaricani. Il corso era rivolto a professionisti costaricani coinvolti nella gestione del patrimonio culturale e a 4 partecipanti provenienti da El Salvador, Guatemala e Nicaragua.<\/li>\n<li><strong>12 giugno-7 luglio 2023: la fase di formazione sul posto si \u00e8 svolta a San Jos\u00e9 presso il Teatro Nazionale con esercitazioni didattiche di restauro. L&#8217;IILA ha donato i materiali e gli strumenti necessari per la realizzazione della Scuola di restauro dei dipinti &#8220;Le Muse&#8221; <\/strong>(1897) dell&#8217;artista italiano Carlo Ferrario; ha inviato un gruppo di esperti italiani, che hanno svolto nella Sala Musa del Teatro Nazionale le lezioni teoriche e pratiche propedeutiche ai futuri interventi di restauro. Il corso era rivolto a 14 partecipanti selezionati sia fra i costaricani che fra i paesi limitrofi di El Salvador, Guatemala e Nicaragua.<\/li>\n<li><strong>Gennaio 2024:<\/strong> \u00e8 stato programmato l&#8217;avvio del Workshop\/Scuola presso il TNCR con il restauro delle opere pittoriche del &#8220;Musa I e II&#8221;.<\/li>\n<\/ul>\n<ol start=\"2\">\n<li><strong> Polo latinoamericano per la conservazione del patrimonio culturale<\/strong><\/li>\n<\/ol>\n<p>L&#8217;obiettivo \u00e8 contribuire alla conservazione e alla valorizzazione del patrimonio culturale latinoamericano attraverso: il rafforzamento delle capacit\u00e0 tecniche e specialistiche delle istituzioni latinoamericane responsabili della conservazione del patrimonio culturale; il sostegno alla valorizzazione e alla tradizione del patrimonio culturale latinoamericano e il rafforzamento della Rete IILA nei seguenti settori: carta, ceramica, legno, archivi e biblioteche, musei in America Latina.<\/p>\n<p><strong>Corso sulla &#8220;Conservazione e la gestione degli archivi storici e moderni&#8221; (luglio-agosto 2020)<\/strong>: In coordinamento con il Ministero della Cultura e della Giovent\u00f9 del Costa Rica, il Museo Nazionale del Costa Rica, l&#8217;Istituto di Ricerca sull&#8217;Arte (IIArte) dell&#8217;Universit\u00e0 del Costa Rica (UCR). Attivit\u00e0 modello per altre iniziative di formazione virtuale in seguito all&#8217;emergenza sanitaria.<\/p>\n<p>Costa Rica: 45<\/p>\n<p><strong>Corso &#8220;Caf\u00e9 letterario tra arte, cultura e musica italiana&#8221; (ottobre-novembre 2020)<\/strong>.<\/p>\n<p>Costa Rica: 4<\/p>\n<p><strong>Corso &#8220;Il museo: conservazione, gestione, educazione, valorizzazione&#8221;, prima edizione<\/strong> (febbraio-marzo 2021); <strong>seconda edizione<\/strong> (luglio 2021). Oltre 900 domande di partecipazione da tutti i Paesi dell&#8217;America Latina e dei Caraibi, circa 500 partecipanti in totale, di cui 87 dal Costa Rica.<\/p>\n<p><strong>Programma di scambio di formazione avanzata: &#8220;Musei e territori&#8221;<\/strong> (ottobre-novembre 2021)<\/p>\n<p>Costa Rica: 2.<\/p>\n<p><strong>Programma di scambio di formazione avanzata: &#8220;Patrimonio culturale. Rischi e gestione&#8221;<\/strong> (novembre 2022):<\/p>\n<p>Costa Rica: 13.<\/p>\n<p><strong>Corso online &#8220;La lotta al traffico illecito di beni culturali, la sicurezza dei siti culturali e la cultura della legalit\u00e0&#8221;,<\/strong> organizzato in collaborazione con il Comando Carabinieri Tutela Patrimonio Culturale (CCTPC) febbraio-aprile 2022:<\/p>\n<p>Costa Rica: 10.<\/p>\n<h2><strong>GIUSTIZIA E SICUREZZA<\/strong><\/h2>\n<ol>\n<li><strong>Programma Falcone-Borsellino<\/strong><\/li>\n<\/ol>\n<p>L&#8217;obiettivo \u00e8 contribuire a migliorare la cooperazione tra l&#8217;Italia e i Paesi dell&#8217;America Latina nella lotta contro tutte le forme di criminalit\u00e0 e porre le basi per un&#8217;armonizzazione regionale minima nella prevenzione e nella lotta alle organizzazioni criminali transnazionali.<\/p>\n<p>Nell&#8217;ambito di questo programma, <strong>il Costa Rica \u00e8 il Paese che ha ricevuto pi\u00f9 assistenza tecnica.<\/strong> Nel novembre 2022, nell&#8217;ambito della Fase I del Programma, i giudici Francesco Menditto e Raffaele Cantone hanno condotto i primi corsi di formazione.<\/p>\n<p>Per quanto riguarda la Fase II, nel febbraio 2023 \u00e8 iniziato il ciclo di webinar di formazione avanzata. Il primo, sul tema &#8220;<strong>Criminalit\u00e0 organizzata_Mafie, Maras, Gang e Cartelli<\/strong>&#8220;, rivolto a giudici, pubblici ministeri, agenti di polizia e penitenziari, mirava a fornire ai partecipanti latinoamericani strumenti utili per conoscere le organizzazioni criminali italiane e orientare le loro indagini sul fenomeno della criminalit\u00e0 organizzata all&#8217;interno di quadri analitici e interpretativi complessi, tenendo conto dell&#8217;esperienza italiana.<\/p>\n<ol start=\"2\">\n<li><strong> COPOLAD III<\/strong><\/li>\n<\/ol>\n<p>\u00c8 un programma finanziato dall&#8217;Unione Europea (UE) che promuove la cooperazione tecnica in materia di politica sulle droghe tra America Latina, Caraibi ed Europa.<\/p>\n<p>Il COPOLAD, attraverso un accordo con il GAFILAT, sta fornendo assistenza tecnica all&#8217;Istituto per le droghe del Costa Rica (ICD) per rafforzare la piattaforma di scambio di informazioni della Rete per il recupero dei beni del GAFILAT (RRAG). I risultati di questa assistenza tecnica saranno presentati alla riunione annuale della RRAG che si terr\u00e0 a Cartagena de Indias, in Colombia, <strong>il 28, 29 e 30 novembre 2023.<\/strong><\/p>\n<p>L&#8217;Agenzia giudiziaria investigativa del Costa Rica (OIJ) partecipa a un gruppo di lavoro sulle tecniche investigative speciali con altri 11 Paesi dell&#8217;America Latina. Nella settimana del <strong>20 novembre 2023 si \u00e8 tenuto a Roma un corso di formazione sugli agenti sotto copertura, in collaborazione con la Direzione Centrale per i Servizi Antidroga italiana.<\/strong><\/p>\n<ol start=\"3\">\n<li><strong> EL PAcCTO<\/strong><\/li>\n<\/ol>\n<p>Si tratta di un programma regionale europeo di assistenza contro la criminalit\u00e0 organizzata transnazionale che ha concluso la sua prima fase nel dicembre 2022. La seconda fase inizier\u00e0 nel 2023 e l&#8217;IILA, su proposta del Governo italiano, continuer\u00e0 a fornire assistenza tecnica nel campo della cooperazione penitenziaria, dell&#8217;anticorruzione e del contrasto ai reati economici della criminalit\u00e0 organizzata.<\/p>\n<p>Nel corso del 2023, l&#8217;IILA ha continuato a sostenere le reti di cooperazione attivate nell&#8217;ambito del Programma (REDCOPEN &#8211; Rete di cooperazione penitenziaria e RAP &#8211; Rete biregionale delle accademie penitenziarie) con l&#8217;obiettivo di stabilizzarle e rafforzarle.<\/p>\n<p>Il Costa Rica, in particolare, fa parte delle suddette reti e si caratterizza per una partecipazione proattiva e costante alle relative attivit\u00e0.<\/p>\n<h2><strong>SOSTEGNO ALLO SVILUPPO ECONOMICO SOSTENIBILE<\/strong><\/h2>\n<ol>\n<li><strong> Forum delle PMI<\/strong><\/li>\n<\/ol>\n<p>Il Costa Rica ha partecipato alle varie edizioni del Forum delle PMI.<\/p>\n<p><strong>Sette delegati<\/strong> hanno partecipato al Forum tematico agroalimentare tenutosi a Rimini il 3, 4 e 5 maggio 2023.<\/p>\n<p>Al VII Forum delle PMI Italia &#8211; America Latina che si \u00e8 tenuto il 2, 3 e 4 ottobre nella citt\u00e0 di Bergamo, ha partecipato <strong>1 costaricense.<\/strong><\/p>\n<ol start=\"2\">\n<li><strong> VI Scuola estiva: PMI e gestione del territorio<\/strong><\/li>\n<\/ol>\n<p>Tra il 15 maggio e il 9 giugno 2023, presso la sede dell&#8217;Universit\u00e0 Tecnica Nazionale del Costa Rica, si \u00e8 tenuta la VI edizione della Summer School, organizzata dall&#8217;IILA in collaborazione con l&#8217;Universit\u00e0 degli Studi di Padova e l&#8217;Universit\u00e0 Tecnica Nazionale del Costa Rica.<\/p>\n<p>L&#8217;iniziativa, dedicata al tema &#8220;Resilienza e transizione ecologica nelle metodologie di pianificazione dello sviluppo territoriale sostenibile&#8221;, \u00e8 stata sviluppata in modalit\u00e0 ibrida.<\/p>\n<ol start=\"3\">\n<li><strong> Progetto Habilitas<\/strong><\/li>\n<\/ol>\n<p>Nel primo bando del <strong>Progetto Habilitas<\/strong>, nel 2022, la selezione degli stagisti ha tenuto conto, oltre che al merito, della distribuzione delle 50 borse di studio disponibili tra i 20 Paesi membri dell&#8217;IILA. Tra i vincitori delle borse di studio ci sono stati <strong>4 costaricensi<\/strong> con tirocini nella produzione di prodotti caseari, tirocini in un corso teorico-pratico sul sistema moda e tirocini nell&#8217;economia della conoscenza e nelle PMI.<\/p>\n<p>Nella <strong>seconda edizione<\/strong> del Progetto Habilitas, nel 2023, sono stati selezionati <strong>3 costaricensi<\/strong> <strong>su 29 candidature.<\/strong><\/p>\n<ol start=\"4\">\n<li><strong> Progetto di formazione sull&#8217;arte e l&#8217;artigianato tessile, con particolare attenzione al ruolo delle donne nella filiera della moda. Accademia italo-latinoamericana delle filiere della moda.<\/strong><\/li>\n<\/ol>\n<p>L&#8217;obiettivo \u00e8 sostenere la crescita e la trasformazione delle PMI della moda in America Latina, cercando di consolidare il Sistema Moda Latinoamericano, tenendo come asse centrale le politiche di genere, promuovendo l&#8217;imprenditoria femminile attraverso la formazione e lo scambio di esperienze, rispondendo a modelli di sostenibilit\u00e0 ed economia circolare.<\/p>\n<p>L&#8217;obiettivo generale \u00e8, in termini di innovazione, competitivit\u00e0 e sostenibilit\u00e0, accompagnare la trasformazione del Sistema Moda Latinoamericano, ispirandosi al modello del &#8220;Made in Italy&#8221;, stimolando la transizione delle piccole e medie imprese del settore, verso modelli di economia circolare che permettano, in futuro, di ridurre l&#8217;impatto ambientale e promuovere il miglioramento della salute pubblica e della capacit\u00e0 economica e produttiva dei Paesi coinvolti.<\/p>\n<p>Attivit\u00e0 svolte:<\/p>\n<ul>\n<li><strong>Seminari<\/strong> &#8211; ciclo di seminari sulla moda sostenibile in America Latina, basati sul modello di successo del Made in Italy, rivolti a tutti gli interessati al settore della filiera produttiva della moda in tutti i Paesi membri dell&#8217;IILA.<\/li>\n<li><strong>Corso breve online<\/strong> &#8211; Storia del design in America Latina e nei Caraibi. Panoramica dello sviluppo del design. Comparazione Italia\/America Latina.<\/li>\n<li><strong>Concorso<\/strong> di moda ecosostenibile dell&#8217;America Latina, organizzato da AILAM_Hub<\/li>\n<li><strong>Borse di studio<\/strong> &#8211; Cl\u00faster Moda Habilitas 2023: 10 borse di studio per il settore della moda.<\/li>\n<\/ul>\n<ol start=\"5\">\n<li><strong>Progetto Trasformazione delle citt\u00e0 latinoamericane verso un&#8217;economia sostenibile. Attivit\u00e0 di riforestazione e rinverdimento urbano. Foresta dell&#8217;amicizia italo-latinoamericana IILA.<\/strong><\/li>\n<\/ol>\n<p>A sostegno della <strong>campagna internazionale &#8220;Impronta di futuro<\/strong>&#8221; per una ripresa verde e sostenibile &#8211; promossa dal Ministero dell&#8217;Ambiente e dell&#8217;Energia del Costa Rica e dal Programma delle Nazioni Unite per lo Sviluppo (UNDP), in nove comuni del nord del Paese &#8211; l&#8217;IILA ha finanziato la collocazione di 2.000 alberi autoctoni e la manutenzione degli alberi per cinque anni, a favore della Scuola Tecnica Professionale di Sarapiqu\u00ed (Provincia di Heredia).<\/p>\n<p><strong>Inaugurazione realizzata il 9 marzo 2022.<\/strong> Attualmente sono stati piantati 2000 alberi, il 100% della donazione fatta da IILA.<\/p>\n<h2><strong>COOPERAZIONE SCIENTIFICA<\/strong><\/h2>\n<ol>\n<li><strong> Scientia est sanitas officinarum: workshop di formazione sulla ricerca in sanit\u00e0 pubblica in America Latina.<\/strong><\/li>\n<\/ol>\n<p>Il progetto mira a rafforzare la cooperazione e lo scambio di buone pratiche sanitarie tra l&#8217;Italia e gli istituti di ricerca, le universit\u00e0 e i ministeri della Sanit\u00e0 dei Paesi partecipanti, tra cui il <strong>Costa Rica<\/strong>.<\/p>\n<p>Temi di capacity building che saranno sviluppati dall&#8217;Instituto Superior de Salud (ISS):<\/p>\n<p>&#8211; Capacity building nella lotta agli arbovirus endemici e importati (Chikungunya, Dengue, Zika, Mayaro, Febbre Gialla, West Nile)<\/p>\n<p>&#8211; Governance e gestione delle emergenze sanitarie<\/p>\n<p>&#8211; Telemedicina<\/p>\n<p>&#8211; Salute mentale<\/p>\n<p>Attivit\u00e0:<\/p>\n<p>&#8211; 18\/10\/2023: webinar\/seminario su Epidemic Intelligence.<\/p>\n<p>&#8211; 6\/11\/2023: webinar \/ seminario sulla Telemedicina.<\/p>\n<p>&#8211; 5\/12\/2023: webinar \/ seminario sulla gestione della biosicurezza contro gli arbovirus.<\/p>\n<p>&#8211; 10\/01\/2024: webinar \/ seminario sulla salute mentale.<\/p>\n<p>Seminario conclusivo:<\/p>\n<p><strong>Seminario di formazione in Costa Rica, previsto dal 10 al 15 marzo 2024, in presenza.<\/strong><\/p>\n<ol start=\"2\">\n<li><strong>Programma di borse di studio IILA-Ministero degli Affari Esteri italiano per cittadini latinoamericani con borse di studio nelle seguenti aree:<\/strong><\/li>\n<\/ol>\n<p>&#8211; Agroalimentare e tecnologie alimentari;<\/p>\n<p>&#8211; Sostenibilit\u00e0 ambientale ed energie rinnovabili;<\/p>\n<p>&#8211; Scienze della vita e biotecnologie;<\/p>\n<p>&#8211; Scienze della Terra e uso della tecnologia spaziale per l&#8217;osservazione della Terra;<\/p>\n<p>&#8211; Conservazione, protezione e restauro del patrimonio culturale.<\/p>\n<ol start=\"3\">\n<li><strong> Progetto: Promozione delle STEM e riduzione del digital gap in America Centrale in una prospettiva di genere.<\/strong><\/li>\n<\/ol>\n<p>Il progetto intende sviluppare competenze e conoscenze nell&#8217;area STEAM (con particolare attenzione alle donne) tra i giovani dei Paesi partecipanti e facilitare l&#8217;accesso alle apparecchiature elettroniche e alla formazione informatica.<\/p>\n<p>Nell&#8217;ambito del progetto sono stati acquistati 30 tablet e 300 foldscopes (microscopi di carta pieghevoli).<\/p>\n<p>Nel 2022, 300 microscopi pieghevoli e 30 tablet sono stati donati alle suddette scuole partecipanti all&#8217;iniziativa.<\/p>\n<p>Nel 2023, l&#8217;iniziativa \u00e8 stata completata con attivit\u00e0 di formazione sui microscopi pieghevoli per gli alunni delle scuole partecipanti.<\/p>\n<p>Nei prossimi mesi, a conclusione del progetto, verr\u00e0 assegnato un premio al miglior progetto presentato sull&#8217;utilizzo di questi materiali.<\/p>\n<p>&nbsp;<\/p>\n<h2><strong>COESIONE SOCIALE<\/strong><\/h2>\n<ol>\n<li><strong>Eurosocial Puente<\/strong><\/li>\n<\/ol>\n<p>Ponte Eurosociale \u00e8 un piccolo progetto con cui la Commissione europea si propone di facilitare la transizione verso la nuova fase della cooperazione europea in materia di disuguaglianza e coesione sociale.<\/p>\n<p>La nuova fase si concentrer\u00e0 sul futuro Programma regionale Societ\u00e0 condivise in America Latina e nei Caraibi. A tal fine, nel prossimo futuro saranno definite le attivit\u00e0 regionali a cui parteciper\u00e0 anche il Costa Rica.<\/p>\n<p>Vale la pena ricordare che la Costa Rica \u00e8 stata co-organizzatrice e ospite, nel settembre 2023, del IX incontro internazionale di <strong>RedCUIDAR+, Un futuro con cuidados<\/strong>: iniziative per l&#8217;implementazione di sistemi a lungo termine, nell&#8217;ambito del quale si \u00e8 tenuta anche la prima riunione del Capitolo centroamericano della Rete. RedCUIDAR+ \u00e8 una rete di Paesi dell&#8217;America Centrale e dei Caraibi il cui obiettivo \u00e8 la condivisione di idee ed esperienze nel campo dell&#8217;assistenza agli anziani non autosufficienti.<\/p>\n","protected":false},"excerpt":{"rendered":"L&#8217;IILA, Organizzazione Internazionale Italo-Latino Americana, \u00e8 un&#8217;organizzazione intergovernativa con sede a Roma. \u00c8 stata creata nel 1966 con il nome di Istituto Italo-Latino Americano come strumento per promuovere e rafforzare le relazioni tra Italia (Europa) e America Latina. Gli Stati membri dell&#8217;Organizzazione sono l&#8217;Italia e le 20 Repubbliche latinoamericane (Argentina, Stato Plurinazionale di Bolivia, Brasile, [&hellip;]","protected":false},"author":5,"featured_media":0,"parent":46,"menu_order":10,"comment_status":"closed","ping_status":"closed","template":"","meta":{"footnotes":""},"class_list":["post-3563","page","type-page","status-publish","hentry"],"_links":{"self":[{"href":"https:\/\/ambsanjose.esteri.it\/it\/wp-json\/wp\/v2\/pages\/3563","targetHints":{"allow":["GET"]}}],"collection":[{"href":"https:\/\/ambsanjose.esteri.it\/it\/wp-json\/wp\/v2\/pages"}],"about":[{"href":"https:\/\/ambsanjose.esteri.it\/it\/wp-json\/wp\/v2\/types\/page"}],"author":[{"embeddable":true,"href":"https:\/\/ambsanjose.esteri.it\/it\/wp-json\/wp\/v2\/users\/5"}],"replies":[{"embeddable":true,"href":"https:\/\/ambsanjose.esteri.it\/it\/wp-json\/wp\/v2\/comments?post=3563"}],"version-history":[{"count":1,"href":"https:\/\/ambsanjose.esteri.it\/it\/wp-json\/wp\/v2\/pages\/3563\/revisions"}],"predecessor-version":[{"id":3566,"href":"https:\/\/ambsanjose.esteri.it\/it\/wp-json\/wp\/v2\/pages\/3563\/revisions\/3566"}],"up":[{"embeddable":true,"href":"https:\/\/ambsanjose.esteri.it\/it\/wp-json\/wp\/v2\/pages\/46"}],"wp:attachment":[{"href":"https:\/\/ambsanjose.esteri.it\/it\/wp-json\/wp\/v2\/media?parent=3563"}],"curies":[{"name":"wp","href":"https:\/\/api.w.org\/{rel}","templated":true}]}}