{"id":369,"date":"2023-10-11T13:02:14","date_gmt":"2023-10-11T19:02:14","guid":{"rendered":"https:\/\/ambsanjose.esteri.it\/?page_id=369"},"modified":"2023-10-11T13:03:33","modified_gmt":"2023-10-11T19:03:33","slug":"finanziamenti-e-investimenti","status":"publish","type":"page","link":"https:\/\/ambsanjose.esteri.it\/it\/italia-e-costa-rica\/diplomazia-economica\/fare-affari-in-costa-rica\/finanziamenti-e-investimenti\/","title":{"rendered":"Finanziamenti e investimenti"},"content":{"rendered":"<p><a title=\"Vai al sito web di SIMEST\" href=\"http:\/\/www.simest.it\/\"><strong>SIMEST S.p.A. \u00a0<\/strong><\/a><strong>Finanziaria di sviluppo e promozione delle imprese italiane all&#8217;estero<\/strong><\/p>\n<p>Societ\u00e0 controllata dal Governo Italiano che detiene il 76% del pacchetto azionario, \u00e8 partecipata da banche, imprese, associazioni imprenditoriali e di categoria;<\/p>\n<ul>\n<li>promuove e sostiene le attivit\u00e0 all\u2019estero di tutte le aziende italiane, in particolare le piccole e medie, comprese quelle commerciali, artigiane e turistiche, nonch\u00e9 cooperative, consorzi ed altri organismi economici, attraverso due principali canali di attivit\u00e0: il sostegno agli scambi commerciali ed il sostegno agli investimenti all\u2019estero;<\/li>\n<li>fornisce servizi di assistenza e consulenza per tutte le fasi dell\u2019avvio e della realizzazione di investimenti all\u2019estero;<\/li>\n<li>fornisce supporto finanziario agli investimenti di imprese italiane all\u2019estero attraverso la gestione di incentivi e agevolazioni dirette;<\/li>\n<li>la partecipazione di SIMEST al capitale delle imprese estere consente di condividere il rischio potenziale della nuova iniziativa con un partner istituzionale che immette capitali propri, e mette a disposizione la propria esperienza pluriennale sui mercati esteri basata sulla partecipazione a centinaia di progetti in tutto il mondo;<\/li>\n<li>gestisce i fondi venture capital del Ministero delle Attivit\u00e0 Produttive;<\/li>\n<li>eroga contributi agli interessi su finanziamenti concessi ad esportatori italiani;<\/li>\n<li>finanzia le spese destinate alla realizzazione di strutture commerciali permanenti;<\/li>\n<li>eroga finanziamenti per studi di fattibilit\u00e0 e assistenza tecnica;<\/li>\n<li>finanzia i costi di gare internazionali;<\/li>\n<li>effettua operazioni di business scouting.<\/li>\n<\/ul>\n","protected":false},"excerpt":{"rendered":"SIMEST S.p.A. \u00a0Finanziaria di sviluppo e promozione delle imprese italiane all&#8217;estero Societ\u00e0 controllata dal Governo Italiano che detiene il 76% del pacchetto azionario, \u00e8 partecipata da banche, imprese, associazioni imprenditoriali e di categoria; promuove e sostiene le attivit\u00e0 all\u2019estero di tutte le aziende italiane, in particolare le piccole e medie, comprese quelle commerciali, artigiane e [&hellip;]","protected":false},"author":5,"featured_media":0,"parent":95,"menu_order":3,"comment_status":"closed","ping_status":"closed","template":"","meta":{"footnotes":""},"class_list":["post-369","page","type-page","status-publish","hentry"],"_links":{"self":[{"href":"https:\/\/ambsanjose.esteri.it\/it\/wp-json\/wp\/v2\/pages\/369","targetHints":{"allow":["GET"]}}],"collection":[{"href":"https:\/\/ambsanjose.esteri.it\/it\/wp-json\/wp\/v2\/pages"}],"about":[{"href":"https:\/\/ambsanjose.esteri.it\/it\/wp-json\/wp\/v2\/types\/page"}],"author":[{"embeddable":true,"href":"https:\/\/ambsanjose.esteri.it\/it\/wp-json\/wp\/v2\/users\/5"}],"replies":[{"embeddable":true,"href":"https:\/\/ambsanjose.esteri.it\/it\/wp-json\/wp\/v2\/comments?post=369"}],"version-history":[{"count":1,"href":"https:\/\/ambsanjose.esteri.it\/it\/wp-json\/wp\/v2\/pages\/369\/revisions"}],"predecessor-version":[{"id":370,"href":"https:\/\/ambsanjose.esteri.it\/it\/wp-json\/wp\/v2\/pages\/369\/revisions\/370"}],"up":[{"embeddable":true,"href":"https:\/\/ambsanjose.esteri.it\/it\/wp-json\/wp\/v2\/pages\/95"}],"wp:attachment":[{"href":"https:\/\/ambsanjose.esteri.it\/it\/wp-json\/wp\/v2\/media?parent=369"}],"curies":[{"name":"wp","href":"https:\/\/api.w.org\/{rel}","templated":true}]}}