{"id":38,"date":"2023-04-11T17:53:01","date_gmt":"2023-04-11T15:53:01","guid":{"rendered":"https:\/\/ambasciatapraga.esteri.it\/?page_id=38"},"modified":"2025-05-28T06:17:06","modified_gmt":"2025-05-28T12:17:06","slug":"lambasciatore","status":"publish","type":"page","link":"https:\/\/ambsanjose.esteri.it\/it\/chi-siamo\/lambasciatore\/","title":{"rendered":"L\u2019Ambasciatore"},"content":{"rendered":"<p><img loading=\"lazy\" decoding=\"async\" class=\"alignnone size-medium wp-image-273 img-fluid\" src=\"https:\/\/ambsanjose.esteri.it\/wp-content\/uploads\/2023\/10\/foto_ambasciatore_costa_rica-300x300.png\" alt=\"Foto dell'Ambasciatore\" width=\"300\" height=\"300\" srcset=\"https:\/\/ambsanjose.esteri.it\/wp-content\/uploads\/2023\/10\/foto_ambasciatore_costa_rica-300x300.png 300w, https:\/\/ambsanjose.esteri.it\/wp-content\/uploads\/2023\/10\/foto_ambasciatore_costa_rica-1024x1024.png 1024w, https:\/\/ambsanjose.esteri.it\/wp-content\/uploads\/2023\/10\/foto_ambasciatore_costa_rica-150x150.png 150w, https:\/\/ambsanjose.esteri.it\/wp-content\/uploads\/2023\/10\/foto_ambasciatore_costa_rica-768x768.png 768w, https:\/\/ambsanjose.esteri.it\/wp-content\/uploads\/2023\/10\/foto_ambasciatore_costa_rica.png 1140w\" sizes=\"auto, (max-width: 300px) 100vw, 300px\" \/><\/p>\n<p>Alberto Colella \u00e8 nato a Napoli il 7 aprile 1962.<\/p>\n<p>Laureato in giurisprudenza all\u2019Universit\u00e0 di Napoli, \u00e8 specializzato in diritto internazionale.<\/p>\n<p>Dal 1986 \u00e8 diplomatico di carriera presso il Ministero degli Affari Esteri italiano.<\/p>\n<p>Alberto Colella \u00e8 stato Ambasciatore a Oslo (accreditato in Norvegia e Islanda) dal 2018 al 2022, Console a Belo Horizonte (Brasile) e Ginevra (Svizzera), ed ha lavorato presso l\u2019Ambasciata d\u2019Italia a Brasilia e la Rappresentanza Permanente d\u2019Italia alle Nazioni Unite a New York.<\/p>\n<p>A Roma presso il Ministero degli Affari Esteri si \u00e8 occupato di affari giuridici (1986-1990) e consolari (1998-1999). Dal 2012 al 2018 \u00e8 stato responsabile dell\u2019Unit\u00e0 per i visti d\u2019ingresso.<\/p>\n<p>Sposato dal 1989 con Maria Rosaria Gallo, ha cinque figli.<\/p>\n<p>Tra i suoi hobby, la lettura, la storia alto-medioevale, lo sport.<\/p>\n","protected":false},"excerpt":{"rendered":"Alberto Colella \u00e8 nato a Napoli il 7 aprile 1962. Laureato in giurisprudenza all\u2019Universit\u00e0 di Napoli, \u00e8 specializzato in diritto internazionale. Dal 1986 \u00e8 diplomatico di carriera presso il Ministero degli Affari Esteri italiano. Alberto Colella \u00e8 stato Ambasciatore a Oslo (accreditato in Norvegia e Islanda) dal 2018 al 2022, Console a Belo Horizonte (Brasile) [&hellip;]","protected":false},"author":1,"featured_media":0,"parent":13,"menu_order":0,"comment_status":"closed","ping_status":"closed","template":"","meta":{"footnotes":""},"class_list":["post-38","page","type-page","status-publish","hentry"],"_links":{"self":[{"href":"https:\/\/ambsanjose.esteri.it\/it\/wp-json\/wp\/v2\/pages\/38","targetHints":{"allow":["GET"]}}],"collection":[{"href":"https:\/\/ambsanjose.esteri.it\/it\/wp-json\/wp\/v2\/pages"}],"about":[{"href":"https:\/\/ambsanjose.esteri.it\/it\/wp-json\/wp\/v2\/types\/page"}],"author":[{"embeddable":true,"href":"https:\/\/ambsanjose.esteri.it\/it\/wp-json\/wp\/v2\/users\/1"}],"replies":[{"embeddable":true,"href":"https:\/\/ambsanjose.esteri.it\/it\/wp-json\/wp\/v2\/comments?post=38"}],"version-history":[{"count":4,"href":"https:\/\/ambsanjose.esteri.it\/it\/wp-json\/wp\/v2\/pages\/38\/revisions"}],"predecessor-version":[{"id":282,"href":"https:\/\/ambsanjose.esteri.it\/it\/wp-json\/wp\/v2\/pages\/38\/revisions\/282"}],"up":[{"embeddable":true,"href":"https:\/\/ambsanjose.esteri.it\/it\/wp-json\/wp\/v2\/pages\/13"}],"wp:attachment":[{"href":"https:\/\/ambsanjose.esteri.it\/it\/wp-json\/wp\/v2\/media?parent=38"}],"curies":[{"name":"wp","href":"https:\/\/api.w.org\/{rel}","templated":true}]}}