{"id":396,"date":"2023-10-12T10:42:57","date_gmt":"2023-10-12T16:42:57","guid":{"rendered":"https:\/\/ambsanjose.esteri.it\/?page_id=396"},"modified":"2024-04-12T15:13:35","modified_gmt":"2024-04-12T21:13:35","slug":"universita","status":"publish","type":"page","link":"https:\/\/ambsanjose.esteri.it\/it\/italia-e-costa-rica\/diplomazia-culturale\/studiare-in-italia\/universita\/","title":{"rendered":"Universit\u00e0"},"content":{"rendered":"<p>Il sistema formativo superiore italiano \u00e8 molto vario e diversificato ed \u00e8 composto da circa 800 istituzioni. \u00c8 diviso in:<\/p>\n<ul>\n<li><strong>Universit\u00e0<\/strong>: principalmente suddivise in pubbliche e private;<\/li>\n<li><strong>Centri di ricerca nazionali<\/strong>;<\/li>\n<li><strong>Istituti AFAM<\/strong>\u00a0sono istituti ripartiti nei settori delle arti visive, musicali, coreutiche e drammatiche;<\/li>\n<li><strong>Scuole Superiori per Mediatori Linguistici<\/strong>\u00a0(SSML): rilasciano titoli di studio equipollenti alle Lauree universitarie in Scienze della mediazione linguistica;<\/li>\n<li>Istituti di specializzazione in psicoterapia: rilasciano titoli di studio del terzo ciclo equipollenti ai Diplomi di Specializzazione rilasciati dalle universit\u00e0;<\/li>\n<li><strong>Istituti Tecnici Superiori (ITS):<\/strong>\u00a0sono istituti di formazione terziaria NON universitaria. Tali istituti sono nati dalla consapevolezza di creare un collegamento pi\u00f9 solido tra il mondo della scuola e il mondo industriale. Gli ITS sono attivi in aree ad alto contenuto tecnologico quali: Efficienza energetica, Mobilit\u00e0 sostenibile, Nuove tecnologie della vita, Nuove tecnologie per il Made in Italy, Tecnologie innovative per i beni e le attivit\u00e0 culturali \u2013 Turismo, Tecnologie della informazione e della comunicazione<\/li>\n<li>altri istituti, come ad esempio la Scuola di alta formazione dell\u2019Istituto superiore per la conservazione e il restauro, la Scuola di alta formazione dell&#8217;Opificio delle pietre dure, la Scuola di alta formazione dell\u2019Istituto centrale per la patologia del libro Alfonso Gallo.<\/li>\n<\/ul>\n<p>&nbsp;<\/p>\n<h2>Le Universita&#8217;<\/h2>\n<p>Le\u00a0<strong>universit\u00e0 italiane<\/strong>\u00a0offrono una preparazione teorica ed accademica di alto livello in una vasta gamma di discipline. Alcune universit\u00e0 sono specializzate in alcune materie specifiche, come i Politecnici.<\/p>\n<p>Il sistema universitario italiano \u00e8 organizzato in tre cicli, secondo i principi dello Spazio Europeo dell\u2019Istruzione Superiore (EHEA).<br \/>\nAd ogni ciclo sono associate qualifiche specifiche che consentono agli studenti di progredire negli studi, partecipare ai concorsi pubblici, prendere parte ai programmi di mobilit\u00e0 europei, entrare nel mercato del lavoro e sviluppare carriere professionali.<br \/>\nAd ogni ciclo corrisponde un numero di CFU (crediti formativi universitari) con i quali si misura il lavoro richiesto agli studenti (suddiviso in lezioni, esercitazioni, laboratori, tirocini, ecc).<br \/>\nUn credito corrisponde di norma a 25 ore di studio complessivo.<\/p>\n<p>&nbsp;<\/p>\n<div class=\"wp-block-columns is-layout-flex wp-container-core-columns-is-layout-1 wp-block-columns-is-layout-flex\">\n<div class=\"wp-block-column is-layout-flow wp-block-column-is-layout-flow\">\n<h2 class=\"sub-heading-text has-large-font-size\"><strong>PRIMO\u00a0CICLO<\/strong><\/h2>\n<\/div>\n<\/div>\n<div class=\"wp-block-columns is-layout-flex wp-container-core-columns-is-layout-2 wp-block-columns-is-layout-flex\">\n<div class=\"wp-block-column is-layout-flow wp-block-column-is-layout-flow\">\n<p class=\"text-content has-medium-font-size\"><strong>LAUREA<\/strong><br \/>\nObiettivo: assicurare allo studente un\u2019adeguata padronanza di metodi e contenuti scienti\ufb01ci generali.<br \/>\nDurata: 3 anni<br \/>\nCorrisponde a: Bachelor\u2019s Degree del sistema universitario europeo de\ufb01nito a Bologna nel 1999.<br \/>\nCFU (Crediti Formativi Universitari): 180 CFU<br \/>\nRequisiti generali di accesso: Diploma di scuola secondaria superiore o altro titolo di studio conseguito all\u2019estero e riconosciuto idoneo.<\/p>\n<p>L\u2019accesso a corsi di I\u00b0 livello pu\u00f2 essere aperto, riservato ad un numero limitato di studenti (cd. Corsi \u201ca numero chiuso\u201d), oppure soggetto a test d\u2019ingresso o test motivazionale.<\/p>\n<p>&nbsp;<\/p>\n<\/div>\n<\/div>\n<div class=\"wp-block-columns is-layout-flex wp-container-core-columns-is-layout-3 wp-block-columns-is-layout-flex\">\n<div class=\"wp-block-column is-layout-flow wp-block-column-is-layout-flow\">\n<h2 class=\"sub-heading-text has-large-font-size\">SECONDO CICLO<\/h2>\n<\/div>\n<\/div>\n<div class=\"wp-block-columns is-layout-flex wp-container-core-columns-is-layout-4 wp-block-columns-is-layout-flex\">\n<div class=\"wp-block-column is-layout-flow wp-block-column-is-layout-flow\">\n<p class=\"text-content has-medium-font-size\"><strong>LAUREA MAGISTRALE<\/strong><br \/>\nObiettivo: fornire allo studente una formazione di livello avanzato per l\u2019esercizio di attivit\u00e0 di elevata quali\ufb01cazione in ambiti speci\ufb01ci.<br \/>\nDurata: 2 anni<br \/>\nCorrisponde a: Master\u2019s Degree del Sistema universitario europeo de\ufb01nito a Bologna nel 1999.<br \/>\nCFU (Crediti Formativi Universitari): 120 CFU<br \/>\nRequisiti generali di accesso: Laurea o altro titolo di studio conseguito all\u2019estero riconosciuto idoneo.<\/p>\n<p class=\"text-content has-medium-font-size\"><strong>LAUREA MAGISTRALE A CICLO UNICO<\/strong><br \/>\nAlcune discipline (per esempio Medicina e Chirurgia, Farmaceutica e Giurisprudenza) sono strutturate in corsi di Laurea Magistrale a Ciclo Unico cui si accede direttamente con il diploma di scuola secondaria superiore o altro titolo di studio estero equivalente senza interruzione tra un primo e secondo ciclo.<br \/>\nDurata: 5 o 6 anni<br \/>\nCFU (Crediti Formativi Universitari): 300 o 360 CFU.<br \/>\nRequisiti generali di accesso:<br \/>\nDiploma di scuola secondaria superiore o altro titolo di studio conseguito all\u2019estero e riconosciuto idoneo.<br \/>\nSono previsti esami di ammissione.<\/p>\n<\/div>\n<\/div>\n<div class=\"wp-block-columns is-layout-flex wp-container-core-columns-is-layout-5 wp-block-columns-is-layout-flex\">\n<div class=\"wp-block-column is-layout-flow wp-block-column-is-layout-flow\">\n<p class=\"text-content has-medium-font-size\"><strong>MASTER UNIVERSITARI DI I LIVELLO<\/strong><br \/>\nObiettivo: corso di specializzazione \ufb01nalizzato ad accrescere la formazione professionale dello studente.<br \/>\nDurata: minimo 1 anno<br \/>\nCFU: minimo 60 ECTS<br \/>\nQuesta tipologia di corso \u00e8 disponibile in alcune universit\u00e0 ma non rientra tra quelli del sistema universitario europeo de\ufb01nito a Bologna nel 1999 e non consente l\u2019accesso ai corsi di Dottorato.<\/p>\n<\/div>\n<\/div>\n<div class=\"wp-block-columns is-layout-flex wp-container-core-columns-is-layout-6 wp-block-columns-is-layout-flex\">\n<div class=\"wp-block-column is-layout-flow wp-block-column-is-layout-flow\">\n<h2 class=\"sub-heading-text has-large-font-size\">TERZO\u00a0 CICLO<\/h2>\n<\/div>\n<\/div>\n<div class=\"wp-block-columns is-layout-flex wp-container-core-columns-is-layout-7 wp-block-columns-is-layout-flex\">\n<div class=\"wp-block-column is-layout-flow wp-block-column-is-layout-flow\">\n<p class=\"text-content has-medium-font-size\"><strong>DOTTORATO DI RICERCA<\/strong><br \/>\nObiettivo: fornire le competenze necessarie per esercitare attivit\u00e0 di ricerca altamente quali\ufb01cata.<br \/>\nDurata: minimo 3 anni<br \/>\nRequisiti generali di accesso:<br \/>\nDiploma di Laurea Specialistica\/Magistrale italiano o straniero e superamento di un concorso pubblico.<\/p>\n<\/div>\n<\/div>\n<div class=\"wp-block-columns is-layout-flex wp-container-core-columns-is-layout-8 wp-block-columns-is-layout-flex\">\n<div class=\"wp-block-column is-layout-flow wp-block-column-is-layout-flow\">\n<p class=\"text-content has-medium-font-size\"><strong>CORSO DI DIPLOMA DI SPECIALIZZAZIONE<\/strong><br \/>\nObiettivo: fornire conoscenze e abilitazione per funzioni richieste nell\u2019esercizio di particolari attivit\u00e0 professionali, particolarmente nel settore delle specialit\u00e0 mediche, cliniche e chirurgiche.<br \/>\nDurata: 2 &#8211; 6 anni<br \/>\nCFU: 120 -360<br \/>\nRequisiti generali di accesso:<br \/>\nDiploma di Laurea Specialistica\/Magistrale italiano o straniero e superamento di un concorso pubblico.<\/p>\n<\/div>\n<\/div>\n<div class=\"wp-block-columns is-layout-flex wp-container-core-columns-is-layout-9 wp-block-columns-is-layout-flex\">\n<div class=\"wp-block-column is-layout-flow wp-block-column-is-layout-flow\">\n<p class=\"text-content has-medium-font-size\"><strong>MASTER UNIVERSITARI DI II LIVELLO<\/strong><br \/>\nObiettivo: perfezionamento della formazione universitaria al quale si accede dopo il conseguimento della Laurea Specialistica\/Magistrale.<br \/>\nDurata: minimo 1 anno<br \/>\nCFU (Crediti Formativi Universitari) acquisiti: almeno 60 CFU.<\/p>\n<\/div>\n<\/div>\n<p><img loading=\"lazy\" decoding=\"async\" class=\"alignleft wp-image-4191 img-fluid\" src=\"https:\/\/ambsanjose.esteri.it\/wp-content\/uploads\/2024\/04\/sistema-formativo-it-DEF-1024x576-1-300x169.jpg\" alt=\"\" width=\"594\" height=\"335\" srcset=\"https:\/\/ambsanjose.esteri.it\/wp-content\/uploads\/2024\/04\/sistema-formativo-it-DEF-1024x576-1-300x169.jpg 300w, https:\/\/ambsanjose.esteri.it\/wp-content\/uploads\/2024\/04\/sistema-formativo-it-DEF-1024x576-1-768x432.jpg 768w, https:\/\/ambsanjose.esteri.it\/wp-content\/uploads\/2024\/04\/sistema-formativo-it-DEF-1024x576-1.jpg 1024w\" sizes=\"auto, (max-width: 594px) 100vw, 594px\" \/><\/p>\n<p>&nbsp;<\/p>\n<p>&nbsp;<\/p>\n<p>&nbsp;<\/p>\n<p>&nbsp;<\/p>\n<p>&nbsp;<\/p>\n<p>&nbsp;<\/p>\n<p>&nbsp;<\/p>\n<p>&nbsp;<\/p>\n<p>&nbsp;<\/p>\n<p>&nbsp;<\/p>\n<p>&nbsp;<\/p>\n<p>Maggiori informazioni e dettagli ai seguenti siti:<br \/>\n<strong><a href=\"https:\/\/studyinitaly.esteri.it\/\">https:\/\/studyinitaly.esteri.it\/<\/a><a href=\"http:\/\/www.uni-italia.it\/it\/\"><br \/>\n<\/a><\/strong><\/p>\n<p><a href=\"https:\/\/uni-italia.it\/studenti\/sistema-universitario\/\"><strong>https:\/\/uni-italia.it\/studenti\/sistema-universitario\/<\/strong><\/a><\/p>\n","protected":false},"excerpt":{"rendered":"Il sistema formativo superiore italiano \u00e8 molto vario e diversificato ed \u00e8 composto da circa 800 istituzioni. \u00c8 diviso in: Universit\u00e0: principalmente suddivise in pubbliche e private; Centri di ricerca nazionali; Istituti AFAM\u00a0sono istituti ripartiti nei settori delle arti visive, musicali, coreutiche e drammatiche; Scuole Superiori per Mediatori Linguistici\u00a0(SSML): rilasciano titoli di studio equipollenti alle [&hellip;]","protected":false},"author":5,"featured_media":0,"parent":99,"menu_order":1,"comment_status":"closed","ping_status":"closed","template":"","meta":{"footnotes":""},"class_list":["post-396","page","type-page","status-publish","hentry"],"_links":{"self":[{"href":"https:\/\/ambsanjose.esteri.it\/it\/wp-json\/wp\/v2\/pages\/396","targetHints":{"allow":["GET"]}}],"collection":[{"href":"https:\/\/ambsanjose.esteri.it\/it\/wp-json\/wp\/v2\/pages"}],"about":[{"href":"https:\/\/ambsanjose.esteri.it\/it\/wp-json\/wp\/v2\/types\/page"}],"author":[{"embeddable":true,"href":"https:\/\/ambsanjose.esteri.it\/it\/wp-json\/wp\/v2\/users\/5"}],"replies":[{"embeddable":true,"href":"https:\/\/ambsanjose.esteri.it\/it\/wp-json\/wp\/v2\/comments?post=396"}],"version-history":[{"count":5,"href":"https:\/\/ambsanjose.esteri.it\/it\/wp-json\/wp\/v2\/pages\/396\/revisions"}],"predecessor-version":[{"id":4214,"href":"https:\/\/ambsanjose.esteri.it\/it\/wp-json\/wp\/v2\/pages\/396\/revisions\/4214"}],"up":[{"embeddable":true,"href":"https:\/\/ambsanjose.esteri.it\/it\/wp-json\/wp\/v2\/pages\/99"}],"wp:attachment":[{"href":"https:\/\/ambsanjose.esteri.it\/it\/wp-json\/wp\/v2\/media?parent=396"}],"curies":[{"name":"wp","href":"https:\/\/api.w.org\/{rel}","templated":true}]}}