{"id":4124,"date":"2024-04-08T12:23:18","date_gmt":"2024-04-08T18:23:18","guid":{"rendered":"https:\/\/ambsanjose.esteri.it\/?page_id=4124"},"modified":"2024-04-08T12:26:19","modified_gmt":"2024-04-08T18:26:19","slug":"infomercatiesteri","status":"publish","type":"page","link":"https:\/\/ambsanjose.esteri.it\/it\/italia-e-costa-rica\/diplomazia-economica\/fare-affari-in-costa-rica\/infomercatiesteri\/","title":{"rendered":"InfoMercatiEsteri"},"content":{"rendered":"<p><strong><a href=\"https:\/\/www.infomercatiesteri.it\/paese.php?id_paesi=42\">InfoMercatiEsteri<\/a><\/strong> \u00e8 una piattaforma innovativa e completamente gratuita, in italiano, per soddisfare la richiesta di informazioni sui mercati esteri proveniente dagli operatori economici nazionali.<\/p>\n<p>Grazie al lavoro di analisi dell\u2019Ambasciata in Costa Rica, con la collaborazione dell\u2019Agenzia ICE e i contributi dell\u2019ENIT e delle Camere di Commercio italiane all\u2019estero, InfoMercatiEsteri mette a disposizione del sistema produttivo italiano uno strumento ricco di informazioni aggiornate e utili per le scelte di internazionalizzazione.<\/p>\n<p>Scegliendo il percorso di accesso geografico, per il Costa Rica \u00e8 possibile ottenere informazioni su:<br \/>\n\u2022\u00a0\u00a0\u00a0\u00a0\u00a0\u00a0\u00a0\u00a0\u00a0\u00a0\u00a0\u00a0 outlook economico e politico;<br \/>\n\u2022\u00a0\u00a0\u00a0\u00a0\u00a0\u00a0\u00a0\u00a0\u00a0\u00a0\u00a0\u00a0 opportunit\u00e0 di mercato e possibilit\u00e0 di partnership con aziende costaricane e\/o italiane;<br \/>\n\u2022\u00a0\u00a0\u00a0\u00a0\u00a0\u00a0\u00a0\u00a0\u00a0\u00a0\u00a0\u00a0 prossime iniziative promozionali;<br \/>\n\u2022\u00a0\u00a0\u00a0\u00a0\u00a0\u00a0\u00a0\u00a0\u00a0\u00a0\u00a0\u00a0 ostacoli agli scambi, criticit\u00e0 negli investimenti e possibili rischi;<br \/>\n\u2022\u00a0\u00a0\u00a0\u00a0\u00a0\u00a0\u00a0\u00a0\u00a0\u00a0\u00a0\u00a0 accesso al credito;<br \/>\n\u2022\u00a0\u00a0\u00a0\u00a0\u00a0\u00a0\u00a0\u00a0\u00a0\u00a0\u00a0\u00a0 quadro delle presenze italiane e dei rapporti bilaterali.<\/p>\n<p>Alternativamente, scegliendo la modalit\u00e0 di accesso settoriale, \u00e8 possibile acquisire informazioni sul settore prescelto, nonch\u00e9 suggerimenti sui Paesi di prioritario interesse in quel settore secondo criteri personalizzabili relativi al commercio, agli investimenti e alle caratteristiche del mercato.<\/p>\n<p><img loading=\"lazy\" decoding=\"async\" class=\"alignleft size-medium wp-image-4127 img-fluid\" src=\"https:\/\/ambsanjose.esteri.it\/wp-content\/uploads\/2024\/04\/infomercati-300x43.jpg\" alt=\"\" width=\"300\" height=\"43\" srcset=\"https:\/\/ambsanjose.esteri.it\/wp-content\/uploads\/2024\/04\/infomercati-300x43.jpg 300w, https:\/\/ambsanjose.esteri.it\/wp-content\/uploads\/2024\/04\/infomercati.jpg 589w\" sizes=\"auto, (max-width: 300px) 100vw, 300px\" \/> <img loading=\"lazy\" decoding=\"async\" class=\"alignleft size-medium wp-image-4130 img-fluid\" src=\"https:\/\/ambsanjose.esteri.it\/wp-content\/uploads\/2024\/04\/schede-sintesi-aree-geografiche-300x110.jpg\" alt=\"\" width=\"300\" height=\"110\" srcset=\"https:\/\/ambsanjose.esteri.it\/wp-content\/uploads\/2024\/04\/schede-sintesi-aree-geografiche-300x110.jpg 300w, https:\/\/ambsanjose.esteri.it\/wp-content\/uploads\/2024\/04\/schede-sintesi-aree-geografiche-768x283.jpg 768w, https:\/\/ambsanjose.esteri.it\/wp-content\/uploads\/2024\/04\/schede-sintesi-aree-geografiche.jpg 815w\" sizes=\"auto, (max-width: 300px) 100vw, 300px\" \/><\/p>\n","protected":false},"excerpt":{"rendered":"InfoMercatiEsteri \u00e8 una piattaforma innovativa e completamente gratuita, in italiano, per soddisfare la richiesta di informazioni sui mercati esteri proveniente dagli operatori economici nazionali. Grazie al lavoro di analisi dell\u2019Ambasciata in Costa Rica, con la collaborazione dell\u2019Agenzia ICE e i contributi dell\u2019ENIT e delle Camere di Commercio italiane all\u2019estero, InfoMercatiEsteri mette a disposizione del sistema [&hellip;]","protected":false},"author":5,"featured_media":0,"parent":95,"menu_order":25,"comment_status":"closed","ping_status":"closed","template":"","meta":{"footnotes":""},"class_list":["post-4124","page","type-page","status-publish","hentry"],"_links":{"self":[{"href":"https:\/\/ambsanjose.esteri.it\/it\/wp-json\/wp\/v2\/pages\/4124","targetHints":{"allow":["GET"]}}],"collection":[{"href":"https:\/\/ambsanjose.esteri.it\/it\/wp-json\/wp\/v2\/pages"}],"about":[{"href":"https:\/\/ambsanjose.esteri.it\/it\/wp-json\/wp\/v2\/types\/page"}],"author":[{"embeddable":true,"href":"https:\/\/ambsanjose.esteri.it\/it\/wp-json\/wp\/v2\/users\/5"}],"replies":[{"embeddable":true,"href":"https:\/\/ambsanjose.esteri.it\/it\/wp-json\/wp\/v2\/comments?post=4124"}],"version-history":[{"count":2,"href":"https:\/\/ambsanjose.esteri.it\/it\/wp-json\/wp\/v2\/pages\/4124\/revisions"}],"predecessor-version":[{"id":4141,"href":"https:\/\/ambsanjose.esteri.it\/it\/wp-json\/wp\/v2\/pages\/4124\/revisions\/4141"}],"up":[{"embeddable":true,"href":"https:\/\/ambsanjose.esteri.it\/it\/wp-json\/wp\/v2\/pages\/95"}],"wp:attachment":[{"href":"https:\/\/ambsanjose.esteri.it\/it\/wp-json\/wp\/v2\/media?parent=4124"}],"curies":[{"name":"wp","href":"https:\/\/api.w.org\/{rel}","templated":true}]}}