{"id":414,"date":"2023-10-12T12:30:48","date_gmt":"2023-10-12T18:30:48","guid":{"rendered":"https:\/\/ambsanjose.esteri.it\/?page_id=414"},"modified":"2023-12-08T13:01:10","modified_gmt":"2023-12-08T19:01:10","slug":"materiali-didattici-sullitalia-per-le-scuole","status":"publish","type":"page","link":"https:\/\/ambsanjose.esteri.it\/it\/italia-e-costa-rica\/diplomazia-culturale\/lingua-e-cultura-italiana\/materiali-didattici-sullitalia-per-le-scuole\/","title":{"rendered":"Materiali didattici sull&#8217;Italia &#8211; per le scuole"},"content":{"rendered":"<p>L\u2019Italia \u00e8 un paese in Europa la cui capitale \u00e8 Roma. La popolazione totale \u00e8 di circa 59 milioni di persone.<br \/>\nHa la forma geografica di penisola: a nord confina con Francia, Svizzera, Austria e Slovenia, mentre il resto del paese \u00e8 circondato dal Mar Mediterraneo. Fanno parte dell\u2019Italia anche tante piccole isole e due isole maggiori: la Sicilia e la Sardegna.<\/p>\n<p>Il paese \u00e8 diviso in 20 regioni. Per scoprire le caratteristiche di ogni regione cliccare sul seguente link:\u00a0<a href=\"https:\/\/www.bambinopoli.it\/Italia\/Italia.php\">https:\/\/www.bambinopoli.it\/Italia\/Italia.php<\/a><\/p>\n<p>(<a href=\"https:\/\/ambsanjose.esteri.it\/wp-content\/uploads\/2023\/10\/regioni_italia.jpg\"><strong>La cartina d\u2019Italia con le regioni<\/strong><\/a>)<\/p>\n<p><strong><br \/>\nLA BANDIERA ITALIANA<\/strong><\/p>\n<p>La bandiera italiana, conosciuta anche come il Tricolore, \u00e8 il simbolo del nostro paese e dell\u2019unita nazionale. Il tricolore italiano, composto da tre bande verticali di eguale dimensione, verde, bianco e rosso.<\/p>\n<p>Le istruzioni per costruire la bandiera italiana:<br \/>\n&#8211; Scaricare il documento e stamparlo (<a href=\"https:\/\/ambsanjose.esteri.it\/wp-content\/uploads\/2023\/10\/sagoma-bandiera_1.pdf\">la bandiera d&#8217;Italia<\/a>)<br \/>\n&#8211; Colorare la bandiera: da sinistra una banda verde, una bianca e una rossa<br \/>\n&#8211; Appoggiare il bastoncino (l\u2019asta) lungo il lato della bandiera, dietro la parte verde, e ripiegare il bordo per incollarlo, con l\u2019aiuto della colla<br \/>\n&#8211; La bandiera \u00e8 pronta!<\/p>\n<p>&nbsp;<\/p>\n<p><strong>INNO NAZIONALE<\/strong><\/p>\n<p>Per ascoltare l\u2019inno nazionale, cliccare sul seguente link:\u00a0<a href=\"https:\/\/youtu.be\/TkOzj4uxeUI\">https:\/\/youtu.be\/TkOzj4uxeUI<\/a><\/p>\n<p>&nbsp;<\/p>\n<p><strong>Geronimo Stilton &#8220;Le Mille Meraviglie&#8221;<br \/>\n<\/strong>Accompagnato da tutta la sua famiglia, Geronimo Stilton percorre l&#8217;Italia alla scoperta di citt\u00e0, borghi, storie e paesaggi. Da Roma a Venezia, dall&#8217;Appennino alle Alpi, il simpatico reporter visita i monumenti e i luoghi pi\u00f9 famosi (compresi molti dei siti italiani inseriti nelle liste del Patrimonio dell&#8217;Umanit\u00e0 dell&#8217;UNESCO) senza dimenticare i gioielli nascosti: tesori meno conosciuti, specialit\u00e0 gastronomiche, luoghi della ricerca scientifica, prodotti dell&#8217;artigianato e dell&#8217;industria.<br \/>\nUn&#8217;avventura immaginata come una vera e propria caccia al tesoro, ricca di giochi, curiosit\u00e0 e sorprese.<strong><br \/>\n<\/strong><\/p>\n<p><img loading=\"lazy\" decoding=\"async\" class=\"alignnone size-medium wp-image-2753 img-fluid\" src=\"https:\/\/ambsanjose.esteri.it\/wp-content\/uploads\/2023\/12\/Mil-maravillas-azules-210x300.jpg\" alt=\"\" width=\"210\" height=\"300\" srcset=\"https:\/\/ambsanjose.esteri.it\/wp-content\/uploads\/2023\/12\/Mil-maravillas-azules-210x300.jpg 210w, https:\/\/ambsanjose.esteri.it\/wp-content\/uploads\/2023\/12\/Mil-maravillas-azules.jpg 492w\" sizes=\"auto, (max-width: 210px) 100vw, 210px\" \/>\u00a0 \u00a0 <a href=\"https:\/\/issuu.com\/italianaesteri\/docs\/geronimo_stilton_mille_meraviglie\"><img loading=\"lazy\" decoding=\"async\" class=\"alignnone size-medium wp-image-2883 img-fluid\" src=\"https:\/\/ambsanjose.esteri.it\/wp-content\/uploads\/2023\/12\/Mille-meraviglie-2-211x300.jpg\" alt=\"\" width=\"211\" height=\"300\" srcset=\"https:\/\/ambsanjose.esteri.it\/wp-content\/uploads\/2023\/12\/Mille-meraviglie-2-211x300.jpg 211w, https:\/\/ambsanjose.esteri.it\/wp-content\/uploads\/2023\/12\/Mille-meraviglie-2.jpg 273w\" sizes=\"auto, (max-width: 211px) 100vw, 211px\" \/><\/a><\/p>\n<p><strong><a href=\"https:\/\/online.fliphtml5.com\/jxpdo\/hdef\/#p=6\">L&#8217;affascinante storia della cucina italiana a fumetti<\/a>.<\/strong><\/p>\n<p>Dalle tagliatelle etrusche al tiramis\u00f9, un viaggio attraverso i piatti pi\u00f9 rappresentativi della cucina italiana.<\/p>\n<p><a href=\"https:\/\/online.fliphtml5.com\/jxpdo\/lwjt\/#p=1\"><img loading=\"lazy\" decoding=\"async\" class=\"alignnone size-medium wp-image-2767 img-fluid\" src=\"https:\/\/ambsanjose.esteri.it\/wp-content\/uploads\/2023\/12\/Storia-della-cucina-ita-226x300.jpg\" alt=\"\" width=\"226\" height=\"300\" srcset=\"https:\/\/ambsanjose.esteri.it\/wp-content\/uploads\/2023\/12\/Storia-della-cucina-ita-226x300.jpg 226w, https:\/\/ambsanjose.esteri.it\/wp-content\/uploads\/2023\/12\/Storia-della-cucina-ita.jpg 627w\" sizes=\"auto, (max-width: 226px) 100vw, 226px\" \/><\/a><\/p>\n<p>&nbsp;<\/p>\n<p><strong>FILASTROCCHE<\/strong><\/p>\n<p>Qui sotto troverete delle filastrocche per bambini, una maniera divertente per insegnare ai bambini i giorni della settimana e i colori<\/p>\n<p><strong>La filastrocca dei colori<\/strong><\/p>\n<p>C&#8217;era una volta un paese lontano<br \/>\ndove i colori si davano la mano.<br \/>\nTra tutti il rosso era il pi\u00f9 piccolino<br \/>\ne l&#8217;arancione gli stava vicino.<\/p>\n<p>Rideva forte il giallo brillante<br \/>\ne il verde, l\u00ec accanto, parlava alle piante.<br \/>\nAlti nel cielo, l&#8217;azzurro ed il blu,<br \/>\nguardavan la Terra e stavan lass\u00f9.<\/p>\n<p>Pi\u00f9 grande e pi\u00f9 scuro degli altri era il viola,<br \/>\nma i sette sembravano una cosa sola<br \/>\ne chi li vedeva nel cielo sereno<br \/>\ndiceva: &#8220;Guardate, c&#8217;\u00e8 l&#8217;arcobaleno!&#8221;<\/p>\n<p><strong><br \/>\nLa filastrocca della settimana<\/strong><\/p>\n<p>Luned\u00ec chiuso chiusino<br \/>\nMarted\u00ec buc\u00f2 l&#8217;ovino<br \/>\nSgusci\u00f2 fuori mercoled\u00ec<br \/>\nPio, pio, pio di gioved\u00ec<\/p>\n<p>Venerd\u00ec un volettino,<br \/>\nbecc\u00f2 sabato un granino.<br \/>\nLa domenica mattina<br \/>\naveva gi\u00e0 la sua crestina.<\/p>\n","protected":false},"excerpt":{"rendered":"L\u2019Italia \u00e8 un paese in Europa la cui capitale \u00e8 Roma. La popolazione totale \u00e8 di circa 59 milioni di persone. Ha la forma geografica di penisola: a nord confina con Francia, Svizzera, Austria e Slovenia, mentre il resto del paese \u00e8 circondato dal Mar Mediterraneo. Fanno parte dell\u2019Italia anche tante piccole isole e due [&hellip;]","protected":false},"author":5,"featured_media":0,"parent":101,"menu_order":6,"comment_status":"closed","ping_status":"closed","template":"","meta":{"footnotes":""},"class_list":["post-414","page","type-page","status-publish","hentry"],"_links":{"self":[{"href":"https:\/\/ambsanjose.esteri.it\/it\/wp-json\/wp\/v2\/pages\/414","targetHints":{"allow":["GET"]}}],"collection":[{"href":"https:\/\/ambsanjose.esteri.it\/it\/wp-json\/wp\/v2\/pages"}],"about":[{"href":"https:\/\/ambsanjose.esteri.it\/it\/wp-json\/wp\/v2\/types\/page"}],"author":[{"embeddable":true,"href":"https:\/\/ambsanjose.esteri.it\/it\/wp-json\/wp\/v2\/users\/5"}],"replies":[{"embeddable":true,"href":"https:\/\/ambsanjose.esteri.it\/it\/wp-json\/wp\/v2\/comments?post=414"}],"version-history":[{"count":6,"href":"https:\/\/ambsanjose.esteri.it\/it\/wp-json\/wp\/v2\/pages\/414\/revisions"}],"predecessor-version":[{"id":2890,"href":"https:\/\/ambsanjose.esteri.it\/it\/wp-json\/wp\/v2\/pages\/414\/revisions\/2890"}],"up":[{"embeddable":true,"href":"https:\/\/ambsanjose.esteri.it\/it\/wp-json\/wp\/v2\/pages\/101"}],"wp:attachment":[{"href":"https:\/\/ambsanjose.esteri.it\/it\/wp-json\/wp\/v2\/media?parent=414"}],"curies":[{"name":"wp","href":"https:\/\/api.w.org\/{rel}","templated":true}]}}