{"id":44,"date":"2023-04-11T18:10:45","date_gmt":"2023-04-11T16:10:45","guid":{"rendered":"https:\/\/ambasciatapraga.esteri.it\/?page_id=44"},"modified":"2026-02-12T12:53:16","modified_gmt":"2026-02-12T18:53:16","slug":"diplomazia-culturale","status":"publish","type":"page","link":"https:\/\/ambsanjose.esteri.it\/it\/italia-e-costa-rica\/diplomazia-culturale\/","title":{"rendered":"Diplomazia culturale"},"content":{"rendered":"<p class=\"boxLevel04\">La cultura \u00e8 una dimensione di priorit\u00e0 nella politica estera italiana e nell\u2019attivit\u00e0 dell\u2019Ambasciata d\u2019Italia a San Jose&#8217;. Insieme alla Societ\u00e0 Dante Alighieri, l\u2019Ambasciata lavora attivamente per rafforzare le relazioni culturali bilaterali e per promuovere la lingua e la cultura italiane.<\/p>\n<p>Un <a href=\"https:\/\/ambsanjose.esteri.it\/wp-content\/uploads\/2023\/11\/scansione.pdf\">Accordo sulla cooperazione culturale, scientifica e tecnologica tra il Governo della Repubblica italiana e il Governo della Repubblica di Costa Rica\u00a0<\/a>, \u00e8 stato firmato a Roma il 27 maggio 2016.<\/p>\n<p>L&#8217;Accordo intende fornire un quadro giuridico di riferimento per approfondire e disciplinare i rapporti bilaterali nei settori della cultura, dell&#8217;istruzione, della scienza, della tecnologia, dell&#8217;insegnamento linguistico, favorendo la collaborazione e lo scambio fra istituzioni accademiche, universitarie, archivistiche e fra biblioteche, e tra enti pubblici e privati di ricerca scientifica e tecnologica.<\/p>\n<p>Il Costa Rica ha ratificato l\u2019accordo nel marzo 2020; in Italia la ratifica e&#8217; stata approvata con la Legge n. 137 del 17 settembre 2025.<\/p>\n<p>&nbsp;<\/p>\n<ul>\n<li><span lang=\"IT\"><strong>Societ\u00e0 Dante Alighieri<\/strong><\/span><\/li>\n<\/ul>\n<p><span lang=\"IT\">La\u00a0<a href=\"https:\/\/www.dantealighiericostarica.com\/\">Societ\u00e0 Dante Alighieri<\/a> ha l\u2019obbiettivo di tutelare e diffondere la lingua e la cultura italiane nel mondo, ravvivando i legami spirituali dei connazionali all\u2019estero con la madre patria e alimentando tra gli stranieri l\u2019amore e il culto per la civilt\u00e0 italiana. La Societ\u00e0 dispone di oltre 400 comitati diffusi in circa sessanta paesi ed \u00e8 attivamente presente in Costa Rica.<\/span><\/p>\n<p>&nbsp;<\/p>\n<ul>\n<li><span lang=\"IT\"><strong>Certificazione della lingua italiana<\/strong><\/span><\/li>\n<\/ul>\n<p><span lang=\"IT\">La certificazione linguistica ha la funzione di documentare i livelli di competenza cos\u00ec come indicati nel Quadro di Riferimento Comune per le Lingue Europee.<\/span>\u00a0Per la certificazione \u00e8 stato creato,\u00a0su richiesta del M.I.U.R., il CLIQ, Consorzio Lingua Italiana di Qualit\u00e0, per promuovere gli esami degli Enti pi\u00f9 prestigiosi. Attualmente sono 4 gli enti riconosciuti dal consorzio CLIQ e ogni Ente promuove il proprio esame: la Societ\u00e0 Dante Alighieri, l\u2019Universit\u00e0 per Stranieri di Perugia, l\u2019 Universit\u00e0 per Stranieri di Siena e l\u2019Universit\u00e0 degli Studi Roma Tre.<\/p>\n<p>Le certificazioni rilasciate sono:<br \/>\n\u2013 PLIDA (Programma Lingua Italiana Dante Alighieri), rilasciato dalla Societ\u00e0 Dante Alighieri<br \/>\n\u2013 CELI (Certificato di Lingua Italiana), rilasciato dall\u2019Universit\u00e0 per Stranieri di Perugia<br \/>\n\u2013 CILS (Certificato di Italiano Lingua Straniera), rilasciato dall\u2019Universit\u00e0 per Stranieri di Siena<br \/>\n\u2013\u00a0 IT (Certificato di competenza generale in italiano come lingua straniera), rilasciato dall\u2019Universit\u00e0 degli Studi Roma Tre<br \/>\nPer ulteriori informazioni consultare il sito <a href=\"http:\/\/www.societadantealighieri.org\/it\/plida\" target=\"_blank\" rel=\"noopener\">http:\/\/www.societadantealighieri.org\/it\/plida.\u00a0<\/a><\/p>\n<p>&nbsp;<\/p>\n<ul>\n<li><span lang=\"IT\"><strong>Borse di studio<\/strong><\/span><\/li>\n<\/ul>\n<p><span lang=\"IT\">Per informazioni utili concernenti le borse di studio offerte dal Governo italiano ai cittadini costaricani, vedi <a href=\"https:\/\/ambsanjose.esteri.it\/it\/italia-e-costa-rica\/diplomazia-culturale\/studiare-in-italia\/borse-di-studio\/\"><strong>qui<\/strong><\/a>.\u00a0<\/span><\/p>\n<p>Per i contributi del Governo italiano per la promozione della lingua e della cultura italiana nel mondo consultare la voce a sinistra.<\/p>\n<p>&nbsp;<\/p>\n<ul>\n<li><strong>Unitalia<\/strong><\/li>\n<\/ul>\n<p>Unitalia \u00e8 attiva dal 2010 nella promozione all\u2019estero del sistema universitario e di formazione superiore italiano. Uni-Italia fornisce informazioni e assistenza ed organizza attivit\u00e0 all\u2019estero in collaborazione con con la Rete diplomatico-consolare e gli Istituti Italiani di Cultura.<br \/>\nSito di Uni-Italia:\u00a0<a href=\"http:\/\/www.uni-italia.it\/it\/\" target=\"_blank\" rel=\"noopener\">http:\/\/www.uni-italia.it\/it\/<\/a><br \/>\nUlteriori informazioni:\u00a0<a href=\"https:\/\/www.uni-italia.net\/\" target=\"_blank\" rel=\"noopener\">https:\/\/www.uni-italia.net\/\u00a0<\/a>\u00a0(English)<\/p>\n<p>&nbsp;<\/p>\n<ul>\n<li><strong>Saggi e guide tematiche<\/strong><\/li>\n<\/ul>\n<p>I saggi e le guide tematiche sul Costa Rica si trovano a questa <a href=\"https:\/\/amboslo.esteri.it\/it\/italia-e-islanda-sede-accreditata\/cooperazione-economica\/guide-tematiche-norvegia\/\">pagina<\/a>.<\/p>\n<p>&nbsp;<\/p>\n<ul>\n<li><strong>Riconoscimento dei titoli di studio stranieri per studiare in Italia<\/strong><\/li>\n<\/ul>\n<p>Per ottenere il riconoscimento dei titoli di studio stranieri serve una \u201cDichiarazione di valore\u201d emessa dall\u2019Ufficio Consolare. Per maggiori informazioni, si prega di consultare questa\u00a0<a href=\"https:\/\/ambsanjose.esteri.it\/it\/italia-e-costa-rica\/diplomazia-culturale\/studiare-in-italia\/dichiarazioni-di-valore\/\">sezione<\/a>.<\/p>\n","protected":false},"excerpt":{"rendered":"La cultura \u00e8 una dimensione di priorit\u00e0 nella politica estera italiana e nell\u2019attivit\u00e0 dell\u2019Ambasciata d\u2019Italia a San Jose&#8217;. Insieme alla Societ\u00e0 Dante Alighieri, l\u2019Ambasciata lavora attivamente per rafforzare le relazioni culturali bilaterali e per promuovere la lingua e la cultura italiane. Un Accordo sulla cooperazione culturale, scientifica e tecnologica tra il Governo della Repubblica italiana [&hellip;]","protected":false},"author":1,"featured_media":0,"parent":14,"menu_order":2,"comment_status":"closed","ping_status":"closed","template":"","meta":{"footnotes":""},"class_list":["post-44","page","type-page","status-publish","hentry"],"_links":{"self":[{"href":"https:\/\/ambsanjose.esteri.it\/it\/wp-json\/wp\/v2\/pages\/44","targetHints":{"allow":["GET"]}}],"collection":[{"href":"https:\/\/ambsanjose.esteri.it\/it\/wp-json\/wp\/v2\/pages"}],"about":[{"href":"https:\/\/ambsanjose.esteri.it\/it\/wp-json\/wp\/v2\/types\/page"}],"author":[{"embeddable":true,"href":"https:\/\/ambsanjose.esteri.it\/it\/wp-json\/wp\/v2\/users\/1"}],"replies":[{"embeddable":true,"href":"https:\/\/ambsanjose.esteri.it\/it\/wp-json\/wp\/v2\/comments?post=44"}],"version-history":[{"count":6,"href":"https:\/\/ambsanjose.esteri.it\/it\/wp-json\/wp\/v2\/pages\/44\/revisions"}],"predecessor-version":[{"id":11470,"href":"https:\/\/ambsanjose.esteri.it\/it\/wp-json\/wp\/v2\/pages\/44\/revisions\/11470"}],"up":[{"embeddable":true,"href":"https:\/\/ambsanjose.esteri.it\/it\/wp-json\/wp\/v2\/pages\/14"}],"wp:attachment":[{"href":"https:\/\/ambsanjose.esteri.it\/it\/wp-json\/wp\/v2\/media?parent=44"}],"curies":[{"name":"wp","href":"https:\/\/api.w.org\/{rel}","templated":true}]}}