{"id":541,"date":"2023-10-23T10:34:04","date_gmt":"2023-10-23T16:34:04","guid":{"rendered":"https:\/\/ambsanjose.esteri.it\/?page_id=541"},"modified":"2023-10-23T10:34:04","modified_gmt":"2023-10-23T16:34:04","slug":"lista-dei-legali-di-riferimento","status":"publish","type":"page","link":"https:\/\/ambsanjose.esteri.it\/it\/servizi-consolari-e-visti\/servizi-per-il-cittadino-italiano\/lista-dei-legali-di-riferimento\/","title":{"rendered":"Lista dei legali di riferimento"},"content":{"rendered":"<div class=\"sr-only\">Qui di seguito i nomi e i recapiti di alcuni avvocati ai quali \u00e8 possibile rivolgersi in caso di necessit\u00e0, ferma restando la possibilit\u00e0 di rivolgersi ad altri professionisti di propria fiducia.<\/div>\n<div>\n<p>L\u2019elenco \u00e8 stato definito in base alle richieste d&#8217;inserimento avanzate dagli stessi professionisti e deve quindi considerarsi aperto e non esaustivo.<br \/>\nL\u2019Ambasciata non risponde della qualit\u00e0 del servizio prestato dagli stessi, del loro operato e delle tariffe praticate. L\u2019inclusione nell\u2019elenco non implica alcuna raccomandazione da parte dell\u2019Ambasciata.<\/p>\n<p>I professionisti elencati soddisfano i seguenti requisiti minimi:<br \/>\n1) conoscenza della lingua italiana;<br \/>\n2) abilitazione legale all&#8217;esercizio della professione in Costa Rica e iscrizione nel relativo albo e\/o ordine professionale;<br \/>\n3) conoscenza della legislazione locale e italiana nello specifico settore di attivit\u00e0, ovvero rapporti di associazione o collaborazione con studi legali in Italia.<\/p>\n<p><strong><br \/>\nAvv. Marco Durante<br \/>\n<\/strong>BDS Asesores Jur\u00eddicos<br \/>\nDiritto del lavoro<br \/>\nTel. Ufficio: +506 25453600<br \/>\nCell.: +506 88419080<br \/>\ne-mail: mdurante@bdsasesores.com<\/p>\n<p><strong>Avv. Neftali Garro<\/strong><br \/>\nBLP Abogados<br \/>\nEsperto in contenziosi commerciali<br \/>\nTel.: +506 22053907 (ufficio)<br \/>\nCell.: +506 60509428<br \/>\ne-mail:\u00a0<a href=\"mailto:ngarro@blplegal.com\">ngarro@blplegal.com<br \/>\n<\/a>Sito web: https:\/\/www.blplegal.com\/solutions\/<\/p>\n<p><strong>Avv. Cristina Guerrini<br \/>\n<\/strong>Diritto immobiliare, dell\u2019immigrazione, societario, notarile, del lavoro.<br \/>\nTel.: +506 86276886<br \/>\ne-mail:\u00a0<a href=\"mailto:cguerrini@cribo.cr\">cguerrini@cribo.cr<\/a><\/p>\n<p><strong>Avv. Andrea Mora Carli<br \/>\n<\/strong>Diritto commerciale, civile, notarile<br \/>\nTel.: +506 83848736<br \/>\ne-mail: juridico@ice.co.cr<\/p>\n<\/div>\n","protected":false},"excerpt":{"rendered":"Qui di seguito i nomi e i recapiti di alcuni avvocati ai quali \u00e8 possibile rivolgersi in caso di necessit\u00e0, ferma restando la possibilit\u00e0 di rivolgersi ad altri professionisti di propria fiducia. L\u2019elenco \u00e8 stato definito in base alle richieste d&#8217;inserimento avanzate dagli stessi professionisti e deve quindi considerarsi aperto e non esaustivo. L\u2019Ambasciata non [&hellip;]","protected":false},"author":5,"featured_media":0,"parent":47,"menu_order":20,"comment_status":"closed","ping_status":"closed","template":"","meta":{"footnotes":""},"class_list":["post-541","page","type-page","status-publish","hentry"],"_links":{"self":[{"href":"https:\/\/ambsanjose.esteri.it\/it\/wp-json\/wp\/v2\/pages\/541","targetHints":{"allow":["GET"]}}],"collection":[{"href":"https:\/\/ambsanjose.esteri.it\/it\/wp-json\/wp\/v2\/pages"}],"about":[{"href":"https:\/\/ambsanjose.esteri.it\/it\/wp-json\/wp\/v2\/types\/page"}],"author":[{"embeddable":true,"href":"https:\/\/ambsanjose.esteri.it\/it\/wp-json\/wp\/v2\/users\/5"}],"replies":[{"embeddable":true,"href":"https:\/\/ambsanjose.esteri.it\/it\/wp-json\/wp\/v2\/comments?post=541"}],"version-history":[{"count":1,"href":"https:\/\/ambsanjose.esteri.it\/it\/wp-json\/wp\/v2\/pages\/541\/revisions"}],"predecessor-version":[{"id":542,"href":"https:\/\/ambsanjose.esteri.it\/it\/wp-json\/wp\/v2\/pages\/541\/revisions\/542"}],"up":[{"embeddable":true,"href":"https:\/\/ambsanjose.esteri.it\/it\/wp-json\/wp\/v2\/pages\/47"}],"wp:attachment":[{"href":"https:\/\/ambsanjose.esteri.it\/it\/wp-json\/wp\/v2\/media?parent=541"}],"curies":[{"name":"wp","href":"https:\/\/api.w.org\/{rel}","templated":true}]}}