{"id":565,"date":"2023-10-23T11:00:52","date_gmt":"2023-10-23T17:00:52","guid":{"rendered":"https:\/\/ambsanjose.esteri.it\/?page_id=565"},"modified":"2023-10-23T11:00:52","modified_gmt":"2023-10-23T17:00:52","slug":"acquisto-della-cittadinanza-durante-la-minore-eta","status":"publish","type":"page","link":"https:\/\/ambsanjose.esteri.it\/it\/servizi-consolari-e-visti\/servizi-per-il-cittadino-straniero\/cittadinanza\/acquisto-della-cittadinanza-durante-la-minore-eta\/","title":{"rendered":"Acquisto della cittadinanza durante la minore et\u00e0"},"content":{"rendered":"<p>a.\u00a0<strong>Cittadinanza per riconoscimento o per dichiarazione giudiziale di paternit\u00e0 o maternit\u00e0<\/strong><\/p>\n<p>\u00c8 cittadino italiano il minore che viene riconosciuto come figlio da un cittadino italiano o che \u00e8 dichiarato figlio di un cittadino italiano da parte di un giudice.<\/p>\n<p>b.\u00a0<strong>Cittadinanza per adozione<\/strong><\/p>\n<p>Acquista la cittadinanza italiana il minore straniero adottato da cittadino italiano mediante provvedimento dell\u2019Autorit\u00e0 Giudiziaria italiana ovvero, in caso di adozione pronunciata all\u2019estero, mediante provvedimento dell\u2019Autorit\u00e0 straniera reso efficace in Italia con ordine (emanato dal Tribunale per i minorenni) di trascrizione nei registri dello stato civile.<\/p>\n<p>Se l\u2019adottato \u00e8 maggiorenne, pu\u00f2 acquistare la cittadinanza italiana per naturalizzazione trascorsi 5 anni di residenza legale in Italia dopo l\u2019adozione.<\/p>\n<p>c.\u00a0<strong>Per naturalizzazione dei genitori<\/strong><\/p>\n<p>I figli minori di chi acquista o riacquista la cittadinanza italiana acquistano a loro volta la cittadinanza italiana se conviventi con i genitori. Possono rinunciarvi una volta raggiunta la maggiore et\u00e0 e se in possesso di altra cittadinanza.<\/p>\n","protected":false},"excerpt":{"rendered":"a.\u00a0Cittadinanza per riconoscimento o per dichiarazione giudiziale di paternit\u00e0 o maternit\u00e0 \u00c8 cittadino italiano il minore che viene riconosciuto come figlio da un cittadino italiano o che \u00e8 dichiarato figlio di un cittadino italiano da parte di un giudice. b.\u00a0Cittadinanza per adozione Acquista la cittadinanza italiana il minore straniero adottato da cittadino italiano mediante provvedimento [&hellip;]","protected":false},"author":5,"featured_media":0,"parent":90,"menu_order":10,"comment_status":"closed","ping_status":"closed","template":"","meta":{"footnotes":""},"class_list":["post-565","page","type-page","status-publish","hentry"],"_links":{"self":[{"href":"https:\/\/ambsanjose.esteri.it\/it\/wp-json\/wp\/v2\/pages\/565","targetHints":{"allow":["GET"]}}],"collection":[{"href":"https:\/\/ambsanjose.esteri.it\/it\/wp-json\/wp\/v2\/pages"}],"about":[{"href":"https:\/\/ambsanjose.esteri.it\/it\/wp-json\/wp\/v2\/types\/page"}],"author":[{"embeddable":true,"href":"https:\/\/ambsanjose.esteri.it\/it\/wp-json\/wp\/v2\/users\/5"}],"replies":[{"embeddable":true,"href":"https:\/\/ambsanjose.esteri.it\/it\/wp-json\/wp\/v2\/comments?post=565"}],"version-history":[{"count":1,"href":"https:\/\/ambsanjose.esteri.it\/it\/wp-json\/wp\/v2\/pages\/565\/revisions"}],"predecessor-version":[{"id":566,"href":"https:\/\/ambsanjose.esteri.it\/it\/wp-json\/wp\/v2\/pages\/565\/revisions\/566"}],"up":[{"embeddable":true,"href":"https:\/\/ambsanjose.esteri.it\/it\/wp-json\/wp\/v2\/pages\/90"}],"wp:attachment":[{"href":"https:\/\/ambsanjose.esteri.it\/it\/wp-json\/wp\/v2\/media?parent=565"}],"curies":[{"name":"wp","href":"https:\/\/api.w.org\/{rel}","templated":true}]}}