{"id":5726,"date":"2024-09-03T14:24:36","date_gmt":"2024-09-03T20:24:36","guid":{"rendered":"https:\/\/ambsanjose.esteri.it\/?page_id=5726"},"modified":"2024-09-03T14:24:36","modified_gmt":"2024-09-03T20:24:36","slug":"dolores-castegnaro-catellani","status":"publish","type":"page","link":"https:\/\/ambsanjose.esteri.it\/it\/italia-e-costa-rica\/diplomazia-culturale\/le-storie-degli-italiani\/dolores-castegnaro-catellani\/","title":{"rendered":"Dolores Castegnaro Catellani"},"content":{"rendered":"<p><img loading=\"lazy\" decoding=\"async\" class=\"alignleft size-medium wp-image-5719 img-fluid\" src=\"https:\/\/ambsanjose.esteri.it\/wp-content\/uploads\/2024\/09\/img001-300x236.jpg\" alt=\"\" width=\"300\" height=\"236\" srcset=\"https:\/\/ambsanjose.esteri.it\/wp-content\/uploads\/2024\/09\/img001-300x236.jpg 300w, https:\/\/ambsanjose.esteri.it\/wp-content\/uploads\/2024\/09\/img001-1024x807.jpg 1024w, https:\/\/ambsanjose.esteri.it\/wp-content\/uploads\/2024\/09\/img001-768x605.jpg 768w, https:\/\/ambsanjose.esteri.it\/wp-content\/uploads\/2024\/09\/img001.jpg 1920w\" sizes=\"auto, (max-width: 300px) 100vw, 300px\" \/><\/p>\n<p>&nbsp;<\/p>\n<p>Dolores Castegnaro nacque a San Jos\u00e9, in Costa Rica, il 17 maggio 1900, fu compositrice, pianista ed educatrice.<\/p>\n<p>Nata da famiglia italiana residente in Costa Rica, inizia a studiare pianoforte e canto con il padre, il compositore Alvise Castegnaro, per poi proseguire gli studi in Italia, al Conservatorio Giuseppe Verdi di Milano e all&#8217;Accademia Filarmonica di Bologna.<\/p>\n<p>Inizia la sua attivit\u00e0 musicale come cantante e pianista nel 1912.<\/p>\n<p>La sua prima opera, <em>Recuerdos de Espa\u00f1a<\/em> per pianoforte, risale al 1926 e fu composta a Milano.<\/p>\n<p>Tra il 1933 e il 1941 si trasfer\u00ec a Parigi, dove compose e cur\u00f2 undici delle sue canzoni, che furono registrate e interpretate da diversi cantanti come Tino Rossi (Tinuca, 1935), Lucienne Dugard (Nuit d&#8217; \u00e9t\u00e9, 1938), Vanni Marcoux (Vous m&#8217;avez dit, 1937) e Monserrat Caball\u00e9 (Lasciati amare, 1965).<\/p>\n<p>Nel 1941 torn\u00f2 in Costa Rica e svolse in seguito diverse attivit\u00e0: dava lezioni di canto, era accompagnatrice al pianoforte e dirigeva l&#8217;orchestra negli spettacoli d&#8217;opera. Fu la prima donna costaricana a dirigere un&#8217;orchestra.<\/p>\n<p>Nel 1945 emigr\u00f2 a Citt\u00e0 del Messico, dove oltre a continuare la sua attivit\u00e0 musicale, lavor\u00f2 come critica musicale in diversi media.<\/p>\n<p>Tra le sue opere vi sono canzoni e lavori per pianoforte, Tango (1935) e Tarantella (1945); per orchestra, Lluvia de plata (1931) e Himno de paz (1945), e le opere teatrali Mirka.<\/p>\n<p>Mor\u00ec a Citt\u00e0 del Messico il 28 giugno 1979.<\/p>\n<p>&nbsp;<\/p>\n<p><img loading=\"lazy\" decoding=\"async\" class=\"alignleft size-full wp-image-5715 img-fluid\" src=\"https:\/\/ambsanjose.esteri.it\/wp-content\/uploads\/2024\/09\/images-1.jpeg\" alt=\"\" width=\"189\" height=\"266\" \/> <img loading=\"lazy\" decoding=\"async\" class=\"alignleft size-medium wp-image-5718 img-fluid\" src=\"https:\/\/ambsanjose.esteri.it\/wp-content\/uploads\/2024\/09\/f1-0162-213x300.jpg\" alt=\"\" width=\"213\" height=\"300\" srcset=\"https:\/\/ambsanjose.esteri.it\/wp-content\/uploads\/2024\/09\/f1-0162-213x300.jpg 213w, https:\/\/ambsanjose.esteri.it\/wp-content\/uploads\/2024\/09\/f1-0162-725x1024.jpg 725w, https:\/\/ambsanjose.esteri.it\/wp-content\/uploads\/2024\/09\/f1-0162-768x1084.jpg 768w, https:\/\/ambsanjose.esteri.it\/wp-content\/uploads\/2024\/09\/f1-0162.jpg 1395w\" sizes=\"auto, (max-width: 213px) 100vw, 213px\" \/><\/p>\n","protected":false},"excerpt":{"rendered":"&nbsp; Dolores Castegnaro nacque a San Jos\u00e9, in Costa Rica, il 17 maggio 1900, fu compositrice, pianista ed educatrice. Nata da famiglia italiana residente in Costa Rica, inizia a studiare pianoforte e canto con il padre, il compositore Alvise Castegnaro, per poi proseguire gli studi in Italia, al Conservatorio Giuseppe Verdi di Milano e all&#8217;Accademia [&hellip;]","protected":false},"author":5,"featured_media":0,"parent":454,"menu_order":0,"comment_status":"closed","ping_status":"closed","template":"","meta":{"footnotes":""},"class_list":["post-5726","page","type-page","status-publish","hentry"],"_links":{"self":[{"href":"https:\/\/ambsanjose.esteri.it\/it\/wp-json\/wp\/v2\/pages\/5726","targetHints":{"allow":["GET"]}}],"collection":[{"href":"https:\/\/ambsanjose.esteri.it\/it\/wp-json\/wp\/v2\/pages"}],"about":[{"href":"https:\/\/ambsanjose.esteri.it\/it\/wp-json\/wp\/v2\/types\/page"}],"author":[{"embeddable":true,"href":"https:\/\/ambsanjose.esteri.it\/it\/wp-json\/wp\/v2\/users\/5"}],"replies":[{"embeddable":true,"href":"https:\/\/ambsanjose.esteri.it\/it\/wp-json\/wp\/v2\/comments?post=5726"}],"version-history":[{"count":1,"href":"https:\/\/ambsanjose.esteri.it\/it\/wp-json\/wp\/v2\/pages\/5726\/revisions"}],"predecessor-version":[{"id":5729,"href":"https:\/\/ambsanjose.esteri.it\/it\/wp-json\/wp\/v2\/pages\/5726\/revisions\/5729"}],"up":[{"embeddable":true,"href":"https:\/\/ambsanjose.esteri.it\/it\/wp-json\/wp\/v2\/pages\/454"}],"wp:attachment":[{"href":"https:\/\/ambsanjose.esteri.it\/it\/wp-json\/wp\/v2\/media?parent=5726"}],"curies":[{"name":"wp","href":"https:\/\/api.w.org\/{rel}","templated":true}]}}