{"id":613,"date":"2023-10-26T11:43:31","date_gmt":"2023-10-26T17:43:31","guid":{"rendered":"https:\/\/ambsanjose.esteri.it\/?page_id=613"},"modified":"2025-07-23T13:10:39","modified_gmt":"2025-07-23T19:10:39","slug":"domande-frequenti","status":"publish","type":"page","link":"https:\/\/ambsanjose.esteri.it\/it\/servizi-consolari-e-visti\/servizi-per-il-cittadino-italiano\/domande-frequenti\/","title":{"rendered":"Domande Frequenti"},"content":{"rendered":"<div>\n<p class=\"boxLevel04\"><strong>Di seguito la risposta ad alcune delle domande pi\u00f9 frequenti degli utenti.<\/strong><\/p>\n<p class=\"boxLevel04\">&#8211;\u00a0<a href=\"https:\/\/ambsanjose.esteri.it\/it\/servizi-consolari-e-visti\/servizi-per-il-cittadino-italiano\/anagrafe\/\"><strong>CHE COS&#8217;E&#8217; L&#8217;A.I.R.E<\/strong>.<\/a><\/p>\n<p class=\"boxLevel04\"><strong>&#8211;\u00a0<a href=\"https:\/\/ambsanjose.esteri.it\/it\/servizi-consolari-e-visti\/servizi-per-il-cittadino-italiano\/anagrafe\/come-iscriversi-allaire\/\">COME ISCRIVERSI ALL&#8217;A.I.R.E<\/a><\/strong><\/p>\n<p><strong><a href=\"https:\/\/ambsanjose.esteri.it\/it\/servizi-consolari-e-visti\/servizi-per-il-cittadino-italiano\/passaporti-e-carte-didentita\/\">PASSAPORTO<\/a><br \/>\n<\/strong><\/p>\n<ul>\n<li><a href=\"https:\/\/ambsanjose.esteri.it\/it\/servizi-consolari-e-visti\/servizi-per-il-cittadino-italiano\/mi-e-stato-rubato-ho-smarrito-un-mio-documento-cosa-faccio\/\"><strong>Mi \u00e8 stato rubato \/ ho smarrito un mio documento. Cosa faccio?<\/strong><\/a><\/li>\n<li><a href=\"https:\/\/ambsanjose.esteri.it\/it\/servizi-consolari-e-visti\/servizi-per-il-cittadino-italiano\/vorrei-che-i-miei-figli-viaggiassero-in-e-dallitalia-con-i-nonni-di-quali-documenti-autorizzazioni-ho-bisogno\/\"><strong>Vorrei che i miei figli viaggiassero in e dall\u2019Italia con i nonni. Di quali documenti\/autorizzazioni ho bisogno?<\/strong><\/a><\/li>\n<\/ul>\n<p class=\"boxLevel04\"><strong>&#8211; <a href=\"https:\/\/ambsanjose.esteri.it\/it\/servizi-consolari-e-visti\/servizi-per-il-cittadino-italiano\/domande-frequenti\/registrazione-di-un-matrimonio-o-unione-civile\/\">Matrimonio e unioni civili<\/a><\/strong><\/p>\n<p class=\"boxLevel04\">&#8211;\u00a0<strong><a href=\"https:\/\/ambsanjose.esteri.it\/it\/servizi-consolari-e-visti\/servizi-per-il-cittadino-italiano\/assistenza-alle-imprese-italiane-allestero\/\">ASSISTENZA ALLE IMPRESE ITALIANE ALL&#8217;ESTERO<\/a><br \/>\n<\/strong><\/p>\n<p class=\"boxLevel04\">&#8211;\u00a0<strong>VISTI D&#8217;INGRESSO &#8211; VISAS<\/strong><\/p>\n<p class=\"boxLevel04\">&#8211;\u00a0<strong>SERVIZIO MILITARE<\/strong><\/p>\n<p class=\"boxLevel04\"><strong>&#8211; <a href=\"https:\/\/ambsanjose.esteri.it\/it\/italia-e-costa-rica\/diplomazia-culturale\/studiare-in-italia\/studiare-in-italia\/\">Studiare in Italia<\/a>\u00a0<\/strong><\/p>\n<p class=\"boxLevel04\">&#8211;\u00a0<a href=\"https:\/\/ambsanjose.esteri.it\/it\/italia-e-costa-rica\/diplomazia-culturale\/studiare-in-italia\/borse-di-studio\/\"><strong>Borse di studio<\/strong><\/a><\/p>\n<p class=\"boxLevel04\">&#8211;\u00a0<strong><a href=\"https:\/\/ambsanjose.esteri.it\/it\/italia-e-costa-rica\/diplomazia-culturale\/studiare-in-italia\/dichiarazioni-di-valore\/\">Dichiarazioni di valore<\/a>\u00a0<\/strong><\/p>\n<p class=\"boxLevel04\">&#8211;\u00a0<strong><a href=\"https:\/\/ambsanjose.esteri.it\/it\/servizi-consolari-e-visti\/servizi-per-il-cittadino-italiano\/lista-dei-legali-di-riferimento\/\">Assistenza legale<\/a>\u00a0<\/strong><\/p>\n<p class=\"boxLevel04\">&#8211;\u00a0<strong><a href=\"https:\/\/ambsanjose.esteri.it\/it\/servizi-consolari-e-visti\/servizi-per-il-cittadino-italiano\/servizi-elettorali\/\">VOTO ALL&#8217;ESTERO<\/a><\/strong><\/p>\n<p class=\"boxLevel04\">&#8211;\u00a0<a href=\"https:\/\/ambsanjose.esteri.it\/it\/servizi-consolari-e-visti\/servizi-per-il-cittadino-italiano\/pensioni-e-sicurezza-sociale\/\"><strong>PENSIONI<\/strong><\/a><\/p>\n<p class=\"boxLevel04\">&#8211;\u00a0<a href=\"https:\/\/ambsanjose.esteri.it\/it\/servizi-consolari-e-visti\/servizi-per-il-cittadino-italiano\/che-cose-il-com-it-es\/\"><strong>COMITES<\/strong><\/a><\/p>\n<p class=\"boxLevel04\">&#8211;\u00a0<a href=\"https:\/\/ambsanjose.esteri.it\/it\/italia-e-costa-rica\/diplomazia-economica\/fare-affari-in-costa-rica\/domande-frequenti\/quali-prodotti-alimentari-posso-portare-in-valigia-quando-mi-reco-in-costa-rica\/\"><strong>QUALI PRODOTTI ALIMENTARI POSSO PORTARE IN VALIGIA QUANDO MI RECO IN COSTA RICA?<\/strong><\/a><\/p>\n<p class=\"boxLevel04\"><strong>&#8211;\u00a0<a href=\"https:\/\/ambsanjose.esteri.it\/it\/chi-siamo\/gli-uffici\/\">QUAL&#8217;E&#8217; L&#8217;ORARIO DI APERTURA DELLA CANCELLERIA CONSOLARE ?<\/a><\/strong><\/p>\n<p>&nbsp;<\/p>\n<p class=\"boxLevel04\"><strong>Quali sono i doveri del cittadino italiano residente all\u2019estero?<\/strong><\/p>\n<p class=\"boxLevel04\">I principali doveri del cittadino italiano residente all&#8217;estero sono:<\/p>\n<p>1. aggiornare la propria residenza<br \/>\n2. aggiornare la situazione di stato civile<\/p>\n<p>&nbsp;<\/p>\n<p><strong>Come si aggiorna la propria residenza?<\/strong><br \/>\nE&#8217; sufficiente che il cittadino notifichi per iscritto alla Cancelleria consolare dell&#8217;Ambasciata\u00a0il proprio nuovo indirizzo. La comunicazione deve essere firmata dal cittadino maggiorenne (o da uno dei genitori per il cittadino minorenne). E&#8217; necessario inoltre allegare una copia del documento d\u2019identit\u00e0 dell\u2019interessato.\u00a0 La pratica \u00e8 totalmente gratuita, non \u00e8 necessario un appuntamento e si pu\u00f2 realizzare anche per posta.<\/p>\n<p>&nbsp;<\/p>\n<p><strong>Quale residenza bisogna comunicare alla Cancelleria\u00a0consolare dell&#8217;Ambasciata ?<\/strong><br \/>\nL\u2019unico indirizzo da notificare \u00e8 quello della &#8220;stabile dimora&#8221; (ossia il luogo dove la persona vive abitualmente). Non si pu\u00f2 utilizzare come domicilio il posto di lavoro o un &#8220;domicilio legale&#8221; che non coincida con la stabile dimora della persona.\u00a0Al riguardo possono essere\u00a0effettuati controlli per verificare la residenza dichiarata dal cittadino.<\/p>\n<p>&nbsp;<\/p>\n<p><strong>Come si aggiorna lo stato civile?<\/strong><br \/>\nI principali eventi che il cittadino italiano residente all\u2019estero deve notificare alla cancelleria consolare dell&#8217;Ambasciata\u00a0sono:<\/p>\n<p>1. il matrimonio;<br \/>\n2. il divorzio;<br \/>\n3. la nascita di figli ancora minorenni;<br \/>\n4. la morte del coniuge non cittadino italiano;<br \/>\n5. la morte del coniuge cittadino italiano o di altri parenti cittadini italiani.<\/p>\n<p>Queste pratiche sono gratuite.<\/p>\n<\/div>\n","protected":false},"excerpt":{"rendered":"Di seguito la risposta ad alcune delle domande pi\u00f9 frequenti degli utenti. &#8211;\u00a0CHE COS&#8217;E&#8217; L&#8217;A.I.R.E. &#8211;\u00a0COME ISCRIVERSI ALL&#8217;A.I.R.E PASSAPORTO Mi \u00e8 stato rubato \/ ho smarrito un mio documento. Cosa faccio? Vorrei che i miei figli viaggiassero in e dall\u2019Italia con i nonni. Di quali documenti\/autorizzazioni ho bisogno? &#8211; Matrimonio e unioni civili &#8211;\u00a0ASSISTENZA ALLE [&hellip;]","protected":false},"author":5,"featured_media":0,"parent":47,"menu_order":100,"comment_status":"closed","ping_status":"closed","template":"","meta":{"footnotes":""},"class_list":["post-613","page","type-page","status-publish","hentry"],"_links":{"self":[{"href":"https:\/\/ambsanjose.esteri.it\/it\/wp-json\/wp\/v2\/pages\/613","targetHints":{"allow":["GET"]}}],"collection":[{"href":"https:\/\/ambsanjose.esteri.it\/it\/wp-json\/wp\/v2\/pages"}],"about":[{"href":"https:\/\/ambsanjose.esteri.it\/it\/wp-json\/wp\/v2\/types\/page"}],"author":[{"embeddable":true,"href":"https:\/\/ambsanjose.esteri.it\/it\/wp-json\/wp\/v2\/users\/5"}],"replies":[{"embeddable":true,"href":"https:\/\/ambsanjose.esteri.it\/it\/wp-json\/wp\/v2\/comments?post=613"}],"version-history":[{"count":6,"href":"https:\/\/ambsanjose.esteri.it\/it\/wp-json\/wp\/v2\/pages\/613\/revisions"}],"predecessor-version":[{"id":9484,"href":"https:\/\/ambsanjose.esteri.it\/it\/wp-json\/wp\/v2\/pages\/613\/revisions\/9484"}],"up":[{"embeddable":true,"href":"https:\/\/ambsanjose.esteri.it\/it\/wp-json\/wp\/v2\/pages\/47"}],"wp:attachment":[{"href":"https:\/\/ambsanjose.esteri.it\/it\/wp-json\/wp\/v2\/media?parent=613"}],"curies":[{"name":"wp","href":"https:\/\/api.w.org\/{rel}","templated":true}]}}