{"id":6394,"date":"2024-10-25T13:16:56","date_gmt":"2024-10-25T19:16:56","guid":{"rendered":"https:\/\/ambsanjose.esteri.it\/?page_id=6394"},"modified":"2024-11-06T09:53:28","modified_gmt":"2024-11-06T15:53:28","slug":"iniziative-in-corso","status":"publish","type":"page","link":"https:\/\/ambsanjose.esteri.it\/it\/italia-e-costa-rica\/cooperazione-allo-sviluppo\/progetti-finanziati-dal-governo-italiano-in-costa-rica\/iniziative-in-corso\/","title":{"rendered":"Iniziative in corso"},"content":{"rendered":"<table width=\"685\">\n<tbody>\n<tr>\n<td colspan=\"2\" width=\"514\"><strong>Promozione e rafforzamento della giustizia minorile riparativa nei paesi SICA<\/strong><\/td>\n<\/tr>\n<tr>\n<td width=\"82\"><em>Codice del progetto<\/em><\/td>\n<td width=\"432\">AID 12792<\/td>\n<\/tr>\n<tr>\n<td width=\"82\"><em>Ente esecutore <\/em><\/td>\n<td width=\"432\">Organizzazione Internazionale Italo-Latino Americana (IILA)<\/td>\n<\/tr>\n<tr>\n<td width=\"82\"><em>Ente co-esecutore<\/em><\/td>\n<td width=\"432\"><em>SG-SICA<\/em><\/td>\n<\/tr>\n<tr>\n<td width=\"82\"><em>Luoghi di intervento<\/em><\/td>\n<td width=\"432\">Belize, Costa Rica, El Salvador, Guatemala, Honduras, Nicaragua, Panama e Repubblica Dominicana<\/td>\n<\/tr>\n<tr>\n<td width=\"82\"><em>Tipologia di finanziamento <\/em><\/td>\n<td width=\"432\"><em>Dono<\/em><\/td>\n<\/tr>\n<tr>\n<td width=\"82\"><em>Valore<\/em><\/td>\n<td width=\"432\"><em>\u20ac 2.000.000,00<\/em><\/td>\n<\/tr>\n<tr>\n<td width=\"82\"><em>Durata<\/em><\/td>\n<td width=\"432\"><em>36 mesi<\/em><\/td>\n<\/tr>\n<tr>\n<td width=\"82\"><em>Status <\/em><\/td>\n<td width=\"432\"><em>In esecuzione<\/em><\/td>\n<\/tr>\n<tr>\n<td width=\"82\"><em>Breve descrizione<\/em><\/td>\n<td width=\"432\">La violenza giovanile \u00e8 uno dei maggiori problemi in America Centrale. \u00c8 legato soprattutto alla frammentazione sociale e familiare e alle estorsioni, spesso legate al traffico di droga. Finora le misure per fermarlo sono state essenzialmente repressive.<br \/>\nL\u2019IILA, insieme al SICA, ha concordato un quadro di intervento basato sulla giustizia minorile riparativa, un approccio incentrato non solo sulla punizione ma sulle possibilit\u00e0 di riparare il danno subito dalla vittima e di ristabilire le relazioni sociali tra l\u2019autore del reato e la vittima e la comunit\u00e0. Gli obiettivi del progetto, con un budget di 2 milioni di euro e una durata di tre anni, sono quelli di rafforzare i sistemi di giustizia minorile nei paesi SICA, nel quadro della strategia di sicurezza centroamericana della SICA, e di sostenere la revisione, progettazione e adattamento di un modello di giustizia minorile riparativa come strategia per la prevenzione della violenza e il reinserimento dei giovani infrattori.<br \/>\nLe componenti principali si riferiscono a: a) l&#8217;impatto politico, b) il rafforzamento e lo sviluppo delle competenze di professionisti anche attraverso la sperimentazione sul campo e c) sensibilizzazione e comunicazione sociale.<br \/>\nIl progetto prevede un fondo per la realizzazione di microprogetti per sperimentare questo approccio in specifiche realt\u00e0 centroamericane. Data la sua natura sperimentale, i meccanismi di governance saranno altrettanto importanti.<\/td>\n<\/tr>\n<tr>\n<td width=\"82\"><em>Obiettivo generale <\/em><\/td>\n<td width=\"432\">Rafforzare i sistemi di giustizia penale minorile nei paesi SICA, attraverso la promozione della giustizia minorile riparativa, nel quadro della Strategia di Sicurezza Centroamericana (ESCA).<\/td>\n<\/tr>\n<tr>\n<td width=\"82\"><em>Obiettivo specifico <\/em><\/td>\n<td width=\"432\">Supportare i paesi SICA nella revisione, progettazione e adattamento di un modello di Giustizia minorile riparativa come strategia di prevenzione e reinserimento per la popolazione giovanile infrattore e a rischio sociale.<\/td>\n<\/tr>\n<tr>\n<td width=\"82\"><em>Risultati attesi <\/em><\/td>\n<td width=\"432\">1. Sviluppare processi di advocacy nella legislazione nazionale e regionale in materia di giustizia minorile riparativa;<\/p>\n<p>2. Rafforzare e\/o creare competenze e capacit\u00e0 specifiche nella giustizia minorile riparativa;<\/p>\n<p>3. Diffondere nei paesi SICA una cultura della legalit\u00e0 e della giustizia minorile riparativa<\/p>\n<p>4. Supporto ai Paesi SICA nell&#8217;attuazione delle misure a sostegno della riabilitazione delle attivit\u00e0 del sistema penale minorile, dopo gli effetti del Covid-19.<\/td>\n<\/tr>\n<\/tbody>\n<\/table>\n<p>&nbsp;<\/p>\n<p>Inoltre, in Costa Rica \u00e8 operativa la sede regionale dell\u2019Unione Internazionale per la Conservazione della Natura (IUCN), ente esecutore dell\u2019iniziativa \u201cClosing the Caribbean Plastic Tap \u2013 Reducir la dispersi\u00f3n de pl\u00e1stico en el Caribe\u201d.<\/p>\n<table width=\"685\">\n<tbody>\n<tr>\n<td colspan=\"2\" width=\"481\"><strong>Closing the Caribbean Plastic Tap \u2013 Reducir la dispersi\u00f3n de pl\u00e1stico en el Caribe<\/strong><\/td>\n<\/tr>\n<tr>\n<td width=\"86\"><em>Codice del progetto<\/em><\/td>\n<td width=\"395\">AID 12749<\/td>\n<\/tr>\n<tr>\n<td width=\"86\"><em>Ente esecutore <\/em><\/td>\n<td width=\"395\">Unione Internazionale per la Conservazione della Natura (IUCN)<\/td>\n<\/tr>\n<tr>\n<td width=\"86\"><em>Ente co-esecutore<\/em><\/td>\n<td width=\"395\">Organizzazione degli Stati dei Caraibi Orientali (OECS); Programma delle NU per l&#8217;Ambiente\/Caraibi (UNEP\/CCS); Consorzio Bandiera Blu Caraibi (BFCC)<\/td>\n<\/tr>\n<tr>\n<td width=\"86\"><em>Luoghi di intervento<\/em><\/td>\n<td width=\"395\">Antigua e Barbuda, Grenada, Saint Kitts e Nevis, Santa Lucia e Saint Vincent e Grenadine<\/td>\n<\/tr>\n<tr>\n<td width=\"86\"><em>Tipologia di finanziamento <\/em><\/td>\n<td width=\"395\"><em>Dono<\/em><\/td>\n<\/tr>\n<tr>\n<td width=\"86\"><em>Valore<\/em><\/td>\n<td width=\"395\"><em>\u20ac 2.000.000,00<\/em><\/td>\n<\/tr>\n<tr>\n<td width=\"86\"><em>Durata<\/em><\/td>\n<td width=\"395\"><em>36 mesi<\/em><\/td>\n<\/tr>\n<tr>\n<td width=\"86\"><em>Status <\/em><\/td>\n<td width=\"395\"><em>In esecuzione<\/em><\/td>\n<\/tr>\n<tr>\n<td width=\"86\"><em>Breve descrizione<\/em><\/td>\n<td width=\"395\">L&#8217;iniziativa si concentra sul problema dei rifiuti di plastica nei Piccoli Stati Insulari in Via di Sviluppo (SIDS) dei Caraibi.<br \/>\nNegli ultimi anni la questione dell\u2019inquinamento da plastica e microplastica negli ambienti marini ha dominato il dibattito nazionale, regionale e internazionale, poich\u00e9 l\u2019impatto negativo della plastica sull\u2019ambiente \u00e8 diventato sempre pi\u00f9 evidente. Ogni anno, pi\u00f9 di 12 milioni di tonnellate di rifiuti di plastica finiscono negli oceani del mondo.<br \/>\nL\u2019obiettivo di questo progetto \u00e8 dimostrare soluzioni efficaci e quantificabili per affrontare il problema dei rifiuti di plastica riciclabili e non riciclabili (la frazione pi\u00f9 grande dei rifiuti di plastica generati) e la loro dispersione nei SIDS dei Caraibi. Le soluzioni includono lo sviluppo di politiche pubbliche, la sensibilizzazione della comunit\u00e0 e la promozione di aziende private di riciclaggio.<\/td>\n<\/tr>\n<tr>\n<td width=\"86\"><em>Obiettivo generale <\/em><\/td>\n<td width=\"395\">Ridurre la dispersione dei rifiuti di plastica dalle isole caraibiche di Antigua e Barbuda, Grenada, Santa Lucia, Saint Kitts e Nevis, Saint Vincent e Grenadine.<\/td>\n<\/tr>\n<tr>\n<td width=\"86\"><em>Obiettivo specifico <\/em><\/td>\n<td width=\"395\">Applicare soluzioni efficaci e socialmente inclusive per promuovere l\u2019economia circolare e affrontare il problema della dispersione dei rifiuti di plastica nei SIDS target.<\/td>\n<\/tr>\n<tr>\n<td width=\"86\"><em>Risultati attesi <\/em><\/td>\n<td width=\"395\">1. Applicare le soluzioni individuate nei Paesi di intervento per i polimeri riciclabili;<\/p>\n<p>2. Applicare le soluzioni individuate nei Paesi di intervento per i polimeri non riciclabili;<\/p>\n<p>3. Promuovere azioni politico\/legislative per la gestione efficace della plastica e dei rifiuti di plastica a livello nazionale e regionale;<\/p>\n<p>4. Migliorare la conoscenza sull\u2019impronta ecologica della plastica tra le isole target.<\/td>\n<\/tr>\n<\/tbody>\n<\/table>\n","protected":false},"excerpt":{"rendered":"Promozione e rafforzamento della giustizia minorile riparativa nei paesi SICA Codice del progetto AID 12792 Ente esecutore Organizzazione Internazionale Italo-Latino Americana (IILA) Ente co-esecutore SG-SICA Luoghi di intervento Belize, Costa Rica, El Salvador, Guatemala, Honduras, Nicaragua, Panama e Repubblica Dominicana Tipologia di finanziamento Dono Valore \u20ac 2.000.000,00 Durata 36 mesi Status In esecuzione Breve descrizione [&hellip;]","protected":false},"author":5,"featured_media":0,"parent":447,"menu_order":1,"comment_status":"closed","ping_status":"closed","template":"","meta":{"footnotes":""},"class_list":["post-6394","page","type-page","status-publish","hentry"],"_links":{"self":[{"href":"https:\/\/ambsanjose.esteri.it\/it\/wp-json\/wp\/v2\/pages\/6394","targetHints":{"allow":["GET"]}}],"collection":[{"href":"https:\/\/ambsanjose.esteri.it\/it\/wp-json\/wp\/v2\/pages"}],"about":[{"href":"https:\/\/ambsanjose.esteri.it\/it\/wp-json\/wp\/v2\/types\/page"}],"author":[{"embeddable":true,"href":"https:\/\/ambsanjose.esteri.it\/it\/wp-json\/wp\/v2\/users\/5"}],"replies":[{"embeddable":true,"href":"https:\/\/ambsanjose.esteri.it\/it\/wp-json\/wp\/v2\/comments?post=6394"}],"version-history":[{"count":1,"href":"https:\/\/ambsanjose.esteri.it\/it\/wp-json\/wp\/v2\/pages\/6394\/revisions"}],"predecessor-version":[{"id":6396,"href":"https:\/\/ambsanjose.esteri.it\/it\/wp-json\/wp\/v2\/pages\/6394\/revisions\/6396"}],"up":[{"embeddable":true,"href":"https:\/\/ambsanjose.esteri.it\/it\/wp-json\/wp\/v2\/pages\/447"}],"wp:attachment":[{"href":"https:\/\/ambsanjose.esteri.it\/it\/wp-json\/wp\/v2\/media?parent=6394"}],"curies":[{"name":"wp","href":"https:\/\/api.w.org\/{rel}","templated":true}]}}