{"id":6398,"date":"2024-10-25T13:21:55","date_gmt":"2024-10-25T19:21:55","guid":{"rendered":"https:\/\/ambsanjose.esteri.it\/?page_id=6398"},"modified":"2024-10-28T12:14:58","modified_gmt":"2024-10-28T18:14:58","slug":"altre-attivita","status":"publish","type":"page","link":"https:\/\/ambsanjose.esteri.it\/it\/italia-e-costa-rica\/cooperazione-allo-sviluppo\/progetti-finanziati-dal-governo-italiano-in-costa-rica\/altre-attivita\/","title":{"rendered":"Altre attivita&#8217;"},"content":{"rendered":"<p><strong>Patto di politica alimentare urbana di Milano<\/strong><\/p>\n<p>Nell&#8217;ambito dell&#8217;iniziativa AID 12739 \u201cConsolidamento del Milan Urban Food Policy Pact (MUFPP)\u201d, il 23 ottobre 2024 \u00e8 stato firmato l&#8217;atto di adesione del Comune di San Jos\u00e9 al MUFPP. Ci\u00f2 \u00e8 stato possibile grazie al coordinamento della Sede AICS di San Salvador, dell&#8217;Ambasciata italiana a San Jos\u00e9 e del Comune di San Jos\u00e9.<\/p>\n<p>Con questa firma, la rete del MUFPP si rafforza, contribuendo a diffondere le politiche alimentari nel dibattito italiano\/internazionale sulla cooperazione allo sviluppo. Il MUFPP supporta le citt\u00e0 firmatarie nello sviluppo di politiche alimentari innovative, rafforzando le competenze dei funzionari delle autorit\u00e0 locali partecipanti attraverso webinar e il supporto diretto del Segretariato MUFPP. Inoltre, le citt\u00e0 firmatarie partecipano alle proposte di progetto e ricevono supporto nell&#8217;identificazione di partner locali e internazionali per definire la loro politica alimentare e le azioni di implementazione.<\/p>\n<p>&nbsp;<\/p>\n<p><strong>Programma Falcone-Borsellino (MAECI-IILA)<\/strong><\/p>\n<p>Il Programma Falcone-Borsellino, finanziato dal Ministero degli Affari Esteri e della Cooperazione Internazionale (MAECI), \u00e8 stato affidato all&#8217;Organizzazione Internazionale Italo-Latino Americana (IILA) per la sua attuazione. Si tratta di un&#8217;iniziativa multidimensionale che declina la metodologia italiana di assistenza tecnica nel campo della Giustizia e della Sicurezza e integra un esempio di attivit\u00e0 di cooperazione realizzata attraverso il coordinamento interistituzionale di MAECI, IILA, Ministero dell&#8217;Interno (Dipartimento della Pubblica Sicurezza), Ministero della Giustizia, Direzione Nazionale Antimafia e Antiterrorismo (DNA), Autorit\u00e0 Nazionale Anticorruzione (ANAC) e Concessionaria dei Servizi di Informazione Pubblica (CONSIP).<\/p>\n<p>Nell&#8217;ambito del programma, vengono organizzati corsi di formazione e aggiornamento per giuristi latinoamericani, compresi i funzionari del Costa Rica. L&#8217;ultima attivit\u00e0 si \u00e8 concentrata su:<\/p>\n<p>&#8211; Recupero dei beni nella lotta alla corruzione.<br \/>\n&#8211; Tecniche investigative e protocolli operativi. Strumenti investigativi tecnologici e avanzati. Indagini patrimoniali e finanziarie.<br \/>\n&#8211; Inquadramento criminologico del fenomeno della corruzione. Corruzione all&#8217;estero. Corruzione e infiltrazioni nell&#8217;economia e nella pubblica amministrazione.<br \/>\n&#8211; Il caso della cooperazione rafforzata nelle attivit\u00e0 della Procura europea (EPPO) nella lotta alla corruzione.<br \/>\n&#8211; Strumenti organizzativi moderni: Autorit\u00e0 per la prevenzione della corruzione, protezione degli informatori e trasparenza delle propriet\u00e0 beneficiarie.<\/p>\n<p>&nbsp;<\/p>\n<p><strong>Programma TAIEX (UE): missioni di esperti dei Paesi dell&#8217;UE per rafforzare il sistema pubblico.<\/strong><\/p>\n<p>Il Technical Assistance and Information Exchange Instrument (TAIEX) \u00e8 uno strumento di assistenza tecnica e rafforzamento istituzionale finanziato dalla Commissione europea.<\/p>\n<p>Lo strumento fornisce assistenza tecnica a breve termine alle amministrazioni pubbliche, principalmente facilitando il loro processo di adattamento al cosiddetto acquis comunitario nei seguenti settori: agricoltura e sicurezza alimentare, libert\u00e0, giustizia, sicurezza, ambiente, trasporti, energia e mercato interno.<\/p>\n<p>Le competenze necessarie sono fornite da funzionari dell&#8217;amministrazione pubblica nazionale degli Stati membri o da funzionari di organismi accreditati presso la Commissione come organismi semipubblici, i cosiddetti Organismi obbligatori.<\/p>\n<p>Nel 2023, lo strumento \u00e8 stato utilizzato su iniziativa dell&#8217;Ambasciata d&#8217;Italia a San Jos\u00e9 per attivare programmi di formazione e scambio nel campo della cooperazione giudiziaria\/legale in collaborazione con la Corte di Giustizia del Costa Rica, l&#8217;Universit\u00e0 Roma La Sapienza e la Corte Costituzionale italiana.<\/p>\n","protected":false},"excerpt":{"rendered":"Patto di politica alimentare urbana di Milano Nell&#8217;ambito dell&#8217;iniziativa AID 12739 \u201cConsolidamento del Milan Urban Food Policy Pact (MUFPP)\u201d, il 23 ottobre 2024 \u00e8 stato firmato l&#8217;atto di adesione del Comune di San Jos\u00e9 al MUFPP. Ci\u00f2 \u00e8 stato possibile grazie al coordinamento della Sede AICS di San Salvador, dell&#8217;Ambasciata italiana a San Jos\u00e9 e [&hellip;]","protected":false},"author":5,"featured_media":0,"parent":447,"menu_order":3,"comment_status":"closed","ping_status":"closed","template":"","meta":{"footnotes":""},"class_list":["post-6398","page","type-page","status-publish","hentry"],"_links":{"self":[{"href":"https:\/\/ambsanjose.esteri.it\/it\/wp-json\/wp\/v2\/pages\/6398","targetHints":{"allow":["GET"]}}],"collection":[{"href":"https:\/\/ambsanjose.esteri.it\/it\/wp-json\/wp\/v2\/pages"}],"about":[{"href":"https:\/\/ambsanjose.esteri.it\/it\/wp-json\/wp\/v2\/types\/page"}],"author":[{"embeddable":true,"href":"https:\/\/ambsanjose.esteri.it\/it\/wp-json\/wp\/v2\/users\/5"}],"replies":[{"embeddable":true,"href":"https:\/\/ambsanjose.esteri.it\/it\/wp-json\/wp\/v2\/comments?post=6398"}],"version-history":[{"count":1,"href":"https:\/\/ambsanjose.esteri.it\/it\/wp-json\/wp\/v2\/pages\/6398\/revisions"}],"predecessor-version":[{"id":6399,"href":"https:\/\/ambsanjose.esteri.it\/it\/wp-json\/wp\/v2\/pages\/6398\/revisions\/6399"}],"up":[{"embeddable":true,"href":"https:\/\/ambsanjose.esteri.it\/it\/wp-json\/wp\/v2\/pages\/447"}],"wp:attachment":[{"href":"https:\/\/ambsanjose.esteri.it\/it\/wp-json\/wp\/v2\/media?parent=6398"}],"curies":[{"name":"wp","href":"https:\/\/api.w.org\/{rel}","templated":true}]}}