{"id":662,"date":"2023-10-31T10:20:49","date_gmt":"2023-10-31T16:20:49","guid":{"rendered":"https:\/\/ambsanjose.esteri.it\/?page_id=662"},"modified":"2025-09-19T12:28:03","modified_gmt":"2025-09-19T18:28:03","slug":"studi-e-ricerche","status":"publish","type":"page","link":"https:\/\/ambsanjose.esteri.it\/it\/italia-e-costa-rica\/diplomazia-culturale\/studi-e-ricerche\/","title":{"rendered":"Studi e ricerche"},"content":{"rendered":"<div class=\"sr-only\">\n<div class=\"mceTemp\"><\/div>\n<\/div>\n<table style=\"border-collapse: collapse; width: 636px; height: 284px;\" border=\"0\" width=\"160\" cellspacing=\"0\" cellpadding=\"0\">\n<tbody>\n<tr style=\"height: 15.0pt;\">\n<td style=\"height: 15.0pt; width: 60pt;\" width=\"80\" height=\"20\"><a href=\"https:\/\/ambsanjose.esteri.it\/wp-content\/uploads\/2025\/03\/LibroDigitale_Pages_compressed.pdf\"><img loading=\"lazy\" decoding=\"async\" class=\"alignleft size-medium wp-image-8171 img-fluid\" src=\"https:\/\/ambsanjose.esteri.it\/wp-content\/uploads\/2025\/03\/Copertina-libro-atti-scienza-195x300.png\" alt=\"\" width=\"195\" height=\"300\" srcset=\"https:\/\/ambsanjose.esteri.it\/wp-content\/uploads\/2025\/03\/Copertina-libro-atti-scienza-195x300.png 195w, https:\/\/ambsanjose.esteri.it\/wp-content\/uploads\/2025\/03\/Copertina-libro-atti-scienza.png 441w\" sizes=\"auto, (max-width: 195px) 100vw, 195px\" \/><\/a><\/td>\n<td style=\"width: 60pt;\" width=\"80\"><a href=\"https:\/\/ambsanjose.esteri.it\/wp-content\/uploads\/2023\/11\/Il_sistema_educativo_in_Costa_Rica_ebook_2023-1.pdf\"><img loading=\"lazy\" decoding=\"async\" class=\"alignleft size-medium wp-image-2352 img-fluid\" src=\"https:\/\/ambsanjose.esteri.it\/wp-content\/uploads\/2023\/11\/Istruxione-300x300.jpg\" alt=\"\" width=\"300\" height=\"300\" srcset=\"https:\/\/ambsanjose.esteri.it\/wp-content\/uploads\/2023\/11\/Istruxione-300x300.jpg 300w, https:\/\/ambsanjose.esteri.it\/wp-content\/uploads\/2023\/11\/Istruxione-150x150.jpg 150w, https:\/\/ambsanjose.esteri.it\/wp-content\/uploads\/2023\/11\/Istruxione-768x770.jpg 768w, https:\/\/ambsanjose.esteri.it\/wp-content\/uploads\/2023\/11\/Istruxione.jpg 955w\" sizes=\"auto, (max-width: 300px) 100vw, 300px\" \/><\/a><\/td>\n<\/tr>\n<tr style=\"height: 15.0pt;\">\n<td style=\"height: 15.0pt;\" height=\"20\"><a href=\"https:\/\/ambsanjose.esteri.it\/wp-content\/uploads\/2023\/11\/Presenza_italiana_in_Cost_Rica_ebook_2022.pdf\"><img loading=\"lazy\" decoding=\"async\" class=\"alignleft size-medium wp-image-2355 img-fluid\" src=\"https:\/\/ambsanjose.esteri.it\/wp-content\/uploads\/2023\/11\/Presenza-italiana-298x300.jpg\" alt=\"\" width=\"298\" height=\"300\" srcset=\"https:\/\/ambsanjose.esteri.it\/wp-content\/uploads\/2023\/11\/Presenza-italiana-298x300.jpg 298w, https:\/\/ambsanjose.esteri.it\/wp-content\/uploads\/2023\/11\/Presenza-italiana-150x150.jpg 150w, https:\/\/ambsanjose.esteri.it\/wp-content\/uploads\/2023\/11\/Presenza-italiana-768x772.jpg 768w, https:\/\/ambsanjose.esteri.it\/wp-content\/uploads\/2023\/11\/Presenza-italiana.jpg 954w\" sizes=\"auto, (max-width: 298px) 100vw, 298px\" \/><\/a><\/td>\n<td><a href=\"https:\/\/ambsanjose.esteri.it\/ambasciata_sanjose\/it\/ambasciata\/news\/dall_ambasciata\/2022\/07\/i-partiti-politici-in-costa-rica.html\"><img loading=\"lazy\" decoding=\"async\" class=\"alignleft size-medium wp-image-5686 img-fluid\" src=\"https:\/\/ambsanjose.esteri.it\/wp-content\/uploads\/2024\/09\/Partiti-politici-296x300.jpg\" alt=\"\" width=\"296\" height=\"300\" srcset=\"https:\/\/ambsanjose.esteri.it\/wp-content\/uploads\/2024\/09\/Partiti-politici-296x300.jpg 296w, https:\/\/ambsanjose.esteri.it\/wp-content\/uploads\/2024\/09\/Partiti-politici-1012x1024.jpg 1012w, https:\/\/ambsanjose.esteri.it\/wp-content\/uploads\/2024\/09\/Partiti-politici-768x777.jpg 768w, https:\/\/ambsanjose.esteri.it\/wp-content\/uploads\/2024\/09\/Partiti-politici.jpg 1581w\" sizes=\"auto, (max-width: 296px) 100vw, 296px\" \/><\/a><\/td>\n<\/tr>\n<tr style=\"height: 15.0pt;\">\n<td style=\"height: 15.0pt;\" height=\"20\"><a href=\"https:\/\/ambsanjose.esteri.it\/wp-content\/uploads\/2023\/11\/ITALIANOS-EN-COSTA-RICA_compressed-1.pdf\"><img loading=\"lazy\" decoding=\"async\" class=\"alignleft size-medium wp-image-2579 img-fluid\" src=\"https:\/\/ambsanjose.esteri.it\/wp-content\/uploads\/2023\/11\/Italianos-en-costarica-300x296.jpg\" alt=\"\" width=\"300\" height=\"296\" srcset=\"https:\/\/ambsanjose.esteri.it\/wp-content\/uploads\/2023\/11\/Italianos-en-costarica-300x296.jpg 300w, https:\/\/ambsanjose.esteri.it\/wp-content\/uploads\/2023\/11\/Italianos-en-costarica-768x758.jpg 768w, https:\/\/ambsanjose.esteri.it\/wp-content\/uploads\/2023\/11\/Italianos-en-costarica.jpg 881w\" sizes=\"auto, (max-width: 300px) 100vw, 300px\" \/><\/a><\/td>\n<td><a href=\"https:\/\/ambsanjose.esteri.it\/wp-content\/uploads\/2023\/11\/LA-COLLECION-DE-ARTE-CONTEMPORANEP_compressed-1.pdf\"><img loading=\"lazy\" decoding=\"async\" class=\"alignleft size-medium wp-image-2580 img-fluid\" src=\"https:\/\/ambsanjose.esteri.it\/wp-content\/uploads\/2023\/11\/Collezione-darte-contemporanea-dellAmbasciata-300x289.jpg\" alt=\"\" width=\"300\" height=\"289\" srcset=\"https:\/\/ambsanjose.esteri.it\/wp-content\/uploads\/2023\/11\/Collezione-darte-contemporanea-dellAmbasciata-300x289.jpg 300w, https:\/\/ambsanjose.esteri.it\/wp-content\/uploads\/2023\/11\/Collezione-darte-contemporanea-dellAmbasciata-768x739.jpg 768w, https:\/\/ambsanjose.esteri.it\/wp-content\/uploads\/2023\/11\/Collezione-darte-contemporanea-dellAmbasciata.jpg 883w\" sizes=\"auto, (max-width: 300px) 100vw, 300px\" \/><\/a><\/td>\n<\/tr>\n<tr style=\"height: 15.0pt;\">\n<td style=\"height: 15.0pt;\" height=\"20\"><a href=\"https:\/\/ambsanjose.esteri.it\/wp-content\/uploads\/2023\/11\/El-comandante-Leggero-y-Giuseppe-Garibaldi-en-Costa-Rica_rotated.pdf\"><img loading=\"lazy\" decoding=\"async\" class=\"alignleft size-medium wp-image-2590 img-fluid\" src=\"https:\/\/ambsanjose.esteri.it\/wp-content\/uploads\/2023\/11\/Garibaldi-e-il-Comandante-Leggero-300x199.jpg\" alt=\"\" width=\"300\" height=\"199\" srcset=\"https:\/\/ambsanjose.esteri.it\/wp-content\/uploads\/2023\/11\/Garibaldi-e-il-Comandante-Leggero-300x199.jpg 300w, https:\/\/ambsanjose.esteri.it\/wp-content\/uploads\/2023\/11\/Garibaldi-e-il-Comandante-Leggero-768x509.jpg 768w, https:\/\/ambsanjose.esteri.it\/wp-content\/uploads\/2023\/11\/Garibaldi-e-il-Comandante-Leggero.jpg 965w\" sizes=\"auto, (max-width: 300px) 100vw, 300px\" \/><\/a><\/td>\n<td><a href=\"https:\/\/ambsanjose.esteri.it\/wp-content\/uploads\/2025\/09\/libro-completo-garibaldi.pdf\"><img loading=\"lazy\" decoding=\"async\" class=\"alignleft size-medium wp-image-9969 img-fluid\" src=\"https:\/\/ambsanjose.esteri.it\/wp-content\/uploads\/2025\/09\/Garibaldi-e-lAmerica-Latina-219x300.png\" alt=\"\" width=\"219\" height=\"300\" srcset=\"https:\/\/ambsanjose.esteri.it\/wp-content\/uploads\/2025\/09\/Garibaldi-e-lAmerica-Latina-219x300.png 219w, https:\/\/ambsanjose.esteri.it\/wp-content\/uploads\/2025\/09\/Garibaldi-e-lAmerica-Latina.png 634w\" sizes=\"auto, (max-width: 219px) 100vw, 219px\" \/><\/a><\/td>\n<\/tr>\n<\/tbody>\n<\/table>\n<div><\/div>\n<p>&nbsp;<\/p>\n<div>\n<p>&nbsp;<\/p>\n<\/div>\n<p><a href=\"https:\/\/ambsanjose.esteri.it\/it\/italia-e-costa-rica\/diplomazia-culturale\/studi-e-ricerche\/prof-rita-bariatti-opere-sulla-storia-degli-italiani-in-costa-rica\/\">Prof.ssa RITA BARIATTI &#8211; <strong>OPERE<\/strong><\/a> sulla storia degli italiani in Costa Rica<\/p>\n<p>Diego Ungaro &#8211;\u00a0<strong><a href=\"https:\/\/www.nacion.com\/archivo\/historia-de-hermandad\/52ADBQYGLRC2PHRHRAUILXBAAQ\/story\/\">Historia de hermandad &#8211; Italianos en Am\u00e9rica Central, La Nacion 13 novembre 2011<\/a><\/strong><\/p>\n<p><a href=\"https:\/\/ambsanjose.esteri.it\/wp-content\/uploads\/2024\/09\/San-Vito_-el-pueblo-de-los-que-se-atrevieron-_-La-Nacion_compressed.pdf\"><strong>San Vito: el pueblo de los que se atrevieron<\/strong><\/a>, La Nacion, 20 novembre 2016<\/p>\n<p><a href=\"https:\/\/ambsanjose.esteri.it\/wp-content\/uploads\/2024\/09\/Historia-de-hermandad-_-La-Nacion.pdf\"><strong>Historia de hermandad: Italianos en America Central<\/strong><\/a>, La Nacion, 13 novembre 2011<\/p>\n<figure id=\"attachment_8709\" aria-describedby=\"caption-attachment-8709\" style=\"width: 215px\" class=\"wp-caption alignleft\"><a href=\"https:\/\/ambsanjose.esteri.it\/wp-content\/uploads\/2025\/05\/El-cese-del-estado-de-guerra-entre-Italia-y-C.R-1-4.pdf\"><img loading=\"lazy\" decoding=\"async\" class=\"size-medium wp-image-8709 img-fluid\" src=\"https:\/\/ambsanjose.esteri.it\/wp-content\/uploads\/2025\/05\/Hernandez-Valle-215x300.png\" alt=\"\" width=\"215\" height=\"300\" srcset=\"https:\/\/ambsanjose.esteri.it\/wp-content\/uploads\/2025\/05\/Hernandez-Valle-215x300.png 215w, https:\/\/ambsanjose.esteri.it\/wp-content\/uploads\/2025\/05\/Hernandez-Valle.png 402w\" sizes=\"auto, (max-width: 215px) 100vw, 215px\" \/><\/a><figcaption id=\"caption-attachment-8709\" class=\"wp-caption-text\">El cese del Estado de guerra entre Italia y Costa Rica. Rub\u00e9n Hern\u00e1ndez Valle. Revista. Costarricense de pol\u00edtica exterior\/ Ministerio de Relaciones Exteriores y Culto. vol. V, No. 1 (2005), pag. 176.<\/figcaption><\/figure>\n","protected":false},"excerpt":{"rendered":"&nbsp; &nbsp; Prof.ssa RITA BARIATTI &#8211; OPERE sulla storia degli italiani in Costa Rica Diego Ungaro &#8211;\u00a0Historia de hermandad &#8211; Italianos en Am\u00e9rica Central, La Nacion 13 novembre 2011 San Vito: el pueblo de los que se atrevieron, La Nacion, 20 novembre 2016 Historia de hermandad: Italianos en America Central, La Nacion, 13 novembre 2011","protected":false},"author":5,"featured_media":0,"parent":44,"menu_order":5,"comment_status":"closed","ping_status":"closed","template":"","meta":{"footnotes":""},"class_list":["post-662","page","type-page","status-publish","hentry"],"_links":{"self":[{"href":"https:\/\/ambsanjose.esteri.it\/it\/wp-json\/wp\/v2\/pages\/662","targetHints":{"allow":["GET"]}}],"collection":[{"href":"https:\/\/ambsanjose.esteri.it\/it\/wp-json\/wp\/v2\/pages"}],"about":[{"href":"https:\/\/ambsanjose.esteri.it\/it\/wp-json\/wp\/v2\/types\/page"}],"author":[{"embeddable":true,"href":"https:\/\/ambsanjose.esteri.it\/it\/wp-json\/wp\/v2\/users\/5"}],"replies":[{"embeddable":true,"href":"https:\/\/ambsanjose.esteri.it\/it\/wp-json\/wp\/v2\/comments?post=662"}],"version-history":[{"count":6,"href":"https:\/\/ambsanjose.esteri.it\/it\/wp-json\/wp\/v2\/pages\/662\/revisions"}],"predecessor-version":[{"id":9974,"href":"https:\/\/ambsanjose.esteri.it\/it\/wp-json\/wp\/v2\/pages\/662\/revisions\/9974"}],"up":[{"embeddable":true,"href":"https:\/\/ambsanjose.esteri.it\/it\/wp-json\/wp\/v2\/pages\/44"}],"wp:attachment":[{"href":"https:\/\/ambsanjose.esteri.it\/it\/wp-json\/wp\/v2\/media?parent=662"}],"curies":[{"name":"wp","href":"https:\/\/api.w.org\/{rel}","templated":true}]}}