{"id":691,"date":"2023-11-01T11:20:42","date_gmt":"2023-11-01T17:20:42","guid":{"rendered":"https:\/\/ambsanjose.esteri.it\/?page_id=691"},"modified":"2023-11-01T11:22:11","modified_gmt":"2023-11-01T17:22:11","slug":"luigi-fioravanti","status":"publish","type":"page","link":"https:\/\/ambsanjose.esteri.it\/it\/italia-e-costa-rica\/diplomazia-culturale\/le-storie-degli-italiani\/luigi-fioravanti\/","title":{"rendered":"Luigi Fioravanti"},"content":{"rendered":"<p>Questa \u00e8 la storia di una numerosa famiglia costaricense di origini italiane. Il protagonista \u00e8 Luigi Fioravanti, figlio di Angelo Fioravanti, nato il 5 luglio del 1863 nel mantovano.<\/p>\n<p>Arriv\u00f2 in Costa Rica, a Lim\u00f3n, nel 1888. Era un uomo che amava la sua patria, tanto da portar con s\u00e9 durante il suo viaggio un recipiente con dentro della terra dall\u2019Italia, che ha conservato con amore e che di tanto in tanto apriva per ricordarsi la sua amata casa.<\/p>\n<p>Ma dunque per quale motivo la lasci\u00f2? Era in cerca di fortuna, di un lavoro, una vita migliore.<\/p>\n<p>In Costa Rica all\u2019epoca si stava portando avanti un progetto per costruire la ferrovia \u201cal Atlantico\u201d. Cos\u00ec, un imprenditore ferroviario statunitense chiamato Minor Cooper Keith and\u00f2 in Italia con la missione di recrutare dei giovani italiani per tale progetto, promettendo una buona paga e grandi benefici.<\/p>\n<p>La situazione reale era invece disastrosa: non avevano medici a sufficienza, l\u2019alimentazione era pessima, il clima era insostenibile, e le zanzare portavano la malaria. Alcuni uomini morirono a causa di queste dure condizioni.<\/p>\n<p>Cos\u00ec gli stessi lavoratori indissero uno sciopero il 20 ottobre 1888 a causa delle pessime condizioni lavorative. Dopodich\u00e9 abbandonarono i posti di lavoro e se ne andarono verso la citt\u00e0 di Cartago.<\/p>\n<p>Dopo quest\u2019importante sciopero, che purtroppo fall\u00ec nel suo intento, alcuni italiani ritornarono in patria, altri restarono in Costa Rica. Tra questi ultimi vi era Luigi Fioravanti.<\/p>\n<p>Egli decise di aprire una sartoria ad Heredia e il 14 luglio del 1900 spos\u00f2 Maria Orozco, una maestra costaricense. I due ebbero ben 7 figli, tra i quali i primi tre morirono prima di compiere un anno. Il quinto figlio era Rafael Angel (marito di Nelly Villalobos e padre di Maria Cecilia Fioravanti Villalobos, quest\u2019ultima insieme ai suoi figli ci ha raccontato quest\u2019interessante storia).<\/p>\n<p>Si trasferirono poi a San Jos\u00e9, nel barrio M\u00e9xico, dove vi era una piccola comunit\u00e0 di italiani. Trasferirono la sartoria nel centro della citt\u00e0, nello specifico nel Pasaje Jim\u00e9nez. Il negozio non si occupava solo di vestiti, era un vero e proprio luogo di ritrovo per la comunit\u00e0 italiana della zona. Se si desiderava un po\u2019 di compagnia le porte della sartoria di Luigi erano sempre aperte.<\/p>\n<p>Durante la Seconda Guerra Mondiale la situazione degli italiani in Costa Rica non era di certo delle migliori, erano visti come dei nemici dalla comunit\u00e0 locale e dallo Stato. Di conseguenza Luigi, che era gia\u2019 una persona molto riservata, lo divento\u2019 ancora piu\u2019 in quegli anni; aveva paura che potesse succedere qualche cosa di drammatico a lui ed alla sua famiglia, era scettico e non si fidava di nessuno.<br \/>\nPer questo motivo durante la guerra quando erano in pubblico cercavano di non parlare in italiano.<\/p>\n<p>La sartoria venne chiusa proprio durante la Seconda Guerra Mondiale, e mor\u00ec cos\u00ec insieme al suo fondatore. Luigi morir\u00e0 nel barrio M\u00e9xico il 24 febbraio 1955 all\u2019et\u00e0 di 92 anni.<\/p>\n<p>Maria Cecilia e i figli Milton, Marcia e Ronald ricordano la casa dei bisnonni e dei nonni come posti dalle \u201cporte sempre aperte\u201d, accoglienti, dove il cibo non mancava mai e veniva offerto a tutti, dove i valori come l\u2019amore per la famiglia e il rispetto per gli anziani venivano messi al primo posto.<\/p>\n<p>&nbsp;<\/p>\n<p><em>Testimonianza di Maria Cecilia Fioravanti Villalobos<\/em><\/p>\n","protected":false},"excerpt":{"rendered":"Questa \u00e8 la storia di una numerosa famiglia costaricense di origini italiane. Il protagonista \u00e8 Luigi Fioravanti, figlio di Angelo Fioravanti, nato il 5 luglio del 1863 nel mantovano. Arriv\u00f2 in Costa Rica, a Lim\u00f3n, nel 1888. Era un uomo che amava la sua patria, tanto da portar con s\u00e9 durante il suo viaggio un [&hellip;]","protected":false},"author":5,"featured_media":0,"parent":454,"menu_order":7,"comment_status":"closed","ping_status":"closed","template":"","meta":{"footnotes":""},"class_list":["post-691","page","type-page","status-publish","hentry"],"_links":{"self":[{"href":"https:\/\/ambsanjose.esteri.it\/it\/wp-json\/wp\/v2\/pages\/691","targetHints":{"allow":["GET"]}}],"collection":[{"href":"https:\/\/ambsanjose.esteri.it\/it\/wp-json\/wp\/v2\/pages"}],"about":[{"href":"https:\/\/ambsanjose.esteri.it\/it\/wp-json\/wp\/v2\/types\/page"}],"author":[{"embeddable":true,"href":"https:\/\/ambsanjose.esteri.it\/it\/wp-json\/wp\/v2\/users\/5"}],"replies":[{"embeddable":true,"href":"https:\/\/ambsanjose.esteri.it\/it\/wp-json\/wp\/v2\/comments?post=691"}],"version-history":[{"count":2,"href":"https:\/\/ambsanjose.esteri.it\/it\/wp-json\/wp\/v2\/pages\/691\/revisions"}],"predecessor-version":[{"id":701,"href":"https:\/\/ambsanjose.esteri.it\/it\/wp-json\/wp\/v2\/pages\/691\/revisions\/701"}],"up":[{"embeddable":true,"href":"https:\/\/ambsanjose.esteri.it\/it\/wp-json\/wp\/v2\/pages\/454"}],"wp:attachment":[{"href":"https:\/\/ambsanjose.esteri.it\/it\/wp-json\/wp\/v2\/media?parent=691"}],"curies":[{"name":"wp","href":"https:\/\/api.w.org\/{rel}","templated":true}]}}