{"id":71,"date":"2023-04-11T18:19:16","date_gmt":"2023-04-11T16:19:16","guid":{"rendered":"https:\/\/ambasciatapraga.esteri.it\/?page_id=71"},"modified":"2023-10-26T08:52:12","modified_gmt":"2023-10-26T14:52:12","slug":"servizi-notarili","status":"publish","type":"page","link":"https:\/\/ambsanjose.esteri.it\/it\/servizi-consolari-e-visti\/servizi-per-il-cittadino-italiano\/servizi-notarili\/","title":{"rendered":"Servizi notarili"},"content":{"rendered":"<p class=\"boxLevel03\">I servizi notarili forniti dall&#8217;Ambasciata d&#8217;Italia a San Jose&#8217; sono riservati ai soli cittadini italiani.<\/p>\n<p>Il cittadino straniero che vuole far valere una procura o un atto notarile in Italia dovr\u00e0 prendere contatto con un notaio costaricano, che proceder\u00e0 alla stesura di un atto in lingua spagnola. Per essere fatto valere in Italia l\u2019atto dovr\u00e0 successivamente essere apostillato e tradotto in italiano.<br \/>\nSi consiglia comunque di prendere contatto anche con uno studio notarile in Italia per definire la procedura e i dettagli, poich\u00e9 di fatto sar\u00e0 il notaio italiano che dovr\u00e0 eseguire la volont\u00e0 attestata nella Procura.<\/p>\n<p>Maggiori informazioni sono disponibili sul sito del Ministero degli esteri (<a href=\"https:\/\/www.esteri.it\/it\/servizi-consolari-e-visti\/italiani-all-estero\/attinotarili\/\">Atti notarili).<\/a><\/p>\n<p><strong>PROCURE<\/strong><\/p>\n<p>Tutte le procure, sia quelle generali che quelle speciali possono essere rilasciate solo dall\u2019Ambasciata d\u2019Italia a San Jose\u2019. La rete consolare onoraria non rilascia procure.<br \/>\nSi prega di leggere le informazioni disponibili sul sito:\u00a0<a href=\"https:\/\/www.esteri.it\/it\/servizi-consolari-e-visti\/italiani-all-estero\/attinotarili\/procure-generali-e-speciali\/\">Procure generali e speciali.<\/a><\/p>\n<p><strong>PROCURE GENERALI<\/strong><\/p>\n<p>Per richiedere una Procura generale l&#8217;interessato dovr\u00e0 inviare la bozza di procura in formato word (predisposta da uno studio notarile in Italia) e copia del passaporto italiano a\u00a0<a href=\"mailto:sanjose.notarile@esteri.it\">sanjose.notarile@esteri.it<\/a>, specificando nell\u2019email se \u00e8 un connazionale iscritto all\u2019AIRE o se si trova temporaneamente\/occasionalmente in Costa Rica.<\/p>\n<p>La bozza dovr\u00e0 contenere le generalit\u00e0 complete (cognome, nome, data e luogo di nascita, indirizzo di residenza, codice fiscale) del mandante procura e del ricevente procura (procuratore, persona cui si intende conferire la procura).<\/p>\n<p>Si prega di verificare con lo studio notarile se occorre la presenza di due testimoni alla lettura della procura. In tal caso, l\u2019interessato dovr\u00e0 reperire i testimoni e occorreranno le loro generalit\u00e0, compreso il codice fiscale, che confluiranno nella procura. I testimoni dovranno essere in grado di comprendere la lingua italiana e si presenteranno con l\u2019interessato all\u2019appuntamento muniti di valido documento di riconoscimento.<\/p>\n<p>Una volta ricevuta la bozza di Procura generale, l&#8217;ufficio consolare dell&#8217;Ambasciata chiedera\u2019 all\u2019utente di fissare un appuntamento scrivendo una mail all&#8217;indirizzo:\u00a0<a href=\"mailto:sanjose.notarile@esteri.it\">sanjose.notarile@esteri.it<\/a>.<br \/>\nIl giorno dell\u2019appuntamento occorre portare con s\u00e9 il passaporto o altro documento di riconoscimento in corso di validit\u00e0.<br \/>\nLa Procura generale verr\u00e0 consegnata alla fine dell&#8217;appuntamento in copia conforme cartacea e dovr\u00e0 essere trasmessa al notaio o al procuratore in Italia a cura dell&#8217;interessato. L\u2019originale rimane agli atti presso l\u2019ufficio consolare, nel repertorio annuale di riferimento.<\/p>\n<p><strong>PROCURE SPECIALI<\/strong><\/p>\n<p>Per richiedere una Procura speciale l&#8217;interessato dovr\u00e0 inviare la bozza di procura in formato word (predisposta da uno studio notarile in Italia) e copia del passaporto italiano a\u00a0<a href=\"mailto:sanjose.notarile@esteri.it\">sanjose.notarile@esteri.it<\/a>\u00a0.<\/p>\n<p>La bozza dovr\u00e0 contenere le generalit\u00e0 complete (cognome, nome, data e luogo di nascita, indirizzo di residenza, codice fiscale) del mandante procura e del ricevente procura (procuratore, persona cui si intende conferire la procura) oltre ai dati essenziali della specifica tipologia di procura richiesta.<\/p>\n<p>Si prega di verificare con lo studio notarile se occorre la presenza di due testimoni alla lettura della procura. In tal caso, l\u2019interessato dovr\u00e0 reperire i testimoni e occorreranno le loro generalit\u00e0, compreso il codice fiscale, che confluiranno nella procura. I testimoni dovranno essere in grado di comprendere la lingua italiana e si presenteranno con l\u2019interessato all\u2019appuntamento muniti di valido documento di riconoscimento.<\/p>\n<p>Se il richiedente \u00e8 coniugato e il regime patrimoniale prescelto \u00e8 la comunione dei beni, in taluni casi la procura deve essere sottoscritta da entrambi i coniugi, si prega di verificare la sottoscrizione del coniuge con lo studio notarile di riferimento.<\/p>\n<p>Una volta ricevuta la bozza, l&#8217;ufficio consolare dell&#8217;Ambasciata chiedera\u2019 all\u2019utente di fissare un appuntamento scrivendo una mail all&#8217;indirizzo\u00a0<a href=\"mailto:sanjose.notarile@esteri.it\">sanjose.notarile@esteri.it<\/a>\u00a0.Il giorno dell\u2019appuntamento occorre portare con s\u00e9 il passaporto o altro documento di riconoscimento in corso di validit\u00e0.<\/p>\n<p>La Procura speciale verr\u00e0 consegnata alla fine dell&#8217;appuntamento in originale cartaceo e dovr\u00e0 essere trasmessa al notaio o al procuratore in Italia a cura dell&#8217;interessato. Una copia semplice della stessa sar\u00e0 conservata agli atti presso l\u2019ufficio consolare, nel repertorio annuale di riferimento.<\/p>\n<p><strong>REVOCA DI UNA PROCURA<\/strong><\/p>\n<p>Chi ha rilasciato una procura pu\u00f2 in qualsiasi momento revocarla, a meno che nella procura non sia stato specificato che \u00e8 irrevocabile. Per richiedere la revoca di una procura, l&#8217;interessato dovr\u00e0 inviare una email a\u00a0<a href=\"mailto:sanjose.notarile@esteri.it\">sanjose.notarile@esteri.it<\/a>\u00a0, allegando una copia della procura che intende revocare. L&#8217;interessato dovr\u00e0 provvedere a sua cura a trasmettere la revoca al procuratore e al notaio italiano presso il quale era depositata la procura.<\/p>\n<p><strong><br \/>\nATTO DI RINUNCIA ALL\u2019EREDIT\u00c0<\/strong><\/p>\n<p>Per richiedere una Atto di rinuncia all\u2019eredit\u00e0 l&#8217;interessato dovr\u00e0 inviare la bozza dello stesso in formato word (predisposta da uno studio notarile in Italia) e copia del passaporto italiano a\u00a0<a href=\"mailto:sanjose.notarile@esteri.it\">sanjose.notarile@esteri.it<\/a><\/p>\n<p>La bozza dovr\u00e0 contenere le generalit\u00e0 complete (cognome, nome, data e luogo di nascita, indirizzo di residenza, codice fiscale) del rinunciatario, nonch\u00e9 i dati relativi al de cuius (persona che \u00e8 deceduta e per la quale si \u00e8 aperta in Italia in successione\/eredit\u00e0) e alla successione.<\/p>\n<p>Si prega di verificare con lo studio notarile se occorre la presenza di due testimoni alla sottoscrizione dell\u2019atto. Se il richiedente \u00e8 coniugato e il regime patrimoniale prescelto \u00e8 la comunione dei beni e\/o se ha figli minori si prega di verificare con lo studio notarile di riferimento anche la sottoscrizione dell\u2019Atto da parte del coniuge.<\/p>\n<p>In presenza di figli minori residenti in Costa Rica l\u2019ufficio consolare \u00e8 tenuto ad accertare che rinunciare all\u2019eredit\u00e0 sia anche nell\u2019interesse dei minori. \u00c8 dunque necessario emettere anche un Decreto consolare che accompagner\u00e0 l\u2019Atto di rinuncia all\u2019eredita\u2019. In questo specifico caso, informazioni e tempistiche verranno comunicate via email in fase di definizione dell\u2019appuntamento.<\/p>\n<p><strong>AUTENTICHE DI FIRMA E DI FOTOGRAFIA<\/strong><\/p>\n<p>L\u2019autentica di firma \u00e8 diversa dalla procura perch\u00e9 non \u00e8 un atto notarile. Si tratta di firmare in presenza di un funzionario consolare un documento in proprio possesso, la cui firma \u00e8 richiesta da un ufficio\/ente, etc. in Italia o in Costa Rica.<br \/>\nL&#8217;interessato dovr\u00e0 fissare un appuntamento in Consolato scrivendo una mail all&#8217;indirizzo\u00a0<a href=\"mailto:sanjose.notarile@esteri.it\">sanjose.notarile@esteri.it<\/a>. Il giorno dell\u2019appuntamento occorrer\u00e0 portare con s\u00e9 il passaporto o altro documento di riconoscimento in corso di validit\u00e0 e il documento su cui va apposta la firma da autenticare\/fotografia da autenticare.<\/p>\n<p><strong>L\u2019AUTOCERTIFICAZIONE<\/strong><\/p>\n<p>A riguardo si prega di notare che il DPR 445\/2000 agli artt. 46 e 47 elenca le fattispecie per le quali un cittadino italiano o europeo pu\u00f2 effettuare una autocertificazione da presentare alle autorit\u00e0 e alla pubblica amministrazione italiana, compilando apposita Dichiarazione sostitutiva di certificazione\/di atto di notoriet\u00e0, aggiungendo alla stessa una copia di passaporto o altro documento di riconoscimento in corso di validit\u00e0.<\/p>\n<p>Il 1 gennaio 2012 sono entrate in vigore le nuove disposizioni in materia di certificati e di dichiarazioni sostitutive. A decorrere da tale data i certificati hanno pertanto validit\u00e0 solo nei rapporti tra privati, mentre le Amministrazioni Pubbliche non possono pi\u00f9 chiedere o accettare i certificati, che devono essere sempre sostituiti da autocertificazioni.<\/p>\n<p>&nbsp;<\/p>\n<p><strong>TARIFFA CONSOLARE<\/strong><\/p>\n<p>Nel rispondere alla richiesta di appuntamento l\u2019ufficio consolare specificher\u00e0 l\u2019importo previsto per il servizio consolare. I costi dei servizi consolari aggiornati sono comunque sempre disponibili nella sezione: <a href=\"https:\/\/ambsanjose.esteri.it\/it\/servizi-consolari-e-visti\/servizi-per-il-cittadino-italiano\/tariffa-consolare\/\">Tabella dei diritti consolari<\/a>.<\/p>\n<p>&nbsp;<\/p>\n","protected":false},"excerpt":{"rendered":"I servizi notarili forniti dall&#8217;Ambasciata d&#8217;Italia a San Jose&#8217; sono riservati ai soli cittadini italiani. Il cittadino straniero che vuole far valere una procura o un atto notarile in Italia dovr\u00e0 prendere contatto con un notaio costaricano, che proceder\u00e0 alla stesura di un atto in lingua spagnola. Per essere fatto valere in Italia l\u2019atto dovr\u00e0 [&hellip;]","protected":false},"author":1,"featured_media":0,"parent":47,"menu_order":10,"comment_status":"closed","ping_status":"closed","template":"","meta":{"footnotes":""},"class_list":["post-71","page","type-page","status-publish","hentry"],"_links":{"self":[{"href":"https:\/\/ambsanjose.esteri.it\/it\/wp-json\/wp\/v2\/pages\/71","targetHints":{"allow":["GET"]}}],"collection":[{"href":"https:\/\/ambsanjose.esteri.it\/it\/wp-json\/wp\/v2\/pages"}],"about":[{"href":"https:\/\/ambsanjose.esteri.it\/it\/wp-json\/wp\/v2\/types\/page"}],"author":[{"embeddable":true,"href":"https:\/\/ambsanjose.esteri.it\/it\/wp-json\/wp\/v2\/users\/1"}],"replies":[{"embeddable":true,"href":"https:\/\/ambsanjose.esteri.it\/it\/wp-json\/wp\/v2\/comments?post=71"}],"version-history":[{"count":3,"href":"https:\/\/ambsanjose.esteri.it\/it\/wp-json\/wp\/v2\/pages\/71\/revisions"}],"predecessor-version":[{"id":591,"href":"https:\/\/ambsanjose.esteri.it\/it\/wp-json\/wp\/v2\/pages\/71\/revisions\/591"}],"up":[{"embeddable":true,"href":"https:\/\/ambsanjose.esteri.it\/it\/wp-json\/wp\/v2\/pages\/47"}],"wp:attachment":[{"href":"https:\/\/ambsanjose.esteri.it\/it\/wp-json\/wp\/v2\/media?parent=71"}],"curies":[{"name":"wp","href":"https:\/\/api.w.org\/{rel}","templated":true}]}}