{"id":713,"date":"2023-11-01T11:28:25","date_gmt":"2023-11-01T17:28:25","guid":{"rendered":"https:\/\/ambsanjose.esteri.it\/?page_id=713"},"modified":"2023-11-01T11:29:32","modified_gmt":"2023-11-01T17:29:32","slug":"liliana-sorte","status":"publish","type":"page","link":"https:\/\/ambsanjose.esteri.it\/it\/italia-e-costa-rica\/diplomazia-culturale\/le-storie-degli-italiani\/liliana-sorte\/","title":{"rendered":"Liliana Sorte"},"content":{"rendered":"<p>Liliana Sorte \u00e8 nata l\u201911 ottobre del 1940 a Capriate San Gervasio in provincia di Bergamo. Nel 1954, all\u2019et\u00e0 di 14 anni, si trasfer\u00ec in Costa Rica insieme al padre e alla sorella, dopo un lungo e faticoso viaggio in nave. Decisero di lasciare l\u2019Italia dopo due principali tragedie: la morte della madre e la chiusura, a causa della Seconda Guerra Mondiale, degli stabilimenti tessili dove lavorava il padre.<\/p>\n<p>Scelsero la Costa Rica perch\u00e9 un cugino del padre abitava l\u00ec, e li convinse a raggiungerlo, esaltando le ottime condizioni di vita nel Paese (secondo la Signora Sorte anche in maniera esagerata).<\/p>\n<p>Arrivata in Costa Rica, Liliana si innamor\u00f2 di un italiano di Roma immigrato l\u00ec per ragioni lavorative. Egli era stato chiamato dalla SICA (Societ\u00e0 Italiana di Colonizzazione Agricola) per lavorare nel settore delle infrastrutture stradali mentre il padre di Liliana era l\u2019addetto all\u2019acquedotto di San Vito. Nel 1955 si sposarono. Mentre racconta la sua storia, la Signora Liliana trasmette sia l\u2019amore per il marito che la grande stima che ha per suo padre.<\/p>\n<p>Liliana ed il marito erano perfettamente integrati nella societ\u00e0 e desideravano aiutare la comunit\u00e0 locale. Infatti si diedero molto da fare per sostenere il centro nutricional di San Vito, per esempio, attraverso la passione per la cucina di lei, vendevano dei pasti per raccogliere fondi per ricostruire questo centro ed inoltre vi distribuivano il latte consegnatogli dal Ministero della salute.<\/p>\n<p>Nel 1984 la famiglia Sorte decise di aprire una pizzeria a San Vito, che esiste tutt\u2019oggi ed ha molto successo. Qualche anno dopo acquistarono un cinema di fronte alla pizzeria, un\u2019attivit\u00e0 che purtroppo non and\u00f2 a buon fine, in particolare a causa del fatto che le persone iniziarono a frequentare di meno il cinema per via dei nuovi sviluppi della tecnologia. Dunque venne chiuso alla fine degli anni \u201990.<\/p>\n<p>Liliana e Guido ebbero sei figli, tre dei quali attualmente lavorano presso la pizzeria di famiglia insieme a quattro tra gli undici nipoti. La signora Liliana ha raccontato con grande emozione che i suoi nipoti hanno potuto studiare, laurearsi e trovare dei lavori come avvocati, psicologi, giornalisti ecc.<\/p>\n<p>Si legge nei suoi occhi che il sacrificio che ha compiuto insieme alla sua famiglia di lasciare la sua Terra dopotutto \u00e8 stato ripagato.<\/p>\n","protected":false},"excerpt":{"rendered":"Liliana Sorte \u00e8 nata l\u201911 ottobre del 1940 a Capriate San Gervasio in provincia di Bergamo. Nel 1954, all\u2019et\u00e0 di 14 anni, si trasfer\u00ec in Costa Rica insieme al padre e alla sorella, dopo un lungo e faticoso viaggio in nave. Decisero di lasciare l\u2019Italia dopo due principali tragedie: la morte della madre e la [&hellip;]","protected":false},"author":5,"featured_media":0,"parent":454,"menu_order":9,"comment_status":"closed","ping_status":"closed","template":"","meta":{"footnotes":""},"class_list":["post-713","page","type-page","status-publish","hentry"],"_links":{"self":[{"href":"https:\/\/ambsanjose.esteri.it\/it\/wp-json\/wp\/v2\/pages\/713","targetHints":{"allow":["GET"]}}],"collection":[{"href":"https:\/\/ambsanjose.esteri.it\/it\/wp-json\/wp\/v2\/pages"}],"about":[{"href":"https:\/\/ambsanjose.esteri.it\/it\/wp-json\/wp\/v2\/types\/page"}],"author":[{"embeddable":true,"href":"https:\/\/ambsanjose.esteri.it\/it\/wp-json\/wp\/v2\/users\/5"}],"replies":[{"embeddable":true,"href":"https:\/\/ambsanjose.esteri.it\/it\/wp-json\/wp\/v2\/comments?post=713"}],"version-history":[{"count":1,"href":"https:\/\/ambsanjose.esteri.it\/it\/wp-json\/wp\/v2\/pages\/713\/revisions"}],"predecessor-version":[{"id":716,"href":"https:\/\/ambsanjose.esteri.it\/it\/wp-json\/wp\/v2\/pages\/713\/revisions\/716"}],"up":[{"embeddable":true,"href":"https:\/\/ambsanjose.esteri.it\/it\/wp-json\/wp\/v2\/pages\/454"}],"wp:attachment":[{"href":"https:\/\/ambsanjose.esteri.it\/it\/wp-json\/wp\/v2\/media?parent=713"}],"curies":[{"name":"wp","href":"https:\/\/api.w.org\/{rel}","templated":true}]}}