{"id":719,"date":"2023-11-01T11:32:00","date_gmt":"2023-11-01T17:32:00","guid":{"rendered":"https:\/\/ambsanjose.esteri.it\/?page_id=719"},"modified":"2023-11-01T11:32:00","modified_gmt":"2023-11-01T17:32:00","slug":"carlo-umberto-goretti","status":"publish","type":"page","link":"https:\/\/ambsanjose.esteri.it\/it\/italia-e-costa-rica\/diplomazia-culturale\/le-storie-degli-italiani\/carlo-umberto-goretti\/","title":{"rendered":"Carlo Umberto Goretti"},"content":{"rendered":"<p>Carlo Umberto Goretti nacque nel 1915 a Modena, dove si spos\u00f2 ed ebbe un figlio. Partecip\u00f2 alla Seconda Guerra Mondiale come istruttore di paracadutismo, ottenendo diversi riconoscimenti per il suo valore.<\/p>\n<p>Arriv\u00f2 in Costa Rica, precisamente a Tiquicia, nel 1952 insieme ad altri immigrati italiani.<\/p>\n<p>Inizialmente, la sua idea era avviare una carriera come coltivatore di caff\u00e8 da esportare in Italia, ma questa ambizione non si concretizz\u00f2 mai. Decise quindi di sfruttare le sue abilit\u00e0 con il paracadute per guadagnarsi da vivere: divenne un uomo di spettacolo (uno showman ante litteram), noto per esibirsi in impressionanti acrobazie durante il lancio con il paracadute.<\/p>\n<p><img loading=\"lazy\" decoding=\"async\" src=\"https:\/\/ambsanjose.esteri.it\/ambasciata_sanjose\/resource\/img\/2023\/06\/carlo_h_goretti_foto_giornale_.jpg\" alt=\"carlo h goretti foto giornale \" width=\"350\" height=\"408\" \/><\/p>\n<p>Proprio per la sua fama, venne contattato dalla Croce Rossa costaricense, che stava organizzando una raccolta fondi per costruire quella che ancora oggi \u00e8 la sede del Comitato Ausiliario della Croce Rossa di Cartago.<br \/>\nCarlo era estremamente riconoscente alla Croce Rossa, di cui ammirava l\u2019opera di assistenza portata avanti durante la Seconda Guerra Mondiale. Per tanto, decise di realizzare lo spettacolo gratuitamente, non chiedendo nemmeno un rimborso per il costo del noleggio dell\u2019aeroplano o del carburante.<\/p>\n<p>Lo spettacolo fu programmato per il 24 maggio 1953, presso il parco di Ayala, e tutti i biglietti vennero venduti in poco tempo.<\/p>\n<p>Infatti, come ricordato da Francisco Bonilla, abitante di Cartago che assistette all\u2019esibizione e che conosceva personalmente Carlo \u201ctutti lo ammiravano per il coraggio di lanciarsi dall\u2019aereo. In quegli anni era qualcosa di incredibile, la gente lo ammirava ma allo stesso tempo pensava fosse una follia compiere quel gesto.\u201d<\/p>\n<p>Sfortunatamente, a causa di un malfunzionamento del paracadute, Carlo si schiant\u00f2 a terra e mor\u00ec sul colpo. Aveva 38 anni.<br \/>\nVenne sepolto nel Mausoleo della Societ\u00e0 Italiana di Mutuo Soccorso nel Cimitero generale di San Jos\u00e8, dove ancora oggi riposa.<\/p>\n<p>La Croce Rossa costaricense fu ed \u00e8 ancora oggi estremamente riconoscente per il sacrificio di Carlo, grazie al quale fu possibile costruire in tempi record (appena un anno e cinque mesi) la sede del Comitato di Cartago. L\u00ec \u00e8 stata posta una targa per ricordare ed onorare il nobile gesto di Carlo.<\/p>\n<p>&nbsp;<\/p>\n<p><img loading=\"lazy\" decoding=\"async\" src=\"https:\/\/ambsanjose.esteri.it\/ambasciata_sanjose\/resource\/img\/2023\/06\/goretti.jpg\" alt=\"goretti\" width=\"350\" height=\"241\" \/><\/p>\n<p>Lo scorso 24 maggio 2023, in occasione del 70esimo anniversario della sua morte, la Croce Rossa costaricense ha organizzato una cerimonia commemorativa in cui ha ricordato come Carlo fosse una persona che incarnava perfettamente i valori della Croce Rossa, in particolare l\u2019umanit\u00e0, la disponibilit\u00e0, e soprattutto l\u2019altruismo, avendo dato la vita per aiutare gli altri.<\/p>\n<p>Per altre informazioni, vedi anche:\u00a0<a href=\"https:\/\/www.lateja.cr\/sucesos\/el-novelon-paracaidista-italiano-murio-ante-el\/7YNF4QP6SBCPXHXC6WJY6VZZ5I\/story\/\">https:\/\/www.lateja.cr\/sucesos\/el-novelon-paracaidista-italiano-murio-ante-el\/7YNF4QP6SBCPXHXC6WJY6VZZ5I\/story\/<\/a><\/p>\n<p>&nbsp;<\/p>\n","protected":false},"excerpt":{"rendered":"Carlo Umberto Goretti nacque nel 1915 a Modena, dove si spos\u00f2 ed ebbe un figlio. Partecip\u00f2 alla Seconda Guerra Mondiale come istruttore di paracadutismo, ottenendo diversi riconoscimenti per il suo valore. Arriv\u00f2 in Costa Rica, precisamente a Tiquicia, nel 1952 insieme ad altri immigrati italiani. Inizialmente, la sua idea era avviare una carriera come coltivatore [&hellip;]","protected":false},"author":5,"featured_media":0,"parent":454,"menu_order":0,"comment_status":"closed","ping_status":"closed","template":"","meta":{"footnotes":""},"class_list":["post-719","page","type-page","status-publish","hentry"],"_links":{"self":[{"href":"https:\/\/ambsanjose.esteri.it\/it\/wp-json\/wp\/v2\/pages\/719","targetHints":{"allow":["GET"]}}],"collection":[{"href":"https:\/\/ambsanjose.esteri.it\/it\/wp-json\/wp\/v2\/pages"}],"about":[{"href":"https:\/\/ambsanjose.esteri.it\/it\/wp-json\/wp\/v2\/types\/page"}],"author":[{"embeddable":true,"href":"https:\/\/ambsanjose.esteri.it\/it\/wp-json\/wp\/v2\/users\/5"}],"replies":[{"embeddable":true,"href":"https:\/\/ambsanjose.esteri.it\/it\/wp-json\/wp\/v2\/comments?post=719"}],"version-history":[{"count":1,"href":"https:\/\/ambsanjose.esteri.it\/it\/wp-json\/wp\/v2\/pages\/719\/revisions"}],"predecessor-version":[{"id":724,"href":"https:\/\/ambsanjose.esteri.it\/it\/wp-json\/wp\/v2\/pages\/719\/revisions\/724"}],"up":[{"embeddable":true,"href":"https:\/\/ambsanjose.esteri.it\/it\/wp-json\/wp\/v2\/pages\/454"}],"wp:attachment":[{"href":"https:\/\/ambsanjose.esteri.it\/it\/wp-json\/wp\/v2\/media?parent=719"}],"curies":[{"name":"wp","href":"https:\/\/api.w.org\/{rel}","templated":true}]}}