{"id":738,"date":"2023-11-01T11:35:26","date_gmt":"2023-11-01T17:35:26","guid":{"rendered":"https:\/\/ambsanjose.esteri.it\/?page_id=738"},"modified":"2024-07-12T10:41:52","modified_gmt":"2024-07-12T16:41:52","slug":"bruno-lomonte","status":"publish","type":"page","link":"https:\/\/ambsanjose.esteri.it\/it\/italia-e-costa-rica\/diplomazia-culturale\/le-storie-degli-italiani\/bruno-lomonte\/","title":{"rendered":"Bruno Lomonte"},"content":{"rendered":"<figure id=\"attachment_733\" aria-describedby=\"caption-attachment-733\" style=\"width: 300px\" class=\"wp-caption alignleft\"><img loading=\"lazy\" decoding=\"async\" class=\"size-medium wp-image-733 img-fluid\" src=\"https:\/\/ambsanjose.esteri.it\/wp-content\/uploads\/2023\/11\/lomonte-300x185.jpg\" alt=\"\" width=\"300\" height=\"185\" srcset=\"https:\/\/ambsanjose.esteri.it\/wp-content\/uploads\/2023\/11\/lomonte-300x185.jpg 300w, https:\/\/ambsanjose.esteri.it\/wp-content\/uploads\/2023\/11\/lomonte.jpg 600w\" sizes=\"auto, (max-width: 300px) 100vw, 300px\" \/><figcaption id=\"caption-attachment-733\" class=\"wp-caption-text\">Bruno Lomonte<\/figcaption><\/figure>\n<p><strong>Origini e percorso accademico<\/strong><\/p>\n<p>Il professor Lomonte \u00e8 nato a Napoli, in Italia. All\u2019et\u00e0 di otto anni, la sua famiglia decise di emigrare in America Centrale, dapprima in Nicaragua, poi in Costa Rica, dove egli complet\u00f2 la scuola secondaria.<\/p>\n<p>I suoi ottimi risultati scolastici gli permisero di entrare alla prestigiosa Universit\u00e0 del Costa Rica (UCR) e di iniziare studi in microbiologia. Da studente, lo scienziato inizi\u00f2 come assistente presso l&#8217;ICP-UCR (Istituto Clodomiro Picado, affiliato alla UCR).<\/p>\n<p>Nel 1986 consegu\u00ec la specializzazione in Immunologia presso l&#8217;UCR e nello stesso anno part\u00ec per gli Stati Uniti con una borsa di studio Fulbright presso l&#8217;Universit\u00e0 del Wisconsin-Madison. Tale esperienza gli permise di introdurre in Costa Rica una tecnologia rivoluzionaria allora presente solo nei paesi pi\u00f9 sviluppati: gli anticorpi monoclonali.<\/p>\n<p>Per svolgere questo lavoro l&#8217;ICP-UCR ha dovuto prima sviluppare la coltivazione di cellule in laboratorio. Attraverso vari contributi finanziari, il dottor Lomonte \u00e8 riuscito a sviluppare il primo laboratorio di coltura cellulare presso l&#8217;Istituto Clodomiro Picado. La creazione di un laboratorio di proteomica ha garantito una comprensione dettagliata della composizione proteica dei veleni di tutti i serpenti velenosi in Costa Rica, cos\u00ec come di molti altri presenti nella regione latinoamericana e nel resto del mondo.<\/p>\n<p>Nel 1994 Lomonte ottenne il dottorato di ricerca in immunologia presso l&#8217;Universit\u00e0 di G\u00f6teborg, in Svezia, grazie a una borsa di studio concessa dal Consiglio Nazionale per la Ricerca Scientifica e Tecnologica (CONICIT).<\/p>\n<p>In quell&#8217;occasione, ha portato sul suolo costaricano la microscopia intravitale, una tecnica all&#8217;epoca altamente innovativa. Questa risorsa permetteva di vedere al microscopio, e in tempo reale, le reazioni generate dai veleni di serpente all&#8217;interno dell&#8217;organismo di un essere vivente.<\/p>\n<p>Il contributo \u00e8 stato fondamentale. I ricercatori sapevano gi\u00e0 che il veleno di serpente, quando entra nei tessuti, genera forti emorragie. Tuttavia, la dinamica del processo rimaneva ignota. Utilizzando la microscopia intravitale, Bruno Lomonte e i suoi colleghi sono riusciti a vedere come funzionano le tossine del veleno di serpente.<\/p>\n<p>Durante un periodo di studio presso l&#8217;Universit\u00e0 Autonoma del Messico ha imparato a sintetizzare peptidi (porzioni sintetiche delle proteine). Ci\u00f2 ha consentito la comprensione del funzionamento delle tossine che danneggiano il tessuto muscolare in caso di avvelenamento da ofidi.<\/p>\n<p>In breve tempo, l&#8217;ICP-UCR riusc\u00ec a sintetizzare questi peptidi per la prima volta nel paese, riducendone ampiamente il costo (che all\u2019epoca ammontava a circa 1.900 dollari per pochi milligrammi di peptide, un prezzo estremamente elevato nel primo decennio degli anni 2000).<\/p>\n<p><strong>Risultati lavorativi<\/strong><\/p>\n<p>Le conoscenze del Professor Lomonte hanno promosso l&#8217;apertura del primo laboratorio di proteomica del paese e della regione centroamericana nel 2010. Il laboratorio ha permesso lo studio e l\u2019approfondimento dell&#8217;analisi dei componenti dei veleni di serpente e del perch\u00e9 siano cos\u00ec letali.<\/p>\n<p>Il Laboratorio di Proteomica ha rappresentato un salto importante in termini di ricerca scientifica di alto livello per l&#8217;Istituto Clodomiro Picado e per la scienza in Costa Rica. Il contributo del prof. Lomonte \u00e8 stato fondamentale per la progettazione e sviluppo della ricerca svolta in questo laboratorio in termini di identificazione e sequenziamento dei componenti proteici dei veleni e di altri campioni biologici.<\/p>\n<p>Il Costa Rica benefici\u00f2 enormemente dalle sue scoperte. Prima del 2010, il paese non era in grado di sequenziare le proteine. Tutte le analisi dovevano essere effettuate all&#8217;estero, comportando costi e dipendenze.<\/p>\n<p>Presso il laboratorio di proteomica dell&#8217;ICP-UCR diversi esperti provenienti dall&#8217;America Latina sono venuti a studiare veleni di serpente mai studiati prima e di cui non si conoscevano le componenti delle tossine. A livello nazionale, negli ultimi dieci anni, l&#8217;ICP-UCR ha analizzato il veleno di 23 serpenti, il che rende il Costa Rica uno dei pochi Paesi al mondo a conoscere la composizione delle proteine presenti nei veleni di questi rettili e le cui informazioni sono un input fondamentale per migliorare gli antiveleni.<\/p>\n<p>Al momento, i produttori di antiveleni utilizzano le informazioni proteomiche per gestire i cambiamenti nell&#8217;immunizzazione. Con le informazioni che si ottengono, si migliorano gradualmente gli antiveleni, un grande vantaggio delle persone che soffrono di avvelenamento da ofidi.<\/p>\n<p>Una delle applicazioni pi\u00f9 recenti riguarda il siero anti-ofidi prodotto per la regione dell&#8217;America Centrale e dei Caraibi. Con le nuove conoscenze, le formulazioni di antiveleno hanno una base razionale per evolversi e generare una migliore copertura ed efficacia di neutralizzazione.<\/p>\n<p><strong>La carriera accademica<\/strong><\/p>\n<p>Il prof. Lomonte \u00e8 uno dei ricercatori pi\u00f9 prolifici dell\u2019America Latina.<\/p>\n<p>Il suo ampio curriculum vitae testimonia i suoi straordinari risultati scientifici e il suo contributo alla formazione di nuove generazioni di ricercatori.<\/p>\n<p>Presso l&#8217;Universit\u00e0 di Costa Rica ha registrato 70 progetti di ricerca, ha 340 pubblicazioni su riviste prestigiose in tutto il mondo, ha scritto pi\u00f9 di venti capitoli di libri, ha diretto pi\u00f9 di venti tesi di laurea e pi\u00f9 di dieci tesi di master e di dottorato.<\/p>\n<p>Un\u2019altra sua grande passione \u00e8 l\u2019insegnamento. Dal 1999 a oggi ha contribuito alla formazione di oltre 25 dottorandi stranieri provenienti dall&#8217;America Latina, dal Nord America e dall&#8217;Europa; dal 1986 ha partecipato a quasi 90 congressi e corsi internazionali.<\/p>\n<p>La sua lunga carriera lo ha portato a ricoprire importanti incarichi accademici, sia in Costa Rica che in istituzioni straniere.<\/p>\n<p>Nel 1981 ha iniziato la carriera accademica come istruttore presso l&#8217;Istituto Clodomiro Picado, all&#8217;interno della Facolt\u00e0 di Microbiologia dell&#8217;Universit\u00e0 di Costa Rica. Successivamente, dal 1983 al 1986, \u00e8 stato professore assistente presso lo stesso istituto.<\/p>\n<p>Nell\u2019anno successivo, ha lavorato come ricercatore Fulbright presso il Dipartimento di Chimica Fisiologica e l&#8217;Hybridoma Facility-Biotechnology Center all&#8217;Universit\u00e0 di Wisconsin-Madison, negli Stati Uniti.<\/p>\n<p>Dal 1988 al 1998, \u00e8 tornato all\u2019Universit\u00e0 del Costa Rica dapprima come professore associato e successivamente come ordinario. Nel periodo compreso tra il 1994 e il 1998 ha anche ricoperto i ruoli di Vice-Direttore e Capo della Divisione di Ricerca, nonch\u00e9 Coordinatore della Cattedra di Immunologia.<\/p>\n<p>Dal 1999 al 2001 ha assunto il ruolo di Direttore del Programma di Laurea Magistrale in Microbiologia, Parassitologia e Chimica Clinica presso l&#8217;Universit\u00e0 di Costa Rica.<\/p>\n<p>Successivamente, dal 2001 al 2009, \u00e8 stato Direttore del Programma di Dottorato in Scienze presso la stessa universit\u00e0. Infine, dal 2010 al 2022 ha ricoperto la posizione di Responsabile del Laboratorio di Proteomica presso l&#8217;Istituto Clodomiro Picado dell&#8217;Universit\u00e0 di Costa Rica.<\/p>\n<p><strong>Riconoscimenti nazionali e internazionali<\/strong><\/p>\n<p>Il suo lavoro \u00e8 stato riconosciuto con importanti premi nazionali e internazionali, tra cui il Premio Nazionale Clodomiro Picado Twight (1986), la nomina come membro della Accademia Nazionale delle Scienze (1996), il Premio Contributo della Florida Ice &amp; Farm (2003).<\/p>\n<p>Nel 2022 ha ricevuto il premio Redi, durante il 21 Congresso Mondiale della Societ\u00e0 Internazionale di Tossinologia, tenutosi ad Abu Dabi. Il premio costituisce il riconoscimento pi\u00f9 alto nell\u2019ambito della tossinologia.<\/p>\n<p>&nbsp;<\/p>\n","protected":false},"excerpt":{"rendered":"Origini e percorso accademico Il professor Lomonte \u00e8 nato a Napoli, in Italia. All\u2019et\u00e0 di otto anni, la sua famiglia decise di emigrare in America Centrale, dapprima in Nicaragua, poi in Costa Rica, dove egli complet\u00f2 la scuola secondaria. I suoi ottimi risultati scolastici gli permisero di entrare alla prestigiosa Universit\u00e0 del Costa Rica (UCR) [&hellip;]","protected":false},"author":5,"featured_media":733,"parent":454,"menu_order":20,"comment_status":"closed","ping_status":"closed","template":"","meta":{"footnotes":""},"class_list":["post-738","page","type-page","status-publish","has-post-thumbnail","hentry"],"_links":{"self":[{"href":"https:\/\/ambsanjose.esteri.it\/it\/wp-json\/wp\/v2\/pages\/738","targetHints":{"allow":["GET"]}}],"collection":[{"href":"https:\/\/ambsanjose.esteri.it\/it\/wp-json\/wp\/v2\/pages"}],"about":[{"href":"https:\/\/ambsanjose.esteri.it\/it\/wp-json\/wp\/v2\/types\/page"}],"author":[{"embeddable":true,"href":"https:\/\/ambsanjose.esteri.it\/it\/wp-json\/wp\/v2\/users\/5"}],"replies":[{"embeddable":true,"href":"https:\/\/ambsanjose.esteri.it\/it\/wp-json\/wp\/v2\/comments?post=738"}],"version-history":[{"count":2,"href":"https:\/\/ambsanjose.esteri.it\/it\/wp-json\/wp\/v2\/pages\/738\/revisions"}],"predecessor-version":[{"id":5490,"href":"https:\/\/ambsanjose.esteri.it\/it\/wp-json\/wp\/v2\/pages\/738\/revisions\/5490"}],"up":[{"embeddable":true,"href":"https:\/\/ambsanjose.esteri.it\/it\/wp-json\/wp\/v2\/pages\/454"}],"wp:featuredmedia":[{"embeddable":true,"href":"https:\/\/ambsanjose.esteri.it\/it\/wp-json\/wp\/v2\/media\/733"}],"wp:attachment":[{"href":"https:\/\/ambsanjose.esteri.it\/it\/wp-json\/wp\/v2\/media?parent=738"}],"curies":[{"name":"wp","href":"https:\/\/api.w.org\/{rel}","templated":true}]}}