{"id":7491,"date":"2025-01-30T07:51:00","date_gmt":"2025-01-30T13:51:00","guid":{"rendered":"https:\/\/ambsanjose.esteri.it\/?page_id=7491"},"modified":"2025-01-30T07:51:00","modified_gmt":"2025-01-30T13:51:00","slug":"vincenzo-davanzo","status":"publish","type":"page","link":"https:\/\/ambsanjose.esteri.it\/it\/italia-e-costa-rica\/diplomazia-culturale\/le-storie-degli-italiani\/vincenzo-davanzo\/","title":{"rendered":"Vincenzo D&#8217;Avanzo"},"content":{"rendered":"<p>Nato ad Avella (AV) nel 1856, Vincente D\u2019Avanzo Vetrano era un artigiano del metallo che all\u2019et\u00e0 di 29 anni decise di emigrare verso il nuovo continente.<\/p>\n<p>Sbarc\u00f2 a Lim\u00f3n nel 1885 e fu pioniere nella costruzione del Ferrocarril al Atl\u00e1ntico, linea ferroviaria che avrebbe unito tutta la regione del Valle Central con la costa atlantica.<\/p>\n<p>Completata la ferrovia nel 1890, Vicente D\u2019Avanzo Vetrano decise di stabilirsi in modo permanente nel paese, in particolar modo nella citt\u00e0 di Para\u00edso, dove si spos\u00f2 e diede alla luce sette figli. Qui mor\u00ec il 4 ottobre 1908.<\/p>\n<p>A Para\u00edso fin da subito si integr\u00f2 molto attivamente e rappresent\u00f2 per la comunit\u00e0 un importante punto di riferimento.\u00a0Si incaric\u00f2 della costruzione della Chiesa e della prima scuola della citt\u00e0, che fu il centro di educazione per i bambini dell\u2019epoca. Purtroppo, entrambi gli edifici vennero demoliti in seguito al terremoto del 1910.<\/p>\n<p>Costitu\u00ec anche la prima squadra di calcio \u2013 Los Invencibles \u2013 e la prima orchestra filarmonica locale. Ancora oggi presente nella piazzetta parrocchiale \u00e8 la croce di pietra, che Vicente eresse a simboleggiare l\u2019avvento del nuovo secolo.<\/p>\n<p>A 68 anni dalla morte, il 4 ottobre 1976 il Comune ha voluto rendergli omaggio con l\u2019inaugurazione di un parco a lui intitolato ubicato all\u2019entrata della citt\u00e0, ad indicare a chi vi entra che il fiorente sviluppo di Para\u00edso \u00e8 anche opera sua.<\/p>\n","protected":false},"excerpt":{"rendered":"Nato ad Avella (AV) nel 1856, Vincente D\u2019Avanzo Vetrano era un artigiano del metallo che all\u2019et\u00e0 di 29 anni decise di emigrare verso il nuovo continente. Sbarc\u00f2 a Lim\u00f3n nel 1885 e fu pioniere nella costruzione del Ferrocarril al Atl\u00e1ntico, linea ferroviaria che avrebbe unito tutta la regione del Valle Central con la costa atlantica. [&hellip;]","protected":false},"author":5,"featured_media":7485,"parent":454,"menu_order":0,"comment_status":"closed","ping_status":"closed","template":"","meta":{"footnotes":""},"class_list":["post-7491","page","type-page","status-publish","has-post-thumbnail","hentry"],"_links":{"self":[{"href":"https:\/\/ambsanjose.esteri.it\/it\/wp-json\/wp\/v2\/pages\/7491","targetHints":{"allow":["GET"]}}],"collection":[{"href":"https:\/\/ambsanjose.esteri.it\/it\/wp-json\/wp\/v2\/pages"}],"about":[{"href":"https:\/\/ambsanjose.esteri.it\/it\/wp-json\/wp\/v2\/types\/page"}],"author":[{"embeddable":true,"href":"https:\/\/ambsanjose.esteri.it\/it\/wp-json\/wp\/v2\/users\/5"}],"replies":[{"embeddable":true,"href":"https:\/\/ambsanjose.esteri.it\/it\/wp-json\/wp\/v2\/comments?post=7491"}],"version-history":[{"count":1,"href":"https:\/\/ambsanjose.esteri.it\/it\/wp-json\/wp\/v2\/pages\/7491\/revisions"}],"predecessor-version":[{"id":7492,"href":"https:\/\/ambsanjose.esteri.it\/it\/wp-json\/wp\/v2\/pages\/7491\/revisions\/7492"}],"up":[{"embeddable":true,"href":"https:\/\/ambsanjose.esteri.it\/it\/wp-json\/wp\/v2\/pages\/454"}],"wp:featuredmedia":[{"embeddable":true,"href":"https:\/\/ambsanjose.esteri.it\/it\/wp-json\/wp\/v2\/media\/7485"}],"wp:attachment":[{"href":"https:\/\/ambsanjose.esteri.it\/it\/wp-json\/wp\/v2\/media?parent=7491"}],"curies":[{"name":"wp","href":"https:\/\/api.w.org\/{rel}","templated":true}]}}