{"id":7556,"date":"2025-02-05T14:35:37","date_gmt":"2025-02-05T20:35:37","guid":{"rendered":"https:\/\/ambsanjose.esteri.it\/?page_id=7556"},"modified":"2025-02-05T14:38:48","modified_gmt":"2025-02-05T20:38:48","slug":"liliana-di-palma","status":"publish","type":"page","link":"https:\/\/ambsanjose.esteri.it\/it\/italia-e-costa-rica\/diplomazia-culturale\/le-storie-degli-italiani\/liliana-di-palma\/","title":{"rendered":"Liliana di Palma"},"content":{"rendered":"<p>Liliana di Palma Soccaras nacque \u00a0il 6 giugno 1923 in Costa Rica. Figlia di un immigrato italiano, Antonio di Palma, e di un\u2019immigrata spagnola-cubana, Herminia Soccaras, spese la sua vita cercando di aiutare gli ultimi, i poveri, e contro le ingiustizie, attraverso il suo lavoro di maestra.<\/p>\n<p>Visse durante il periodo della Guerra Fredda la dura contrapposizione tra il blocco occidentale e il blocco comunista di quei anni, parteggiando per quest\u2019ultimi. Nonostante l\u2019epoca non favorisse la scolarizzazione delle donne, fini&#8217; la scuola primaria per poi diventare maestra. Durante questo percorso fu fortemente influenzata da una figura di primo rilievo della storia politica e di genere del Costa Rica, Carmen Lyria, che la inizi\u00f2 alla vocazione dell\u2019insegnamento e all\u2019attivismo politico comunista.<\/p>\n<p>Dopo la Revolucion del \u201948 in Costa Rica si inaspr\u00ec la tensione e la repressione delle compagini politiche comuniste nel paese. Ma ci\u00f2 non ferm\u00f2 Liliana che, forte delle sue convinzioni politiche e della sua vocazione all\u2019insegnamento e all&#8217;educazione, durante gli anni &#8217;50, &#8217;60 e &#8217;70 si impegno&#8217; per la scolarizzazione delle popolazioni indigene costaricensi che fino ad allora rimanevano isolate dal resto della societ\u00e0. Inoltre, si spese molto in attivismo per il <em>Partido Vanguardia Popular<\/em>, dal quale nel 1981 ebbe un riconoscimento per i 35 anni di militanza, e per il giornale del partito.<\/p>\n<p>Ebbe tre figli, ai quali insegn\u00f2 il valore della scuola e dello studio tanto, che i due maschi si laurearono presso universit\u00e0 straniere, uno in El Salvador e uno in Ungheria, mentre la femmina termin\u00f2 gli studi secondari. Ha sempre cercato di valorizzare il ruolo fondamentale dell\u2019istruzione nell\u2019emancipazione sia femminile che per le popolazioni indigene, arrivando persino a lavorare anche con le popolazioni indigene panamensi.<\/p>\n<p>Dopo gli anni &#8217;70 il suo attivismo politico ando&#8217; scemando anche a causa dei continui controlli e pressioni che stava subendo tutto il movimento comunista costaricense di quei anni. Effettuo&#8217; due viaggi in Italia, verso le terre di origine del padre nella zona del napoletano, per stringere i legami con la terra natia della sua famiglia.<\/p>\n<p>Mor\u00ec a San Jos\u00e8, Costa Rica, il 18 maggio 2011 all\u2019et\u00e0 di 86 anni.<\/p>\n","protected":false},"excerpt":{"rendered":"Liliana di Palma Soccaras nacque \u00a0il 6 giugno 1923 in Costa Rica. Figlia di un immigrato italiano, Antonio di Palma, e di un\u2019immigrata spagnola-cubana, Herminia Soccaras, spese la sua vita cercando di aiutare gli ultimi, i poveri, e contro le ingiustizie, attraverso il suo lavoro di maestra. Visse durante il periodo della Guerra Fredda la [&hellip;]","protected":false},"author":5,"featured_media":0,"parent":454,"menu_order":0,"comment_status":"closed","ping_status":"closed","template":"","meta":{"footnotes":""},"class_list":["post-7556","page","type-page","status-publish","hentry"],"_links":{"self":[{"href":"https:\/\/ambsanjose.esteri.it\/it\/wp-json\/wp\/v2\/pages\/7556","targetHints":{"allow":["GET"]}}],"collection":[{"href":"https:\/\/ambsanjose.esteri.it\/it\/wp-json\/wp\/v2\/pages"}],"about":[{"href":"https:\/\/ambsanjose.esteri.it\/it\/wp-json\/wp\/v2\/types\/page"}],"author":[{"embeddable":true,"href":"https:\/\/ambsanjose.esteri.it\/it\/wp-json\/wp\/v2\/users\/5"}],"replies":[{"embeddable":true,"href":"https:\/\/ambsanjose.esteri.it\/it\/wp-json\/wp\/v2\/comments?post=7556"}],"version-history":[{"count":1,"href":"https:\/\/ambsanjose.esteri.it\/it\/wp-json\/wp\/v2\/pages\/7556\/revisions"}],"predecessor-version":[{"id":7558,"href":"https:\/\/ambsanjose.esteri.it\/it\/wp-json\/wp\/v2\/pages\/7556\/revisions\/7558"}],"up":[{"embeddable":true,"href":"https:\/\/ambsanjose.esteri.it\/it\/wp-json\/wp\/v2\/pages\/454"}],"wp:attachment":[{"href":"https:\/\/ambsanjose.esteri.it\/it\/wp-json\/wp\/v2\/media?parent=7556"}],"curies":[{"name":"wp","href":"https:\/\/api.w.org\/{rel}","templated":true}]}}